{"id":16413,"date":"2022-05-30T11:46:07","date_gmt":"2022-05-30T09:46:07","guid":{"rendered":"https:\/\/semmelweis.hu\/informatika\/?page_id=16413"},"modified":"2024-11-12T14:39:57","modified_gmt":"2024-11-12T13:39:57","slug":"levelezes-beallitasa-ios","status":"publish","type":"page","link":"https:\/\/semmelweis.hu\/informatika\/o365\/tutorial-anyagok\/levelezes-beallitasa-ios\/","title":{"rendered":"Outlook be\u00e1ll\u00edt\u00e1sa iOS rendszeren"},"content":{"rendered":"<h2 style=\"text-align: center\"><strong><span style=\"font-size: 36pt\">Egyetemi levelez\u00e9s be\u00e1ll\u00edt\u00e1sa <\/span><\/strong><\/h2>\n<h2 style=\"text-align: center\"><span style=\"font-size: 24pt\">iOS rendszeren<\/span><\/h2>\n<p>Az \u00faj egyetemi levelez\u0151rendszert mobil eszk\u00f6zein is el\u00e9rheti egy tetsz\u0151leges b\u00f6ng\u00e9sz\u0151b\u0151l bel\u00e9pve, azonban a teljesebb \u00e9lm\u00e9ny \u00e9rdek\u00e9ben javasolt a mobil eszk\u00f6z\u00f6kre k\u00e9sz\u00edtett, ingyenes Outlook alkalmaz\u00e1s haszn\u00e1lata.<\/p>\n<p><strong>Levelez\u00e9s be\u00e1ll\u00edt\u00e1sa Outlook alkalmaz\u00e1sban:<\/strong><\/p>\n<p>Amennyiben m\u00e9g nincs telep\u00edtve az eszk\u00f6z\u00e9re az Outlook alkalmaz\u00e1s, \u00fagy azt az <strong><em>App Store<\/em><\/strong>-b\u00f3l tudja let\u00f6lteni, melyet a f\u0151k\u00e9perny\u0151n tal\u00e1lhat\u00f3 ikonra koppintva tud megnyitni.<\/p>\n<p><a href=\"https:\/\/semmelweis.hu\/informatika\/files\/2022\/05\/image001-7.png\"><img loading=\"lazy\" decoding=\"async\" class=\"aligncenter wp-image-16414 \" src=\"https:\/\/semmelweis.hu\/informatika\/files\/2022\/05\/image001-7-150x150.png\" alt=\"\" width=\"99\" height=\"99\" \/><\/a><\/p>\n<p>A lenti v\u00edzszintes men\u00fcsorban koppintson a <strong>\u201cKeres\u00e9s\u201d<\/strong> ikonra, majd a megjelen\u0151 fel\u00fcleten a keres\u00e9s mez\u0151be g\u00e9pelje be az <em>\u201cOutlook\u201d<\/em> sz\u00f3t. A tal\u00e1latok k\u00f6z\u00f6tt keresse meg a <em>\u201cMicrosoft Outlook\u201d<\/em> alkalmaz\u00e1st, majd koppintson a <strong>\u201cLet\u00f6lt\u00e9s\u201d<\/strong> gombra. M\u00e9g egy meger\u0151s\u00edt\u00e9st fog k\u00e9rni az eszk\u00f6z, ezt k\u00f6vet\u0151en pedig automatikusan elindul a let\u00f6lt\u00e9s \u00e9s az alkalmaz\u00e1s telep\u00edt\u00e9se.<\/p>\n<p><a href=\"https:\/\/semmelweis.hu\/informatika\/files\/2022\/05\/image003-4.png\"><img loading=\"lazy\" decoding=\"async\" class=\"aligncenter wp-image-16415 \" src=\"https:\/\/semmelweis.hu\/informatika\/files\/2022\/05\/image003-4.png\" alt=\"\" width=\"299\" height=\"613\" srcset=\"https:\/\/semmelweis.hu\/informatika\/files\/2022\/05\/image003-4.png 760w, https:\/\/semmelweis.hu\/informatika\/files\/2022\/05\/image003-4-146x300.png 146w, https:\/\/semmelweis.hu\/informatika\/files\/2022\/05\/image003-4-500x1024.png 500w, https:\/\/semmelweis.hu\/informatika\/files\/2022\/05\/image003-4-750x1536.png 750w, https:\/\/semmelweis.hu\/informatika\/files\/2022\/05\/image003-4-753x1543.png 753w\" sizes=\"auto, (max-width: 299px) 100vw, 299px\" \/><\/a><\/p>\n<p>Miut\u00e1n a telep\u00edt\u00e9s befejez\u0151d\u00f6tt, keresse meg a f\u0151k\u00e9perny\u0151n az Outlook alkalmaz\u00e1st, majd koppintson r\u00e1.<\/p>\n<p><a href=\"https:\/\/semmelweis.hu\/informatika\/files\/2022\/05\/image005-6.png\"><img loading=\"lazy\" decoding=\"async\" class=\"aligncenter wp-image-16416 \" src=\"https:\/\/semmelweis.hu\/informatika\/files\/2022\/05\/image005-6-150x150.png\" alt=\"\" width=\"109\" height=\"109\" \/><\/a><\/p>\n<p>Az alkalmaz\u00e1st megnyitva alap\u00e9rtelmez\u00e9s szerint a <em>\u201cFi\u00f3k hozz\u00e1ad\u00e1sa\u201d<\/em> k\u00e9perny\u0151 fog megjelenni. Itt \u00edrja be az egyetemi email c\u00edm\u00e9t, majd koppintson a <strong>\u201cFi\u00f3k hozz\u00e1ad\u00e1sa\u201d<\/strong> gombra.<\/p>\n<p><a href=\"https:\/\/semmelweis.hu\/informatika\/files\/2022\/05\/image007-6.png\"><img loading=\"lazy\" decoding=\"async\" class=\"aligncenter wp-image-16417 \" src=\"https:\/\/semmelweis.hu\/informatika\/files\/2022\/05\/image007-6.png\" alt=\"\" width=\"263\" height=\"540\" srcset=\"https:\/\/semmelweis.hu\/informatika\/files\/2022\/05\/image007-6.png 701w, https:\/\/semmelweis.hu\/informatika\/files\/2022\/05\/image007-6-146x300.png 146w, https:\/\/semmelweis.hu\/informatika\/files\/2022\/05\/image007-6-498x1024.png 498w\" sizes=\"auto, (max-width: 263px) 100vw, 263px\" \/><\/a><\/p>\n<p>\u00cdrja be a fi\u00f3kj\u00e1hoz tartoz\u00f3 jelsz\u00f3t, majd koppintson a <strong>\u201cBejelentkez\u00e9s\u201d<\/strong> gombra.<\/p>\n<p><a href=\"https:\/\/semmelweis.hu\/informatika\/files\/2022\/05\/image009-5.png\"><img loading=\"lazy\" decoding=\"async\" class=\"aligncenter wp-image-16418 \" src=\"https:\/\/semmelweis.hu\/informatika\/files\/2022\/05\/image009-5.png\" alt=\"\" width=\"262\" height=\"537\" srcset=\"https:\/\/semmelweis.hu\/informatika\/files\/2022\/05\/image009-5.png 770w, https:\/\/semmelweis.hu\/informatika\/files\/2022\/05\/image009-5-146x300.png 146w, https:\/\/semmelweis.hu\/informatika\/files\/2022\/05\/image009-5-500x1024.png 500w, https:\/\/semmelweis.hu\/informatika\/files\/2022\/05\/image009-5-768x1574.png 768w, https:\/\/semmelweis.hu\/informatika\/files\/2022\/05\/image009-5-750x1536.png 750w, https:\/\/semmelweis.hu\/informatika\/files\/2022\/05\/image009-5-753x1543.png 753w\" sizes=\"auto, (max-width: 262px) 100vw, 262px\" \/><\/a><\/p>\n<p>&nbsp;<\/p>\n<p>Tov\u00e1bbi fi\u00f3kok hozz\u00e1ad\u00e1sa helyett koppintson a\u00a0<strong>\u201cTal\u00e1n k\u00e9s\u0151bb\u201d<\/strong>\u00a0gombra.<\/p>\n<p><a href=\"https:\/\/semmelweis.hu\/informatika\/files\/2022\/05\/image011-7.png\"><img loading=\"lazy\" decoding=\"async\" class=\"aligncenter wp-image-16419 \" src=\"https:\/\/semmelweis.hu\/informatika\/files\/2022\/05\/image011-7.png\" alt=\"\" width=\"296\" height=\"607\" srcset=\"https:\/\/semmelweis.hu\/informatika\/files\/2022\/05\/image011-7.png 770w, https:\/\/semmelweis.hu\/informatika\/files\/2022\/05\/image011-7-146x300.png 146w, https:\/\/semmelweis.hu\/informatika\/files\/2022\/05\/image011-7-499x1024.png 499w, https:\/\/semmelweis.hu\/informatika\/files\/2022\/05\/image011-7-768x1575.png 768w, https:\/\/semmelweis.hu\/informatika\/files\/2022\/05\/image011-7-749x1536.png 749w, https:\/\/semmelweis.hu\/informatika\/files\/2022\/05\/image011-7-753x1544.png 753w\" sizes=\"auto, (max-width: 296px) 100vw, 296px\" \/><\/a><\/p>\n<p>Fel fog ugrani egy ablak az \u00e9rtes\u00edt\u00e9sek enged\u00e9lyez\u00e9s\u00e9vel kapcsolatban. Ezt a funkci\u00f3t c\u00e9lszer\u0171 bekapcsolni, hogy azonnal \u00e9rtes\u00edt\u00e9seket kapjon az \u00faj \u00fczeneteir\u0151l, melyet a <strong>\u201cBekapcsol\u00e1s\u201d<\/strong> gombra kattintva aktiv\u00e1lhat.<\/p>\n<p><a href=\"https:\/\/semmelweis.hu\/informatika\/files\/2022\/05\/image013-7.png\"><img loading=\"lazy\" decoding=\"async\" class=\"aligncenter wp-image-16420 \" src=\"https:\/\/semmelweis.hu\/informatika\/files\/2022\/05\/image013-7.png\" alt=\"\" width=\"304\" height=\"623\" srcset=\"https:\/\/semmelweis.hu\/informatika\/files\/2022\/05\/image013-7.png 770w, https:\/\/semmelweis.hu\/informatika\/files\/2022\/05\/image013-7-146x300.png 146w, https:\/\/semmelweis.hu\/informatika\/files\/2022\/05\/image013-7-500x1024.png 500w, https:\/\/semmelweis.hu\/informatika\/files\/2022\/05\/image013-7-768x1574.png 768w, https:\/\/semmelweis.hu\/informatika\/files\/2022\/05\/image013-7-750x1536.png 750w, https:\/\/semmelweis.hu\/informatika\/files\/2022\/05\/image013-7-753x1543.png 753w\" sizes=\"auto, (max-width: 304px) 100vw, 304px\" \/><\/a><\/p>\n<p>A rendszer m\u00e9g egy meger\u0151s\u00edt\u00e9st k\u00e9r, koppintson az <strong>\u201cEnged\u00e9lyez\u00e9s\u201d<\/strong> lehet\u0151s\u00e9gre.<\/p>\n<p><a href=\"https:\/\/semmelweis.hu\/informatika\/files\/2022\/05\/image015-7.png\"><img loading=\"lazy\" decoding=\"async\" class=\"aligncenter wp-image-16421 \" src=\"https:\/\/semmelweis.hu\/informatika\/files\/2022\/05\/image015-7.png\" alt=\"\" width=\"309\" height=\"633\" srcset=\"https:\/\/semmelweis.hu\/informatika\/files\/2022\/05\/image015-7.png 770w, https:\/\/semmelweis.hu\/informatika\/files\/2022\/05\/image015-7-146x300.png 146w, https:\/\/semmelweis.hu\/informatika\/files\/2022\/05\/image015-7-500x1024.png 500w, https:\/\/semmelweis.hu\/informatika\/files\/2022\/05\/image015-7-768x1574.png 768w, https:\/\/semmelweis.hu\/informatika\/files\/2022\/05\/image015-7-750x1536.png 750w, https:\/\/semmelweis.hu\/informatika\/files\/2022\/05\/image015-7-753x1543.png 753w\" sizes=\"auto, (max-width: 309px) 100vw, 309px\" \/><\/a><\/p>\n<p>A be\u00e1ll\u00edt\u00e1s elk\u00e9sz\u00fclt, most m\u00e1r mobileszk\u00f6z\u00e9n is haszn\u00e1lhatja az egyetemi levelez\u0151rendszert.<\/p>\n<p>&nbsp;<\/p>\n<p><strong>O365 Helpdesk:<\/strong><\/p>\n<p>Postafi\u00f3k: o365helpdesk@semmelweis.hu<\/p>\n<p>Mobil:\u00a0<a href=\"tel:+36300164702\">+36 30 016 4702<\/a><\/p>\n","protected":false},"excerpt":{"rendered":"<p>Egyetemi levelez\u00e9s be\u00e1ll\u00edt\u00e1sa iOS rendszeren Az \u00faj egyetemi levelez\u0151rendszert mobil eszk\u00f6zein is el\u00e9rheti egy tetsz\u0151leges b\u00f6ng\u00e9sz\u0151b\u0151l bel\u00e9pve, azonban a teljesebb \u00e9lm\u00e9ny \u00e9rdek\u00e9ben javasolt a mobil eszk\u00f6z\u00f6kre k\u00e9sz\u00edtett, ingyenes Outlook alkalmaz\u00e1s haszn\u00e1lata. Levelez\u00e9s be\u00e1ll\u00edt\u00e1sa Outlook alkalmaz\u00e1sban: Amennyiben m\u00e9g nincs telep\u00edtve az eszk\u00f6z\u00e9re az Outlook alkalmaz\u00e1s, \u00fagy azt az App Store-b\u00f3l tudja let\u00f6lteni, melyet a f\u0151k\u00e9perny\u0151n tal\u00e1lhat\u00f3 &hellip;<\/p>\n","protected":false},"author":101934,"featured_media":0,"parent":16372,"menu_order":90,"comment_status":"closed","ping_status":"closed","template":"","meta":{"_acf_changed":false,"footnotes":""},"categories":[],"tags":[],"class_list":["post-16413","page","type-page","status-publish","hentry"],"acf":[],"_links":{"self":[{"href":"https:\/\/semmelweis.hu\/informatika\/wp-json\/wp\/v2\/pages\/16413","targetHints":{"allow":["GET"]}}],"collection":[{"href":"https:\/\/semmelweis.hu\/informatika\/wp-json\/wp\/v2\/pages"}],"about":[{"href":"https:\/\/semmelweis.hu\/informatika\/wp-json\/wp\/v2\/types\/page"}],"author":[{"embeddable":true,"href":"https:\/\/semmelweis.hu\/informatika\/wp-json\/wp\/v2\/users\/101934"}],"replies":[{"embeddable":true,"href":"https:\/\/semmelweis.hu\/informatika\/wp-json\/wp\/v2\/comments?post=16413"}],"version-history":[{"count":10,"href":"https:\/\/semmelweis.hu\/informatika\/wp-json\/wp\/v2\/pages\/16413\/revisions"}],"predecessor-version":[{"id":19196,"href":"https:\/\/semmelweis.hu\/informatika\/wp-json\/wp\/v2\/pages\/16413\/revisions\/19196"}],"up":[{"embeddable":true,"href":"https:\/\/semmelweis.hu\/informatika\/wp-json\/wp\/v2\/pages\/16372"}],"wp:attachment":[{"href":"https:\/\/semmelweis.hu\/informatika\/wp-json\/wp\/v2\/media?parent=16413"}],"wp:term":[{"taxonomy":"category","embeddable":true,"href":"https:\/\/semmelweis.hu\/informatika\/wp-json\/wp\/v2\/categories?post=16413"},{"taxonomy":"post_tag","embeddable":true,"href":"https:\/\/semmelweis.hu\/informatika\/wp-json\/wp\/v2\/tags?post=16413"}],"curies":[{"name":"wp","href":"https:\/\/api.w.org\/{rel}","templated":true}]}}