{"id":16376,"date":"2022-05-27T11:30:05","date_gmt":"2022-05-27T09:30:05","guid":{"rendered":"https:\/\/semmelweis.hu\/informatika\/?page_id=16376"},"modified":"2024-08-08T10:09:28","modified_gmt":"2024-08-08T08:09:28","slug":"o365-helpdesk","status":"publish","type":"page","link":"https:\/\/semmelweis.hu\/informatika\/o365\/o365-helpdesk\/","title":{"rendered":"O365 HelpDesk"},"content":{"rendered":"<div id=\"GroupWiseSection_1655374839000_simon.tamas@semmelweis-univ.hu_E820E20119050000B4706F6437396132_\" class=\"GroupWiseMessageBody active\">\n<div class=\"fontos_div\">\n<div class=\"ewa-rteLine\" style=\"text-align: justify;\">Amennyiben k\u00e9rd\u00e9se mer\u00fclne fel vagy seg\u00edts\u00e9gre volna sz\u00fcks\u00e9ge, esetleg elakadna az aktiv\u00e1ci\u00f3s folyamatban, keresse munkat\u00e1rsainkat az al\u00e1bbi el\u00e9rhet\u0151s\u00e9geken:<\/div>\n<div class=\"ewa-rteLine\">\u00a0<\/div>\n<div class=\"ewa-rteLine\"><a href=\"mailto:o365helpdesk@semmelweis.hu\">o365helpdesk@semmelweis.hu<\/a><\/div>\n<div class=\"ewa-rteLine\"><a href=\"tel:+36 30 016 4702\">+36 30 016 4702<\/a><\/div>\n<\/div>\n<\/div>\n","protected":false},"excerpt":{"rendered":"<p>Amennyiben k\u00e9rd\u00e9se mer\u00fclne fel vagy seg\u00edts\u00e9gre volna sz\u00fcks\u00e9ge, esetleg elakadna az aktiv\u00e1ci\u00f3s folyamatban, keresse munkat\u00e1rsainkat az al\u00e1bbi el\u00e9rhet\u0151s\u00e9geken:<br \/>\n\u00a0<br \/>\n<a href=\"mailto:o365helpdesk@semmelweis.hu\">o365helpdesk@semmelweis.hu<\/a><br \/>\n<a href=\"tel:+36 30 016 4702\">+36 30 016 4702<\/a><\/p>\n","protected":false},"author":160,"featured_media":0,"parent":15773,"menu_order":50,"comment_status":"closed","ping_status":"closed","template":"","meta":{"_acf_changed":false,"footnotes":""},"categories":[],"tags":[],"class_list":["post-16376","page","type-page","status-publish","hentry"],"acf":[],"_links":{"self":[{"href":"https:\/\/semmelweis.hu\/informatika\/wp-json\/wp\/v2\/pages\/16376","targetHints":{"allow":["GET"]}}],"collection":[{"href":"https:\/\/semmelweis.hu\/informatika\/wp-json\/wp\/v2\/pages"}],"about":[{"href":"https:\/\/semmelweis.hu\/informatika\/wp-json\/wp\/v2\/types\/page"}],"author":[{"embeddable":true,"href":"https:\/\/semmelweis.hu\/informatika\/wp-json\/wp\/v2\/users\/160"}],"replies":[{"embeddable":true,"href":"https:\/\/semmelweis.hu\/informatika\/wp-json\/wp\/v2\/comments?post=16376"}],"version-history":[{"count":10,"href":"https:\/\/semmelweis.hu\/informatika\/wp-json\/wp\/v2\/pages\/16376\/revisions"}],"predecessor-version":[{"id":18000,"href":"https:\/\/semmelweis.hu\/informatika\/wp-json\/wp\/v2\/pages\/16376\/revisions\/18000"}],"up":[{"embeddable":true,"href":"https:\/\/semmelweis.hu\/informatika\/wp-json\/wp\/v2\/pages\/15773"}],"wp:attachment":[{"href":"https:\/\/semmelweis.hu\/informatika\/wp-json\/wp\/v2\/media?parent=16376"}],"wp:term":[{"taxonomy":"category","embeddable":true,"href":"https:\/\/semmelweis.hu\/informatika\/wp-json\/wp\/v2\/categories?post=16376"},{"taxonomy":"post_tag","embeddable":true,"href":"https:\/\/semmelweis.hu\/informatika\/wp-json\/wp\/v2\/tags?post=16376"}],"curies":[{"name":"wp","href":"https:\/\/api.w.org\/{rel}","templated":true}]}}