{"id":15773,"date":"2022-04-27T13:55:33","date_gmt":"2022-04-27T11:55:33","guid":{"rendered":"https:\/\/semmelweis.hu\/informatika\/?page_id=15773"},"modified":"2025-04-04T11:36:03","modified_gmt":"2025-04-04T09:36:03","slug":"o365","status":"publish","type":"page","link":"https:\/\/semmelweis.hu\/informatika\/o365\/","title":{"rendered":"O365 Bevezet\u00e9s"},"content":{"rendered":"<h2><span style=\"font-size: 24pt\">Tisztelt Egyetemi Polg\u00e1r!<\/span><\/h2>\n<p style=\"text-align: justify\">A Semmelweis Egyetem vezet\u00e9s\u00e9nek fontos c\u00e9lkit\u0171z\u00e9se az informatikai \u00e9s digit\u00e1lis szolg\u00e1ltat\u00e1sok fejleszt\u00e9se, ennek egyik \u00e1llom\u00e1sa az O365 csoportmunka t\u00e1mogat\u00f3 rendszer bevezet\u00e9se.<\/p>\n<p style=\"text-align: justify\">Az O365 alkalmas az egyetemi polg\u00e1rs\u00e1g egy\u00fcttm\u0171k\u00f6d\u00e9s\u00e9nek t\u00e1mogat\u00e1s\u00e1ra, t\u00f6bbek k\u00f6z\u00f6tt: levelez\u00e9sre, dokumentumt\u00e1rak k\u00f6z\u00f6s kezel\u00e9s\u00e9re, adatok megoszt\u00e1s\u00e1ra \u00e9s felh\u0151s t\u00e1rol\u00e1s\u00e1ra, csoportos egyeztet\u00e9sekre \u00e9s chatre is.<\/p>\n<p style=\"text-align: left\">A teljes O365-k\u00f6rnyezet \u00e9s a hozz\u00e1 kapcsol\u00f3d\u00f3 rendszerek le\u00edr\u00e1sa megtal\u00e1lhat\u00f3 az al\u00e1bbi dokumentumban:<\/p>\n<p style=\"text-align: center\"><a href=\"https:\/\/semmelweis.hu\/informatika\/files\/2025\/04\/O365Portfolio_veglegesv2.pdf\" target=\"_blank\" rel=\"noopener\"><strong><span class=\"TextRun SCXW123523261 BCX0\" lang=\"HU-HU\" xml:lang=\"HU-HU\" data-contrast=\"auto\"><span class=\"NormalTextRun SCXW123523261 BCX0\">Az egyetemi polg\u00e1rok sz\u00e1m\u00e1ra egys\u00e9ges O365 (M365) szolg\u00e1ltat\u00e1si portf\u00f3li\u00f3 kialak\u00edt\u00e1sa, be\u00e1ll\u00edt\u00e1sok, elj\u00e1r\u00e1srendek r\u00f6gz\u00edt\u00e9se, egys\u00e9ges felhaszn\u00e1l\u00f3i felt\u00e9telrendszer kialak\u00edt\u00e1sa<\/span><\/span><\/strong><\/a><\/p>\n<p style=\"text-align: justify\">Az eg\u00e9sz Egyetemet \u00e9rint\u0151 v\u00e1ltoz\u00e1s egy hosszabb folyamat lesz. A bevezet\u00e9st v\u00e9gz\u0151 informatikus koll\u00e9g\u00e1k csapata &#8211; el\u0151re \u00f6ssze\u00e1ll\u00edtott \u00fctemterv alapj\u00e1n &#8211; fog felkeresni minden szervezeti egys\u00e9get. A helyi adotts\u00e1gokr\u00f3l, speci\u00e1lis feladatokr\u00f3l a szervezet vezet\u0151j\u00e9vel az \u00e1ltala kijel\u00f6lt felel\u0151sselel\u0151zetesen egyeztetve, illetve a folyamatba bevonva a helyi informatikus koll\u00e9g\u00e1kat is.<\/p>\n<p style=\"text-align: justify\">Az \u00fctemezett \u00e1t\u00e1ll\u00e1st megel\u0151z\u0151en lehet\u0151s\u00e9get k\u00edv\u00e1nunk biztos\u00edtani arra, hogy a megfelel\u0151 gyakorlattal rendelkez\u0151 koll\u00e9g\u00e1k miel\u0151bb \u00e9lvezhess\u00e9k az O365 funkci\u00f3it \u00e9s azok el\u0151nyeit.<\/p>\n<p style=\"text-align: justify\">A r\u00e9gi levelez\u0151rendszer (GroupWise) kiv\u00e1lt\u00e1sa egy r\u00e9g\u00f3ta v\u00e1rt \u00e9s tervezett l\u00e9p\u00e9s. Els\u0151k\u00e9nt az \u00faj Office 365 webes levelez\u00e9si rendszer\u00e9t, az Outlook-ot m\u00e1r el\u00e9rhet\u0151v\u00e9 tett\u00fck azoknak a koll\u00e9g\u00e1knak, akik \u00f6n\u00e1ll\u00f3an, saj\u00e1t d\u00f6nt\u00e9s alapj\u00e1n szeretn\u00e9k azt haszn\u00e1latba venni. Term\u00e9szetesen, akik az \u00f6n\u00e1ll\u00f3 aktiv\u00e1l\u00e1s lehet\u0151s\u00e9g\u00e9vel nem k\u00edv\u00e1nnak \u00e9lni, azok sz\u00e1m\u00e1ra a kor\u00e1bban eml\u00edtett \u00fctemez\u00e9s sor\u00e1n tudunk majd szem\u00e9lyes seg\u00edts\u00e9get ny\u00fajtani.<\/p>\n<ul class=\"children\">\n<li class=\"page_item page-item-16633\"><span style=\"color: #000080\"><a href=\"https:\/\/semmelweis.hu\/informatika\/o365\/tutorial-anyagok\/utmutato-az-o365-fiok-aktivalasahoz-uj-belepoknek\/\">\u00datmutat\u00f3 az O365 fi\u00f3k aktiv\u00e1l\u00e1s\u00e1hoz \u2013 2022.07.15-t\u0151l munkaviszonyban l\u00e9v\u0151knek<\/a><\/span><\/li>\n<li class=\"page_item page-item-15894\"><span style=\"color: #000080\"><a href=\"https:\/\/semmelweis.hu\/informatika\/o365\/tutorial-anyagok\/office-o365-kezdooldal-2\/\">Office 365 kezd\u0151oldal<\/a><\/span><\/li>\n<li class=\"page_item page-item-15847\"><span style=\"color: #000080\"><a href=\"https:\/\/semmelweis.hu\/informatika\/o365\/tutorial-anyagok\/automatikus-leveltovabbitas-groupwisebol-outlookba\/\">Automatikus lev\u00e9ltov\u00e1bb\u00edt\u00e1s GroupWise-b\u00f3l Outlook-ba (Aktiv\u00e1l\u00e1s ut\u00e1n k\u00f6telez\u0151!)<\/a><\/span><\/li>\n<li class=\"page_item page-item-16887\"><span style=\"color: #000080\"><a href=\"https:\/\/semmelweis.hu\/informatika\/o365\/tutorial-anyagok\/gw-to-outlook-cimjegyzek-2-2\/\">C\u00edmjegyz\u00e9k m\u00e1sol\u00e1sa GroupWise-b\u00f3l Outlook-ba<\/a><\/span><\/li>\n<li class=\"page_item page-item-15898\"><span style=\"color: #000080\"><a href=\"https:\/\/semmelweis.hu\/informatika\/o365\/tutorial-anyagok\/outlook-levelezes-hasznalati-utmutato-2\/\">Outlook webes levelez\u00e9s<\/a><\/span><\/li>\n<li class=\"page_item page-item-15900\"><span style=\"color: #000080\"><a href=\"https:\/\/semmelweis.hu\/informatika\/o365\/tutorial-anyagok\/outlook-naptar-hasznalati-utmutato-2\/\">Outlook webes napt\u00e1r<\/a><\/span><\/li>\n<li><span style=\"color: #ff00ff\"><a href=\"https:\/\/semmelweis.hu\/informatika\/o365\/tutorial-anyagok\/outlook-megosztott-postafiokok-hasznalata\/\" target=\"_blank\" rel=\"noopener\">Outlook megosztott postafi\u00f3kok haszn\u00e1lata<\/a><\/span><\/li>\n<li class=\"page_item page-item-15900\"><span style=\"color: #000080\"><a href=\"https:\/\/semmelweis.hu\/informatika\/outlook-emailek-nyomon-kovetese\/\" target=\"_blank\" rel=\"noopener\">Outlook emailek nyomon k\u00f6vet\u00e9se<\/a><\/span><\/li>\n<li class=\"page_item page-item-16398\"><span style=\"color: #000080\"><a href=\"https:\/\/semmelweis.hu\/informatika\/o365\/tutorial-anyagok\/levelezes-beallitasa-android\/\">Outlook be\u00e1ll\u00edt\u00e1sa Android rendszeren<\/a><\/span><\/li>\n<li class=\"page_item page-item-16413\"><span style=\"color: #000080\"><a href=\"https:\/\/semmelweis.hu\/informatika\/o365\/tutorial-anyagok\/levelezes-beallitasa-ios\/\">Outlook be\u00e1ll\u00edt\u00e1sa iOS rendszeren<\/a><\/span><\/li>\n<li class=\"page_item page-item-15892\"><span style=\"color: #000080\"><a href=\"https:\/\/semmelweis.hu\/informatika\/o365\/tutorial-anyagok\/o365-word-web-app\/\">Word webes alkalmaz\u00e1s<\/a><\/span><\/li>\n<li class=\"page_item page-item-15890\"><span style=\"color: #000080\"><a href=\"https:\/\/semmelweis.hu\/informatika\/o365\/tutorial-anyagok\/o365-excel-web-app-2\/\">Excel webes alkalmaz\u00e1s<\/a><\/span><\/li>\n<li class=\"page_item page-item-15896\"><span style=\"color: #000080\"><a href=\"https:\/\/semmelweis.hu\/informatika\/o365\/tutorial-anyagok\/onedrive-hasznalati-utmutato-2\/\">OneDrive<\/a><\/span><\/li>\n<li class=\"page_item page-item-15902\"><span style=\"color: #000080\"><a href=\"https:\/\/semmelweis.hu\/informatika\/o365\/tutorial-anyagok\/sharepoint-hasznalati-utmutato-2\/\">Sharepoint<\/a><\/span><\/li>\n<li class=\"page_item page-item-16234\"><span style=\"color: #000080\"><a href=\"https:\/\/semmelweis.hu\/informatika\/o365\/tutorial-anyagok\/teams-felhasznaloi-utmutato\/\">Teams<\/a><\/span><\/li>\n<li><a href=\"https:\/\/semmelweis.hu\/informatika\/o365\/webgalamb-hasznalata\/\" target=\"_blank\" rel=\"noopener\">Webgalamb haszn\u00e1lata<\/a><\/li>\n<li class=\"page_item page-item-16559\"><span style=\"color: #000080\"><a href=\"https:\/\/semmelweis.hu\/informatika\/o365\/tutorial-anyagok\/egyeb-hasznos-linkek\/\">Egy\u00e9b hasznos linkek<\/a><\/span><\/li>\n<li class=\"page_item page-item-16370 page_item_has_children\"><span style=\"color: #000080\"><a href=\"https:\/\/semmelweis.hu\/informatika\/o365\/tajekoztatok-szabalyzatok\/\">T\u00e1j\u00e9koztat\u00f3k<\/a><\/span>\n<ul class=\"children\">\n<li class=\"page_item page-item-16454\"><span style=\"color: #000080\"><a href=\"https:\/\/semmelweis.hu\/informatika\/o365\/tajekoztatok-szabalyzatok\/tajekoztato-o365-onallo-atallashoz\/\">T\u00e1j\u00e9koztat\u00f3 az \u00f6n\u00e1ll\u00f3 O365 \u00e1t\u00e1ll\u00e1sr\u00f3l<\/a><\/span><\/li>\n<li class=\"page_item page-item-16880\"><span style=\"color: #000080\"><a href=\"https:\/\/semmelweis.hu\/informatika\/o365\/tajekoztatok-szabalyzatok\/o365-tarhelyek-felhasznaloi-szabalyok\/\">O365 t\u00e1rhely felhaszn\u00e1l\u00f3i szab\u00e1lyok<\/a><\/span><\/li>\n<li><a href=\"https:\/\/semmelweis.hu\/informatika\/tajekoztato-tomeges-levelkikuldes-lehetosegeirol\/\" target=\"_blank\" rel=\"noopener\">T\u00e1j\u00e9koztat\u00f3 t\u00f6meges lev\u00e9lkik\u00fcld\u00e9s lehet\u0151s\u00e9geir\u0151l<\/a><\/li>\n<\/ul>\n<\/li>\n<li class=\"page_item page-item-16317\"><span style=\"color: #000080\"><a href=\"https:\/\/semmelweis.hu\/informatika\/o365\/informaciobiztonsag\/\">Inform\u00e1ci\u00f3biztons\u00e1g<\/a><\/span><\/li>\n<li class=\"page_item page-item-16374\"><span style=\"color: #000080\"><strong><a href=\"https:\/\/semmelweis.hu\/informatika\/o365\/gyik\/\">Gyakran Ism\u00e9telt K\u00e9rd\u00e9sek<\/a><\/strong><\/span><\/li>\n<li class=\"page_item page-item-16376\"><span style=\"color: #000080\"><a href=\"https:\/\/semmelweis.hu\/informatika\/o365\/o365-helpdesk\/\">O365 HelpDesk<\/a><\/span><\/li>\n<li class=\"page_item page-item-16338\"><span style=\"color: #000080\"><a href=\"https:\/\/semmelweis.hu\/informatika\/o365\/o365-portal\/\" target=\"_blank\" rel=\"noopener\">Aktiv\u00e1l\u00e1s \u00e9s adatm\u00f3dos\u00edt\u00e1s<\/a><\/span><\/li>\n<\/ul>\n","protected":false},"excerpt":{"rendered":"<p>Tisztelt Egyetemi Polg\u00e1r! A Semmelweis Egyetem vezet\u00e9s\u00e9nek fontos c\u00e9lkit\u0171z\u00e9se az informatikai \u00e9s digit\u00e1lis szolg\u00e1ltat\u00e1sok fejleszt\u00e9se, ennek egyik \u00e1llom\u00e1sa az O365 csoportmunka t\u00e1mogat\u00f3 rendszer bevezet\u00e9se. Az O365 alkalmas az egyetemi polg\u00e1rs\u00e1g egy\u00fcttm\u0171k\u00f6d\u00e9s\u00e9nek t\u00e1mogat\u00e1s\u00e1ra, t\u00f6bbek k\u00f6z\u00f6tt: levelez\u00e9sre, dokumentumt\u00e1rak k\u00f6z\u00f6s kezel\u00e9s\u00e9re, adatok megoszt\u00e1s\u00e1ra \u00e9s felh\u0151s t\u00e1rol\u00e1s\u00e1ra, csoportos egyeztet\u00e9sekre \u00e9s chatre is. A teljes O365-k\u00f6rnyezet \u00e9s a hozz\u00e1 kapcsol\u00f3d\u00f3 &hellip;<\/p>\n","protected":false},"author":160,"featured_media":0,"parent":0,"menu_order":20,"comment_status":"closed","ping_status":"closed","template":"","meta":{"_acf_changed":false,"footnotes":""},"categories":[],"tags":[],"class_list":["post-15773","page","type-page","status-publish","hentry"],"acf":[],"_links":{"self":[{"href":"https:\/\/semmelweis.hu\/informatika\/wp-json\/wp\/v2\/pages\/15773","targetHints":{"allow":["GET"]}}],"collection":[{"href":"https:\/\/semmelweis.hu\/informatika\/wp-json\/wp\/v2\/pages"}],"about":[{"href":"https:\/\/semmelweis.hu\/informatika\/wp-json\/wp\/v2\/types\/page"}],"author":[{"embeddable":true,"href":"https:\/\/semmelweis.hu\/informatika\/wp-json\/wp\/v2\/users\/160"}],"replies":[{"embeddable":true,"href":"https:\/\/semmelweis.hu\/informatika\/wp-json\/wp\/v2\/comments?post=15773"}],"version-history":[{"count":11,"href":"https:\/\/semmelweis.hu\/informatika\/wp-json\/wp\/v2\/pages\/15773\/revisions"}],"predecessor-version":[{"id":19441,"href":"https:\/\/semmelweis.hu\/informatika\/wp-json\/wp\/v2\/pages\/15773\/revisions\/19441"}],"wp:attachment":[{"href":"https:\/\/semmelweis.hu\/informatika\/wp-json\/wp\/v2\/media?parent=15773"}],"wp:term":[{"taxonomy":"category","embeddable":true,"href":"https:\/\/semmelweis.hu\/informatika\/wp-json\/wp\/v2\/categories?post=15773"},{"taxonomy":"post_tag","embeddable":true,"href":"https:\/\/semmelweis.hu\/informatika\/wp-json\/wp\/v2\/tags?post=15773"}],"curies":[{"name":"wp","href":"https:\/\/api.w.org\/{rel}","templated":true}]}}