{"id":15633,"date":"2022-03-28T08:57:24","date_gmt":"2022-03-28T06:57:24","guid":{"rendered":"https:\/\/semmelweis.hu\/informatika\/?page_id=15633"},"modified":"2023-09-11T09:56:26","modified_gmt":"2023-09-11T07:56:26","slug":"sharepoint-tarhely-felho-alapu-tarhely-szolgaltatas","status":"publish","type":"page","link":"https:\/\/semmelweis.hu\/informatika\/egyeb-szolgaltatasok\/egyeb-szolgaltatasok-2\/sharepoint-tarhely-felho-alapu-tarhely-szolgaltatas\/","title":{"rendered":"Sharepoint t\u00e1rhely (felh\u0151 alap\u00fa t\u00e1rhely szolg\u00e1ltat\u00e1s)"},"content":{"rendered":"<p><span style=\"font-size: 1rem;\" data-contrast=\"auto\">A t\u00e1rhely a Semmelweis Egyetem Microsoft priv\u00e1t felh\u0151j\u00e9ben tal\u00e1lhat\u00f3 SharePoint t\u00e1rhelyen ker\u00fclt kialak\u00edt\u00e1sra.<\/span><span style=\"font-size: 1rem;\" data-ccp-props=\"{&quot;201341983&quot;:0,&quot;335551550&quot;:6,&quot;335551620&quot;:6,&quot;335559685&quot;:360,&quot;335559737&quot;:109,&quot;335559738&quot;:132,&quot;335559739&quot;:0,&quot;335559740&quot;:360}\">\u00a0<\/span><\/p>\n<p><span style=\"color: #ff0000;\">A t\u00e1rhelyet olyan PROJEKTEK t\u00e1mogat\u00e1s\u00e1ra hozta l\u00e9tre az Igazgat\u00f3s\u00e1g, ahol K\u00dcLS\u0150S PARTNER r\u00e9sz\u00e9re kell hozz\u00e1f\u00e9r\u00e9st biztos\u00edtani.<\/span><\/p>\n<p><span style=\"color: #ff0000;\">A t\u00e1rhely ID\u0150SZAKOS! Csak a projekt idej\u00e9re biztos\u00edtja az Igazgat\u00f3s\u00e1g, ezt k\u00f6vet\u0151en a benne tal\u00e1lhat\u00f3 f\u00e1jlok ARCHIV\u00c1L\u00c1SRA ker\u00fclnek.\u00a0<\/span><\/p>\n<p><span style=\"color: #ff0000;\">A Sharepoint Egyetemi szint\u0171 bevezet\u00e9s\u00e9t k\u00f6vet\u0151en a szolg\u00e1ltat\u00e1s ilyen form\u00e1ban megsz\u0171nik.<\/span><\/p>\n<p><span data-contrast=\"auto\">A SharePoint t\u00e1rhely szolg\u00e1ltat\u00e1st az SE munkat\u00e1rsak (O365 \u00e9s Novell fi\u00f3k eset\u00e9ben egyar\u00e1nt), illetve a k\u00fcls\u0151s partnerek munkahelyi e-mail c\u00edm\u00fckkel tudj\u00e1k ig\u00e9nybe venni. Jelenleg egy SharePoint Site \u00e1ll rendelkez\u00e9sre dokumentumok megoszt\u00e1s\u00e1ra, melyen nem a site-hoz adjuk a fi\u00f3kokat, hanem az azon bel\u00fcli, k\u00e9r\u00e9sre l\u00e9trehozott mapp\u00e1kat osztjuk meg a projekten dolgoz\u00f3kkal. <\/span><\/p>\n<p><span id=\"page3R_mcid7\" class=\"markedContent\"><span dir=\"ltr\" role=\"presentation\">Biztons\u00e1gi okokb\u00f3l<\/span><\/span><\/p>\n<ul>\n<li><span id=\"page3R_mcid8\" class=\"markedContent\"><span dir=\"ltr\" role=\"presentation\">az eredeti megoszt\u00e1st k\u00fcld\u0151 emailt el kell menteni \u00e9s onnan bel\u00e9pni a fel\u00fcletre<\/span><\/span><\/li>\n<li><span id=\"page3R_mcid9\" class=\"markedContent\"><span dir=\"ltr\" role=\"presentation\">a felhaszn\u00e1l\u00f3knak minden bel\u00e9p\u00e9sn\u00e9l k\u00f3dot kell megadni, amit minden alkalommal <\/span><span dir=\"ltr\" role=\"presentation\">email<\/span><span dir=\"ltr\" role=\"presentation\">&#8211;<\/span><span dir=\"ltr\" role=\"presentation\">ben kap meg a felhaszn\u00e1l\u00f3<\/span><\/span><\/li>\n<li><span id=\"page3R_mcid10\" class=\"markedContent\"><span dir=\"ltr\" role=\"presentation\">csak a jogosults\u00e1ggal rendelkez\u0151 szem\u00e9lyek f\u00e9rnek hozz\u00e1 a projekt<\/span> <span dir=\"ltr\" role=\"presentation\">mapp\u00e1ihoz, <\/span><span dir=\"ltr\" role=\"presentation\">dokumentumaihoz<\/span><\/span><\/li>\n<\/ul>\n<p><span data-contrast=\"auto\">K\u00e9tf\u00e9le jogosults\u00e1got tudunk biztos\u00edtani a felhaszn\u00e1l\u00f3knak:<\/span><span data-ccp-props=\"{&quot;201341983&quot;:0,&quot;335559685&quot;:360,&quot;335559737&quot;:109,&quot;335559738&quot;:132,&quot;335559739&quot;:0,&quot;335559740&quot;:360}\">\u00a0<\/span><\/p>\n<ul>\n<li data-leveltext=\"\uf0b7\" data-font=\"Symbol\" data-listid=\"2\" data-aria-posinset=\"1\" data-aria-level=\"1\"><i><span data-contrast=\"auto\">Szerkeszt\u0151i jogosults\u00e1g:<\/span><\/i><span data-contrast=\"auto\"> A megosztott mapp\u00e1n bel\u00fcl szerkesztheti \u00e9s t\u00f6ltheti fel a f\u00e1jlokat<\/span><span data-ccp-props=\"{&quot;201341983&quot;:0,&quot;335559737&quot;:109,&quot;335559738&quot;:132,&quot;335559739&quot;:0,&quot;335559740&quot;:360}\">\u00a0<\/span><\/li>\n<li data-leveltext=\"\uf0b7\" data-font=\"Symbol\" data-listid=\"2\" data-aria-posinset=\"2\" data-aria-level=\"1\"><i><span data-contrast=\"auto\">Olvas\u00f3i jogosults\u00e1g:<\/span><\/i><span data-contrast=\"auto\"> A megosztott mapp\u00e1n bel\u00fcl a felt\u00f6lt\u00f6tt f\u00e1jlokat nem szerkesztheti, csak olvashatja azokat<\/span><span data-ccp-props=\"{&quot;201341983&quot;:0,&quot;335559737&quot;:109,&quot;335559738&quot;:132,&quot;335559739&quot;:0,&quot;335559740&quot;:360}\">\u00a0<\/span><\/li>\n<\/ul>\n<p><span style=\"font-size: 1rem;\" data-contrast=\"none\">A szolg\u00e1ltat\u00e1s ig\u00e9nyl\u00e9s\u00e9t az al\u00e1bbi el\u00e9rhet\u0151s\u00e9gen lehet kezdem\u00e9nyezni:<\/span><a href=\"mailto:morzsik.andras@univ.semmelweis.hu\"><strong><span style=\"font-size: 1rem;\" data-ccp-props=\"{&quot;134233117&quot;:true,&quot;134233118&quot;:true,&quot;201341983&quot;:0,&quot;335559740&quot;:360}\"> morzsik.andras@semmelweis.hu<\/span><\/strong><\/a><\/p>\n<p><a href=\"https:\/\/semmelweis.hu\/informatika\/files\/2022\/03\/SE-Sharepoint-igenylo-lap.xlsx\">T\u00e1rhelyig\u00e9nyl\u0151 lap let\u00f6lt\u00e9se<\/a><\/p>\n<p><a href=\"https:\/\/semmelweis.hu\/informatika\/files\/2022\/03\/SharePoint-hasznalati-utmutato-v1.1.pdf\" target=\"_blank\" rel=\"noopener\">Haszn\u00e1lati \u00fatmutat\u00f3 let\u00f6lt\u00e9se<\/a><\/p>\n<p><span data-ccp-props=\"{&quot;201341983&quot;:0,&quot;335551550&quot;:2,&quot;335551620&quot;:2,&quot;335559737&quot;:109,&quot;335559738&quot;:132,&quot;335559739&quot;:0,&quot;335559740&quot;:360}\">\u00a0<\/span><\/p>\n","protected":false},"excerpt":{"rendered":"<p>A t\u00e1rhely a Semmelweis Egyetem Microsoft priv\u00e1t felh\u0151j\u00e9ben tal\u00e1lhat\u00f3 SharePoint t\u00e1rhelyen ker\u00fclt kialak\u00edt\u00e1sra.\u00a0 A t\u00e1rhelyet olyan PROJEKTEK t\u00e1mogat\u00e1s\u00e1ra hozta l\u00e9tre az Igazgat\u00f3s\u00e1g, ahol K\u00dcLS\u0150S PARTNER r\u00e9sz\u00e9re kell hozz\u00e1f\u00e9r\u00e9st biztos\u00edtani. A t\u00e1rhely ID\u0150SZAKOS! Csak a projekt idej\u00e9re biztos\u00edtja az Igazgat\u00f3s\u00e1g, ezt k\u00f6vet\u0151en a benne tal\u00e1lhat\u00f3 f\u00e1jlok ARCHIV\u00c1L\u00c1SRA ker\u00fclnek.\u00a0 A Sharepoint Egyetemi szint\u0171 bevezet\u00e9s\u00e9t k\u00f6vet\u0151en a szolg\u00e1ltat\u00e1s &hellip;<\/p>\n","protected":false},"author":160,"featured_media":0,"parent":18062,"menu_order":10,"comment_status":"closed","ping_status":"closed","template":"","meta":{"_acf_changed":false,"footnotes":""},"categories":[],"tags":[],"class_list":["post-15633","page","type-page","status-publish","hentry"],"acf":[],"_links":{"self":[{"href":"https:\/\/semmelweis.hu\/informatika\/wp-json\/wp\/v2\/pages\/15633","targetHints":{"allow":["GET"]}}],"collection":[{"href":"https:\/\/semmelweis.hu\/informatika\/wp-json\/wp\/v2\/pages"}],"about":[{"href":"https:\/\/semmelweis.hu\/informatika\/wp-json\/wp\/v2\/types\/page"}],"author":[{"embeddable":true,"href":"https:\/\/semmelweis.hu\/informatika\/wp-json\/wp\/v2\/users\/160"}],"replies":[{"embeddable":true,"href":"https:\/\/semmelweis.hu\/informatika\/wp-json\/wp\/v2\/comments?post=15633"}],"version-history":[{"count":10,"href":"https:\/\/semmelweis.hu\/informatika\/wp-json\/wp\/v2\/pages\/15633\/revisions"}],"predecessor-version":[{"id":17842,"href":"https:\/\/semmelweis.hu\/informatika\/wp-json\/wp\/v2\/pages\/15633\/revisions\/17842"}],"up":[{"embeddable":true,"href":"https:\/\/semmelweis.hu\/informatika\/wp-json\/wp\/v2\/pages\/18062"}],"wp:attachment":[{"href":"https:\/\/semmelweis.hu\/informatika\/wp-json\/wp\/v2\/media?parent=15633"}],"wp:term":[{"taxonomy":"category","embeddable":true,"href":"https:\/\/semmelweis.hu\/informatika\/wp-json\/wp\/v2\/categories?post=15633"},{"taxonomy":"post_tag","embeddable":true,"href":"https:\/\/semmelweis.hu\/informatika\/wp-json\/wp\/v2\/tags?post=15633"}],"curies":[{"name":"wp","href":"https:\/\/api.w.org\/{rel}","templated":true}]}}