{"id":15480,"date":"2022-02-22T16:41:14","date_gmt":"2022-02-22T15:41:14","guid":{"rendered":"https:\/\/semmelweis.hu\/informatika\/?page_id=15480"},"modified":"2022-02-22T17:22:26","modified_gmt":"2022-02-22T16:22:26","slug":"informatikai-fejlesztesi-igazgatosag","status":"publish","type":"page","link":"https:\/\/semmelweis.hu\/informatika\/rolunk\/informatikai-foigazgatosag\/informatikai-fejlesztesi-igazgatosag\/","title":{"rendered":"Informatikai Fejleszt\u00e9si Igazgat\u00f3s\u00e1g"},"content":{"rendered":"<p><span style=\"font-size: 18pt\"><strong>Igazgat\u00f3:<\/strong> T\u00f3th Csaba<\/span><\/p>\n<p>&nbsp;<\/p>\n<h2>Oszt\u00e1lyok:<\/h2>\n<ul>\n<li><strong><a href=\"https:\/\/semmelweis.hu\/informatika\/rolunk\/informatikai-foigazgatosag\/informatikai-fejlesztesi-igazgatosag\/alkalmazasfejlesztesi-osztaly\/\">Alkalmaz\u00e1sfejleszt\u00e9si Oszt\u00e1ly<\/a>:<\/strong> Zr\u00ednyi Mikl\u00f3s (oszt\u00e1lyvezet\u0151)<\/li>\n<\/ul>\n","protected":false},"excerpt":{"rendered":"<p>Igazgat\u00f3: T\u00f3th Csaba<br \/>\n&nbsp;<br \/>\nOszt\u00e1lyok:<\/p>\n<p><a href=\"https:\/\/semmelweis.hu\/informatika\/rolunk\/informatikai-foigazgatosag\/informatikai-fejlesztesi-igazgatosag\/alkalmazasfejlesztesi-osztaly\/\">Alkalmaz\u00e1sfejleszt\u00e9si Oszt\u00e1ly<\/a>: Zr\u00ednyi Mikl\u00f3s (oszt\u00e1lyvezet\u0151)<\/p>\n","protected":false},"author":160,"featured_media":0,"parent":15465,"menu_order":60,"comment_status":"closed","ping_status":"closed","template":"","meta":{"_acf_changed":false,"footnotes":""},"categories":[],"tags":[],"class_list":["post-15480","page","type-page","status-publish","hentry"],"acf":[],"_links":{"self":[{"href":"https:\/\/semmelweis.hu\/informatika\/wp-json\/wp\/v2\/pages\/15480","targetHints":{"allow":["GET"]}}],"collection":[{"href":"https:\/\/semmelweis.hu\/informatika\/wp-json\/wp\/v2\/pages"}],"about":[{"href":"https:\/\/semmelweis.hu\/informatika\/wp-json\/wp\/v2\/types\/page"}],"author":[{"embeddable":true,"href":"https:\/\/semmelweis.hu\/informatika\/wp-json\/wp\/v2\/users\/160"}],"replies":[{"embeddable":true,"href":"https:\/\/semmelweis.hu\/informatika\/wp-json\/wp\/v2\/comments?post=15480"}],"version-history":[{"count":2,"href":"https:\/\/semmelweis.hu\/informatika\/wp-json\/wp\/v2\/pages\/15480\/revisions"}],"predecessor-version":[{"id":15497,"href":"https:\/\/semmelweis.hu\/informatika\/wp-json\/wp\/v2\/pages\/15480\/revisions\/15497"}],"up":[{"embeddable":true,"href":"https:\/\/semmelweis.hu\/informatika\/wp-json\/wp\/v2\/pages\/15465"}],"wp:attachment":[{"href":"https:\/\/semmelweis.hu\/informatika\/wp-json\/wp\/v2\/media?parent=15480"}],"wp:term":[{"taxonomy":"category","embeddable":true,"href":"https:\/\/semmelweis.hu\/informatika\/wp-json\/wp\/v2\/categories?post=15480"},{"taxonomy":"post_tag","embeddable":true,"href":"https:\/\/semmelweis.hu\/informatika\/wp-json\/wp\/v2\/tags?post=15480"}],"curies":[{"name":"wp","href":"https:\/\/api.w.org\/{rel}","templated":true}]}}