{"id":15471,"date":"2022-02-22T16:33:20","date_gmt":"2022-02-22T15:33:20","guid":{"rendered":"https:\/\/semmelweis.hu\/informatika\/?page_id=15471"},"modified":"2022-03-23T09:18:38","modified_gmt":"2022-03-23T08:18:38","slug":"informatikai-alapinfrastruktura-es-kiemelt-alkalmazasok-igazgatosaga","status":"publish","type":"page","link":"https:\/\/semmelweis.hu\/informatika\/rolunk\/informatikai-foigazgatosag\/informatikai-alapinfrastruktura-es-kiemelt-alkalmazasok-igazgatosaga\/","title":{"rendered":"Informatikai Alapinfrastrukt\u00fara \u00e9s Kiemelt Alkalmaz\u00e1sok Igazgat\u00f3s\u00e1ga"},"content":{"rendered":"<p><span style=\"font-size: 18pt\"><strong>Igazgat\u00f3:<\/strong> S\u00e1ndor L\u00e1szl\u00f3<\/span><\/p>\n<p>&nbsp;<\/p>\n<h2>Oszt\u00e1lyok:<\/h2>\n<ul>\n<li><strong><a href=\"https:\/\/semmelweis.hu\/informatika\/rolunk\/informatikai-foigazgatosag\/informatikai-alapinfrastruktura-es-kiemelt-alkalmazasok-igazgatosaga\/infrastruktura-uzemeltetesi-osztaly\/\">Infrastrukt\u00fara \u00dczemeltet\u00e9si Oszt\u00e1ly<\/a>:<\/strong> P\u00e1l S\u00e1ndor (oszt\u00e1lyvezet\u0151)<\/li>\n<li><strong><a href=\"https:\/\/semmelweis.hu\/informatika\/rolunk\/informatikai-foigazgatosag\/informatikai-alapinfrastruktura-es-kiemelt-alkalmazasok-igazgatosaga\/medsolutionemedsolution-integralt-medikai-rendszer-uzemeltetese\/\">MedSol \u00dczemeltet\u00e9si Oszt\u00e1ly<\/a>:<\/strong> Tam\u00e1s Zolt\u00e1n (oszt\u00e1lyvezet\u0151)<\/li>\n<li><strong><a href=\"https:\/\/semmelweis.hu\/informatika\/rolunk\/informatikai-foigazgatosag\/informatikai-alapinfrastruktura-es-kiemelt-alkalmazasok-igazgatosaga\/sap-integralt-gazdasagi-rendszer-uzemeltetese\/\">SAP \u00dczemeltet\u00e9si Oszt\u00e1ly<\/a>:<\/strong> Kert\u00e9sz L\u00e1szl\u00f3 (oszt\u00e1lyvezet\u0151)<\/li>\n<li><strong><a href=\"https:\/\/semmelweis.hu\/informatika\/rolunk\/informatikai-foigazgatosag\/informatikai-alapinfrastruktura-es-kiemelt-alkalmazasok-igazgatosaga\/tavkozlesi-osztaly\/\">T\u00e1vk\u00f6zl\u00e9si Oszt\u00e1ly<\/a>:<\/strong> Kunszab\u00f3 Gergely (oszt\u00e1lyvezet\u0151)<\/li>\n<\/ul>\n","protected":false},"excerpt":{"rendered":"<p>Igazgat\u00f3: S\u00e1ndor L\u00e1szl\u00f3<br \/>\n&nbsp;<br \/>\nOszt\u00e1lyok:<\/p>\n<p><a href=\"https:\/\/semmelweis.hu\/informatika\/rolunk\/informatikai-foigazgatosag\/informatikai-alapinfrastruktura-es-kiemelt-alkalmazasok-igazgatosaga\/infrastruktura-uzemeltetesi-osztaly\/\">Infrastrukt\u00fara \u00dczemeltet\u00e9si Oszt\u00e1ly<\/a>: P\u00e1l S\u00e1ndor (oszt\u00e1lyvezet\u0151)<br \/>\n<a href=\"https:\/\/semmelweis.hu\/informatika\/rolunk\/informatikai-foigazgatosag\/informatikai-alapinfrastruktura-es-kiemelt-alkalmazasok-igazgatosaga\/medsolutionemedsolution-integralt-medikai-rendszer-uzemeltetese\/\">MedSol \u00dczemeltet\u00e9si Oszt\u00e1ly<\/a>: Tam\u00e1s Zolt\u00e1n (oszt\u00e1lyvezet\u0151)<br \/>\n<a href=\"https:\/\/semmelweis.hu\/informatika\/rolunk\/informatikai-foigazgatosag\/informatikai-alapinfrastruktura-es-kiemelt-alkalmazasok-igazgatosaga\/sap-integralt-gazdasagi-rendszer-uzemeltetese\/\">SAP \u00dczemeltet\u00e9si Oszt\u00e1ly<\/a>: Kert\u00e9sz L\u00e1szl\u00f3 (oszt\u00e1lyvezet\u0151)<br \/>\n<a href=\"https:\/\/semmelweis.hu\/informatika\/rolunk\/informatikai-foigazgatosag\/informatikai-alapinfrastruktura-es-kiemelt-alkalmazasok-igazgatosaga\/tavkozlesi-osztaly\/\">T\u00e1vk\u00f6zl\u00e9si Oszt\u00e1ly<\/a>: Kunszab\u00f3 Gergely (oszt\u00e1lyvezet\u0151)<\/p>\n","protected":false},"author":160,"featured_media":0,"parent":15465,"menu_order":40,"comment_status":"closed","ping_status":"closed","template":"","meta":{"_acf_changed":false,"footnotes":""},"categories":[],"tags":[],"class_list":["post-15471","page","type-page","status-publish","hentry"],"acf":[],"_links":{"self":[{"href":"https:\/\/semmelweis.hu\/informatika\/wp-json\/wp\/v2\/pages\/15471","targetHints":{"allow":["GET"]}}],"collection":[{"href":"https:\/\/semmelweis.hu\/informatika\/wp-json\/wp\/v2\/pages"}],"about":[{"href":"https:\/\/semmelweis.hu\/informatika\/wp-json\/wp\/v2\/types\/page"}],"author":[{"embeddable":true,"href":"https:\/\/semmelweis.hu\/informatika\/wp-json\/wp\/v2\/users\/160"}],"replies":[{"embeddable":true,"href":"https:\/\/semmelweis.hu\/informatika\/wp-json\/wp\/v2\/comments?post=15471"}],"version-history":[{"count":6,"href":"https:\/\/semmelweis.hu\/informatika\/wp-json\/wp\/v2\/pages\/15471\/revisions"}],"predecessor-version":[{"id":15806,"href":"https:\/\/semmelweis.hu\/informatika\/wp-json\/wp\/v2\/pages\/15471\/revisions\/15806"}],"up":[{"embeddable":true,"href":"https:\/\/semmelweis.hu\/informatika\/wp-json\/wp\/v2\/pages\/15465"}],"wp:attachment":[{"href":"https:\/\/semmelweis.hu\/informatika\/wp-json\/wp\/v2\/media?parent=15471"}],"wp:term":[{"taxonomy":"category","embeddable":true,"href":"https:\/\/semmelweis.hu\/informatika\/wp-json\/wp\/v2\/categories?post=15471"},{"taxonomy":"post_tag","embeddable":true,"href":"https:\/\/semmelweis.hu\/informatika\/wp-json\/wp\/v2\/tags?post=15471"}],"curies":[{"name":"wp","href":"https:\/\/api.w.org\/{rel}","templated":true}]}}