{"id":15465,"date":"2022-02-22T16:23:41","date_gmt":"2022-02-22T15:23:41","guid":{"rendered":"https:\/\/semmelweis.hu\/informatika\/?page_id=15465"},"modified":"2024-04-19T11:32:28","modified_gmt":"2024-04-19T09:32:28","slug":"informatikai-foigazgatosag","status":"publish","type":"page","link":"https:\/\/semmelweis.hu\/informatika\/rolunk\/informatikai-foigazgatosag\/","title":{"rendered":"Informatikai F\u0151igazgat\u00f3s\u00e1g"},"content":{"rendered":"<p><span style=\"font-size: 18pt\"><strong>F\u0151igazgat\u00f3:<\/strong> Czinderi G\u00e1bor<\/span><\/p>\n<p><span style=\"font-size: 18pt\"><strong>F\u0151igazgat\u00f3-helyettes:<\/strong> Somogyi P\u00e9ter<\/span><\/p>\n<p><span style=\"font-size: 18pt\"><strong>Titk\u00e1rs\u00e1g:<\/strong> Tihanyi T\u00edmea<\/span><\/p>\n<ul>\n<li><strong>Telefon:<\/strong> +36 1\/210 0328, +36 70\/605 7828<\/li>\n<li><strong>E-mail:<\/strong> <a href=\"mailto:titkarsag.informatika@semmelweis-univ.hu\">titkarsag.informatika@semmelweis.hu<\/a><\/li>\n<\/ul>\n<h2><span style=\"font-size: 18pt\">Igazgat\u00f3s\u00e1gok:<\/span><\/h2>\n<ul>\n<li><strong><a href=\"https:\/\/semmelweis.hu\/informatika\/rolunk\/szervezet\/informatikai-foigazgatosag\/informatikai-alapinfrastruktura-es-kiemelt-alkalmazasok-igazgatosaga\/\">Informatikai Alapinfrastrukt\u00fara \u00e9s Kiemelt Alkalmaz\u00e1sok Igazgat\u00f3s\u00e1ga<\/a><\/strong><br \/>\nS\u00e1ndor L\u00e1szl\u00f3 igazgat\u00f3<\/li>\n<li><strong><a href=\"https:\/\/semmelweis.hu\/informatika\/rolunk\/szervezet\/informatikai-foigazgatosag\/informatikai-ugyfeltamogatasi-igazgatosag\/\">Informatikai \u00dcgyf\u00e9lt\u00e1mogat\u00e1si Igazgat\u00f3s\u00e1g<\/a><\/strong><br \/>\nSimon Tam\u00e1s igazgat\u00f3<\/li>\n<li><strong><a href=\"https:\/\/semmelweis.hu\/informatika\/rolunk\/szervezet\/informatikai-foigazgatosag\/informatikai-fejlesztesi-igazgatosag\/\">Informatikai Fejleszt\u00e9si Igazgat\u00f3s\u00e1g<\/a><\/strong><br \/>\nT\u00f3th Csaba igazgat\u00f3<\/li>\n<\/ul>\n<h2><span style=\"font-size: 18pt\">Ter\u00fcleti igazgat\u00f3s\u00e1gok:<\/span><\/h2>\n<ul>\n<li><strong>Amerikai \u00dati Ter\u00fcleti Informatikai Igazgat\u00f3s\u00e1g<\/strong><br \/>\ndr. Horv\u00e1th Lajos igazgat\u00f3<\/li>\n<li><strong>Orvosi Rehabilit\u00e1ci\u00f3s Ter\u00fcleti Informatikai Igazgat\u00f3s\u00e1g<\/strong><br \/>\nSarkadi Attila igazgat\u00f3helyettes<\/li>\n<\/ul>\n<h2><span style=\"font-size: 18pt\">Tov\u00e1bbi szervezeti egys\u00e9gek:<\/span><\/h2>\n<ul>\n<li><strong>Inform\u00e1ci\u00f3biztons\u00e1gi Igazgat\u00f3s\u00e1g<\/strong><br \/>\nCsan\u00e1di Ferenc igazgat\u00f3<\/li>\n<li><strong>Beszerz\u00e9si csoport<\/strong><\/li>\n<\/ul>\n<p>Az Informatikai F\u0151igazgat\u00f3s\u00e1g <b>365&#215;24<\/b> \u00f3r\u00e1ban fel\u00fcgyeli \u00e9s \u00fczemelteti az egyetem informatikai \u00e9s t\u00e1vk\u00f6zl\u00e9si gerinch\u00e1l\u00f3zat\u00e1t, az azt m\u0171k\u00f6dtet\u0151 optikai \u00e9s mikrohull\u00e1m\u00fa \u00e1tvitel-technikai \u00e9s csom\u00f3ponti vez\u00e9rl\u0151eszk\u00f6z\u00f6ket, a k\u00f6zponti szerver sz\u00e1m\u00edt\u00f3g\u00e9peket. M\u0171k\u00f6dteti \u00e9s fel\u00fcgyeli tov\u00e1bb\u00e1, az Egyetem informatikai \u00e9s t\u00e1vk\u00f6zl\u00e9si alrendszereit, biztos\u00edtja az Internet \u00e9s intranet szolg\u00e1ltat\u00e1st, az elektronikus levelez\u00e9st, bet\u00f6r\u00e9s- \u00e9s v\u00edrusv\u00e9delmet.<\/p>\n<p>\u00dczemelteti az egyetemi szint\u0171 alkalmaz\u00f3i rendszereket (SAP integr\u00e1lt gazdas\u00e1g-ir\u00e1ny\u00edt\u00e1si rendszer, MedSolution\/eMedSolution klinikai informatikai rendszer, GLIMS , MedBakter, SOTEKIR Labor labordiagnosztikai informatikai rendszerek, PACS k\u00e9pdiagnosztikai rendszer, NEPTUN Egys\u00e9ges Fels\u0151oktat\u00e1si Tanulm\u00e1nyi Rendszer), koordin\u00e1lja az ahhoz kapcsol\u00f3d\u00f3 folyamatokat.<\/p>\n<p>T\u00e1mogatja az egyetemi infrastrukt\u00far\u00e1t felhaszn\u00e1l\u00f3 munkat\u00e1rsak napi munk\u00e1j\u00e1nak elv\u00e9gz\u00e9s\u00e9t.<\/p>\n<p>R\u00f6vid- \u00e9s k\u00f6z\u00e9pt\u00e1v\u00fa terveket k\u00e9sz\u00edt az informatikai \u00e9s t\u00e1vk\u00f6zl\u00e9si jelleg\u0171 fejleszt\u00e9sekre, szakmai, szervez\u00e9si, koordin\u00e1ci\u00f3s \u00e9s finansz\u00edroz\u00e1si szempontb\u00f3l javaslatokat terjeszt fel az egyetem vezet\u00e9se fel\u00e9, \u00e9s d\u00f6nt\u00e9sre el\u0151k\u00e9sz\u00edti azokat. K\u00f6zrem\u0171k\u00f6dik az Egyetem \u00faj informatikai rendszereinek tervez\u00e9s\u00e9ben, azok p\u00e1ly\u00e1zati ki\u00edr\u00e1s\u00e1ban, bevezet\u00e9s\u00e9ben. Szakmai szempontok, \u00e9s a helyi adotts\u00e1gok alapj\u00e1n javaslatot tesz a szakmailag optim\u00e1lis k\u00f6rnyezet megteremt\u00e9s\u00e9re, \u00e9s t\u00e1mogat\u00e1st ny\u00fajt azok \u00fczemeltet\u00e9s\u00e9ben.<\/p>\n","protected":false},"excerpt":{"rendered":"<p>F\u0151igazgat\u00f3: Czinderi G\u00e1bor F\u0151igazgat\u00f3-helyettes: Somogyi P\u00e9ter Titk\u00e1rs\u00e1g: Tihanyi T\u00edmea Telefon: +36 1\/210 0328, +36 70\/605 7828 E-mail: <a href=\"mailto:titkarsag.informatika@semmelweis-univ.hu\">titkarsag.informatika@semmelweis.hu<\/a> Igazgat\u00f3s\u00e1gok: <a href=\"https:\/\/semmelweis.hu\/informatika\/rolunk\/szervezet\/informatikai-foigazgatosag\/informatikai-alapinfrastruktura-es-kiemelt-alkalmazasok-igazgatosaga\/\">Informatikai Alapinfrastrukt\u00fara \u00e9s Kiemelt Alkalmaz\u00e1sok Igazgat\u00f3s\u00e1ga<\/a> S\u00e1ndor L\u00e1szl\u00f3 igazgat\u00f3 <a href=\"https:\/\/semmelweis.hu\/informatika\/rolunk\/szervezet\/informatikai-foigazgatosag\/informatikai-ugyfeltamogatasi-igazgatosag\/\">Informatikai \u00dcgyf\u00e9lt\u00e1mogat\u00e1si Igazgat\u00f3s\u00e1g<\/a> Simon Tam\u00e1s igazgat\u00f3 <a href=\"https:\/\/semmelweis.hu\/informatika\/rolunk\/szervezet\/informatikai-foigazgatosag\/informatikai-fejlesztesi-igazgatosag\/\">Informatikai Fejleszt\u00e9si Igazgat\u00f3s\u00e1g<\/a> T\u00f3th Csaba igazgat\u00f3 Ter\u00fcleti igazgat\u00f3s\u00e1gok: Amerikai \u00dati Ter\u00fcleti Informatikai Igazgat\u00f3s\u00e1g dr. Horv\u00e1th Lajos igazgat\u00f3 Orvosi Rehabilit\u00e1ci\u00f3s Ter\u00fcleti Informatikai Igazgat\u00f3s\u00e1g Sarkadi Attila igazgat\u00f3helyettes Tov\u00e1bbi szervezeti egys\u00e9gek: Inform\u00e1ci\u00f3biztons\u00e1gi Igazgat\u00f3s\u00e1g Csan\u00e1di Ferenc igazgat\u00f3 Beszerz\u00e9si &hellip;<\/p>\n","protected":false},"author":160,"featured_media":0,"parent":401,"menu_order":1,"comment_status":"closed","ping_status":"closed","template":"","meta":{"_acf_changed":false,"footnotes":""},"categories":[],"tags":[],"class_list":["post-15465","page","type-page","status-publish","hentry"],"acf":[],"_links":{"self":[{"href":"https:\/\/semmelweis.hu\/informatika\/wp-json\/wp\/v2\/pages\/15465","targetHints":{"allow":["GET"]}}],"collection":[{"href":"https:\/\/semmelweis.hu\/informatika\/wp-json\/wp\/v2\/pages"}],"about":[{"href":"https:\/\/semmelweis.hu\/informatika\/wp-json\/wp\/v2\/types\/page"}],"author":[{"embeddable":true,"href":"https:\/\/semmelweis.hu\/informatika\/wp-json\/wp\/v2\/users\/160"}],"replies":[{"embeddable":true,"href":"https:\/\/semmelweis.hu\/informatika\/wp-json\/wp\/v2\/comments?post=15465"}],"version-history":[{"count":11,"href":"https:\/\/semmelweis.hu\/informatika\/wp-json\/wp\/v2\/pages\/15465\/revisions"}],"predecessor-version":[{"id":18744,"href":"https:\/\/semmelweis.hu\/informatika\/wp-json\/wp\/v2\/pages\/15465\/revisions\/18744"}],"up":[{"embeddable":true,"href":"https:\/\/semmelweis.hu\/informatika\/wp-json\/wp\/v2\/pages\/401"}],"wp:attachment":[{"href":"https:\/\/semmelweis.hu\/informatika\/wp-json\/wp\/v2\/media?parent=15465"}],"wp:term":[{"taxonomy":"category","embeddable":true,"href":"https:\/\/semmelweis.hu\/informatika\/wp-json\/wp\/v2\/categories?post=15465"},{"taxonomy":"post_tag","embeddable":true,"href":"https:\/\/semmelweis.hu\/informatika\/wp-json\/wp\/v2\/tags?post=15465"}],"curies":[{"name":"wp","href":"https:\/\/api.w.org\/{rel}","templated":true}]}}