{"id":15269,"date":"2021-12-20T12:16:19","date_gmt":"2021-12-20T11:16:19","guid":{"rendered":"https:\/\/semmelweis.hu\/informatika\/?page_id=15269"},"modified":"2023-09-11T09:57:53","modified_gmt":"2023-09-11T07:57:53","slug":"virtualis-nevjegy-generator","status":"publish","type":"page","link":"https:\/\/semmelweis.hu\/informatika\/egyeb-szolgaltatasok\/egyeb-szolgaltatasok-2\/virtualis-nevjegy-generator\/","title":{"rendered":"E-mail n\u00e9vjegy gener\u00e1tor"},"content":{"rendered":"<p>Tisztelt Koll\u00e9g\u00e1k!<\/p>\n<p>A Semmelweis Brand \u00e9s Marketing Igazgat\u00f3s\u00e1g \u00e1ltal k\u00f6zz\u00e9tett, \u00faj arculati e-mail al\u00e1\u00edr\u00e1s gener\u00e1l\u00f3 oldal, az al\u00e1bbi linkre kattintva el\u00e9rhet\u0151:<\/p>\n<p><a href=\"http:\/\/alairas.semmelweis.hu\/kep\">Virtu\u00e1lis N\u00e9vjegy Gener\u00e1tor<\/a><\/p>\n<p>&nbsp;<\/p>\n","protected":false},"excerpt":{"rendered":"<p>Tisztelt Koll\u00e9g\u00e1k!<br \/>\nA Semmelweis Brand \u00e9s Marketing Igazgat\u00f3s\u00e1g \u00e1ltal k\u00f6zz\u00e9tett, \u00faj arculati e-mail al\u00e1\u00edr\u00e1s gener\u00e1l\u00f3 oldal, az al\u00e1bbi linkre kattintva el\u00e9rhet\u0151:<br \/>\n<a href=\"http:\/\/alairas.semmelweis.hu\/kep\">Virtu\u00e1lis N\u00e9vjegy Gener\u00e1tor<\/a><br \/>\n&nbsp;<\/p>\n","protected":false},"author":101759,"featured_media":0,"parent":18062,"menu_order":20,"comment_status":"closed","ping_status":"closed","template":"","meta":{"_acf_changed":false,"footnotes":""},"categories":[],"tags":[],"class_list":["post-15269","page","type-page","status-publish","hentry"],"acf":[],"_links":{"self":[{"href":"https:\/\/semmelweis.hu\/informatika\/wp-json\/wp\/v2\/pages\/15269","targetHints":{"allow":["GET"]}}],"collection":[{"href":"https:\/\/semmelweis.hu\/informatika\/wp-json\/wp\/v2\/pages"}],"about":[{"href":"https:\/\/semmelweis.hu\/informatika\/wp-json\/wp\/v2\/types\/page"}],"author":[{"embeddable":true,"href":"https:\/\/semmelweis.hu\/informatika\/wp-json\/wp\/v2\/users\/101759"}],"replies":[{"embeddable":true,"href":"https:\/\/semmelweis.hu\/informatika\/wp-json\/wp\/v2\/comments?post=15269"}],"version-history":[{"count":2,"href":"https:\/\/semmelweis.hu\/informatika\/wp-json\/wp\/v2\/pages\/15269\/revisions"}],"predecessor-version":[{"id":15595,"href":"https:\/\/semmelweis.hu\/informatika\/wp-json\/wp\/v2\/pages\/15269\/revisions\/15595"}],"up":[{"embeddable":true,"href":"https:\/\/semmelweis.hu\/informatika\/wp-json\/wp\/v2\/pages\/18062"}],"wp:attachment":[{"href":"https:\/\/semmelweis.hu\/informatika\/wp-json\/wp\/v2\/media?parent=15269"}],"wp:term":[{"taxonomy":"category","embeddable":true,"href":"https:\/\/semmelweis.hu\/informatika\/wp-json\/wp\/v2\/categories?post=15269"},{"taxonomy":"post_tag","embeddable":true,"href":"https:\/\/semmelweis.hu\/informatika\/wp-json\/wp\/v2\/tags?post=15269"}],"curies":[{"name":"wp","href":"https:\/\/api.w.org\/{rel}","templated":true}]}}