{"id":15216,"date":"2021-11-08T11:28:53","date_gmt":"2021-11-08T10:28:53","guid":{"rendered":"https:\/\/semmelweis.hu\/informatika\/?page_id=15216"},"modified":"2022-03-08T12:56:05","modified_gmt":"2022-03-08T11:56:05","slug":"letoltheto-sablonok","status":"publish","type":"page","link":"https:\/\/semmelweis.hu\/informatika\/rolunk\/informatikai-foigazgatosag\/informatikai-ugyfeltamogatasi-igazgatosag\/informatikai-rendszertamogato-osztaly\/arculat\/letoltheto-sablonok\/","title":{"rendered":"Let\u00f6lthet\u0151 sablonok"},"content":{"rendered":"<p>Tisztelt Koll\u00e9g\u00e1k!<\/p>\n<p>A Semmelweis Brand \u00e9s Marketing Igazgat\u00f3s\u00e1g \u00e1ltal k\u00f6zz\u00e9tett sablonok \u00e9s a c\u00edmer\/log\u00f3 haszn\u00e1lati enged\u00e9ly megk\u00e9r\u00e9s\u00e9hez sz\u00fcks\u00e9ges dokumentum, az al\u00e1bbi linkre kattintva el\u00e9rhet\u0151:<\/p>\n<p><a href=\"https:\/\/semmelweis.hu\/brand\/arculat\/sablonok\/\">Let\u00f6lthet\u0151 sablonok<\/a><\/p>\n","protected":false},"excerpt":{"rendered":"<p>Tisztelt Koll\u00e9g\u00e1k!<br \/>\nA Semmelweis Brand \u00e9s Marketing Igazgat\u00f3s\u00e1g \u00e1ltal k\u00f6zz\u00e9tett sablonok \u00e9s a c\u00edmer\/log\u00f3 haszn\u00e1lati enged\u00e9ly megk\u00e9r\u00e9s\u00e9hez sz\u00fcks\u00e9ges dokumentum, az al\u00e1bbi linkre kattintva el\u00e9rhet\u0151:<br \/>\n<a href=\"https:\/\/semmelweis.hu\/brand\/arculat\/sablonok\/\">Let\u00f6lthet\u0151 sablonok<\/a><\/p>\n","protected":false},"author":101759,"featured_media":0,"parent":15561,"menu_order":20,"comment_status":"closed","ping_status":"closed","template":"","meta":{"_acf_changed":false,"footnotes":""},"categories":[],"tags":[],"class_list":["post-15216","page","type-page","status-publish","hentry"],"acf":[],"_links":{"self":[{"href":"https:\/\/semmelweis.hu\/informatika\/wp-json\/wp\/v2\/pages\/15216","targetHints":{"allow":["GET"]}}],"collection":[{"href":"https:\/\/semmelweis.hu\/informatika\/wp-json\/wp\/v2\/pages"}],"about":[{"href":"https:\/\/semmelweis.hu\/informatika\/wp-json\/wp\/v2\/types\/page"}],"author":[{"embeddable":true,"href":"https:\/\/semmelweis.hu\/informatika\/wp-json\/wp\/v2\/users\/101759"}],"replies":[{"embeddable":true,"href":"https:\/\/semmelweis.hu\/informatika\/wp-json\/wp\/v2\/comments?post=15216"}],"version-history":[{"count":1,"href":"https:\/\/semmelweis.hu\/informatika\/wp-json\/wp\/v2\/pages\/15216\/revisions"}],"predecessor-version":[{"id":15217,"href":"https:\/\/semmelweis.hu\/informatika\/wp-json\/wp\/v2\/pages\/15216\/revisions\/15217"}],"up":[{"embeddable":true,"href":"https:\/\/semmelweis.hu\/informatika\/wp-json\/wp\/v2\/pages\/15561"}],"wp:attachment":[{"href":"https:\/\/semmelweis.hu\/informatika\/wp-json\/wp\/v2\/media?parent=15216"}],"wp:term":[{"taxonomy":"category","embeddable":true,"href":"https:\/\/semmelweis.hu\/informatika\/wp-json\/wp\/v2\/categories?post=15216"},{"taxonomy":"post_tag","embeddable":true,"href":"https:\/\/semmelweis.hu\/informatika\/wp-json\/wp\/v2\/tags?post=15216"}],"curies":[{"name":"wp","href":"https:\/\/api.w.org\/{rel}","templated":true}]}}