{"id":13592,"date":"2019-11-15T15:32:30","date_gmt":"2019-11-15T14:32:30","guid":{"rendered":"http:\/\/semmelweis.hu\/informatika\/?page_id=13592"},"modified":"2025-01-06T08:39:24","modified_gmt":"2025-01-06T07:39:24","slug":"egyetemi-wifi-szolgaltatasok","status":"publish","type":"page","link":"https:\/\/semmelweis.hu\/informatika\/egyeb-szolgaltatasok\/egyeb-szolgaltatasok-2\/egyetemi-wifi-szolgaltatasok\/","title":{"rendered":"Egyetemi WIFI szolg\u00e1ltat\u00e1sok"},"content":{"rendered":"<h1>Egyetemi WIFI szolg\u00e1ltat\u00e1sok<\/h1>\n<p>A fejleszt\u00e9sek eredm\u00e9nyek\u00e9nt egyre sz\u00e9lesebb k\u00f6rben, t\u00f6bb telephelyen azonos WiFi h\u00e1l\u00f3zati n\u00e9ven (SSID-n) el\u00e9rhet\u0151, egys\u00e9ges WiFi szolg\u00e1ltat\u00e1sokat biztos\u00edtunk az al\u00e1bbiak szerint.<\/p>\n<h2>Fogalmak:<\/h2>\n<p>Novell \/ GroupWise felhaszn\u00e1l\u00f3 n\u00e9v: a Novell k\u00f6rnyezetben a felhaszn\u00e1l\u00f3 egyedi azonos\u00edt\u00f3ja, pl. kovend<\/p>\n<p>e-mail c\u00edm: a felhaszn\u00e1l\u00f3hoz rendelt c\u00edm, pl. kovacs.endre3@semmelweis-univ.hu<\/p>\n<p>Jelsz\u00f3: a rendszerhez val\u00f3 hozz\u00e1f\u00e9r\u00e9st biztos\u00edt\u00f3 jelsz\u00f3<\/p>\n<p>O365 felhaszn\u00e1l\u00f3 n\u00e9v: A Microsoft felh\u0151 alap\u00fa szolg\u00e1ltat\u00e1saihoz kapcsol\u00f3d\u00f3 azonos\u00edt\u00f3 &#8211; ez esetben az e-mail c\u00edm egyben azonos\u00edt\u00f3 is, pl. minta.elek@semmelweis.hu<\/p>\n<h2>H\u00e1l\u00f3zatok:<\/h2>\n<p><strong>SEMMELWEIS<\/strong> n\u00e9ven l\u00e1that\u00f3 WiFi h\u00e1l\u00f3zat\u2013 magas rendelkez\u00e9sre \u00e1ll\u00e1s\u00fa, Novell felhaszn\u00e1l\u00f3 n\u00e9v \u00e9s jelsz\u00f3val v\u00e9dett szolg\u00e1ltat\u00e1s, melyr\u0151l el\u00e9rhet\u0151 az intranet \u00e9s a nem kritikus rendszerek. FONTOS V\u00c1LTOZ\u00c1S: SEMMELWEIS_2.4GHz \u00e9s SEMMELWEIS_5GHz h\u00e1l\u00f3zatok az egyetemi O365 bevezet\u00e9s sor\u00e1n a m\u00e1r el\u00e9rhet\u0151 az O365 email c\u00edmmel \u00e9s az O365 jelsz\u00f3val is.<br \/>\nA <a href=\"#SEMMELWEIS_guide\">Be\u00e1ll\u00edt\u00e1si \u00fatmutat\u00f3 lent<\/a>, az oldal alj\u00e1n megtal\u00e1lhat\u00f3.<\/p>\n<p><strong>SEMMELWEIS_Guest<\/strong> n\u00e9ven l\u00e1that\u00f3 WiFi h\u00e1l\u00f3zat &#8211; \u00e1ltal\u00e1nos internet el\u00e9r\u00e9st biztos\u00edt, jelsz\u00f3 n\u00e9lk\u00fcl, alacsony s\u00e1vsz\u00e9less\u00e9ggel. Fontos tudni, hogy az azonos\u00edt\u00e1s n\u00e9lk\u00fcli haszn\u00e1lat miatt ez a h\u00e1l\u00f3zat 30 percig biztos\u00edtja a kapcsolatot, ezen id\u0151tartamot k\u00f6vet\u0151en a kapcsolat automatikusan megsz\u0171nik.<\/p>\n<p><strong>eduroam<\/strong> n\u00e9ven l\u00e1that\u00f3 WiFi h\u00e1l\u00f3zat &#8211; nemzetk\u00f6zi h\u00e1l\u00f3zat, SEKA azonos\u00edt\u00f3val rendelkez\u0151k sz\u00e1m\u00e1ra. Tov\u00e1bbi inform\u00e1ci\u00f3: <a href=\"https:\/\/seka.semmelweis.hu\/hu\/info\/eduroam\">https:\/\/seka.semmelweis.hu\/hu\/info\/eduroam<\/a><\/p>\n<p>A fenti egyetemi Wifi h\u00e1l\u00f3zatok a legt\u00f6bb telephelyen a 2,4 GHz-es \u00e9s az 5 GHz-es s\u00e1von is el\u00e9rhet\u0151k (a Wifi h\u00e1l\u00f3zatok list\u00e1j\u00e1ban a mindk\u00e9t s\u00e1v egy SSID alatt \u00e9rhet\u0151 el, a helyi rendszergazda tud seg\u00edteni a v\u00e1laszt\u00e1sban). Amennyiben lehets\u00e9ges, c\u00e9lszer\u0171 az 5 GHz-es h\u00e1l\u00f3zatot v\u00e1lasztani annak nagyobb teljes\u00edtm\u00e9nye miatt.<\/p>\n<p>Tov\u00e1bbi fontos inform\u00e1ci\u00f3, hogy a kritikus rendszereink (MedSol, SAP, Neptun) VPN kapcsolat n\u00e9lk\u00fcl is el\u00e9rhet\u0151 az egyetemi Wifi h\u00e1l\u00f3zatokr\u00f3l, amennyiben a felhaszn\u00e1l\u00f3 az \u00e1ltala \u00edgy haszn\u00e1lni k\u00edv\u00e1nt eszk\u00f6z MAC azonos\u00edt\u00f3j\u00e1t (6*2 karakter) elk\u00fcldi a \u00e9s Novell vagy O365 felhaszn\u00e1l\u00f3 nev\u00e9t elk\u00fcldi a halozatosok@semmelweis-univ.hu c\u00edmre az ig\u00e9nyelt hozz\u00e1f\u00e9r\u00e9s le\u00edr\u00e1s\u00e1val. Az eszk\u00f6z MAC azonos\u00edt\u00f3 megkeres\u00e9s\u00e9ben a helyi rendszergazda tud seg\u00edteni.<\/p>\n<h2>Lefedetts\u00e9gi t\u00e9rk\u00e9p:<\/h2>\n<p><em>A t\u00e9rk\u00e9p t\u00e1j\u00e9koztat\u00f3 jelleg\u0171, belt\u00e9ri lefedetts\u00e9get nem tartalmaz. <\/em><\/p>\n\n<!-- iframe plugin v.4.9 wordpress.org\/plugins\/iframe\/ -->\n<iframe loading=\"lazy\" src=\"https:\/\/www.google.com\/maps\/d\/embed?mid=1rThU43nT0Lvvahtd7PypimgVcV6CIRWe\" width=\"100%\" height=\"300px\" scrolling=\"yes\" class=\"iframe-class\" frameborder=\"0\"><\/iframe>\n\n<h5 id=\"SEMMELWEIS_guide\">Be\u00e1ll\u00edt\u00e1si \u00fatmutat\u00f3k a SEMMELWEIS h\u00e1l\u00f3zathoz:<\/h5>\n<div class=\"responsive-tabs\">\n<h2 class=\"tabtitle\">iOS<\/h2>\n<div class=\"tabcontent\">\n\n<ol>\n<li style=\"list-style-type: none;\">\n<ol>\n<li>T\u00f6lts\u00fck le a <a href=\"https:\/\/semmelweis.hu\/informatika\/files\/Semmelweis_5Ghz_v2.mobileconfig\" target=\"_blank\" rel=\"noopener\">Semmelweis_5Ghz_v2.mobileconfig<\/a>\u00a0 vagy a <a href=\"https:\/\/semmelweis.hu\/informatika\/files\/Semmelweis_2.4Ghz_v2.mobileconfig\" target=\"_blank\" rel=\"noopener\">Semmelweis_2.4Ghz_v2.mobileconfig<\/a> \u00e1llom\u00e1nyt.\n<p>A k\u00e9t konfig f\u00e1jl k\u00f6z\u00fcl csak egyet lehet telep\u00edteni.<\/p>\n<p>A 2,4GHz-es WiFinek nagyobb a hat\u00f3t\u00e1vols\u00e1ga, de lassabb a sebess\u00e9ge, az 5GHz-s WiFinek kisebb a hat\u00f3t\u00e1vols\u00e1ga, de nagyobb a sebess\u00e9ge.<\/p>\n<p>Amennyiben a k\u00e9sz\u00fcl\u00e9k t\u00e1mogatja, valamint lefedetts\u00e9gi probl\u00e9ma nincs, \u00fagy az 5 GHz WiFi haszn\u00e1lat\u00e1t javasoljuk.<\/p>\n<\/li>\n<li>A let\u00f6lt\u00f6tt konfigur\u00e1ci\u00f3s f\u00e1jlt megnyitva az al\u00e1bbi \u00fczenetet kapjuk,<\/li>\n<\/ol>\n<\/li>\n<\/ol>\n<p><a href=\"https:\/\/semmelweis.hu\/informatika\/files\/2019\/11\/ios1.png\"><img loading=\"lazy\" decoding=\"async\" class=\"aligncenter size-large wp-image-13597\" src=\"https:\/\/semmelweis.hu\/informatika\/files\/2019\/11\/ios1-576x1024.png\" alt=\"\" width=\"576\" height=\"1024\" srcset=\"https:\/\/semmelweis.hu\/informatika\/files\/2019\/11\/ios1-576x1024.png 576w, https:\/\/semmelweis.hu\/informatika\/files\/2019\/11\/ios1-169x300.png 169w, https:\/\/semmelweis.hu\/informatika\/files\/2019\/11\/ios1.png 750w\" sizes=\"auto, (max-width: 576px) 100vw, 576px\" \/><\/a><\/p>\n<ol>\n<li style=\"list-style-type: none;\">\n<ol>\n<li>Nyissuk meg a Be\u00e1ll\u00edt\u00e1sok men\u00fct \u00e9s v\u00e1laszuk a Profil let\u00f6ltve men\u00fcpontot.<\/li>\n<\/ol>\n<\/li>\n<\/ol>\n<p><a href=\"https:\/\/semmelweis.hu\/informatika\/files\/2019\/11\/ios2.png\"><img loading=\"lazy\" decoding=\"async\" class=\"aligncenter size-large wp-image-13598\" src=\"https:\/\/semmelweis.hu\/informatika\/files\/2019\/11\/ios2-576x1024.png\" alt=\"\" width=\"576\" height=\"1024\" srcset=\"https:\/\/semmelweis.hu\/informatika\/files\/2019\/11\/ios2-576x1024.png 576w, https:\/\/semmelweis.hu\/informatika\/files\/2019\/11\/ios2-169x300.png 169w, https:\/\/semmelweis.hu\/informatika\/files\/2019\/11\/ios2.png 750w\" sizes=\"auto, (max-width: 576px) 100vw, 576px\" \/><\/a><\/p>\n<ol>\n<li style=\"list-style-type: none;\">\n<ol>\n<li>Megjelen\u0151 ablakba v\u00e1laszuk a Telep\u00edt\u00e9s men\u00fcpontot.<\/li>\n<\/ol>\n<\/li>\n<\/ol>\n<p><a href=\"https:\/\/semmelweis.hu\/informatika\/files\/2019\/11\/ios2.png\"><img loading=\"lazy\" decoding=\"async\" class=\"aligncenter size-full wp-image-13598\" src=\"https:\/\/semmelweis.hu\/informatika\/files\/2019\/11\/ios2.png\" alt=\"\" width=\"750\" height=\"1334\" srcset=\"https:\/\/semmelweis.hu\/informatika\/files\/2019\/11\/ios2.png 750w, https:\/\/semmelweis.hu\/informatika\/files\/2019\/11\/ios2-169x300.png 169w, https:\/\/semmelweis.hu\/informatika\/files\/2019\/11\/ios2-576x1024.png 576w\" sizes=\"auto, (max-width: 750px) 100vw, 750px\" \/><\/a><\/p>\n<ol>\n<li style=\"list-style-type: none;\">\n<ol>\n<li>Telep\u00edt\u00e9skor k\u00e9rni fogja az Egyetemi Novell\/Groupwise felhaszn\u00e1l\u00f3nevet \u00e9s jelsz\u00f3t.<\/li>\n<\/ol>\n<\/li>\n<\/ol>\n<p><a href=\"https:\/\/semmelweis.hu\/informatika\/files\/2019\/11\/ios4.png\"><img loading=\"lazy\" decoding=\"async\" class=\"aligncenter size-full wp-image-13600\" src=\"https:\/\/semmelweis.hu\/informatika\/files\/2019\/11\/ios4.png\" alt=\"\" width=\"748\" height=\"600\" srcset=\"https:\/\/semmelweis.hu\/informatika\/files\/2019\/11\/ios4.png 748w, https:\/\/semmelweis.hu\/informatika\/files\/2019\/11\/ios4-300x241.png 300w\" sizes=\"auto, (max-width: 748px) 100vw, 748px\" \/><\/a><\/p>\n<ol>\n<li>A Wi-Fi h\u00e1l\u00f3zatok list\u00e1j\u00e1ban v\u00e1laszuk a SEMMELWEIS h\u00e1l\u00f3zatot, kapcsol\u00f3d\u00e1skor \u00fajra k\u00e9ri az egyetemi Novell\/Groupwise felhaszn\u00e1l\u00f3n\u00e9v megad\u00e1s\u00e1t.<\/li>\n<\/ol>\n\n<\/div><h2 class=\"tabtitle\">macOS\/OSX<\/h2>\n<div class=\"tabcontent\">\n\n<ol>\n<li style=\"list-style-type: none;\">\n<ol>\n<li>T\u00f6lts\u00fck le a <a href=\"https:\/\/semmelweis.hu\/informatika\/files\/Semmelweis_5Ghz_v2.mobileconfig\" target=\"_blank\" rel=\"noopener\">Semmelweis_5Ghz_v2.mobileconfig<\/a>\u00a0 vagy a <a href=\"https:\/\/semmelweis.hu\/informatika\/files\/Semmelweis_2.4Ghz_v2.mobileconfig\" target=\"_blank\" rel=\"noopener\">Semmelweis_2.4Ghz_v2.mobileconfig<\/a> \u00e1llom\u00e1nyt.\n<p>A k\u00e9t konfig f\u00e1jl k\u00f6z\u00fcl csak egyet lehet telep\u00edteni.<\/p>\n<p>A 2,4GHz-es WiFinek nagyobb a hat\u00f3t\u00e1vols\u00e1ga, de lassabb a sebess\u00e9ge, az 5GHz-s WiFinek kisebb a hat\u00f3t\u00e1vols\u00e1ga, de nagyobb a sebess\u00e9ge.<\/p>\n<p>Amennyiben a k\u00e9sz\u00fcl\u00e9k t\u00e1mogatja, valamint lefedetts\u00e9gi probl\u00e9ma nincs, \u00fagy az 5 GHz WiFi haszn\u00e1lat\u00e1t javasoljuk.<\/p>\n<\/li>\n<li>\u00a0A link csak bels\u0151 egyetemi h\u00e1l\u00f3zatb\u00f3l \u00e9rhet\u0151 el.<\/li>\n<li>A let\u00f6lt\u00f6tt Semmelweis.mobileconfig f\u00e1jlt futtassuk le a megjelen\u0151 ablakba adjuk meg a Novell\/Groupwise felhaszn\u00e1l\u00f3 nev\u00fcnket \u00e9s jelszavunkat, majd nyomjuk r\u00e1 a telep\u00edt\u00e9s gombra.<\/li>\n<\/ol>\n<\/li>\n<\/ol>\n<p><a href=\"https:\/\/semmelweis.hu\/informatika\/files\/2019\/11\/mac1.png\"><img loading=\"lazy\" decoding=\"async\" class=\"aligncenter size-full wp-image-13601\" src=\"https:\/\/semmelweis.hu\/informatika\/files\/2019\/11\/mac1.png\" alt=\"\" width=\"739\" height=\"445\" srcset=\"https:\/\/semmelweis.hu\/informatika\/files\/2019\/11\/mac1.png 739w, https:\/\/semmelweis.hu\/informatika\/files\/2019\/11\/mac1-300x181.png 300w\" sizes=\"auto, (max-width: 739px) 100vw, 739px\" \/><\/a><\/p>\n<ol>\n<li style=\"list-style-type: none;\">\n<ol>\n<li>A megjelen\u0151 ablakban l\u00e1that\u00f3, hogy sikeresen hozz\u00e1ad\u00e1sra ker\u00fclt a rendszerhez az egyetemi wi-fi profil.<\/li>\n<\/ol>\n<\/li>\n<\/ol>\n<p><a href=\"https:\/\/semmelweis.hu\/informatika\/files\/2019\/11\/mac2.png\"><img loading=\"lazy\" decoding=\"async\" class=\"aligncenter size-full wp-image-13602\" src=\"https:\/\/semmelweis.hu\/informatika\/files\/2019\/11\/mac2.png\" alt=\"\" width=\"739\" height=\"445\" srcset=\"https:\/\/semmelweis.hu\/informatika\/files\/2019\/11\/mac2.png 739w, https:\/\/semmelweis.hu\/informatika\/files\/2019\/11\/mac2-300x181.png 300w\" sizes=\"auto, (max-width: 739px) 100vw, 739px\" \/><\/a><\/p>\n<ol>\n<li style=\"list-style-type: none;\">\n<ol>\n<li>V\u00e9gezet\u00fcl a Wi-Fi kapcsolatok list\u00e1b\u00f3l v\u00e1lasszuk ki \u00e9s csatlakozzunk az SEMMELWEIS h\u00e1l\u00f3zathoz.<\/li>\n<\/ol>\n<\/li>\n<\/ol>\n<p><a href=\"https:\/\/semmelweis.hu\/informatika\/files\/2019\/11\/mac3.png\"><img loading=\"lazy\" decoding=\"async\" class=\"aligncenter size-full wp-image-13603\" src=\"https:\/\/semmelweis.hu\/informatika\/files\/2019\/11\/mac3.png\" alt=\"\" width=\"282\" height=\"337\" srcset=\"https:\/\/semmelweis.hu\/informatika\/files\/2019\/11\/mac3.png 282w, https:\/\/semmelweis.hu\/informatika\/files\/2019\/11\/mac3-251x300.png 251w\" sizes=\"auto, (max-width: 282px) 100vw, 282px\" \/><\/a><\/p>\n<ol>\n<li style=\"list-style-type: none;\">\n<ol>\n<li>Elk\u00e9pzelhet\u0151, hogy kapcsol\u00f3d\u00e1skor \u00fajra k\u00e9rni fogja a Groupwise\/Novell felhaszn\u00e1l\u00f3nevet \u00e9s jelsz\u00f3t.<\/li>\n<\/ol>\n<\/li>\n<\/ol>\n\n<\/div><h2 class=\"tabtitle\">Windows 7\/8\/8.1\/10<\/h2>\n<div class=\"tabcontent\">\n\n<ol>\n<li style=\"list-style-type: none;\">\n<ol>\n<li style=\"list-style-type: none;\">\n<ol>\n<li>A Wi-Fi SSID list\u00e1j\u00e1b\u00f3l ki kell v\u00e1lasztani Semmelweis nev\u0171 kapcsolatot (1.\u00e1bra)<\/li>\n<\/ol>\n<\/li>\n<\/ol>\n<\/li>\n<\/ol>\n<figure id=\"attachment_13605\" aria-describedby=\"caption-attachment-13605\" style=\"width: 359px\" class=\"wp-caption aligncenter\"><a href=\"https:\/\/semmelweis.hu\/informatika\/files\/2019\/11\/win1.png\"><img loading=\"lazy\" decoding=\"async\" class=\"size-full wp-image-13605\" src=\"https:\/\/semmelweis.hu\/informatika\/files\/2019\/11\/win1.png\" alt=\"\" width=\"359\" height=\"590\" srcset=\"https:\/\/semmelweis.hu\/informatika\/files\/2019\/11\/win1.png 359w, https:\/\/semmelweis.hu\/informatika\/files\/2019\/11\/win1-183x300.png 183w\" sizes=\"auto, (max-width: 359px) 100vw, 359px\" \/><\/a><figcaption id=\"caption-attachment-13605\" class=\"wp-caption-text\">1. \u00e1bra<\/figcaption><\/figure>\n<ol>\n<li style=\"list-style-type: none;\">\n<ol>\n<li style=\"list-style-type: none;\">\n<ol>\n<li>Felhaszn\u00e1l\u00f3n\u00e9vhez \u00e9s a jelsz\u00f3hoz a Novell Groupwise-ban (levelez\u0151rendszer) haszn\u00e1latos felhaszn\u00e1l\u00f3nev\u00e9t kell be\u00edrni (2.\u00e1bra)<\/li>\n<\/ol>\n<\/li>\n<\/ol>\n<\/li>\n<\/ol>\n<figure id=\"attachment_13606\" aria-describedby=\"caption-attachment-13606\" style=\"width: 367px\" class=\"wp-caption aligncenter\"><a href=\"https:\/\/semmelweis.hu\/informatika\/files\/2019\/11\/win2.png\"><img loading=\"lazy\" decoding=\"async\" class=\"size-full wp-image-13606\" src=\"https:\/\/semmelweis.hu\/informatika\/files\/2019\/11\/win2.png\" alt=\"\" width=\"367\" height=\"587\" srcset=\"https:\/\/semmelweis.hu\/informatika\/files\/2019\/11\/win2.png 367w, https:\/\/semmelweis.hu\/informatika\/files\/2019\/11\/win2-188x300.png 188w\" sizes=\"auto, (max-width: 367px) 100vw, 367px\" \/><\/a><figcaption id=\"caption-attachment-13606\" class=\"wp-caption-text\">2. \u00e1bra<\/figcaption><\/figure>\n<ol>\n<li style=\"list-style-type: none;\">\n<ol>\n<li style=\"list-style-type: none;\">\n<ol>\n<li>\u00c9s v\u00e9g\u00fcl \u2013 ha az OK gombra kattintunk \u2013 a kapcsolat l\u00e9trej\u00f6n (3.\u00e1bra)<\/li>\n<\/ol>\n<\/li>\n<\/ol>\n<\/li>\n<\/ol>\n<figure id=\"attachment_13607\" aria-describedby=\"caption-attachment-13607\" style=\"width: 365px\" class=\"wp-caption aligncenter\"><a href=\"https:\/\/semmelweis.hu\/informatika\/files\/2019\/11\/win3.png\"><img loading=\"lazy\" decoding=\"async\" class=\"size-full wp-image-13607\" src=\"https:\/\/semmelweis.hu\/informatika\/files\/2019\/11\/win3.png\" alt=\"\" width=\"365\" height=\"582\" srcset=\"https:\/\/semmelweis.hu\/informatika\/files\/2019\/11\/win3.png 365w, https:\/\/semmelweis.hu\/informatika\/files\/2019\/11\/win3-188x300.png 188w\" sizes=\"auto, (max-width: 365px) 100vw, 365px\" \/><\/a><figcaption id=\"caption-attachment-13607\" class=\"wp-caption-text\">3. \u00e1bra<\/figcaption><\/figure>\n\n<\/div><h2 class=\"tabtitle\">Android 9<\/h2>\n<div class=\"tabcontent\">\n\n<ol>\n<li style=\"list-style-type: none;\">\n<ol>\n<li style=\"list-style-type: none;\">\n<ol>\n<li>A f\u0151k\u00e9perny\u0151 leg\u00f6rd\u00fcl\u0151 men\u00fcj\u00e9ben tal\u00e1lhat\u00f3 Wi-Fi ikon hosszabb nyomva tart\u00e1s\u00e1val megjelenik az el\u00e9rhet\u0151 Wi-Fi kapcsolatok list\u00e1ja. [1. \u00e1bra]<\/li>\n<\/ol>\n<\/li>\n<\/ol>\n<\/li>\n<\/ol>\n<figure id=\"attachment_13609\" aria-describedby=\"caption-attachment-13609\" style=\"width: 660px\" class=\"wp-caption aligncenter\"><a href=\"https:\/\/semmelweis.hu\/informatika\/files\/2019\/11\/and1.jpg\"><img loading=\"lazy\" decoding=\"async\" class=\"size-full wp-image-13609\" src=\"https:\/\/semmelweis.hu\/informatika\/files\/2019\/11\/and1.jpg\" alt=\"\" width=\"660\" height=\"583\" srcset=\"https:\/\/semmelweis.hu\/informatika\/files\/2019\/11\/and1.jpg 660w, https:\/\/semmelweis.hu\/informatika\/files\/2019\/11\/and1-300x265.jpg 300w\" sizes=\"auto, (max-width: 660px) 100vw, 660px\" \/><\/a><figcaption id=\"caption-attachment-13609\" class=\"wp-caption-text\">1. \u00e1bra<\/figcaption><\/figure>\n<ol>\n<li style=\"list-style-type: none;\">\n<ol>\n<li style=\"list-style-type: none;\">\n<ol>\n<li>A megjelen\u0151 list\u00e1b\u00f3l v\u00e1lasszuk ki az SEMMELWEIS nev\u0171 h\u00e1l\u00f3zatot. [2. \u00e1bra]<\/li>\n<\/ol>\n<\/li>\n<\/ol>\n<\/li>\n<\/ol>\n<figure id=\"attachment_13610\" aria-describedby=\"caption-attachment-13610\" style=\"width: 490px\" class=\"wp-caption aligncenter\"><a href=\"https:\/\/semmelweis.hu\/informatika\/files\/2019\/11\/and2.jpg\"><img loading=\"lazy\" decoding=\"async\" class=\"size-full wp-image-13610\" src=\"https:\/\/semmelweis.hu\/informatika\/files\/2019\/11\/and2.jpg\" alt=\"\" width=\"490\" height=\"872\" srcset=\"https:\/\/semmelweis.hu\/informatika\/files\/2019\/11\/and2.jpg 490w, https:\/\/semmelweis.hu\/informatika\/files\/2019\/11\/and2-169x300.jpg 169w\" sizes=\"auto, (max-width: 490px) 100vw, 490px\" \/><\/a><figcaption id=\"caption-attachment-13610\" class=\"wp-caption-text\">2, \u00e1bra<\/figcaption><\/figure>\n<ol>\n<li style=\"list-style-type: none;\">\n<ol>\n<li style=\"list-style-type: none;\">\n<ol>\n<li>A megjelen\u0151 ablakban az al\u00e1bbi men\u00fc pontokat kell \u00e1t \u00e1ll\u00edtani: [3. \u00e1bra] &#8211; EAP: TTLS &#8211; Hiteles\u00edt\u00e9sszolg\u00e1ltat\u00f3i tan\u00fas\u00edtv\u00e1ny: Nem \u00e9rv\u00e9nyes\u00edt &#8211; Azonos\u00edt\u00f3\/Jelsz\u00f3: Megegyezik az egyetemi levelez\u0151 rendszerben haszn\u00e1latos felhaszn\u00e1l\u00f3n\u00e9v\/jelsz\u00f3 p\u00e1rossal. Be\u00e1ll\u00edt\u00e1sok elv\u00e9gz\u00e9se ut\u00e1n nyissuk meg a Speci\u00e1lis men\u00fcpontott<\/li>\n<\/ol>\n<\/li>\n<\/ol>\n<\/li>\n<\/ol>\n<figure id=\"attachment_13611\" aria-describedby=\"caption-attachment-13611\" style=\"width: 486px\" class=\"wp-caption aligncenter\"><a href=\"https:\/\/semmelweis.hu\/informatika\/files\/2019\/11\/and3.jpg\"><img loading=\"lazy\" decoding=\"async\" class=\"size-full wp-image-13611\" src=\"https:\/\/semmelweis.hu\/informatika\/files\/2019\/11\/and3.jpg\" alt=\"\" width=\"486\" height=\"864\" srcset=\"https:\/\/semmelweis.hu\/informatika\/files\/2019\/11\/and3.jpg 486w, https:\/\/semmelweis.hu\/informatika\/files\/2019\/11\/and3-169x300.jpg 169w\" sizes=\"auto, (max-width: 486px) 100vw, 486px\" \/><\/a><figcaption id=\"caption-attachment-13611\" class=\"wp-caption-text\">3. \u00e1bra<\/figcaption><\/figure>\n<ol>\n<li style=\"list-style-type: none;\">\n<ol>\n<li style=\"list-style-type: none;\">\n<ol>\n<li>A megjelen\u0151 ablakban a Phase2 hiteles\u00edt\u00e9st \u00e1ll\u00edtsuk \u00e1t PAP-ra \u00e9s nyomjunk a Ment\u00e9s gombra. [4. \u00e1bra]<\/li>\n<\/ol>\n<\/li>\n<\/ol>\n<\/li>\n<\/ol>\n<figure id=\"attachment_13612\" aria-describedby=\"caption-attachment-13612\" style=\"width: 463px\" class=\"wp-caption aligncenter\"><a href=\"https:\/\/semmelweis.hu\/informatika\/files\/2019\/11\/and4.jpg\"><img loading=\"lazy\" decoding=\"async\" class=\"size-full wp-image-13612\" src=\"https:\/\/semmelweis.hu\/informatika\/files\/2019\/11\/and4.jpg\" alt=\"\" width=\"463\" height=\"518\" srcset=\"https:\/\/semmelweis.hu\/informatika\/files\/2019\/11\/and4.jpg 463w, https:\/\/semmelweis.hu\/informatika\/files\/2019\/11\/and4-268x300.jpg 268w\" sizes=\"auto, (max-width: 463px) 100vw, 463px\" \/><\/a><figcaption id=\"caption-attachment-13612\" class=\"wp-caption-text\">4. \u00e1bra<\/figcaption><\/figure>\n<ol>\n<li style=\"list-style-type: none;\">\n<ol>\n<li style=\"list-style-type: none;\">\n<ol>\n<li>Amennyiben minden j\u00f3l csin\u00e1ltunk a Kapcsol\u00f3d\u00e1s gomb megnyom\u00e1sa ut\u00e1n az eszk\u00f6z kapcsol\u00f3dni fog az SEMMELWEIS Wi-Fi h\u00e1l\u00f3zathoz. [5.\u00e1bra]<\/li>\n<\/ol>\n<\/li>\n<\/ol>\n<\/li>\n<\/ol>\n<figure id=\"attachment_13613\" aria-describedby=\"caption-attachment-13613\" style=\"width: 456px\" class=\"wp-caption aligncenter\"><a href=\"https:\/\/semmelweis.hu\/informatika\/files\/2019\/11\/and5.jpg\"><img loading=\"lazy\" decoding=\"async\" class=\"size-full wp-image-13613\" src=\"https:\/\/semmelweis.hu\/informatika\/files\/2019\/11\/and5.jpg\" alt=\"\" width=\"456\" height=\"814\" srcset=\"https:\/\/semmelweis.hu\/informatika\/files\/2019\/11\/and5.jpg 456w, https:\/\/semmelweis.hu\/informatika\/files\/2019\/11\/and5-168x300.jpg 168w\" sizes=\"auto, (max-width: 456px) 100vw, 456px\" \/><\/a><figcaption id=\"caption-attachment-13613\" class=\"wp-caption-text\">5, \u00e1bra<\/figcaption><\/figure>\n<\/div><\/div>\n<p>Amennyiben sz\u00fcks\u00e9ges, a be\u00e1ll\u00edt\u00e1sokhoz k\u00e9rje rendszergazd\u00e1ja seg\u00edts\u00e9g\u00e9t. A szolg\u00e1ltat\u00e1ssal kapcsolatos k\u00e9rd\u00e9seket a halozatosok@semmelweis.hu c\u00edmre v\u00e1rjuk.<\/p>\n","protected":false},"excerpt":{"rendered":"<p>Egyetemi WIFI szolg\u00e1ltat\u00e1sok A fejleszt\u00e9sek eredm\u00e9nyek\u00e9nt egyre sz\u00e9lesebb k\u00f6rben, t\u00f6bb telephelyen azonos WiFi h\u00e1l\u00f3zati n\u00e9ven (SSID-n) el\u00e9rhet\u0151, egys\u00e9ges WiFi szolg\u00e1ltat\u00e1sokat biztos\u00edtunk az al\u00e1bbiak szerint. Fogalmak: Novell \/ GroupWise felhaszn\u00e1l\u00f3 n\u00e9v: a Novell k\u00f6rnyezetben a felhaszn\u00e1l\u00f3 egyedi azonos\u00edt\u00f3ja, pl. kovend e-mail c\u00edm: a felhaszn\u00e1l\u00f3hoz rendelt c\u00edm, pl. kovacs.endre3@semmelweis-univ.hu Jelsz\u00f3: a rendszerhez val\u00f3 hozz\u00e1f\u00e9r\u00e9st biztos\u00edt\u00f3 jelsz\u00f3 O365 &hellip;<\/p>\n","protected":false},"author":160,"featured_media":0,"parent":18062,"menu_order":30,"comment_status":"closed","ping_status":"closed","template":"","meta":{"_acf_changed":false,"footnotes":""},"categories":[],"tags":[],"class_list":["post-13592","page","type-page","status-publish","hentry"],"acf":[],"_links":{"self":[{"href":"https:\/\/semmelweis.hu\/informatika\/wp-json\/wp\/v2\/pages\/13592","targetHints":{"allow":["GET"]}}],"collection":[{"href":"https:\/\/semmelweis.hu\/informatika\/wp-json\/wp\/v2\/pages"}],"about":[{"href":"https:\/\/semmelweis.hu\/informatika\/wp-json\/wp\/v2\/types\/page"}],"author":[{"embeddable":true,"href":"https:\/\/semmelweis.hu\/informatika\/wp-json\/wp\/v2\/users\/160"}],"replies":[{"embeddable":true,"href":"https:\/\/semmelweis.hu\/informatika\/wp-json\/wp\/v2\/comments?post=13592"}],"version-history":[{"count":10,"href":"https:\/\/semmelweis.hu\/informatika\/wp-json\/wp\/v2\/pages\/13592\/revisions"}],"predecessor-version":[{"id":19338,"href":"https:\/\/semmelweis.hu\/informatika\/wp-json\/wp\/v2\/pages\/13592\/revisions\/19338"}],"up":[{"embeddable":true,"href":"https:\/\/semmelweis.hu\/informatika\/wp-json\/wp\/v2\/pages\/18062"}],"wp:attachment":[{"href":"https:\/\/semmelweis.hu\/informatika\/wp-json\/wp\/v2\/media?parent=13592"}],"wp:term":[{"taxonomy":"category","embeddable":true,"href":"https:\/\/semmelweis.hu\/informatika\/wp-json\/wp\/v2\/categories?post=13592"},{"taxonomy":"post_tag","embeddable":true,"href":"https:\/\/semmelweis.hu\/informatika\/wp-json\/wp\/v2\/tags?post=13592"}],"curies":[{"name":"wp","href":"https:\/\/api.w.org\/{rel}","templated":true}]}}