{"id":12190,"date":"2018-10-29T11:55:30","date_gmt":"2018-10-29T10:55:30","guid":{"rendered":"http:\/\/semmelweis.hu\/informatika\/?page_id=12190"},"modified":"2026-01-05T09:17:04","modified_gmt":"2026-01-05T08:17:04","slug":"informatikai-raktar","status":"publish","type":"page","link":"https:\/\/semmelweis.hu\/informatika\/egyeb-szolgaltatasok\/egyeb-szolgaltatasok-2\/informatikai-raktar\/","title":{"rendered":"Informatikai rakt\u00e1r"},"content":{"rendered":"<p style=\"text-align: center\"><span style=\"font-size: 24pt\"><b>Informatikai Rakt\u00e1r<\/b><\/span><\/p>\n<p style=\"text-align: center\"><span style=\"font-size: 18pt\"><b>H\u00e9tf\u0151t\u0151l &#8211; <\/b><b>cs\u00fct\u00f6rt\u00f6kig 09.00-15.00 \u00f3ra k\u00f6z\u00f6tt,<\/b><\/span><\/p>\n<p style=\"text-align: center\"><span style=\"font-size: 18pt\">\u00a0<strong>p\u00e9nteken 09.00-14.00 \u00f3ra k\u00f6z\u00f6tt tart nyitva.<\/strong><\/span><\/p>\n<p style=\"text-align: center\"><strong>Nyitvatart\u00e1si id\u0151n t\u00fal \u00e1ru \u00e1tv\u00e9tel\u00e9re nincs lehet\u0151s\u00e9g.<\/strong><\/p>\n<p><span data-ccp-props=\"{&quot;201341983&quot;:0,&quot;335559739&quot;:0,&quot;335559740&quot;:240}\">\u00a0<\/span><\/p>\n<p style=\"text-align: center\"><span data-contrast=\"auto\">Az Informatikai F\u0151igazgat\u00f3s\u00e1g az Egyetemen leggyakrabban ig\u00e9nyelt eszk\u00f6z\u00f6k k\u00f6nnyebb \u00e9s gyorsabb beszerz\u00e9se \u00e9rdek\u00e9ben informatikai rakt\u00e1rt m\u0171k\u00f6dtet. <\/span><\/p>\n<p style=\"text-align: center\"><b><span data-contrast=\"auto\">A rakt\u00e1ri rendel\u00e9sek ind\u00edt\u00e1s\u00e1hoz nincs sz\u00fcks\u00e9g BML kit\u00f6lt\u00e9s\u00e9re.<\/span><\/b><span data-ccp-props=\"{&quot;134233118&quot;:true,&quot;201341983&quot;:0,&quot;335559739&quot;:160,&quot;335559740&quot;:240}\">\u00a0<\/span><\/p>\n<p>&nbsp;<\/p>\n<p><b><span data-contrast=\"auto\">RENDEL\u00c9S MENETE:\u202f<\/span><\/b><span data-ccp-props=\"{&quot;134233118&quot;:true,&quot;201341983&quot;:0,&quot;335559739&quot;:160,&quot;335559740&quot;:240}\">\u00a0<\/span><\/p>\n<ul>\n<li>Az aktu\u00e1lis rakt\u00e1rk\u00e9szlet el\u00e9rhet\u0151 az Egyetem informatikai web\u00e1ruh\u00e1z fel\u00fclet\u00e9n. (<a href=\"https:\/\/mercatus.semmelweis.hu\/\">Mercatus Web\u00e1ruh\u00e1z<\/a>)<\/li>\n<li>A megrendel\u00e9s ind\u00edt\u00e1sa szint\u00e9n a Mercatus Web\u00e1ruh\u00e1z fel\u00fclet\u00e9n t\u00f6rt\u00e9nik.<br \/>\n(P\u00e1ly\u00e1zati \u00e9s PhD keretekre a Mercatus nem tud megrendel\u00e9st befogadni!)<\/li>\n<li>A megrendelt term\u00e9k(ek) elsz\u00e1ll\u00edt\u00e1s\u00e1ra az ig\u00e9nyl\u0151 szervezeti egys\u00e9gnek az al\u00e1bbi lehet\u0151s\u00e9geket tudjuk biztos\u00edtani:<br \/>\nA megrendel\u00e9s Kontrolling Igazgat\u00f3s\u00e1gon val\u00f3 j\u00f3v\u00e1hagy\u00e1s\u00e1t k\u00f6vet\u0151en, a megrendel\u0151 kap egy e-mailt!<\/p>\n<ul>\n<li>Az e-mailben tal\u00e1lhat\u00f3 linken kereszt\u00fcl a form kit\u00f6lt\u00e9s\u00e9vel megrendelhet\u0151 az eszk\u00f6z\u00f6k kisz\u00e1ll\u00edt\u00e1sa! <br \/>\n(A term\u00e9kadatlapon jel\u00f6lj\u00fck, ha a term\u00e9k sz\u00e1ll\u00edt\u00e1s\u00e1t m\u00e9rete vagy s\u00falya miatt, csak a <a href=\"https:\/\/semmelweis.hu\/mfi\/mfi-szervezetek\/logisztikai-osztaly\/\">Logisztikai Oszt\u00e1ly<\/a> munkat\u00e1rsaival lehet megoldani!) <\/p>\n<p>vagy<\/p>\n<\/li>\n<li>Az e-mail birtok\u00e1ban az eszk\u00f6z\u00f6k szem\u00e9lyesen is \u00e1tvehet\u0151k az Informatikai Rakt\u00e1rban (1096 Budapest, Ern\u0151 u. 7.).<br \/>\n(G\u00e9pj\u00e1rm\u0171vel t\u00f6rt\u00e9n\u0151 behajt\u00e1s a 1096 Budapest Mih\u00e1lkovics u. 6. sz\u00e1m fel\u0151l.)<\/li>\n<li>Ig\u00e9nybe vehet\u0151. m\u00e9g az Egyetem <a href=\"https:\/\/semmelweis.hu\/mfi\/mfi-szervezetek\/logisztikai-osztaly\/\">Logisztikai Oszt\u00e1ly\u00e1nak<\/a>\u00a0sz\u00e1ll\u00edt\u00e1si szolg\u00e1ltat\u00e1sa, melynek a k\u00f6lts\u00e9ge az ig\u00e9nyl\u0151 szervezeti egys\u00e9get terheli.<\/li>\n<\/ul>\n<\/li>\n<\/ul>\n<p>Az \u00e1ru\u00e1tv\u00e9tellel kapcsolatban az <a href=\"mailto:itraktar@semmelweis.hu\">itraktar@semmelweis.hu<\/a> e-mail c\u00edmen lehet t\u00e1j\u00e9koztat\u00e1st k\u00e9rni.<\/p>\n<p><span data-ccp-props=\"{&quot;134233118&quot;:true,&quot;201341983&quot;:0,&quot;335551550&quot;:6,&quot;335551620&quot;:6,&quot;335559739&quot;:160,&quot;335559740&quot;:240}\"><strong>Rakt\u00e1ros munkat\u00e1rsaink:<\/strong><\/span><\/p>\n<ul>\n<li><span data-ccp-props=\"{&quot;134233118&quot;:true,&quot;201341983&quot;:0,&quot;335551550&quot;:6,&quot;335551620&quot;:6,&quot;335559739&quot;:160,&quot;335559740&quot;:240}\">Bogd\u00e1n Kriszti\u00e1n: +36 20\/825 0806<\/span><\/li>\n<li><span data-ccp-props=\"{&quot;134233118&quot;:true,&quot;201341983&quot;:0,&quot;335551550&quot;:6,&quot;335551620&quot;:6,&quot;335559739&quot;:160,&quot;335559740&quot;:240}\">T\u00f3bi L\u00e1szl\u00f3: +36 20\/670 1922\u00a0<\/span><\/li>\n<\/ul>\n<p><span data-contrast=\"auto\">Az Egyetem informatikai eszk\u00f6z\u00f6k tekintet\u00e9ben a K\u00f6zbeszerz\u00e9si \u00e9s Ell\u00e1t\u00e1si F\u0151igazgat\u00f3s\u00e1g (KEF) rendszer\u00e9nek haszn\u00e1lat\u00e1ra k\u00f6telezett int\u00e9zm\u00e9ny, ez\u00e9rt adott m\u00e1rk\u00e1j\u00fa eszk\u00f6z\u00f6k nem rendelhet\u0151k. A beszerz\u00e9sek adott m\u0171szaki specifik\u00e1ci\u00f3 alapj\u00e1n t\u00f6rt\u00e9nnek.<\/span><span data-ccp-props=\"{&quot;134233118&quot;:true,&quot;201341983&quot;:0,&quot;335551550&quot;:6,&quot;335551620&quot;:6,&quot;335559739&quot;:160,&quot;335559740&quot;:240}\">\u00a0<\/span><\/p>\n","protected":false},"excerpt":{"rendered":"<p>Informatikai Rakt\u00e1r H\u00e9tf\u0151t\u0151l &#8211; cs\u00fct\u00f6rt\u00f6kig 09.00-15.00 \u00f3ra k\u00f6z\u00f6tt, \u00a0p\u00e9nteken 09.00-14.00 \u00f3ra k\u00f6z\u00f6tt tart nyitva. Nyitvatart\u00e1si id\u0151n t\u00fal \u00e1ru \u00e1tv\u00e9tel\u00e9re nincs lehet\u0151s\u00e9g. \u00a0 Az Informatikai F\u0151igazgat\u00f3s\u00e1g az Egyetemen leggyakrabban ig\u00e9nyelt eszk\u00f6z\u00f6k k\u00f6nnyebb \u00e9s gyorsabb beszerz\u00e9se \u00e9rdek\u00e9ben informatikai rakt\u00e1rt m\u0171k\u00f6dtet. A rakt\u00e1ri rendel\u00e9sek ind\u00edt\u00e1s\u00e1hoz nincs sz\u00fcks\u00e9g BML kit\u00f6lt\u00e9s\u00e9re.\u00a0 &nbsp; RENDEL\u00c9S MENETE:\u202f\u00a0 Az aktu\u00e1lis rakt\u00e1rk\u00e9szlet el\u00e9rhet\u0151 az Egyetem &hellip;<\/p>\n","protected":false},"author":101614,"featured_media":0,"parent":18062,"menu_order":30,"comment_status":"closed","ping_status":"closed","template":"","meta":{"_acf_changed":false,"footnotes":""},"categories":[],"tags":[],"class_list":["post-12190","page","type-page","status-publish","hentry"],"acf":[],"_links":{"self":[{"href":"https:\/\/semmelweis.hu\/informatika\/wp-json\/wp\/v2\/pages\/12190","targetHints":{"allow":["GET"]}}],"collection":[{"href":"https:\/\/semmelweis.hu\/informatika\/wp-json\/wp\/v2\/pages"}],"about":[{"href":"https:\/\/semmelweis.hu\/informatika\/wp-json\/wp\/v2\/types\/page"}],"author":[{"embeddable":true,"href":"https:\/\/semmelweis.hu\/informatika\/wp-json\/wp\/v2\/users\/101614"}],"replies":[{"embeddable":true,"href":"https:\/\/semmelweis.hu\/informatika\/wp-json\/wp\/v2\/comments?post=12190"}],"version-history":[{"count":13,"href":"https:\/\/semmelweis.hu\/informatika\/wp-json\/wp\/v2\/pages\/12190\/revisions"}],"predecessor-version":[{"id":19758,"href":"https:\/\/semmelweis.hu\/informatika\/wp-json\/wp\/v2\/pages\/12190\/revisions\/19758"}],"up":[{"embeddable":true,"href":"https:\/\/semmelweis.hu\/informatika\/wp-json\/wp\/v2\/pages\/18062"}],"wp:attachment":[{"href":"https:\/\/semmelweis.hu\/informatika\/wp-json\/wp\/v2\/media?parent=12190"}],"wp:term":[{"taxonomy":"category","embeddable":true,"href":"https:\/\/semmelweis.hu\/informatika\/wp-json\/wp\/v2\/categories?post=12190"},{"taxonomy":"post_tag","embeddable":true,"href":"https:\/\/semmelweis.hu\/informatika\/wp-json\/wp\/v2\/tags?post=12190"}],"curies":[{"name":"wp","href":"https:\/\/api.w.org\/{rel}","templated":true}]}}