{"id":71,"date":"2013-09-04T16:46:06","date_gmt":"2013-09-04T14:46:06","guid":{"rendered":"http:\/\/semmelweis-egyetem.hu\/immun-patofiziologia\/?page_id=71"},"modified":"2026-03-06T13:28:41","modified_gmt":"2026-03-06T12:28:41","slug":"partnereink","status":"publish","type":"page","link":"https:\/\/semmelweis.hu\/immun-patofiziologia\/partnereink\/","title":{"rendered":"Partnereink"},"content":{"rendered":"<ul>\n<li><a href=\"https:\/\/semmelweis.hu\/klinikai-korelettan\/kutatas\/munkacsoportok\/\">Molekul\u00e1ris v\u00e9rkering\u00e9s-\u00e9lettani labor, Prof. Beny\u00f3 Zolt\u00e1n<\/a><\/li>\n<li><a href=\"http:\/\/gsi.semmelweis.hu\/index.php\/hu\/\">Semmelweis Egyetem Genetikai, Sejt- \u00e9s Immunbiol\u00f3giai Int\u00e9zet, FACS labor<\/a><\/li>\n<li><a href=\"https:\/\/semmelweis.hu\/patologia2\/\">Semmelweis Egyetem, Patol\u00f3giai, Igazs\u00e1g\u00fcgyi \u00e9s Biztos\u00edt\u00e1si Orvostani Int\u00e9zet<\/a><\/li>\n<li><a href=\"https:\/\/www.dcu.ie\/cbs\/people\/harry-holthofer\">Dublin City University, Professor Harry Holthofer<\/a><\/li>\n<li><a href=\"https:\/\/www.dfhcc.harvard.edu\/insider\/member-detail\/member\/judy-lieberman-md-phd\/\">CBR research Institute, Boston, Boston Children&#8217;s Hospital, Judy Liebermann<\/a><\/li>\n<li><a href=\"http:\/\/www.sysu.edu.cn\/en\/academics\/academics03\/250.htm\">Sun Yat-Sen University Hospital, Guangzhou, China, Erwei Song<\/a><\/li>\n<li>Semmelweis Egyetem NET \u00c1llath\u00e1z<\/li>\n<li><a href=\"https:\/\/www-b1.ijs.si\/team\/marko-fonovic\/\">Jozef Stefan Institute, Ljubijana, Dr. Marko Fonovi\u0107<\/a><\/li>\n<li><a href=\"https:\/\/www.uu.nl\/en\/research\/pharmaceutics\/research\/gert-storm\">Utrecht University, Prof. Dr. Gert Storm<\/a><\/li>\n<li><a href=\"https:\/\/biography.omicsonline.org\/brazil\/university-of-minas\/dawidson-assis-gomes-76422\">University of Minas, Department of Biochemistry and Immunology, Dawidson Assis Gomes<\/a><\/li>\n<li><a href=\"https:\/\/celsiongmbh.com\/management\/\">Celsion GmbH, Andreas Voss<\/a><\/li>\n<li><a href=\"https:\/\/www.seroscience.com\/about\">SeroScience, Szebeni J\u00e1nos<\/a><\/li>\n<\/ul>\n<div class=\"exp-col-content-holder\"><span style=\"font-size: 18pt;\"><a class=\"expand-cnt-link\" href=\"#\">Kor\u00e1bbi kollabor\u00e1ci\u00f3k<\/a><\/span><\/p>\n<div class=\"hidden-content\">\n<ul>\n<li><a href=\"https:\/\/drc.hu\/\">DRC Kft. Balatonf\u00fcred<\/a><\/li>\n<li><a href=\"https:\/\/kastelyparkklinika.hu\/wp-content\/uploads\/2016\/04\/Lacza-Zsombor-cv-2015.pdf\" target=\"_blank\" rel=\"noopener\">Dr. Lacza Zsombor<\/a><\/li>\n<li><a href=\"http:\/\/aok.pte.hu\/index.php?page=egyseg&amp;nyelv=hun&amp;egy_id=150\" target=\"_blank\" rel=\"noopener\">PTE \u00c1OK K\u00f3r\u00e9lettani \u00e9s Gerontol\u00f3giai Int\u00e9zet, Prof. Koller \u00c1kos<\/a><\/li>\n<li><a href=\"http:\/\/www.northernantibiotics.com\/fi-management.htm\">Northern Antibiotics, Professor Martti Vaara<\/a><\/li>\n<li><a href=\"http:\/\/content.karger.com\/ProdukteDB\/produkte.asp?Aktion=ShowPDF&amp;ArtikelNr=13375&amp;Ausgabe=225199&amp;ProduktNr=223979&amp;filename=13375.pdf\" target=\"_blank\" rel=\"noopener\">Eberhard Ritz<\/a>, illetve <a href=\"http:\/\/www.karger.com\/Article\/Abstract\/25928\" target=\"_blank\" rel=\"noopener\">itt<\/a><\/li>\n<li>Lisa Gross<\/li>\n<li><a href=\"http:\/\/www.med.uni-magdeburg.de\/Kliniken\/Frauenklinik\/AG+Reproduktionsimmunologie-p-15145.html\" target=\"_blank\" rel=\"noopener\">Otto von Guericke Universit\u00e4t Magdeburg, Prof. Dr. Ana Claudia Zenclussen<\/a><\/li>\n<li><a href=\"http:\/\/www.bsrt.de\/index.php?option=com_zooprofiles&amp;task=userProfile&amp;user=1203&amp;Itemid=200\" target=\"_blank\" rel=\"noopener\">BSRT Graduate School, Hans-Dieter Volk<\/a><\/li>\n<li><a href=\"http:\/\/www.meduniwien.ac.at\/klinpath\/\" target=\"_blank\" rel=\"noopener\">Klinisches Institut f\u00fcr Pathologie der Medizinischen Universit\u00e4t Wien, Prof.Dontscho Kerjaschki<\/a><\/li>\n<\/ul>\n<\/div>\n<\/div>\n","protected":false},"excerpt":{"rendered":"<p><a href=\"https:\/\/semmelweis.hu\/klinikai-korelettan\/kutatas\/munkacsoportok\/\">Molekul\u00e1ris v\u00e9rkering\u00e9s-\u00e9lettani labor, Prof. Beny\u00f3 Zolt\u00e1n<\/a><br \/>\n<a href=\"http:\/\/gsi.semmelweis.hu\/index.php\/hu\/\">Semmelweis Egyetem Genetikai, Sejt- \u00e9s Immunbiol\u00f3giai Int\u00e9zet, FACS labor<\/a><br \/>\n<a href=\"https:\/\/semmelweis.hu\/patologia2\/\">Semmelweis Egyetem, Patol\u00f3giai, Igazs\u00e1g\u00fcgyi \u00e9s Biztos\u00edt\u00e1si Orvostani Int\u00e9zet<\/a><br \/>\n<a href=\"https:\/\/www.dcu.ie\/cbs\/people\/harry-holthofer\">Dublin City University, Professor Harry Holthofer<\/a><br \/>\n<a href=\"https:\/\/www.dfhcc.harvard.edu\/insider\/member-detail\/member\/judy-lieberman-md-phd\/\">CBR research Institute, Boston, Boston Children&#8217;s Hospital, Judy Liebermann<\/a><br \/>\n<a href=\"http:\/\/www.sysu.edu.cn\/en\/academics\/academics03\/250.htm\">Sun Yat-Sen University Hospital, Guangzhou, China, Erwei Song<\/a><br \/>\nSemmelweis Egyetem NET \u00c1llath\u00e1z<br \/>\n<a href=\"https:\/\/www-b1.ijs.si\/team\/marko-fonovic\/\">Jozef Stefan Institute, Ljubijana, Dr. Marko Fonovi\u0107<\/a><br \/>\n<a href=\"https:\/\/www.uu.nl\/en\/research\/pharmaceutics\/research\/gert-storm\">Utrecht University, Prof. Dr. Gert Storm<\/a><br \/>\n<a href=\"https:\/\/biography.omicsonline.org\/brazil\/university-of-minas\/dawidson-assis-gomes-76422\">University of Minas, Department of Biochemistry and Immunology, Dawidson Assis Gomes<\/a><br \/>\n<a href=\"https:\/\/celsiongmbh.com\/management\/\">Celsion GmbH, Andreas Voss<\/a><br \/>\n<a href=\"https:\/\/www.seroscience.com\/about\">SeroScience, Szebeni J\u00e1nos<\/a><\/p>\n<p><a class=\"expand-cnt-link\" href=\"#\">Kor\u00e1bbi kollabor\u00e1ci\u00f3k<\/a><\/p>\n<p><a href=\"https:\/\/drc.hu\/\">DRC Kft. Balatonf\u00fcred<\/a><br \/>\n<a href=\"https:\/\/kastelyparkklinika.hu\/wp-content\/uploads\/2016\/04\/Lacza-Zsombor-cv-2015.pdf\" target=\"_blank\" rel=\"noopener\">Dr. Lacza Zsombor<\/a><br \/>\n<a href=\"http:\/\/aok.pte.hu\/index.php?page=egyseg&amp;nyelv=hun&amp;egy_id=150\" target=\"_blank\" rel=\"noopener\">PTE \u00c1OK K\u00f3r\u00e9lettani \u00e9s Gerontol\u00f3giai Int\u00e9zet, Prof. Koller \u00c1kos<\/a><br \/>\n<a href=\"http:\/\/www.northernantibiotics.com\/fi-management.htm\">Northern Antibiotics, Professor Martti Vaara<\/a><br \/>\n<a href=\"http:\/\/content.karger.com\/ProdukteDB\/produkte.asp?Aktion=ShowPDF&amp;ArtikelNr=13375&amp;Ausgabe=225199&amp;ProduktNr=223979&amp;filename=13375.pdf\" target=\"_blank\" rel=\"noopener\">Eberhard Ritz<\/a>, illetve <a href=\"http:\/\/www.karger.com\/Article\/Abstract\/25928\" target=\"_blank\" rel=\"noopener\">itt<\/a><br \/>\nLisa Gross<br \/>\n<a href=\"http:\/\/www.med.uni-magdeburg.de\/Kliniken\/Frauenklinik\/AG+Reproduktionsimmunologie-p-15145.html\" target=\"_blank\" rel=\"noopener\">Otto von Guericke Universit\u00e4t Magdeburg, Prof. Dr. Ana Claudia Zenclussen<\/a><br \/>\n<a href=\"http:\/\/www.bsrt.de\/index.php?option=com_zooprofiles&amp;task=userProfile&amp;user=1203&amp;Itemid=200\" target=\"_blank\" rel=\"noopener\">BSRT Graduate School, Hans-Dieter Volk<\/a><br \/>\n<a href=\"http:\/\/www.meduniwien.ac.at\/klinpath\/\" target=\"_blank\" rel=\"noopener\">Klinisches Institut f\u00fcr Pathologie der Medizinischen Universit\u00e4t Wien, Prof.Dontscho Kerjaschki<\/a><\/p>\n","protected":false},"author":163,"featured_media":0,"parent":0,"menu_order":8,"comment_status":"closed","ping_status":"closed","template":"","meta":{"_acf_changed":false,"footnotes":""},"categories":[],"tags":[],"class_list":["post-71","page","type-page","status-publish","hentry"],"acf":[],"_links":{"self":[{"href":"https:\/\/semmelweis.hu\/immun-patofiziologia\/wp-json\/wp\/v2\/pages\/71","targetHints":{"allow":["GET"]}}],"collection":[{"href":"https:\/\/semmelweis.hu\/immun-patofiziologia\/wp-json\/wp\/v2\/pages"}],"about":[{"href":"https:\/\/semmelweis.hu\/immun-patofiziologia\/wp-json\/wp\/v2\/types\/page"}],"author":[{"embeddable":true,"href":"https:\/\/semmelweis.hu\/immun-patofiziologia\/wp-json\/wp\/v2\/users\/163"}],"replies":[{"embeddable":true,"href":"https:\/\/semmelweis.hu\/immun-patofiziologia\/wp-json\/wp\/v2\/comments?post=71"}],"version-history":[{"count":12,"href":"https:\/\/semmelweis.hu\/immun-patofiziologia\/wp-json\/wp\/v2\/pages\/71\/revisions"}],"predecessor-version":[{"id":2412,"href":"https:\/\/semmelweis.hu\/immun-patofiziologia\/wp-json\/wp\/v2\/pages\/71\/revisions\/2412"}],"wp:attachment":[{"href":"https:\/\/semmelweis.hu\/immun-patofiziologia\/wp-json\/wp\/v2\/media?parent=71"}],"wp:term":[{"taxonomy":"category","embeddable":true,"href":"https:\/\/semmelweis.hu\/immun-patofiziologia\/wp-json\/wp\/v2\/categories?post=71"},{"taxonomy":"post_tag","embeddable":true,"href":"https:\/\/semmelweis.hu\/immun-patofiziologia\/wp-json\/wp\/v2\/tags?post=71"}],"curies":[{"name":"wp","href":"https:\/\/api.w.org\/{rel}","templated":true}]}}