{"id":62,"date":"2013-02-12T11:30:10","date_gmt":"2013-02-12T10:30:10","guid":{"rendered":"http:\/\/semmelweis-egyetem.hu\/immun-patofiziologia\/?page_id=62"},"modified":"2026-01-23T16:47:38","modified_gmt":"2026-01-23T15:47:38","slug":"tdk","status":"publish","type":"page","link":"https:\/\/semmelweis.hu\/immun-patofiziologia\/tdk\/","title":{"rendered":"TDK"},"content":{"rendered":"<p><em>Ezen a lapon a munkacsoport TDK t\u00e9m\u00e1ival, illetve TDK-hallgat\u00f3inkkal ismerkedhet meg.<\/em><\/p>\n<h2>Jelenlegi TDK hallgat\u00f3k \u00e9s t\u00e9m\u00e1ik:<\/h2>\n<ul>\n<li>Or Fisher, Rim\u00e1r Szonja, T\u00f3th Zsanett: m\u00e9g nincs t\u00e9m\u00e1juk<\/li>\n<li>Rahimi Arman (Doxorubicin delivery by thermosensitive liposome release triggered by modulated electro-hyperthermia)<\/li>\n<li>Yibo Gu, Cedrik Friedrich Walter Kintscher (Effects of FgG CRISPR\/Cas9 Knockout on (4T1)-Primary Tumor Growth)<\/li>\n<\/ul>\n<h2>Kor\u00e1bbi\u00a0TDK hallgat\u00f3k:<\/h2>\n<ul>\n<li>Homa Hakim<\/li>\n<li>Afaf Ganaiem<\/li>\n<li>Alexander Weiland<\/li>\n<li>Kocsis N\u00f3ra<\/li>\n<li>T\u00edm\u00e1r Eszter<\/li>\n<li>Farkas Bettina<\/li>\n<li>Mesterh\u00e1zi Henriett<\/li>\n<li>Egyed Zal\u00e1n<\/li>\n<li>Szatm\u00e1ri Krisztina<\/li>\n<li>Porogi Anna<\/li>\n<li>Kiss Norbert<\/li>\n<li>Fekete Szilvia<\/li>\n<li>Hannah Simon<\/li>\n<li>Lauren Parker\u00a0<\/li>\n<li>Jinok Jun<\/li>\n<li>Alexander Swoboda<\/li>\n<li>Friedrich Synder<\/li>\n<li>Kristian Hamandsen<\/li>\n<li>George Barghout<\/li>\n<li>Barbara Szmerha<\/li>\n<li>Lucin Abu Izam<\/li>\n<li>Tarszab\u00f3 R\u00f3bert<\/li>\n<li>Stagl Attila<\/li>\n<li>Felix Hano<\/li>\n<li>Kov\u00e1cs \u00c1gnes<\/li>\n<li>N\u00e9meth Zal\u00e1n<\/li>\n<li>R\u00e9v\u00e9sz Csaba<\/li>\n<li>Szalay Csaba Imre<\/li>\n<li>Buday Anna<\/li>\n<li>K\u00f6k\u00e9ny G\u00e1bor<\/li>\n<\/ul>\n<h2>Kor\u00e1bbi 5 \u00e9v TDK hallgat\u00f3k \u00e9s eredm\u00e9nyeik:<\/h2>\n<ul>\n<li>S\u00e1rk\u00f6zi Henrietta (2015-2016) seg\u00e9dmunkat\u00e1rs<\/li>\n<li>Kiss Norbert (2012-2016):<br \/>\n<em>D\u00edjas demonstr\u00e1tor<\/em><br \/>\n2014: TDK konferencia: A magasabb podocytasz\u00e1m \u00e9s a jobb antioxid\u00e1ns v\u00e9delem szerepet j\u00e1tszhat a Rowett patk\u00e1nyok vesefibr\u00f3zis elleni rezisztenci\u00e1j\u00e1ban<br \/>\n2015: TDK konferencia, I. d\u00edj \u00e9s Orsz\u00e1gos TDK: Az oxidat\u00edv stressz \u00e9s a gyullad\u00e1s szerepe a vesefibr\u00f3zis progresszi\u00f3j\u00e1ban<br \/>\n2016: TDK konferencia: A kontrasztanyag-induk\u00e1lta akut vesek\u00e1rosod\u00e1s vizsg\u00e1lata<\/li>\n<li>Fekete Szilvia (2012-2016):<br \/>\n2015: TDK konferencia, III. d\u00edj: A vizelet NGAL szenzit\u00edv markere az akut vesek\u00e1rosod\u00e1snak<br \/>\n2016: TDK konferencia:Az \u00e9p vese k\u00e9s\u0151i elt\u00e1vol\u00edt\u00e1sa le\u00e1ll\u00edtja a vese fibr\u00f3zist egyoldali vese iszk\u00e9mia-reperf\u00fazi\u00f3 ut\u00e1n eg\u00e9rben<\/li>\n<li>Hannah Simon (2015-2016):<br \/>\n2016: TDK konferencia, III. d\u00edj: MiR-17 antagonism impairs regeneration in murine kidney ischemia-reperfusion injury<\/li>\n<li>Lauren Parker (2014-2015):<br \/>\n2015: TDK konferencia: No nephropathy develops in non-diabetic obese rats after 20 weeks of high fat diet<\/li>\n<li>Jinok Jun (2014-2015):\u00a0<br \/>\n2015: TDK konferencia: Oxidative stress may mediate obesity-related nephropathy (ORNP)<\/li>\n<li>Alexander Swoboda (2014-2015):<br \/>\n2015: TDK konferencia: New model of contrast-induced acute kidney injury (CI-AKI) in mice<\/li>\n<li>Friedrich Synder (2012-2015):<br \/>\n<em>D\u00edjas demonstr\u00e1tor<\/em><br \/>\n2015: Szakdolgozat: Kontrastmittel-induzierter akuter Nierenschaden<\/li>\n<li>Kristian Hamandsen (2011-2014):<br \/>\n2014: Szakdolgozat: Prevention of Contrast Induced Acute Kidney Injury (CI-AKI) \u2013 Pre-medication and incidence in mice administered contrast media following transient renal ischemia-reperfusion<\/li>\n<li>George Barghout (2011-2014):<br \/>\n<em>D\u00edjas demonstr\u00e1tor<\/em><br \/>\n2014: Szakdolgozat: Micro RNAs as tumor markers<\/li>\n<li>Szmerha Barbara (2013-2014):<br \/>\n2014: Szakdolgozat: Kontrasztanyag induk\u00e1lta nephropathia (CIN) jelent\u0151s\u00e9ge, gyakoris\u00e1ga, patomechanizmusa<\/li>\n<li>Lucin Abu Izam (2013-2014):<br \/>\n2014: Szakdolgozat: MicroRNAs and their importance in the transition from renal ischemia reperfusion injury to renal fibrosis in the transplantation setting<\/li>\n<\/ul>\n","protected":false},"excerpt":{"rendered":"<p>Ezen a lapon a munkacsoport TDK t\u00e9m\u00e1ival, illetve TDK-hallgat\u00f3inkkal ismerkedhet meg. Jelenlegi TDK hallgat\u00f3k \u00e9s t\u00e9m\u00e1ik: Or Fisher, Rim\u00e1r Szonja, T\u00f3th Zsanett: m\u00e9g nincs t\u00e9m\u00e1juk Rahimi Arman (Doxorubicin delivery by thermosensitive liposome release triggered by modulated electro-hyperthermia) Yibo Gu, Cedrik Friedrich Walter Kintscher (Effects of FgG CRISPR\/Cas9 Knockout on (4T1)-Primary Tumor Growth) Kor\u00e1bbi\u00a0TDK hallgat\u00f3k: Homa &hellip;<\/p>\n","protected":false},"author":163,"featured_media":0,"parent":0,"menu_order":5,"comment_status":"closed","ping_status":"closed","template":"","meta":{"_acf_changed":false,"footnotes":""},"categories":[],"tags":[],"class_list":["post-62","page","type-page","status-publish","hentry"],"acf":[],"_links":{"self":[{"href":"https:\/\/semmelweis.hu\/immun-patofiziologia\/wp-json\/wp\/v2\/pages\/62","targetHints":{"allow":["GET"]}}],"collection":[{"href":"https:\/\/semmelweis.hu\/immun-patofiziologia\/wp-json\/wp\/v2\/pages"}],"about":[{"href":"https:\/\/semmelweis.hu\/immun-patofiziologia\/wp-json\/wp\/v2\/types\/page"}],"author":[{"embeddable":true,"href":"https:\/\/semmelweis.hu\/immun-patofiziologia\/wp-json\/wp\/v2\/users\/163"}],"replies":[{"embeddable":true,"href":"https:\/\/semmelweis.hu\/immun-patofiziologia\/wp-json\/wp\/v2\/comments?post=62"}],"version-history":[{"count":11,"href":"https:\/\/semmelweis.hu\/immun-patofiziologia\/wp-json\/wp\/v2\/pages\/62\/revisions"}],"predecessor-version":[{"id":2409,"href":"https:\/\/semmelweis.hu\/immun-patofiziologia\/wp-json\/wp\/v2\/pages\/62\/revisions\/2409"}],"wp:attachment":[{"href":"https:\/\/semmelweis.hu\/immun-patofiziologia\/wp-json\/wp\/v2\/media?parent=62"}],"wp:term":[{"taxonomy":"category","embeddable":true,"href":"https:\/\/semmelweis.hu\/immun-patofiziologia\/wp-json\/wp\/v2\/categories?post=62"},{"taxonomy":"post_tag","embeddable":true,"href":"https:\/\/semmelweis.hu\/immun-patofiziologia\/wp-json\/wp\/v2\/tags?post=62"}],"curies":[{"name":"wp","href":"https:\/\/api.w.org\/{rel}","templated":true}]}}