{"id":2123,"date":"2022-07-26T13:34:28","date_gmt":"2022-07-26T11:34:28","guid":{"rendered":"https:\/\/semmelweis.hu\/immun-patofiziologia\/?page_id=2123"},"modified":"2026-03-11T16:06:03","modified_gmt":"2026-03-11T15:06:03","slug":"dijak","status":"publish","type":"page","link":"https:\/\/semmelweis.hu\/immun-patofiziologia\/dijak\/","title":{"rendered":"D\u00edjak"},"content":{"rendered":"<p><!-- Section for P\u00e9ter Hamar --><\/p>\n<div class=\"exp-col-content-holder\">\n<p><a class=\"expand-cnt-link\">Hamar P\u00e9ter<\/a><\/p>\n<div class=\"hidden-content\">\n<div class=\"exp-col-content-holder\">\n<p><a class=\"expand-cnt-link\">Kiv\u00e1l\u00f3 PhD oktat\u00f3 d\u00edj 2024<\/a><\/p>\n<div class=\"hidden-content\">\n<p class=\"hiddenContentp\"><a href=\"#\"><img class=\"alignnone size-large wp-image-2175\" alt=\"\" width=\"724\" height=\"1024\" \/><\/a><a href=\"https:\/\/semmelweis.hu\/immun-patofiziologia\/files\/2024\/12\/kiv-Phd-2024.-Nov-29.jpg\"><img loading=\"lazy\" decoding=\"async\" class=\"alignnone size-full wp-image-2375\" src=\"https:\/\/semmelweis.hu\/immun-patofiziologia\/files\/2024\/12\/kiv-Phd-2024.-Nov-29.jpg\" alt=\"\" width=\"826\" height=\"1136\" srcset=\"https:\/\/semmelweis.hu\/immun-patofiziologia\/files\/2024\/12\/kiv-Phd-2024.-Nov-29.jpg 826w, https:\/\/semmelweis.hu\/immun-patofiziologia\/files\/2024\/12\/kiv-Phd-2024.-Nov-29-218x300.jpg 218w, https:\/\/semmelweis.hu\/immun-patofiziologia\/files\/2024\/12\/kiv-Phd-2024.-Nov-29-745x1024.jpg 745w, https:\/\/semmelweis.hu\/immun-patofiziologia\/files\/2024\/12\/kiv-Phd-2024.-Nov-29-768x1056.jpg 768w, https:\/\/semmelweis.hu\/immun-patofiziologia\/files\/2024\/12\/kiv-Phd-2024.-Nov-29-753x1036.jpg 753w\" sizes=\"auto, (max-width: 826px) 100vw, 826px\" \/><\/a><\/p>\n<\/div>\n<\/div>\n<div class=\"exp-col-content-holder\">\n<p><a class=\"expand-cnt-link\">IJMS legid\u00e9zettebb k\u00f6zlem\u00e9nyek d\u00edj<\/a><\/p>\n<div class=\"hidden-content\">\n<p class=\"hiddenContentp\"><a href=\"#\"><img class=\"alignnone size-large wp-image-2175\" alt=\"\" width=\"724\" height=\"1024\" \/>&#8230;<\/a><\/p>\n<\/div>\n<\/div>\n<div class=\"exp-col-content-holder\">\n<p><a class=\"expand-cnt-link\">\u00c1OK Kari Kiv\u00e1l\u00f3s\u00e1gi Merit D\u00edj 2023<\/a><\/p>\n<div class=\"hidden-content\">\n<p class=\"hiddenContentp\"><a href=\"#\"><img class=\"alignnone size-large wp-image-2175\" alt=\"\" width=\"724\" height=\"1024\" \/>&#8230;<\/a><\/p>\n<\/div>\n<\/div>\n<div class=\"exp-col-content-holder\">\n<p><a class=\"expand-cnt-link\">Kiv\u00e1l\u00f3 Tudom\u00e1nyos Di\u00e1kk\u00f6ri Nevel\u0151 egyetemi kit\u00fcntet\u00e9s 2022<\/a><\/p>\n<div class=\"hidden-content\">\n<p class=\"hiddenContentp\"><a href=\"#\"><img class=\"alignnone size-large wp-image-2175\" alt=\"\" width=\"724\" height=\"1024\" \/><\/a><a href=\"https:\/\/semmelweis.hu\/immun-patofiziologia\/files\/2022\/12\/tdk-oklev-2022-03-22-10.29.54-1.jpg\"><img loading=\"lazy\" decoding=\"async\" class=\"alignnone size-large wp-image-2175\" src=\"https:\/\/semmelweis.hu\/immun-patofiziologia\/files\/2022\/12\/tdk-oklev-2022-03-22-10.29.54-1-724x1024.jpg\" alt=\"\" width=\"724\" height=\"1024\" srcset=\"https:\/\/semmelweis.hu\/immun-patofiziologia\/files\/2022\/12\/tdk-oklev-2022-03-22-10.29.54-1-724x1024.jpg 724w, https:\/\/semmelweis.hu\/immun-patofiziologia\/files\/2022\/12\/tdk-oklev-2022-03-22-10.29.54-1-212x300.jpg 212w, https:\/\/semmelweis.hu\/immun-patofiziologia\/files\/2022\/12\/tdk-oklev-2022-03-22-10.29.54-1-768x1087.jpg 768w, https:\/\/semmelweis.hu\/immun-patofiziologia\/files\/2022\/12\/tdk-oklev-2022-03-22-10.29.54-1-753x1066.jpg 753w, https:\/\/semmelweis.hu\/immun-patofiziologia\/files\/2022\/12\/tdk-oklev-2022-03-22-10.29.54-1.jpg 826w\" sizes=\"auto, (max-width: 724px) 100vw, 724px\" \/><\/a><\/p>\n<\/div>\n<\/div>\n<div class=\"exp-col-content-holder\">\n<p><a class=\"expand-cnt-link\">Kiv\u00e1l\u00f3 PhD Oktat\u00f3 d\u00edj 2022<\/a><\/p>\n<div class=\"hidden-content\">\n<p class=\"hiddenContentp\"><a href=\"#\"><img class=\"alignnone size-large wp-image-2176\" alt=\"\" width=\"724\" height=\"1024\" \/><\/a><a href=\"https:\/\/semmelweis.hu\/immun-patofiziologia\/files\/2022\/12\/Phd-oktato\u0301-di\u0301j-2022-11-11-12.29.44-1.jpg\"><img loading=\"lazy\" decoding=\"async\" class=\"alignnone size-large wp-image-2176\" src=\"https:\/\/semmelweis.hu\/immun-patofiziologia\/files\/2022\/12\/Phd-oktato\u0301-di\u0301j-2022-11-11-12.29.44-1-724x1024.jpg\" alt=\"\" width=\"724\" height=\"1024\" srcset=\"https:\/\/semmelweis.hu\/immun-patofiziologia\/files\/2022\/12\/Phd-oktato\u0301-di\u0301j-2022-11-11-12.29.44-1-724x1024.jpg 724w, https:\/\/semmelweis.hu\/immun-patofiziologia\/files\/2022\/12\/Phd-oktato\u0301-di\u0301j-2022-11-11-12.29.44-1-212x300.jpg 212w, https:\/\/semmelweis.hu\/immun-patofiziologia\/files\/2022\/12\/Phd-oktato\u0301-di\u0301j-2022-11-11-12.29.44-1-768x1087.jpg 768w, https:\/\/semmelweis.hu\/immun-patofiziologia\/files\/2022\/12\/Phd-oktato\u0301-di\u0301j-2022-11-11-12.29.44-1-753x1066.jpg 753w, https:\/\/semmelweis.hu\/immun-patofiziologia\/files\/2022\/12\/Phd-oktato\u0301-di\u0301j-2022-11-11-12.29.44-1.jpg 826w\" sizes=\"auto, (max-width: 724px) 100vw, 724px\" \/><\/a><\/p>\n<\/div>\n<\/div>\n<div class=\"exp-col-content-holder\">\n<p><a class=\"expand-cnt-link\">Kari Kiv\u00e1l\u00f3s\u00e1gi Merit D\u00edj 2021<\/a><\/p>\n<div class=\"hidden-content\">\n<p class=\"hiddenContentp\"><a href=\"#\"><img class=\"alignnone size-full wp-image-2164\" alt=\"\" width=\"826\" height=\"1169\" \/><\/a><a href=\"https:\/\/semmelweis.hu\/immun-patofiziologia\/files\/2022\/12\/Merit-di\u0301j-2022-12-05-14.14.21-1.jpg\"><img loading=\"lazy\" decoding=\"async\" class=\"alignnone size-full wp-image-2164\" src=\"https:\/\/semmelweis.hu\/immun-patofiziologia\/files\/2022\/12\/Merit-di\u0301j-2022-12-05-14.14.21-1.jpg\" alt=\"\" width=\"826\" height=\"1169\" srcset=\"https:\/\/semmelweis.hu\/immun-patofiziologia\/files\/2022\/12\/Merit-di\u0301j-2022-12-05-14.14.21-1.jpg 826w, https:\/\/semmelweis.hu\/immun-patofiziologia\/files\/2022\/12\/Merit-di\u0301j-2022-12-05-14.14.21-1-212x300.jpg 212w, https:\/\/semmelweis.hu\/immun-patofiziologia\/files\/2022\/12\/Merit-di\u0301j-2022-12-05-14.14.21-1-724x1024.jpg 724w, https:\/\/semmelweis.hu\/immun-patofiziologia\/files\/2022\/12\/Merit-di\u0301j-2022-12-05-14.14.21-1-768x1087.jpg 768w, https:\/\/semmelweis.hu\/immun-patofiziologia\/files\/2022\/12\/Merit-di\u0301j-2022-12-05-14.14.21-1-753x1066.jpg 753w\" sizes=\"auto, (max-width: 826px) 100vw, 826px\" \/><\/a><\/p>\n<\/div>\n<\/div>\n<div class=\"exp-col-content-holder\">\n<p><a class=\"expand-cnt-link\">Fulbright \u00d6szt\u00f6nd\u00edj Program teljes\u00edt\u00e9se 2014<\/a><\/p>\n<div class=\"hidden-content\">\n<p class=\"hiddenContentp\"><a href=\"#\"><img class=\"alignnone size-large wp-image-2168\" alt=\"\" width=\"724\" height=\"1024\" \/><\/a><a href=\"https:\/\/semmelweis.hu\/immun-patofiziologia\/files\/2022\/12\/Fulbright-Scholarship-completeion-1.jpg\"><img loading=\"lazy\" decoding=\"async\" class=\"alignnone size-large wp-image-2168\" src=\"https:\/\/semmelweis.hu\/immun-patofiziologia\/files\/2022\/12\/Fulbright-Scholarship-completeion-1-724x1024.jpg\" alt=\"\" width=\"724\" height=\"1024\" srcset=\"https:\/\/semmelweis.hu\/immun-patofiziologia\/files\/2022\/12\/Fulbright-Scholarship-completeion-1-724x1024.jpg 724w, https:\/\/semmelweis.hu\/immun-patofiziologia\/files\/2022\/12\/Fulbright-Scholarship-completeion-1-212x300.jpg 212w, https:\/\/semmelweis.hu\/immun-patofiziologia\/files\/2022\/12\/Fulbright-Scholarship-completeion-1-768x1087.jpg 768w, https:\/\/semmelweis.hu\/immun-patofiziologia\/files\/2022\/12\/Fulbright-Scholarship-completeion-1-753x1066.jpg 753w, https:\/\/semmelweis.hu\/immun-patofiziologia\/files\/2022\/12\/Fulbright-Scholarship-completeion-1.jpg 826w\" sizes=\"auto, (max-width: 724px) 100vw, 724px\" \/><\/a><\/p>\n<\/div>\n<\/div>\n<div class=\"exp-col-content-holder\">\n<p><a class=\"expand-cnt-link\">Sanofi-Aventis\/Chinon Magyar Kutat\u00e1si D\u00edj 2010<\/a><\/p>\n<div class=\"hidden-content\">\n<p class=\"hiddenContentp\"><a href=\"#\"><img class=\"alignnone size-large wp-image-2167\" alt=\"\" width=\"724\" height=\"1024\" \/><\/a><a href=\"https:\/\/semmelweis.hu\/immun-patofiziologia\/files\/2022\/12\/Sanoffi-kutatasi-dij-1-scaled.jpg\"><img loading=\"lazy\" decoding=\"async\" class=\"alignnone size-large wp-image-2167\" src=\"https:\/\/semmelweis.hu\/immun-patofiziologia\/files\/2022\/12\/Sanoffi-kutatasi-dij-1-724x1024.jpg\" alt=\"\" width=\"724\" height=\"1024\" srcset=\"https:\/\/semmelweis.hu\/immun-patofiziologia\/files\/2022\/12\/Sanoffi-kutatasi-dij-1-724x1024.jpg 724w, https:\/\/semmelweis.hu\/immun-patofiziologia\/files\/2022\/12\/Sanoffi-kutatasi-dij-1-212x300.jpg 212w, https:\/\/semmelweis.hu\/immun-patofiziologia\/files\/2022\/12\/Sanoffi-kutatasi-dij-1-768x1086.jpg 768w, https:\/\/semmelweis.hu\/immun-patofiziologia\/files\/2022\/12\/Sanoffi-kutatasi-dij-1-1086x1536.jpg 1086w, https:\/\/semmelweis.hu\/immun-patofiziologia\/files\/2022\/12\/Sanoffi-kutatasi-dij-1-1448x2048.jpg 1448w, https:\/\/semmelweis.hu\/immun-patofiziologia\/files\/2022\/12\/Sanoffi-kutatasi-dij-1-753x1065.jpg 753w, https:\/\/semmelweis.hu\/immun-patofiziologia\/files\/2022\/12\/Sanoffi-kutatasi-dij-1-scaled.jpg 1810w\" sizes=\"auto, (max-width: 724px) 100vw, 724px\" \/><\/a><\/p>\n<\/div>\n<\/div>\n<div class=\"exp-col-content-holder\">\n<p><a class=\"expand-cnt-link\">Richter Gedeon kutat\u00e1si p\u00e1lyad\u00edj 2009<\/a><\/p>\n<div class=\"hidden-content\">\n<p class=\"hiddenContentp\"><a href=\"https:\/\/semmelweis.hu\/immun-patofiziologia\/files\/2022\/12\/Richter-dij-2.jpg\"><img loading=\"lazy\" decoding=\"async\" class=\"alignnone size-large wp-image-2166\" src=\"https:\/\/semmelweis.hu\/immun-patofiziologia\/files\/2022\/12\/Richter-dij-2-720x1024.jpg\" alt=\"\" width=\"720\" height=\"1024\" srcset=\"https:\/\/semmelweis.hu\/immun-patofiziologia\/files\/2022\/12\/Richter-dij-2-720x1024.jpg 720w, https:\/\/semmelweis.hu\/immun-patofiziologia\/files\/2022\/12\/Richter-dij-2-211x300.jpg 211w, https:\/\/semmelweis.hu\/immun-patofiziologia\/files\/2022\/12\/Richter-dij-2-768x1093.jpg 768w, https:\/\/semmelweis.hu\/immun-patofiziologia\/files\/2022\/12\/Richter-dij-2-1080x1536.jpg 1080w, https:\/\/semmelweis.hu\/immun-patofiziologia\/files\/2022\/12\/Richter-dij-2-1440x2048.jpg 1440w, https:\/\/semmelweis.hu\/immun-patofiziologia\/files\/2022\/12\/Richter-dij-2-753x1071.jpg 753w, https:\/\/semmelweis.hu\/immun-patofiziologia\/files\/2022\/12\/Richter-dij-2.jpg 1533w\" sizes=\"auto, (max-width: 720px) 100vw, 720px\" \/><\/a><a href=\"#\"><img class=\"alignnone size-large wp-image-2166\" alt=\"\" width=\"720\" height=\"1024\" \/><\/a><\/p>\n<\/div>\n<\/div>\n<\/div>\n<\/div>\n<div class=\"exp-col-content-holder\">\n<p><a class=\"expand-cnt-link\">Cedrik Kintscher<\/a><\/p>\n<div class=\"hidden-content\">\n<div class=\"exp-col-content-holder\">\n<p><a class=\"expand-cnt-link\">Tudom\u00e1nyos Di\u00e1kk\u00f6ri Konferencia 2026 III. helyez\u00e9s<\/a><\/p>\n<div class=\"hidden-content\"><a href=\"https:\/\/semmelweis.hu\/immun-patofiziologia\/files\/2026\/03\/Tdk-conf-26.png\"><img loading=\"lazy\" decoding=\"async\" class=\"wp-image-2425 aligncenter\" src=\"https:\/\/semmelweis.hu\/immun-patofiziologia\/files\/2026\/03\/Tdk-conf-26.png\" alt=\"\" width=\"684\" height=\"1009\" srcset=\"https:\/\/semmelweis.hu\/immun-patofiziologia\/files\/2026\/03\/Tdk-conf-26.png 2560w, https:\/\/semmelweis.hu\/immun-patofiziologia\/files\/2026\/03\/Tdk-conf-26-203x300.png 203w, https:\/\/semmelweis.hu\/immun-patofiziologia\/files\/2026\/03\/Tdk-conf-26-694x1024.png 694w, https:\/\/semmelweis.hu\/immun-patofiziologia\/files\/2026\/03\/Tdk-conf-26-768x1133.png 768w, https:\/\/semmelweis.hu\/immun-patofiziologia\/files\/2026\/03\/Tdk-conf-26-1041x1536.png 1041w, https:\/\/semmelweis.hu\/immun-patofiziologia\/files\/2026\/03\/Tdk-conf-26-1389x2048.png 1389w, https:\/\/semmelweis.hu\/immun-patofiziologia\/files\/2026\/03\/Tdk-conf-26-753x1111.png 753w\" sizes=\"auto, (max-width: 684px) 100vw, 684px\" \/><\/a><\/p>\n<\/div>\n<\/div>\n<\/div>\n<\/div>\n<div class=\"exp-col-content-holder\">\n<p><a class=\"expand-cnt-link\">Syeda Mahak Zahra Bokhari<\/a><\/p>\n<div class=\"hidden-content\">\n<div class=\"exp-col-content-holder\">\n<p><a class=\"expand-cnt-link\">PhD Tudom\u00e1nyos Napok 2022 Prezent\u00e1ci\u00f3 I. d\u00edj<\/a><\/p>\n<div class=\"hidden-content\">\n<p class=\"hiddenContentp\"><a href=\"https:\/\/semmelweis.hu\/immun-patofiziologia\/files\/2022\/07\/zahra.jpg\"><img loading=\"lazy\" decoding=\"async\" class=\"alignnone wp-image-2143\" src=\"https:\/\/semmelweis.hu\/immun-patofiziologia\/files\/2022\/07\/zahra.jpg\" alt=\"\" width=\"756\" height=\"532\" srcset=\"https:\/\/semmelweis.hu\/immun-patofiziologia\/files\/2022\/07\/zahra.jpg 1000w, https:\/\/semmelweis.hu\/immun-patofiziologia\/files\/2022\/07\/zahra-300x211.jpg 300w, https:\/\/semmelweis.hu\/immun-patofiziologia\/files\/2022\/07\/zahra-768x541.jpg 768w, https:\/\/semmelweis.hu\/immun-patofiziologia\/files\/2022\/07\/zahra-753x530.jpg 753w\" sizes=\"auto, (max-width: 756px) 100vw, 756px\" \/><\/a><\/p>\n<\/div>\n<\/div>\n<div class=\"exp-col-content-holder\">\n<p><a class=\"expand-cnt-link\">M\u00c9T V\u00e1ndorgy\u0171l\u00e9s 2022 Ifj\u00fas\u00e1gi Szekci\u00f3 poszter d\u00edja<\/a><\/p>\n<div class=\"hidden-content\">\n<p class=\"hiddenContentp\"><a href=\"https:\/\/semmelweis.hu\/immun-patofiziologia\/files\/2022\/07\/IMG_20220718_171016-2.jpg\"><img loading=\"lazy\" decoding=\"async\" class=\"alignnone wp-image-2139 size-large\" src=\"https:\/\/semmelweis.hu\/immun-patofiziologia\/files\/2022\/07\/IMG_20220718_171016-2-734x1024.jpg\" alt=\"\" width=\"734\" height=\"1024\" srcset=\"https:\/\/semmelweis.hu\/immun-patofiziologia\/files\/2022\/07\/IMG_20220718_171016-2-734x1024.jpg 734w, https:\/\/semmelweis.hu\/immun-patofiziologia\/files\/2022\/07\/IMG_20220718_171016-2-215x300.jpg 215w, https:\/\/semmelweis.hu\/immun-patofiziologia\/files\/2022\/07\/IMG_20220718_171016-2-768x1071.jpg 768w, https:\/\/semmelweis.hu\/immun-patofiziologia\/files\/2022\/07\/IMG_20220718_171016-2-753x1050.jpg 753w, https:\/\/semmelweis.hu\/immun-patofiziologia\/files\/2022\/07\/IMG_20220718_171016-2.jpg 890w\" sizes=\"auto, (max-width: 734px) 100vw, 734px\" \/><\/a><\/p>\n<\/div>\n<\/div>\n<\/div>\n<\/div>\n<div class=\"exp-col-content-holder\">\n<p><a class=\"expand-cnt-link\">Schvarcz Csaba<\/a><\/p>\n<div class=\"hidden-content\">\n<div class=\"exp-col-content-holder\">\n<p><a class=\"expand-cnt-link\">FAM\u00c9 Ifj\u00fas\u00e1gi Szekci\u00f3 poszter d\u00edja 2019<\/a><\/p>\n<div class=\"hidden-content\">\n<p class=\"hiddenContentp\"><a href=\"https:\/\/semmelweis.hu\/immun-patofiziologia\/files\/2023\/01\/SC22423012509560.png\"><img loading=\"lazy\" decoding=\"async\" class=\"alignnone wp-image-2143\" src=\"https:\/\/semmelweis.hu\/immun-patofiziologia\/files\/2023\/01\/SC22423012509560.png\" alt=\"\" width=\"812\" height=\"1149\" \/><\/a><\/p>\n<\/div>\n<\/div>\n<div class=\"exp-col-content-holder\">\n<p><a class=\"expand-cnt-link\">PhD Tudom\u00e1nyos Napok 2022 prezent\u00e1ci\u00f3, Onkol\u00f3gia Szekci\u00f3 I. d\u00edj<\/a><\/p>\n<div class=\"hidden-content\">\n<p class=\"hiddenContentp\"><a href=\"https:\/\/semmelweis.hu\/immun-patofiziologia\/files\/2022\/07\/PhD-Tudomanyos-Napok-2022-2.jpg\"><img loading=\"lazy\" decoding=\"async\" class=\"alignnone wp-image-2141 size-large\" src=\"https:\/\/semmelweis.hu\/immun-patofiziologia\/files\/2022\/07\/PhD-Tudomanyos-Napok-2022-2-1024x724.jpg\" alt=\"\" width=\"753\" height=\"532\" srcset=\"https:\/\/semmelweis.hu\/immun-patofiziologia\/files\/2022\/07\/PhD-Tudomanyos-Napok-2022-2-1024x724.jpg 1024w, https:\/\/semmelweis.hu\/immun-patofiziologia\/files\/2022\/07\/PhD-Tudomanyos-Napok-2022-2-300x212.jpg 300w, https:\/\/semmelweis.hu\/immun-patofiziologia\/files\/2022\/07\/PhD-Tudomanyos-Napok-2022-2-768x543.jpg 768w, https:\/\/semmelweis.hu\/immun-patofiziologia\/files\/2022\/07\/PhD-Tudomanyos-Napok-2022-2-753x533.jpg 753w, https:\/\/semmelweis.hu\/immun-patofiziologia\/files\/2022\/07\/PhD-Tudomanyos-Napok-2022-2.jpg 1168w\" sizes=\"auto, (max-width: 753px) 100vw, 753px\" \/><\/a><\/p>\n<\/div>\n<\/div>\n<\/div>\n<\/div>\n<div class=\"exp-col-content-holder\">\n<p><a class=\"expand-cnt-link\">Nino Giunashvili<\/a><\/p>\n<div class=\"hidden-content\">\n<div class=\"exp-col-content-holder\">\n<p><a class=\"expand-cnt-link\">M\u00c9T Ifj\u00fas\u00e1gi Szekci\u00f3 poszter d\u00edja 2022<\/a><\/p>\n<div class=\"hidden-content\"><a href=\"https:\/\/semmelweis.hu\/immun-patofiziologia\/files\/2022\/12\/20221123_135419-scaled.jpg\"><img loading=\"lazy\" decoding=\"async\" class=\"alignnone size-large wp-image-2178\" src=\"https:\/\/semmelweis.hu\/immun-patofiziologia\/files\/2022\/12\/20221123_135419-768x1024.jpg\" alt=\"\" width=\"753\" height=\"1004\" srcset=\"https:\/\/semmelweis.hu\/immun-patofiziologia\/files\/2022\/12\/20221123_135419-768x1024.jpg 768w, https:\/\/semmelweis.hu\/immun-patofiziologia\/files\/2022\/12\/20221123_135419-225x300.jpg 225w, https:\/\/semmelweis.hu\/immun-patofiziologia\/files\/2022\/12\/20221123_135419-1152x1536.jpg 1152w, https:\/\/semmelweis.hu\/immun-patofiziologia\/files\/2022\/12\/20221123_135419-1536x2048.jpg 1536w, https:\/\/semmelweis.hu\/immun-patofiziologia\/files\/2022\/12\/20221123_135419-753x1004.jpg 753w, https:\/\/semmelweis.hu\/immun-patofiziologia\/files\/2022\/12\/20221123_135419-scaled.jpg 1920w\" sizes=\"auto, (max-width: 753px) 100vw, 753px\" \/><\/a><\/div>\n<\/div>\n<div class=\"exp-col-content-holder\">\n<p><a class=\"expand-cnt-link\">Semmelweis Szimp\u00f3zium poszter d\u00edja 2022<\/a><\/p>\n<div class=\"hidden-content\">\n<p class=\"hiddenContentp\">&#8230;<\/p>\n<\/div>\n<\/div>\n<\/div>\n<\/div>\n<div class=\"exp-col-content-holder\">\n<p><a class=\"expand-cnt-link\">Tod P\u00e1l<\/a><\/p>\n<div class=\"hidden-content\">\n<div class=\"exp-col-content-holder\">\n<p><a class=\"expand-cnt-link\">D1 cikk jutalom<\/a><\/p>\n<div class=\"hidden-content\">\n<p class=\"hiddenContentp\"><a href=\"https:\/\/semmelweis.hu\/immun-patofiziologia\/files\/2022\/12\/Tod-D1-cikk-300e-jutalom.jpeg\"><img loading=\"lazy\" decoding=\"async\" class=\"alignnone size-large wp-image-2193\" src=\"https:\/\/semmelweis.hu\/immun-patofiziologia\/files\/2022\/12\/Tod-D1-cikk-300e-jutalom-724x1024.jpeg\" alt=\"\" width=\"724\" height=\"1024\" srcset=\"https:\/\/semmelweis.hu\/immun-patofiziologia\/files\/2022\/12\/Tod-D1-cikk-300e-jutalom-724x1024.jpeg 724w, https:\/\/semmelweis.hu\/immun-patofiziologia\/files\/2022\/12\/Tod-D1-cikk-300e-jutalom-212x300.jpeg 212w, https:\/\/semmelweis.hu\/immun-patofiziologia\/files\/2022\/12\/Tod-D1-cikk-300e-jutalom-768x1087.jpeg 768w, https:\/\/semmelweis.hu\/immun-patofiziologia\/files\/2022\/12\/Tod-D1-cikk-300e-jutalom-753x1065.jpeg 753w, https:\/\/semmelweis.hu\/immun-patofiziologia\/files\/2022\/12\/Tod-D1-cikk-300e-jutalom.jpeg 793w\" sizes=\"auto, (max-width: 724px) 100vw, 724px\" \/><\/a><\/p>\n<\/div>\n<\/div>\n<\/div>\n<\/div>\n<div class=\"exp-col-content-holder\">\n<p><a class=\"expand-cnt-link\">Pedro Henrique Leroy Viana<\/a><\/p>\n<div class=\"hidden-content\">\n<div class=\"exp-col-content-holder\">\n<p><a class=\"expand-cnt-link\">PhD Tudom\u00e1nyos Napok 2023 prezent\u00e1ci\u00f3 els\u0151 d\u00edj<\/a><\/p>\n<div class=\"hidden-content\">\n<p class=\"hiddenContentp\"><img decoding=\"async\" src=\"https:\/\/semmelweis.hu\/immun-patofiziologia\/files\/2024\/01\/PEDROPHDNAPOK.png\" alt=\"\" \/><\/p>\n<\/div>\n<\/div>\n<\/div>\n<\/div>\n<div class=\"exp-col-content-holder\">\n<p><a class=\"expand-cnt-link\">Kenan Aloss<\/a><\/p>\n<div class=\"hidden-content\">\n<div class=\"exp-col-content-holder\">\n<p><a class=\"expand-cnt-link\">Semmelweis Szimp\u00f3zium 2023 legjobb poszter d\u00edj<\/a><\/p>\n<div class=\"hidden-content\">\n<p class=\"hiddenContentp\"><img decoding=\"async\" src=\"https:\/\/semmelweis.hu\/immun-patofiziologia\/files\/2024\/01\/20231214_112022-scaled.jpg\" alt=\"\" \/><\/p>\n<\/div>\n<\/div>\n<\/div>\n<\/div>\n","protected":false},"excerpt":{"rendered":"<p><a class=\"expand-cnt-link\">Hamar P\u00e9ter<\/a><\/p>\n<p><a class=\"expand-cnt-link\">Kiv\u00e1l\u00f3 PhD oktat\u00f3 d\u00edj 2024<\/a><\/p>\n<p><a href=\"#\"><\/a><a href=\"https:\/\/semmelweis.hu\/immun-patofiziologia\/files\/2024\/12\/kiv-Phd-2024.-Nov-29.jpg\"><\/a><\/p>\n<p><a class=\"expand-cnt-link\">IJMS legid\u00e9zettebb k\u00f6zlem\u00e9nyek d\u00edj<\/a><\/p>\n<p><a href=\"#\">&#8230;<\/a><\/p>\n<p><a class=\"expand-cnt-link\">\u00c1OK Kari Kiv\u00e1l\u00f3s\u00e1gi Merit D\u00edj 2023<\/a><\/p>\n<p><a href=\"#\">&#8230;<\/a><\/p>\n<p><a class=\"expand-cnt-link\">Kiv\u00e1l\u00f3 Tudom\u00e1nyos Di\u00e1kk\u00f6ri Nevel\u0151 egyetemi kit\u00fcntet\u00e9s 2022<\/a><\/p>\n<p><a href=\"#\"><\/a><a href=\"https:\/\/semmelweis.hu\/immun-patofiziologia\/files\/2022\/12\/tdk-oklev-2022-03-22-10.29.54-1.jpg\"><\/a><\/p>\n<p><a class=\"expand-cnt-link\">Kiv\u00e1l\u00f3 PhD Oktat\u00f3 d\u00edj 2022<\/a><\/p>\n<p><a href=\"#\"><\/a><a href=\"https:\/\/semmelweis.hu\/immun-patofiziologia\/files\/2022\/12\/Phd-oktato\u0301-di\u0301j-2022-11-11-12.29.44-1.jpg\"><\/a><\/p>\n<p><a class=\"expand-cnt-link\">Kari Kiv\u00e1l\u00f3s\u00e1gi Merit D\u00edj 2021<\/a><\/p>\n<p><a href=\"#\"><\/a><a href=\"https:\/\/semmelweis.hu\/immun-patofiziologia\/files\/2022\/12\/Merit-di\u0301j-2022-12-05-14.14.21-1.jpg\"><\/a><\/p>\n<p><a class=\"expand-cnt-link\">Fulbright \u00d6szt\u00f6nd\u00edj Program teljes\u00edt\u00e9se 2014<\/a><\/p>\n<p><a href=\"#\"><\/a><a href=\"https:\/\/semmelweis.hu\/immun-patofiziologia\/files\/2022\/12\/Fulbright-Scholarship-completeion-1.jpg\"><\/a><\/p>\n<p><a class=\"expand-cnt-link\">Sanofi-Aventis\/Chinon Magyar Kutat\u00e1si D\u00edj 2010<\/a><\/p>\n<p><a href=\"#\"><\/a><a href=\"https:\/\/semmelweis.hu\/immun-patofiziologia\/files\/2022\/12\/Sanoffi-kutatasi-dij-1-scaled.jpg\"><\/a><\/p>\n<p><a class=\"expand-cnt-link\">Richter Gedeon kutat\u00e1si p\u00e1lyad\u00edj 2009<\/a><\/p>\n<p><a href=\"https:\/\/semmelweis.hu\/immun-patofiziologia\/files\/2022\/12\/Richter-dij-2.jpg\"><\/a><a href=\"#\"><\/a><\/p>\n<p><a class=\"expand-cnt-link\">Cedrik Kintscher<\/a><\/p>\n<p><a class=\"expand-cnt-link\">Tudom\u00e1nyos Di\u00e1kk\u00f6ri Konferencia 2026 III. helyez\u00e9s<\/a><br \/>\n<a href=\"https:\/\/semmelweis.hu\/immun-patofiziologia\/files\/2026\/03\/Tdk-conf-26.png\"><\/a><\/p>\n<p><a class=\"expand-cnt-link\">Syeda Mahak Zahra Bokhari<\/a><\/p>\n<p><a class=\"expand-cnt-link\">PhD Tudom\u00e1nyos Napok 2022 Prezent\u00e1ci\u00f3 I. d\u00edj<\/a><\/p>\n<p><a href=\"https:\/\/semmelweis.hu\/immun-patofiziologia\/files\/2022\/07\/zahra.jpg\"><\/a><\/p>\n<p><a class=\"expand-cnt-link\">M\u00c9T V\u00e1ndorgy\u0171l\u00e9s 2022 Ifj\u00fas\u00e1gi Szekci\u00f3 poszter d\u00edja<\/a><\/p>\n<p><a href=\"https:\/\/semmelweis.hu\/immun-patofiziologia\/files\/2022\/07\/IMG_20220718_171016-2.jpg\"><\/a><\/p>\n<p><a class=\"expand-cnt-link\">Schvarcz Csaba<\/a><\/p>\n<p><a class=\"expand-cnt-link\">FAM\u00c9 Ifj\u00fas\u00e1gi Szekci\u00f3 poszter d\u00edja 2019<\/a><\/p>\n<p><a href=\"https:\/\/semmelweis.hu\/immun-patofiziologia\/files\/2023\/01\/SC22423012509560.png\"><\/a><\/p>\n<p><a class=\"expand-cnt-link\">PhD Tudom\u00e1nyos Napok 2022 prezent\u00e1ci\u00f3, Onkol\u00f3gia Szekci\u00f3 I. d\u00edj<\/a><\/p>\n<p><a href=\"https:\/\/semmelweis.hu\/immun-patofiziologia\/files\/2022\/07\/PhD-Tudomanyos-Napok-2022-2.jpg\"><\/a><\/p>\n<p><a class=\"expand-cnt-link\">Nino Giunashvili<\/a><\/p>\n<p><a class=\"expand-cnt-link\">M\u00c9T Ifj\u00fas\u00e1gi Szekci\u00f3 poszter d\u00edja 2022<\/a><br \/>\n<a href=\"https:\/\/semmelweis.hu\/immun-patofiziologia\/files\/2022\/12\/20221123_135419-scaled.jpg\"><\/a><\/p>\n<p><a class=\"expand-cnt-link\">Semmelweis Szimp\u00f3zium poszter d\u00edja 2022<\/a><\/p>\n<p>&#8230;<\/p>\n<p><a class=\"expand-cnt-link\">Tod P\u00e1l<\/a><\/p>\n<p><a class=\"expand-cnt-link\">D1 cikk jutalom<\/a><\/p>\n<p><a href=\"https:\/\/semmelweis.hu\/immun-patofiziologia\/files\/2022\/12\/Tod-D1-cikk-300e-jutalom.jpeg\"><\/a><\/p>\n<p><a class=\"expand-cnt-link\">Pedro Henrique Leroy Viana<\/a><\/p>\n<p><a class=\"expand-cnt-link\">PhD Tudom\u00e1nyos Napok 2023 prezent\u00e1ci\u00f3 els\u0151 d\u00edj<\/a><\/p>\n<p><a class=\"expand-cnt-link\">Kenan Aloss<\/a><\/p>\n<p><a class=\"expand-cnt-link\">Semmelweis Szimp\u00f3zium 2023 legjobb poszter d\u00edj<\/a><\/p>\n","protected":false},"author":102045,"featured_media":0,"parent":0,"menu_order":0,"comment_status":"closed","ping_status":"closed","template":"","meta":{"_acf_changed":false,"footnotes":""},"categories":[],"tags":[],"class_list":["post-2123","page","type-page","status-publish","hentry"],"acf":[],"_links":{"self":[{"href":"https:\/\/semmelweis.hu\/immun-patofiziologia\/wp-json\/wp\/v2\/pages\/2123","targetHints":{"allow":["GET"]}}],"collection":[{"href":"https:\/\/semmelweis.hu\/immun-patofiziologia\/wp-json\/wp\/v2\/pages"}],"about":[{"href":"https:\/\/semmelweis.hu\/immun-patofiziologia\/wp-json\/wp\/v2\/types\/page"}],"author":[{"embeddable":true,"href":"https:\/\/semmelweis.hu\/immun-patofiziologia\/wp-json\/wp\/v2\/users\/102045"}],"replies":[{"embeddable":true,"href":"https:\/\/semmelweis.hu\/immun-patofiziologia\/wp-json\/wp\/v2\/comments?post=2123"}],"version-history":[{"count":10,"href":"https:\/\/semmelweis.hu\/immun-patofiziologia\/wp-json\/wp\/v2\/pages\/2123\/revisions"}],"predecessor-version":[{"id":2430,"href":"https:\/\/semmelweis.hu\/immun-patofiziologia\/wp-json\/wp\/v2\/pages\/2123\/revisions\/2430"}],"wp:attachment":[{"href":"https:\/\/semmelweis.hu\/immun-patofiziologia\/wp-json\/wp\/v2\/media?parent=2123"}],"wp:term":[{"taxonomy":"category","embeddable":true,"href":"https:\/\/semmelweis.hu\/immun-patofiziologia\/wp-json\/wp\/v2\/categories?post=2123"},{"taxonomy":"post_tag","embeddable":true,"href":"https:\/\/semmelweis.hu\/immun-patofiziologia\/wp-json\/wp\/v2\/tags?post=2123"}],"curies":[{"name":"wp","href":"https:\/\/api.w.org\/{rel}","templated":true}]}}