{"id":1930,"date":"2022-04-04T11:30:58","date_gmt":"2022-04-04T09:30:58","guid":{"rendered":"https:\/\/semmelweis.hu\/immun-patofiziologia\/?page_id=1930"},"modified":"2026-04-24T14:54:01","modified_gmt":"2026-04-24T12:54:01","slug":"ssa-tdk-2","status":"publish","type":"page","link":"https:\/\/semmelweis.hu\/immun-patofiziologia\/en\/ssa-tdk-2\/","title":{"rendered":"SSA (TDK)"},"content":{"rendered":"<p><em>On this page you can find information about the Students&#8217; Scientific Association (TDK) topics and our TDK students.<\/em><\/p>\n<h2>Current TDK students:<\/h2>\n<ul>\n<li>Farah Ahmad Said Hasan, Yashika Malik, Ali Bahmani, Ryan Kim Cho, Rani Naanae, Maya Zarour, Layan Al-Haj Ali, Oleksii Likhtarov, Mohammad Massad, Lina Siddiqui, Dima Albeitar, Perei Lilla\u00a0<\/li>\n<\/ul>\n<h2>Previous TDK students:<\/h2>\n<ul>\n<li>Zoubeir Badulla<\/li>\n<li>Vaniya<\/li>\n<li>Jigyansa Priyadarsani Panda<\/li>\n<li>Cedrik Friedrich Walter Kintscher<\/li>\n<li>Yibo Gu<\/li>\n<li>Arman Rahimi<\/li>\n<li>T\u00f3th Zsanett<\/li>\n<li>Rim\u00e1r Szonja<\/li>\n<li>Or Fisher<\/li>\n<li>Homa Hakim<\/li>\n<li>Afaf Ganaiem<\/li>\n<li>Alexander Weiland<\/li>\n<li>N\u00f3ra Kocsis<\/li>\n<li>Eszter T\u00edm\u00e1r<\/li>\n<li>Bettina Farkas<\/li>\n<li>Henriett Mesterh\u00e1zi<\/li>\n<li>Zal\u00e1n Egyed<\/li>\n<li>Krisztina Szatm\u00e1ri<\/li>\n<li>Anna Porogi<\/li>\n<li>Norbert Kiss<\/li>\n<li>Szilvia Fekete<\/li>\n<li>Hannah Simon<\/li>\n<li>Lauren Parker\u00a0<\/li>\n<li>Jinok Jun<\/li>\n<li>Alexander Swoboda<\/li>\n<li>Friedrich Synder<\/li>\n<li>Kristian Hamandsen<\/li>\n<li>George Barghout<\/li>\n<li>Barbara Szmerha<\/li>\n<li>Lucin Abu Izam<\/li>\n<li>R\u00f3bert Tarszab\u00f3<\/li>\n<li>Attila Stagl<\/li>\n<li>Felix Hano<\/li>\n<li>\u00c1gnes Kov\u00e1cs<\/li>\n<li>Zal\u00e1n N\u00e9meth<\/li>\n<li>Csaba R\u00e9v\u00e9sz<\/li>\n<li>Imre Csaba Szalay<\/li>\n<li>Anna Buday<\/li>\n<li>G\u00e1bor K\u00f6k\u00e9ny<\/li>\n<\/ul>\n","protected":false},"excerpt":{"rendered":"<p>On this page you can find information about the Students&#8217; Scientific Association (TDK) topics and our TDK students. Current TDK students: Farah Ahmad Said Hasan, Yashika Malik, Ali Bahmani, Ryan Kim Cho, Rani Naanae, Maya Zarour, Layan Al-Haj Ali, Oleksii Likhtarov, Mohammad Massad, Lina Siddiqui, Dima Albeitar, Perei Lilla\u00a0 Previous TDK students: Zoubeir Badulla Vaniya &hellip;<\/p>\n","protected":false},"author":102045,"featured_media":0,"parent":0,"menu_order":5,"comment_status":"closed","ping_status":"closed","template":"","meta":{"_acf_changed":false,"footnotes":""},"categories":[],"tags":[],"class_list":["post-1930","page","type-page","status-publish","hentry"],"acf":[],"_links":{"self":[{"href":"https:\/\/semmelweis.hu\/immun-patofiziologia\/wp-json\/wp\/v2\/pages\/1930","targetHints":{"allow":["GET"]}}],"collection":[{"href":"https:\/\/semmelweis.hu\/immun-patofiziologia\/wp-json\/wp\/v2\/pages"}],"about":[{"href":"https:\/\/semmelweis.hu\/immun-patofiziologia\/wp-json\/wp\/v2\/types\/page"}],"author":[{"embeddable":true,"href":"https:\/\/semmelweis.hu\/immun-patofiziologia\/wp-json\/wp\/v2\/users\/102045"}],"replies":[{"embeddable":true,"href":"https:\/\/semmelweis.hu\/immun-patofiziologia\/wp-json\/wp\/v2\/comments?post=1930"}],"version-history":[{"count":10,"href":"https:\/\/semmelweis.hu\/immun-patofiziologia\/wp-json\/wp\/v2\/pages\/1930\/revisions"}],"predecessor-version":[{"id":2435,"href":"https:\/\/semmelweis.hu\/immun-patofiziologia\/wp-json\/wp\/v2\/pages\/1930\/revisions\/2435"}],"wp:attachment":[{"href":"https:\/\/semmelweis.hu\/immun-patofiziologia\/wp-json\/wp\/v2\/media?parent=1930"}],"wp:term":[{"taxonomy":"category","embeddable":true,"href":"https:\/\/semmelweis.hu\/immun-patofiziologia\/wp-json\/wp\/v2\/categories?post=1930"},{"taxonomy":"post_tag","embeddable":true,"href":"https:\/\/semmelweis.hu\/immun-patofiziologia\/wp-json\/wp\/v2\/tags?post=1930"}],"curies":[{"name":"wp","href":"https:\/\/api.w.org\/{rel}","templated":true}]}}