{"id":14,"date":"2013-05-17T13:54:53","date_gmt":"2012-09-11T13:41:09","guid":{"rendered":"http:\/\/semmelweis-egyetem.hu\/onkoterapiai-tanszek\/?page_id=6"},"modified":"2025-11-24T12:29:15","modified_gmt":"2025-11-24T11:29:15","slug":"munkatarsak","status":"publish","type":"page","link":"https:\/\/semmelweis.hu\/immun-patofiziologia\/munkatarsak\/","title":{"rendered":"Munkat\u00e1rsak"},"content":{"rendered":"<p><strong>Laborvezet\u0151:\u00a0<\/strong><a href=\"https:\/\/semmelweis.hu\/immun-patofiziologia\/files\/2018\/08\/15_14_03-copy-2-1.jpg\"><img loading=\"lazy\" decoding=\"async\" class=\"wp-image-1033  alignright\" src=\"https:\/\/semmelweis.hu\/immun-patofiziologia\/files\/2018\/08\/15_14_03-copy-2-1-300x282.jpg\" alt=\"\" width=\"155\" height=\"146\" srcset=\"https:\/\/semmelweis.hu\/immun-patofiziologia\/files\/2018\/08\/15_14_03-copy-2-1-300x282.jpg 300w, https:\/\/semmelweis.hu\/immun-patofiziologia\/files\/2018\/08\/15_14_03-copy-2-1-768x722.jpg 768w, https:\/\/semmelweis.hu\/immun-patofiziologia\/files\/2018\/08\/15_14_03-copy-2-1-1024x963.jpg 1024w, https:\/\/semmelweis.hu\/immun-patofiziologia\/files\/2018\/08\/15_14_03-copy-2-1-319x300.jpg 319w, https:\/\/semmelweis.hu\/immun-patofiziologia\/files\/2018\/08\/15_14_03-copy-2-1.jpg 1505w\" sizes=\"auto, (max-width: 155px) 100vw, 155px\" \/><\/a><a href=\"https:\/\/semmelweis.hu\/immun-patofiziologia\/files\/2022\/04\/Hamar-Peter.pdf\">Hamar P\u00e9ter<\/a><\/p>\n<ul>\n<li><a href=\"http:\/\/www.doktori.hu\/index.php?menuid=192&amp;sz_ID=5276\" target=\"_blank\" rel=\"noopener\">Orsz\u00e1gos Doktori Tan\u00e1cs<\/a><\/li>\n<li><a href=\"https:\/\/vm.mtmt.hu\/\/search\/slist.php?lang=0&amp;AuthorID=10000223\" target=\"_blank\" rel=\"noopener\">Magyar Tudom\u00e1nyos M\u0171vek T\u00e1ra<\/a><\/li>\n<li><a href=\"http:\/\/real-d.mtak.hu\/283\/4\/HamarPeter_5_Mu.pdf\" target=\"_blank\" rel=\"noopener\">MTA doktori \u00e9rtekez\u00e9s<\/a><\/li>\n<li><a href=\"http:\/\/www.researcherid.com\/rid\/A-8996-2010\" target=\"_blank\" rel=\"noopener\">Peter Hamar&#8217;s ResearcherID<\/a><\/li>\n<li><a href=\"https:\/\/www.researchgate.net\/profile\/Peter_Hamar\/\" target=\"_blank\" rel=\"noopener\">Peter Hamar on ResearchGate<\/a><\/li>\n<\/ul>\n<hr \/>\n<p><strong><a href=\"https:\/\/semmelweis.hu\/immun-patofiziologia\/files\/2022\/04\/szg.png\"><img loading=\"lazy\" decoding=\"async\" class=\"wp-image-2017 alignright\" src=\"https:\/\/semmelweis.hu\/immun-patofiziologia\/files\/2022\/04\/szg-239x300.png\" alt=\"\" width=\"121\" height=\"151\" srcset=\"https:\/\/semmelweis.hu\/immun-patofiziologia\/files\/2022\/04\/szg-239x300.png 239w, https:\/\/semmelweis.hu\/immun-patofiziologia\/files\/2022\/04\/szg.png 602w\" sizes=\"auto, (max-width: 121px) 100vw, 121px\" \/><\/a>Tudom\u00e1nyos f\u0151munkat\u00e1rs:\u00a0<\/strong><a href=\"https:\/\/semmelweis.hu\/immun-patofiziologia\/files\/2022\/04\/SzenasiG-CV-Immun-patofiziologia.pdf\">Sz\u00e9n\u00e1si G\u00e1bor<\/a><\/p>\n<ul>\n<li><a href=\"https:\/\/doktori.hu\/index.php?menuid=192&amp;lang=HU&amp;sz_ID=7881\">Orsz\u00e1gos Doktori Tan\u00e1cs<\/a><\/li>\n<li><a href=\"https:\/\/vm.mtmt.hu\/www\/index.php?AuthorID=10027489\">Magyar Tudom\u00e1nyos M\u0171vek T\u00e1ra<\/a><\/li>\n<li><a href=\"http:\/\/www.researcherid.com\/ProfileView.action?returnCode=ROUTER.Success&amp;Init=Yes&amp;SrcApp=CR&amp;queryString=KG0UuZjN5Wnbj5hTsvdQsvXoLQ9JEXasiR3QCoEYrwA%253D&amp;SID=C1p7H1BRwylmzpyas2m\">Gabor Szenasi&#8217;s ResearcherID<\/a><\/li>\n<li><a href=\"https:\/\/www.researchgate.net\/profile\/Gabor_Szenasi\">Gabor Szenasi on ResearchGate<\/a><\/li>\n<\/ul>\n<hr \/>\n<p><strong>Egyetemi adjunktus: <\/strong>Schvarcz Csaba Andr\u00e1s<\/p>\n<ul>\n<li><a href=\"https:\/\/doktori.hu\/index.php?menuid=192&amp;lang=HU&amp;sz_ID=30144\" target=\"_blank\" rel=\"noopener\">Orsz\u00e1gos Doktori Tan\u00e1cs<\/a><\/li>\n<li><a href=\"https:\/\/m2.mtmt.hu\/api\/publication?format=html&amp;labelLang=hun&amp;sort=publishedYear,desc&amp;cond=authors;eq;10067973\">MTMT publik\u00e1ci\u00f3s lista<\/a><\/li>\n<\/ul>\n<hr \/>\n<p><strong>Tudom\u00e1nyos seg\u00e9dmunkat\u00e1rs: <\/strong>R\u00e9v\u00e9sz Csaba<\/p>\n<ul>\n<li><a href=\"https:\/\/doktori.hu\/index.php?menuid=192&amp;lang=HU&amp;sz_ID=43221\" target=\"_blank\" rel=\"noopener\">Orsz\u00e1gos Doktori Tan\u00e1cs<\/a><\/li>\n<li><a href=\"https:\/\/m2.mtmt.hu\/api\/publication?format=html&amp;labelLang=hun&amp;sort=publishedYear,desc&amp;cond=authors;eq;10054753\" target=\"_blank\" rel=\"noopener\">Magyar Tudom\u00e1nyos M\u0171vek T\u00e1ra<\/a><\/li>\n<li><a href=\"https:\/\/www.researchgate.net\/profile\/Csaba-Revesz\/2\">ResearchGate<\/a><\/li>\n<\/ul>\n<hr \/>\n<p><strong>PhD hallgat\u00f3k:<\/strong><\/p>\n<ul>\n<li>Hakim Bahlok Jebur Al-murshidy<\/li>\n<li>Qusay Osman Mohamed Abdalla<\/li>\n<li>Mohamed Ismail Abdrabelnaby Elsalahaty<\/li>\n<li>B\u00f3csi D\u00e1niel<\/li>\n<li class=\"primaryText-1172\" title=\"Ebsa Tofik Ahmed\" data-log-name=\"DisplayName\">Ebsa Tofik Ahmed<\/li>\n<li title=\"Ebsa Tofik Ahmed\" data-log-name=\"DisplayName\">Mingming He<\/li>\n<li title=\"Ebsa Tofik Ahmed\" data-log-name=\"DisplayName\">Yibo Gu<\/li>\n<li title=\"Ebsa Tofik Ahmed\" data-log-name=\"DisplayName\">Cedrik Friedrich Walter Kintscher<\/li>\n<li class=\"primaryText-1172\" title=\"Ebsa Tofik Ahmed\" data-log-name=\"DisplayName\">Zolcs\u00e1k Zita (<a href=\"https:\/\/doktori.hu\/index.php?menuid=192&amp;lang=HU&amp;sz_ID=37939\">ODT<\/a>)<\/li>\n<li>N\u00e9meth Zal\u00e1n<\/li>\n<\/ul>\n<hr \/>\n<p><strong>Kutat\u00e1si asszisztens:<\/strong><\/p>\n<ul>\n<li>Ko\u00f3s Zolt\u00e1n<\/li>\n<li>Eslam Mohamed Abdalhamied Abdalalem<\/li>\n<\/ul>\n<hr \/>\n<p><strong>Kor\u00e1bbi PhD hallgat\u00f3k:<\/strong><\/p>\n<ul>\n<li>R\u00e9v\u00e9sz Csaba (<a href=\"https:\/\/doktori.hu\/index.php?menuid=192&amp;lang=HU&amp;sz_ID=43221\">ODT<\/a>, <a href=\"https:\/\/m2.mtmt.hu\/api\/publication?format=html&amp;labelLang=hun&amp;sort=publishedYear,desc&amp;cond=authors;eq;10054753\">MTMT<\/a>, <a href=\"https:\/\/www.researchgate.net\/profile\/Csaba-Revesz\/2\">ResearchGate)<\/a><\/li>\n<li>Pedro Henrique Leroy Viana (<a href=\"https:\/\/m2.mtmt.hu\/api\/publication?format=html&amp;labelLang=hun&amp;sort=publishedYear,desc&amp;cond=authors;eq;10067973\">MTMT publik\u00e1ci\u00f3s lista<\/a>, <a href=\"https:\/\/doktori.hu\/index.php?menuid=193&amp;vid=29270&amp;lang=HU\">ODT<\/a>, <a href=\"https:\/\/semmelweis.hu\/immun-patofiziologia\/files\/2024\/11\/Public-defense_Pedro-Leroy.pptx\">Nyilv\u00e1nos PhD v\u00e9d\u00e9s<\/a>)<\/li>\n<li>Nino Giunashvili (<a href=\"https:\/\/doktori.hu\/index.php?menuid=193&amp;lang=HU&amp;vid=29148\">MTMT publik\u00e1ci\u00f3s lista<\/a>, <a href=\"https:\/\/doktori.hu\/doktori-kepzes\/szemelyek\/37944\/\">ODT<\/a>, <a href=\"https:\/\/semmelweis.hu\/immun-patofiziologia\/files\/2024\/11\/PhD-defense_public-Nino.pptx\">Nyilv\u00e1nos PhD v\u00e9d\u00e9s<\/a>)<\/li>\n<li>Syeda Mahak Zahra Bokhari (<a href=\"https:\/\/m2.mtmt.hu\/api\/author\/10076178\">MTMT publik\u00e1ci\u00f3s lista<\/a>, <a href=\"https:\/\/doktori.hu\/doktori-kepzes\/szemelyek\/37961\/\">ODT<\/a>, <a href=\"https:\/\/semmelweis.hu\/immun-patofiziologia\/files\/2024\/11\/Public-defense-Zahra.pptx\">Nyilv\u00e1nos PhD v\u00e9d\u00e9s<\/a>)<\/li>\n<li>Kenan Aloss (<a href=\"https:\/\/m2.mtmt.hu\/api\/publication?format=html&amp;labelLang=hun&amp;sort=publishedYear,desc&amp;cond=authors;eq;10067973\">MTMT publik\u00e1ci\u00f3s lista, <\/a><a href=\"https:\/\/doktori.hu\/index.php?menuid=193&amp;lang=HU&amp;vid=29349\">ODT, <\/a><a href=\"https:\/\/semmelweis.hu\/immun-patofiziologia\/files\/2024\/11\/defense-ppt-Kenan.pptx\">Nyilv\u00e1nos PhD v\u00e9d\u00e9s<\/a>)<\/li>\n<li>Schvarcz Csaba Andr\u00e1s (<a href=\"https:\/\/doktori.hu\/index.php?menuid=192&amp;lang=HU&amp;sz_ID=30144\" target=\"_blank\" rel=\"noopener\">ODT<\/a>, <a href=\"https:\/\/m2.mtmt.hu\/api\/publication?format=html&amp;labelLang=hun&amp;sort=publishedYear,desc&amp;cond=authors;eq;10067973\">MTMT<\/a>)<\/li>\n<li>Szalay Csaba Imre\u00a0(<a href=\"https:\/\/doktori.hu\/index.php?menuid=192&amp;lang=HU&amp;sz_ID=5288\">ODT<\/a>)<\/li>\n<li>Buday Anna (<a href=\"https:\/\/doktori.hu\/index.php?menuid=192&amp;lang=HU&amp;sz_ID=14921\">ODT<\/a>)<\/li>\n<li>R\u00e1cz Zsuzsanna (<a href=\"https:\/\/doktori.hu\/index.php?menuid=193&amp;lang=HU&amp;vid=11571\">ODT<\/a>)<\/li>\n<li>Bukosza N\u00f3ra (<a href=\"https:\/\/doktori.hu\/index.php?menuid=192&amp;lang=HU&amp;sz_ID=14624\">ODT<\/a>)<\/li>\n<li>K\u00f6k\u00e9ny G\u00e1bor (<a href=\"https:\/\/doktori.hu\/index.php?menuid=192&amp;lang=HU&amp;sz_ID=8958\">ODT<\/a>)<\/li>\n<li>Danics Lea (<a href=\"https:\/\/doktori.hu\/index.php?menuid=192&amp;lang=HU&amp;sz_ID=27011\">ODT<\/a>)<\/li>\n<li>Kaucs\u00e1r Tam\u00e1s (<a href=\"https:\/\/m2.mtmt.hu\/gui2\/?type=authors&amp;mode=browse&amp;sel=10034830\">MTMT pblik\u00e1ci\u00f3s lista<\/a>, <a href=\"https:\/\/www.researchgate.net\/profile\/Tamas_Kaucsar\">ResearchGate<\/a> \u00e9s <a href=\"https:\/\/doktori.hu\/index.php?menuid=192&amp;lang=HU&amp;sz_ID=23402\">ODT<\/a>)<\/li>\n<li>Tod P\u00e1l\u00a0(<a href=\"https:\/\/doktori.hu\/index.php?menuid=192&amp;lang=HU&amp;sz_ID=23402\">ODT<\/a>)<\/li>\n<li>R\u00f3ka Be\u00e1ta (<a href=\"https:\/\/doktori.hu\/index.php?menuid=192&amp;lang=HU&amp;sz_ID=27009\">ODT<\/a>)<\/li>\n<\/ul>\n<hr \/>\n<p><strong>Kor\u00e1bbi tagok:<\/strong><\/p>\n<ul>\n<li>Vir\u00e1g Ildik\u00f3<\/li>\n<li>Phuong Thanh Do<\/li>\n<li>God\u00f3 M\u00e1ria (<a href=\"https:\/\/pubmed.ncbi.nlm.nih.gov\/?term=godo+m&amp;filter=years.2006-2022&amp;sort=date\">Publik\u00e1ci\u00f3k<\/a>)<\/li>\n<\/ul>\n","protected":false},"excerpt":{"rendered":"<p>Laborvezet\u0151:\u00a0 <a href=\"https:\/\/semmelweis.hu\/immun-patofiziologia\/files\/2018\/08\/15_14_03-copy-2-1.jpg\"><\/a> <a href=\"https:\/\/semmelweis.hu\/immun-patofiziologia\/files\/2022\/04\/Hamar-Peter.pdf\">Hamar P\u00e9ter<\/a> <a href=\"http:\/\/www.doktori.hu\/index.php?menuid=192&amp;sz_ID=5276\" target=\"_blank\" rel=\"noopener\">Orsz\u00e1gos Doktori Tan\u00e1cs<\/a> <a href=\"https:\/\/vm.mtmt.hu\/\/search\/slist.php?lang=0&amp;AuthorID=10000223\" target=\"_blank\" rel=\"noopener\">Magyar Tudom\u00e1nyos M\u0171vek T\u00e1ra<\/a> <a href=\"http:\/\/real-d.mtak.hu\/283\/4\/HamarPeter_5_Mu.pdf\" target=\"_blank\" rel=\"noopener\">MTA doktori \u00e9rtekez\u00e9s<\/a> <a href=\"http:\/\/www.researcherid.com\/rid\/A-8996-2010\" target=\"_blank\" rel=\"noopener\">Peter Hamar&#8217;s ResearcherID<\/a> <a href=\"https:\/\/www.researchgate.net\/profile\/Peter_Hamar\/\" target=\"_blank\" rel=\"noopener\">Peter Hamar on ResearchGate<\/a> <a href=\"https:\/\/semmelweis.hu\/immun-patofiziologia\/files\/2022\/04\/szg.png\"><\/a> Tudom\u00e1nyos f\u0151munkat\u00e1rs:\u00a0 <a href=\"https:\/\/semmelweis.hu\/immun-patofiziologia\/files\/2022\/04\/SzenasiG-CV-Immun-patofiziologia.pdf\">Sz\u00e9n\u00e1si G\u00e1bor<\/a> <a href=\"https:\/\/doktori.hu\/index.php?menuid=192&amp;lang=HU&amp;sz_ID=7881\">Orsz\u00e1gos Doktori Tan\u00e1cs<\/a> <a href=\"https:\/\/vm.mtmt.hu\/www\/index.php?AuthorID=10027489\">Magyar Tudom\u00e1nyos M\u0171vek T\u00e1ra<\/a> <a href=\"http:\/\/www.researcherid.com\/ProfileView.action?returnCode=ROUTER.Success&amp;Init=Yes&amp;SrcApp=CR&amp;queryString=KG0UuZjN5Wnbj5hTsvdQsvXoLQ9JEXasiR3QCoEYrwA%253D&amp;SID=C1p7H1BRwylmzpyas2m\">Gabor Szenasi&#8217;s ResearcherID<\/a> <a href=\"https:\/\/www.researchgate.net\/profile\/Gabor_Szenasi\">Gabor Szenasi on ResearchGate<\/a> Egyetemi adjunktus: Schvarcz Csaba Andr\u00e1s <a href=\"https:\/\/doktori.hu\/index.php?menuid=192&amp;lang=HU&amp;sz_ID=30144\" target=\"_blank\" rel=\"noopener\">Orsz\u00e1gos Doktori Tan\u00e1cs<\/a> <a href=\"https:\/\/m2.mtmt.hu\/api\/publication?format=html&amp;labelLang=hun&amp;sort=publishedYear,desc&amp;cond=authors;eq;10067973\">MTMT publik\u00e1ci\u00f3s lista<\/a> Tudom\u00e1nyos seg\u00e9dmunkat\u00e1rs: R\u00e9v\u00e9sz Csaba <a href=\"https:\/\/doktori.hu\/index.php?menuid=192&amp;lang=HU&amp;sz_ID=43221\" target=\"_blank\" rel=\"noopener\">Orsz\u00e1gos Doktori Tan\u00e1cs<\/a> <a href=\"https:\/\/m2.mtmt.hu\/api\/publication?format=html&amp;labelLang=hun&amp;sort=publishedYear,desc&amp;cond=authors;eq;10054753\" target=\"_blank\" rel=\"noopener\">Magyar Tudom\u00e1nyos M\u0171vek T\u00e1ra<\/a> <a href=\"https:\/\/www.researchgate.net\/profile\/Csaba-Revesz\/2\">ResearchGate<\/a> PhD hallgat\u00f3k: Hakim Bahlok Jebur Al-murshidy Qusay Osman Mohamed Abdalla Mohamed Ismail Abdrabelnaby Elsalahaty B\u00f3csi D\u00e1niel Ebsa Tofik Ahmed Mingming He Yibo Gu Cedrik Friedrich Walter Kintscher Zolcs\u00e1k Zita ( <a href=\"https:\/\/doktori.hu\/index.php?menuid=192&amp;lang=HU&amp;sz_ID=37939\">ODT<\/a> ) N\u00e9meth Zal\u00e1n Kutat\u00e1si asszisztens: Ko\u00f3s Zolt\u00e1n Eslam Mohamed Abdalhamied Abdalalem Kor\u00e1bbi PhD &hellip;<\/p>\n","protected":false},"author":163,"featured_media":0,"parent":0,"menu_order":4,"comment_status":"closed","ping_status":"closed","template":"","meta":{"_acf_changed":false,"footnotes":""},"categories":[],"tags":[],"class_list":["post-14","page","type-page","status-publish","hentry"],"acf":[],"_links":{"self":[{"href":"https:\/\/semmelweis.hu\/immun-patofiziologia\/wp-json\/wp\/v2\/pages\/14","targetHints":{"allow":["GET"]}}],"collection":[{"href":"https:\/\/semmelweis.hu\/immun-patofiziologia\/wp-json\/wp\/v2\/pages"}],"about":[{"href":"https:\/\/semmelweis.hu\/immun-patofiziologia\/wp-json\/wp\/v2\/types\/page"}],"author":[{"embeddable":true,"href":"https:\/\/semmelweis.hu\/immun-patofiziologia\/wp-json\/wp\/v2\/users\/163"}],"replies":[{"embeddable":true,"href":"https:\/\/semmelweis.hu\/immun-patofiziologia\/wp-json\/wp\/v2\/comments?post=14"}],"version-history":[{"count":14,"href":"https:\/\/semmelweis.hu\/immun-patofiziologia\/wp-json\/wp\/v2\/pages\/14\/revisions"}],"predecessor-version":[{"id":2392,"href":"https:\/\/semmelweis.hu\/immun-patofiziologia\/wp-json\/wp\/v2\/pages\/14\/revisions\/2392"}],"wp:attachment":[{"href":"https:\/\/semmelweis.hu\/immun-patofiziologia\/wp-json\/wp\/v2\/media?parent=14"}],"wp:term":[{"taxonomy":"category","embeddable":true,"href":"https:\/\/semmelweis.hu\/immun-patofiziologia\/wp-json\/wp\/v2\/categories?post=14"},{"taxonomy":"post_tag","embeddable":true,"href":"https:\/\/semmelweis.hu\/immun-patofiziologia\/wp-json\/wp\/v2\/tags?post=14"}],"curies":[{"name":"wp","href":"https:\/\/api.w.org\/{rel}","templated":true}]}}