{"id":1010,"date":"2017-03-16T19:23:40","date_gmt":"2017-03-16T18:23:40","guid":{"rendered":"http:\/\/semmelweis.hu\/immun-patofiziologia\/?page_id=1010"},"modified":"2024-11-04T11:22:34","modified_gmt":"2024-11-04T10:22:34","slug":"phd-osztondij","status":"publish","type":"page","link":"https:\/\/semmelweis.hu\/immun-patofiziologia\/phd-osztondij\/","title":{"rendered":"\u00c1ll\u00e1s lehet\u0151s\u00e9g"},"content":{"rendered":"<p>V\u00e1rjuk PhD \u00e9s TDK hallgat\u00f3k jelentkez\u00e9s\u00e9t, akiket \u00e9rdekel a nefrol\u00f3gia vagy az onkol\u00f3gia.<\/p>\n<p>Jelentkez\u00e9s az al\u00e1bbi email c\u00edmen lehets\u00e9ges: <strong><a href=\"mailto:koos.zoltan@semmelweis.hu\">koos.zoltan@semmelweis.hu<\/a><\/strong><\/p>\n","protected":false},"excerpt":{"rendered":"<p>V\u00e1rjuk PhD \u00e9s TDK hallgat\u00f3k jelentkez\u00e9s\u00e9t, akiket \u00e9rdekel a nefrol\u00f3gia vagy az onkol\u00f3gia.<br \/>\nJelentkez\u00e9s az al\u00e1bbi email c\u00edmen lehets\u00e9ges: <a href=\"mailto:koos.zoltan@semmelweis.hu\">koos.zoltan@semmelweis.hu<\/a><\/p>\n","protected":false},"author":163,"featured_media":0,"parent":0,"menu_order":6,"comment_status":"closed","ping_status":"closed","template":"","meta":{"_acf_changed":false,"footnotes":""},"categories":[],"tags":[],"class_list":["post-1010","page","type-page","status-publish","hentry"],"acf":[],"_links":{"self":[{"href":"https:\/\/semmelweis.hu\/immun-patofiziologia\/wp-json\/wp\/v2\/pages\/1010","targetHints":{"allow":["GET"]}}],"collection":[{"href":"https:\/\/semmelweis.hu\/immun-patofiziologia\/wp-json\/wp\/v2\/pages"}],"about":[{"href":"https:\/\/semmelweis.hu\/immun-patofiziologia\/wp-json\/wp\/v2\/types\/page"}],"author":[{"embeddable":true,"href":"https:\/\/semmelweis.hu\/immun-patofiziologia\/wp-json\/wp\/v2\/users\/163"}],"replies":[{"embeddable":true,"href":"https:\/\/semmelweis.hu\/immun-patofiziologia\/wp-json\/wp\/v2\/comments?post=1010"}],"version-history":[{"count":13,"href":"https:\/\/semmelweis.hu\/immun-patofiziologia\/wp-json\/wp\/v2\/pages\/1010\/revisions"}],"predecessor-version":[{"id":2352,"href":"https:\/\/semmelweis.hu\/immun-patofiziologia\/wp-json\/wp\/v2\/pages\/1010\/revisions\/2352"}],"wp:attachment":[{"href":"https:\/\/semmelweis.hu\/immun-patofiziologia\/wp-json\/wp\/v2\/media?parent=1010"}],"wp:term":[{"taxonomy":"category","embeddable":true,"href":"https:\/\/semmelweis.hu\/immun-patofiziologia\/wp-json\/wp\/v2\/categories?post=1010"},{"taxonomy":"post_tag","embeddable":true,"href":"https:\/\/semmelweis.hu\/immun-patofiziologia\/wp-json\/wp\/v2\/tags?post=1010"}],"curies":[{"name":"wp","href":"https:\/\/api.w.org\/{rel}","templated":true}]}}