{"id":970,"date":"2022-03-10T13:23:41","date_gmt":"2022-03-10T12:23:41","guid":{"rendered":"https:\/\/semmelweis.hu\/igazsagugy\/?page_id=970"},"modified":"2023-05-31T14:12:26","modified_gmt":"2023-05-31T12:12:26","slug":"betegjogi-kepviselo","status":"publish","type":"page","link":"https:\/\/semmelweis.hu\/igazsagugy\/rolunk\/betegjogi-kepviselo\/","title":{"rendered":"Betegjogi k\u00e9pvisel\u0151"},"content":{"rendered":"<p>Panasz\u00e1val fordulhat a ter\u00fcletileg illet\u00e9kes betegjogi k\u00e9pvisel\u0151h\u00f6z is.<\/p>\n<p><strong>Ter\u00fcletileg illet\u00e9kes betegjogi k\u00e9pvisel\u0151:<\/strong><\/p>\n<p><strong>Dr. Mina Andr\u00e1s<\/strong><br \/>\nbetegjogi k\u00e9pvisel\u0151<\/p>\n<p><strong>El\u00e9rhet\u0151s\u00e9gei:<\/strong><\/p>\n<ul>\n<li>Telefon: +36 20\/489-9577<\/li>\n<li>e-mail c\u00edm: <a href=\"mailto:andras.mina@ijb.emmi.gov.hu\">andras.mina@ijb.emmi.gov.hu<\/a><\/li>\n<\/ul>\n<p>A betegjogi k\u00e9pvisel\u0151 az eg\u00e9szs\u00e9g\u00fcgyi int\u00e9zm\u00e9nyt\u0151l f\u00fcggetlen szem\u00e9ly, az Integr\u00e1lt Jogv\u00e9delmi Szolg\u00e1lat munkat\u00e1rsa.<\/p>\n","protected":false},"excerpt":{"rendered":"<p>Panasz\u00e1val fordulhat a ter\u00fcletileg illet\u00e9kes betegjogi k\u00e9pvisel\u0151h\u00f6z is.<br \/>\nTer\u00fcletileg illet\u00e9kes betegjogi k\u00e9pvisel\u0151:<br \/>\nDr. Mina Andr\u00e1s<br \/>\nbetegjogi k\u00e9pvisel\u0151<br \/>\nEl\u00e9rhet\u0151s\u00e9gei:<\/p>\n<p>Telefon: +36 20\/489-9577<br \/>\ne-mail c\u00edm: <a href=\"mailto:andras.mina@ijb.emmi.gov.hu\">andras.mina@ijb.emmi.gov.hu<\/a><\/p>\n<p>A betegjogi k\u00e9pvisel\u0151 az eg\u00e9szs\u00e9g\u00fcgyi int\u00e9zm\u00e9nyt\u0151l f\u00fcggetlen szem\u00e9ly, az Integr\u00e1lt Jogv\u00e9delmi Szolg\u00e1lat munkat\u00e1rsa.<\/p>\n","protected":false},"author":101997,"featured_media":0,"parent":11,"menu_order":4,"comment_status":"closed","ping_status":"closed","template":"","meta":{"_acf_changed":false,"footnotes":""},"categories":[],"tags":[],"class_list":["post-970","page","type-page","status-publish","hentry"],"acf":[],"_links":{"self":[{"href":"https:\/\/semmelweis.hu\/igazsagugy\/wp-json\/wp\/v2\/pages\/970","targetHints":{"allow":["GET"]}}],"collection":[{"href":"https:\/\/semmelweis.hu\/igazsagugy\/wp-json\/wp\/v2\/pages"}],"about":[{"href":"https:\/\/semmelweis.hu\/igazsagugy\/wp-json\/wp\/v2\/types\/page"}],"author":[{"embeddable":true,"href":"https:\/\/semmelweis.hu\/igazsagugy\/wp-json\/wp\/v2\/users\/101997"}],"replies":[{"embeddable":true,"href":"https:\/\/semmelweis.hu\/igazsagugy\/wp-json\/wp\/v2\/comments?post=970"}],"version-history":[{"count":3,"href":"https:\/\/semmelweis.hu\/igazsagugy\/wp-json\/wp\/v2\/pages\/970\/revisions"}],"predecessor-version":[{"id":973,"href":"https:\/\/semmelweis.hu\/igazsagugy\/wp-json\/wp\/v2\/pages\/970\/revisions\/973"}],"up":[{"embeddable":true,"href":"https:\/\/semmelweis.hu\/igazsagugy\/wp-json\/wp\/v2\/pages\/11"}],"wp:attachment":[{"href":"https:\/\/semmelweis.hu\/igazsagugy\/wp-json\/wp\/v2\/media?parent=970"}],"wp:term":[{"taxonomy":"category","embeddable":true,"href":"https:\/\/semmelweis.hu\/igazsagugy\/wp-json\/wp\/v2\/categories?post=970"},{"taxonomy":"post_tag","embeddable":true,"href":"https:\/\/semmelweis.hu\/igazsagugy\/wp-json\/wp\/v2\/tags?post=970"}],"curies":[{"name":"wp","href":"https:\/\/api.w.org\/{rel}","templated":true}]}}