{"id":954,"date":"2021-12-03T08:33:32","date_gmt":"2021-12-03T07:33:32","guid":{"rendered":"https:\/\/semmelweis.hu\/igazsagugy\/?page_id=954"},"modified":"2023-05-31T13:11:35","modified_gmt":"2023-05-31T11:11:35","slug":"intezkedesi-terv-omvh-felmeres-eredmenye-alapjan","status":"publish","type":"page","link":"https:\/\/semmelweis.hu\/igazsagugy\/oktatas\/intezkedesi-terv-omvh-felmeres-eredmenye-alapjan\/","title":{"rendered":"Int\u00e9zked\u00e9si terv OMVH felm\u00e9r\u00e9s eredm\u00e9nye alapj\u00e1n"},"content":{"rendered":"<p><a href=\"https:\/\/semmelweis.hu\/igazsagugy\/files\/2023\/04\/Intezkedesi-terv-a-2022p23-I.-felev-AOK-jav.docx\">Int\u00e9zked\u00e9si terv 2022\/23 I. f\u00e9l\u00e9v \u00c1OK<\/a><\/p>\n<p><a href=\"https:\/\/semmelweis.hu\/igazsagugy\/files\/2023\/04\/Intezkedesi-terv-a-2022p23-I.-felev-FOK.docx\">Int\u00e9zked\u00e9si terv 2022\/23 I. f\u00e9l\u00e9v FOK<\/a><\/p>\n","protected":false},"excerpt":{"rendered":"<p><a href=\"https:\/\/semmelweis.hu\/igazsagugy\/files\/2023\/04\/Intezkedesi-terv-a-2022p23-I.-felev-AOK-jav.docx\">Int\u00e9zked\u00e9si terv 2022\/23 I. f\u00e9l\u00e9v \u00c1OK<\/a><br \/>\n<a href=\"https:\/\/semmelweis.hu\/igazsagugy\/files\/2023\/04\/Intezkedesi-terv-a-2022p23-I.-felev-FOK.docx\">Int\u00e9zked\u00e9si terv 2022\/23 I. f\u00e9l\u00e9v FOK<\/a><\/p>\n","protected":false},"author":136,"featured_media":0,"parent":18,"menu_order":6,"comment_status":"closed","ping_status":"closed","template":"","meta":{"_acf_changed":false,"footnotes":""},"categories":[],"tags":[],"class_list":["post-954","page","type-page","status-publish","hentry"],"acf":[],"_links":{"self":[{"href":"https:\/\/semmelweis.hu\/igazsagugy\/wp-json\/wp\/v2\/pages\/954","targetHints":{"allow":["GET"]}}],"collection":[{"href":"https:\/\/semmelweis.hu\/igazsagugy\/wp-json\/wp\/v2\/pages"}],"about":[{"href":"https:\/\/semmelweis.hu\/igazsagugy\/wp-json\/wp\/v2\/types\/page"}],"author":[{"embeddable":true,"href":"https:\/\/semmelweis.hu\/igazsagugy\/wp-json\/wp\/v2\/users\/136"}],"replies":[{"embeddable":true,"href":"https:\/\/semmelweis.hu\/igazsagugy\/wp-json\/wp\/v2\/comments?post=954"}],"version-history":[{"count":5,"href":"https:\/\/semmelweis.hu\/igazsagugy\/wp-json\/wp\/v2\/pages\/954\/revisions"}],"predecessor-version":[{"id":1018,"href":"https:\/\/semmelweis.hu\/igazsagugy\/wp-json\/wp\/v2\/pages\/954\/revisions\/1018"}],"up":[{"embeddable":true,"href":"https:\/\/semmelweis.hu\/igazsagugy\/wp-json\/wp\/v2\/pages\/18"}],"wp:attachment":[{"href":"https:\/\/semmelweis.hu\/igazsagugy\/wp-json\/wp\/v2\/media?parent=954"}],"wp:term":[{"taxonomy":"category","embeddable":true,"href":"https:\/\/semmelweis.hu\/igazsagugy\/wp-json\/wp\/v2\/categories?post=954"},{"taxonomy":"post_tag","embeddable":true,"href":"https:\/\/semmelweis.hu\/igazsagugy\/wp-json\/wp\/v2\/tags?post=954"}],"curies":[{"name":"wp","href":"https:\/\/api.w.org\/{rel}","templated":true}]}}