{"id":946,"date":"2021-11-23T11:30:19","date_gmt":"2021-11-23T10:30:19","guid":{"rendered":"https:\/\/semmelweis.hu\/igazsagugy\/?page_id=946"},"modified":"2023-05-31T14:36:29","modified_gmt":"2023-05-31T12:36:29","slug":"thesis-topics","status":"publish","type":"page","link":"https:\/\/semmelweis.hu\/igazsagugy\/english-education\/thesis-topics\/","title":{"rendered":"Thesis topics"},"content":{"rendered":"<h4><strong>Titles:\u00a0 Dr. T\u00f6r\u0151 Kl\u00e1ra<\/strong><\/h4>\n<ul>\n<li>Sudden death<\/li>\n<li>Suicide<\/li>\n<li>Cranial injuries<\/li>\n<li>Traffic accidents<\/li>\n<li>Forensic identification<\/li>\n<li>Mental diseases and forensic medicine<\/li>\n<li>Differentiation between self- and another person-inflicted injuries<\/li>\n<\/ul>\n","protected":false},"excerpt":{"rendered":"<p>Titles:\u00a0 Dr. T\u00f6r\u0151 Kl\u00e1ra<\/p>\n<p>Sudden death<br \/>\nSuicide<br \/>\nCranial injuries<br \/>\nTraffic accidents<br \/>\nForensic identification<br \/>\nMental diseases and forensic medicine<br \/>\nDifferentiation between self- and another person-inflicted injuries<\/p>\n","protected":false},"author":136,"featured_media":0,"parent":555,"menu_order":5,"comment_status":"closed","ping_status":"closed","template":"","meta":{"_acf_changed":false,"footnotes":""},"categories":[],"tags":[],"class_list":["post-946","page","type-page","status-publish","hentry"],"acf":[],"_links":{"self":[{"href":"https:\/\/semmelweis.hu\/igazsagugy\/wp-json\/wp\/v2\/pages\/946","targetHints":{"allow":["GET"]}}],"collection":[{"href":"https:\/\/semmelweis.hu\/igazsagugy\/wp-json\/wp\/v2\/pages"}],"about":[{"href":"https:\/\/semmelweis.hu\/igazsagugy\/wp-json\/wp\/v2\/types\/page"}],"author":[{"embeddable":true,"href":"https:\/\/semmelweis.hu\/igazsagugy\/wp-json\/wp\/v2\/users\/136"}],"replies":[{"embeddable":true,"href":"https:\/\/semmelweis.hu\/igazsagugy\/wp-json\/wp\/v2\/comments?post=946"}],"version-history":[{"count":3,"href":"https:\/\/semmelweis.hu\/igazsagugy\/wp-json\/wp\/v2\/pages\/946\/revisions"}],"predecessor-version":[{"id":1077,"href":"https:\/\/semmelweis.hu\/igazsagugy\/wp-json\/wp\/v2\/pages\/946\/revisions\/1077"}],"up":[{"embeddable":true,"href":"https:\/\/semmelweis.hu\/igazsagugy\/wp-json\/wp\/v2\/pages\/555"}],"wp:attachment":[{"href":"https:\/\/semmelweis.hu\/igazsagugy\/wp-json\/wp\/v2\/media?parent=946"}],"wp:term":[{"taxonomy":"category","embeddable":true,"href":"https:\/\/semmelweis.hu\/igazsagugy\/wp-json\/wp\/v2\/categories?post=946"},{"taxonomy":"post_tag","embeddable":true,"href":"https:\/\/semmelweis.hu\/igazsagugy\/wp-json\/wp\/v2\/tags?post=946"}],"curies":[{"name":"wp","href":"https:\/\/api.w.org\/{rel}","templated":true}]}}