{"id":899,"date":"2021-07-18T16:42:53","date_gmt":"2021-07-18T14:42:53","guid":{"rendered":"https:\/\/semmelweis.hu\/igazsagugy\/?page_id=899"},"modified":"2021-08-30T09:48:58","modified_gmt":"2021-08-30T07:48:58","slug":"a-tomeges-es-katasztrofahelyzetek-igazsagugyi-es-surgossegi-orvostani-vonatkozasai-2021-09-10","status":"publish","type":"page","link":"https:\/\/semmelweis.hu\/igazsagugy\/tovabbkepzesek\/a-tomeges-es-katasztrofahelyzetek-igazsagugyi-es-surgossegi-orvostani-vonatkozasai-2021-09-10\/","title":{"rendered":"A t\u00f6meges- \u00e9s katasztr\u00f3fahelyzetek igazs\u00e1g\u00fcgyi- \u00e9s s\u00fcrg\u0151ss\u00e9gi orvostani vonatkoz\u00e1sai &#8211; 2021.09.10."},"content":{"rendered":"<p><strong>Szabadon v\u00e1laszhat\u00f3 pontszerz\u0151 tov\u00e1bbk\u00e9pz\u00e9s<\/strong><\/p>\n<p>A Semmelweis Egyetem Igazs\u00e1g\u00fcgyi \u00e9s Biztos\u00edt\u00e1s-orvostani Int\u00e9zet szervez\u00e9s\u00e9ben<\/p>\n<p><em><u>Tekintettel a j\u00e1rv\u00e1ny\u00fcgyi helyzetre, a tov\u00e1bbk\u00e9pz\u00e9s<strong>\u00a0online form\u00e1ban\u00a0<\/strong>ker\u00fcl megtart\u00e1sra.<\/u><\/em><\/p>\n<p><em><u>A tov\u00e1bbi inform\u00e1ci\u00f3kr\u00f3l a regisztr\u00e1ci\u00f3 ut\u00e1n kapnak \u00e9rtes\u00edt\u00e9st a r\u00e9sztvev\u0151k.<\/u><\/em><\/p>\n<p><strong><em><u>Akik m\u00falt \u00e9vben regisztr\u00e1ltak \u201eA prehospit\u00e1lis s\u00fcrg\u0151ss\u00e9gi ell\u00e1t\u00e1s igazs\u00e1g\u00fcgyi orvostani vonatkoz\u00e1sai\u201d c\u00edm\u0171 tov\u00e1bbk\u00e9pz\u00e9sre,\u00a050% kedvezm\u00e9nyt kapnak a regisztr\u00e1ci\u00f3s d\u00edjb\u00f3l!<\/u><\/em><\/strong><\/p>\n<p><strong>Id\u0151pont: 2021.09.10.<\/strong><br \/>\n<strong>Jelentkez\u00e9s\/lemond\u00e1s hat\u00e1rideje: 2021.09.05.<\/strong><\/p>\n<p><a href=\"https:\/\/semmelweis.hu\/igazsagugy\/files\/2021\/08\/Program_-A-t\u00f6meges-\u00e9s-katasztr\u00f3fahelyzetek-igazs\u00e1g\u00fcgyi-\u00e9s-s\u00fcrg\u0151ss\u00e9gi-orvostani-vonatkoz\u00e1sai.pdf\">SZAKMAI PROGRAM (let\u00f6lthet\u0151 innen)!<\/a><\/p>\n<p><strong>Orvosok r\u00e9sz\u00e9re<\/strong><br \/>\nAkkr. pont: 16 pont<br \/>\nSzakma szerinti tanfolyamon megszerzettnek min\u0151s\u00fcl: igazs\u00e1g\u00fcgyi orvostan; oxyol\u00f3gia \u00e9s s\u00fcrg\u0151ss\u00e9gi orvostan, honv\u00e9d-, katasztr\u00f3fa- \u00e9s rendv\u00e9delem orvostan, aneszteziol\u00f3gia-intenz\u00edv ter\u00e1pia, pszichother\u00e1pia<\/p>\n<p><a href=\"https:\/\/www.oftex.hu\/project_o\/actual_prg\/system\/launch.php?pg=.\/oftex\/TANF_Adatlap.php?msgid=78222&amp;tableid=0\">Jelentkez\u00e9s orvosok r\u00e9sz\u00e9re<\/a><\/p>\n<p><strong>Eg\u00e9szs\u00e9g\u00fcgyi szakdolgoz\u00f3k r\u00e9sz\u00e9re<\/strong><br \/>\nMinden szakmacsoportra \u00e9s szakm\u00e1ra megszerezhet\u0151 pontsz\u00e1m: 8 pont<\/p>\n<p><a href=\"https:\/\/tinyurl.hu\/011l\/\">Jelentkez\u00e9s eg\u00e9szs\u00e9g\u00fcgyi szakdolgoz\u00f3k r\u00e9sz\u00e9re<\/a><\/p>\n<p>\nKapcsolattart\u00f3: Gresz \u00c1gnes<br \/>\nEmail: <a href=\"mailto:gresz.agnes@med.semmelweis-univ.hu\">gresz.agnes@med.semmelweis-univ.hu<\/a><\/p>\n","protected":false},"excerpt":{"rendered":"<p>Szabadon v\u00e1laszhat\u00f3 pontszerz\u0151 tov\u00e1bbk\u00e9pz\u00e9s A Semmelweis Egyetem Igazs\u00e1g\u00fcgyi \u00e9s Biztos\u00edt\u00e1s-orvostani Int\u00e9zet szervez\u00e9s\u00e9ben Tekintettel a j\u00e1rv\u00e1ny\u00fcgyi helyzetre, a tov\u00e1bbk\u00e9pz\u00e9s\u00a0online form\u00e1ban\u00a0ker\u00fcl megtart\u00e1sra. A tov\u00e1bbi inform\u00e1ci\u00f3kr\u00f3l a regisztr\u00e1ci\u00f3 ut\u00e1n kapnak \u00e9rtes\u00edt\u00e9st a r\u00e9sztvev\u0151k. Akik m\u00falt \u00e9vben regisztr\u00e1ltak \u201eA prehospit\u00e1lis s\u00fcrg\u0151ss\u00e9gi ell\u00e1t\u00e1s igazs\u00e1g\u00fcgyi orvostani vonatkoz\u00e1sai\u201d c\u00edm\u0171 tov\u00e1bbk\u00e9pz\u00e9sre,\u00a050% kedvezm\u00e9nyt kapnak a regisztr\u00e1ci\u00f3s d\u00edjb\u00f3l! Id\u0151pont: 2021.09.10. Jelentkez\u00e9s\/lemond\u00e1s hat\u00e1rideje: 2021.09.05. <a href=\"https:\/\/semmelweis.hu\/igazsagugy\/files\/2021\/08\/Program_-A-t\u00f6meges-\u00e9s-katasztr\u00f3fahelyzetek-igazs\u00e1g\u00fcgyi-\u00e9s-s\u00fcrg\u0151ss\u00e9gi-orvostani-vonatkoz\u00e1sai.pdf\">SZAKMAI PROGRAM (let\u00f6lthet\u0151 innen)!<\/a> Orvosok r\u00e9sz\u00e9re &hellip;<\/p>\n","protected":false},"author":136,"featured_media":0,"parent":729,"menu_order":1,"comment_status":"closed","ping_status":"closed","template":"","meta":{"_acf_changed":false,"footnotes":""},"categories":[],"tags":[],"class_list":["post-899","page","type-page","status-publish","hentry"],"acf":[],"_links":{"self":[{"href":"https:\/\/semmelweis.hu\/igazsagugy\/wp-json\/wp\/v2\/pages\/899","targetHints":{"allow":["GET"]}}],"collection":[{"href":"https:\/\/semmelweis.hu\/igazsagugy\/wp-json\/wp\/v2\/pages"}],"about":[{"href":"https:\/\/semmelweis.hu\/igazsagugy\/wp-json\/wp\/v2\/types\/page"}],"author":[{"embeddable":true,"href":"https:\/\/semmelweis.hu\/igazsagugy\/wp-json\/wp\/v2\/users\/136"}],"replies":[{"embeddable":true,"href":"https:\/\/semmelweis.hu\/igazsagugy\/wp-json\/wp\/v2\/comments?post=899"}],"version-history":[{"count":7,"href":"https:\/\/semmelweis.hu\/igazsagugy\/wp-json\/wp\/v2\/pages\/899\/revisions"}],"predecessor-version":[{"id":918,"href":"https:\/\/semmelweis.hu\/igazsagugy\/wp-json\/wp\/v2\/pages\/899\/revisions\/918"}],"up":[{"embeddable":true,"href":"https:\/\/semmelweis.hu\/igazsagugy\/wp-json\/wp\/v2\/pages\/729"}],"wp:attachment":[{"href":"https:\/\/semmelweis.hu\/igazsagugy\/wp-json\/wp\/v2\/media?parent=899"}],"wp:term":[{"taxonomy":"category","embeddable":true,"href":"https:\/\/semmelweis.hu\/igazsagugy\/wp-json\/wp\/v2\/categories?post=899"},{"taxonomy":"post_tag","embeddable":true,"href":"https:\/\/semmelweis.hu\/igazsagugy\/wp-json\/wp\/v2\/tags?post=899"}],"curies":[{"name":"wp","href":"https:\/\/api.w.org\/{rel}","templated":true}]}}