{"id":895,"date":"2021-07-18T16:37:02","date_gmt":"2021-07-18T14:37:02","guid":{"rendered":"https:\/\/semmelweis.hu\/igazsagugy\/?page_id=895"},"modified":"2021-07-18T16:55:09","modified_gmt":"2021-07-18T14:55:09","slug":"a-prehospitalis-surgossegi-ellatas-igazsagugyi-orvostani-vonatkozasai-2020","status":"publish","type":"page","link":"https:\/\/semmelweis.hu\/igazsagugy\/tovabbkepzesek\/a-prehospitalis-surgossegi-ellatas-igazsagugyi-orvostani-vonatkozasai-2020\/","title":{"rendered":"A prehospit\u00e1lis s\u00fcrg\u0151ss\u00e9gi ell\u00e1t\u00e1s igazs\u00e1g\u00fcgyi orvostani vonatkoz\u00e1sai &#8211; 2020.09.11."},"content":{"rendered":"<p><strong>Szabadon v\u00e1laszhat\u00f3 pontszerz\u0151 tov\u00e1bbk\u00e9pz\u00e9s<\/strong><\/p>\n<p>A Semmelweis Egyetem Igazs\u00e1g\u00fcgyi \u00e9s Biztos\u00edt\u00e1s-orvostani Int\u00e9zet \u00e9s a Magyar Igazs\u00e1g\u00fcgyi Szak\u00e9rt\u0151i Kamara szervez\u00e9s\u00e9ben<\/p>\n<div class=\"GroupWiseMessageBody\" style=\"text-align: justify\"><span style=\"text-decoration: underline\"><i>Tekintettel a j\u00e1rv\u00e1ny\u00fcgyi helyzetre, a tov\u00e1bbk\u00e9pz\u00e9s<b> online form\u00e1ban <\/b>ker\u00fcl megtart\u00e1sra.<\/i><\/span><\/div>\n<div class=\"GroupWiseMessageBody\" style=\"text-align: justify\"><span style=\"text-decoration: underline\"><i>A tov\u00e1bbi inform\u00e1ci\u00f3kr\u00f3l a regisztr\u00e1ci\u00f3 ut\u00e1n kapnak \u00e9rtes\u00edt\u00e9st a r\u00e9sztvev\u0151k.<\/i><\/span><\/div>\n<div class=\"GroupWiseMessageBody\" style=\"text-align: justify\">\u00a0<\/div>\n<div class=\"GroupWiseMessageBody\" style=\"text-align: justify\"><span style=\"text-decoration: underline\"><i>Mivel a k\u00e9pz\u00e9s az eredetileg tervezettel ellent\u00e9tben online fog lezajlani, minden regisztr\u00e1lt r\u00e9sztvev\u0151 sz\u00e1m\u00e1ra <b>50% kedvezm\u00e9nyt biztos\u00edtunk a Semmelweis Egyetem Igazs\u00e1g\u00fcgyi \u00e9s Biztos\u00edt\u00e1s-orvostani Int\u00e9zet \u00e1ltal egy j\u00f6v\u0151ben szervezett pontszerz\u0151 tov\u00e1bbk\u00e9pz\u00e9s regisztr\u00e1ci\u00f3s d\u00edj\u00e1b\u00f3l!<\/b><\/i><\/span><\/div>\n<div>\u00a0<\/div>\n<p><strong>Id\u0151pont: 2020.09.11.<\/strong><br \/>\n<del>Helysz\u00edn: Semmelweis Egyetem Igazs\u00e1g\u00fcgyi \u00e9s Biztos\u00edt\u00e1s-orvostani Int\u00e9zet, el\u0151ad\u00f3 (1085 Budapest, \u00dcll\u0151i \u00fat 93.)<\/del><\/p>\n<p><em><strong><a href=\"https:\/\/semmelweis.hu\/igazsagugy\/files\/2020\/07\/szakmai-prog.pdf\">SZAKMAI PROGRAM (let\u00f6lthet\u0151 innen)<\/a><\/strong><\/em><\/p>\n<p><strong>Orvosok r\u00e9sz\u00e9re<\/strong><br \/>\nAkkr. pont: 14 pont<br \/>\nSzakma szerinti tanfolyamon megszerzettnek min\u0151s\u00fcl: aneszteziol.-intenz\u00edv ter\u00e1pia; h\u00e1ziorvostan; igazs\u00e1g\u00fcgyi orvostan; oxyol\u00f3gia \u00e9s s\u00fcrg\u0151ss\u00e9gi orvostan<\/p>\n<p><a href=\"https:\/\/oftex.hu\/project_o\/actual_prg\/system\/launch.php?pg=.\/oftex\/TANF_Adatlap.php?msgid=75205&amp;tableid=0&amp;retcode=tanflist\">Jelentkez\u00e9s orvosok r\u00e9sz\u00e9re<\/a><\/p>\n<p><strong>Eg\u00e9szs\u00e9g\u00fcgyi szakdolgoz\u00f3k r\u00e9sz\u00e9re<\/strong><br \/>\nMinden szakmacsoportra \u00e9s szakm\u00e1ra megszerezhet\u0151 pontsz\u00e1m: 8 pont<\/p>\n<p><a href=\"https:\/\/docs.google.com\/forms\/d\/e\/1FAIpQLSftiCW50BR1Qksbk8266nvdqDZo9nbfyeiNXvGWfPtE7X9qZA\/viewform\">Jelentkez\u00e9s eg\u00e9szs\u00e9g\u00fcgyi szakdolgoz\u00f3k r\u00e9sz\u00e9re<\/a><\/p>\n<p><del>A regisztr\u00e1ci\u00f3s d\u00edj tartalmazza a sz\u00fcnetben fogyasztott k\u00e1v\u00e9 \u00e9s p\u00e9ks\u00fctem\u00e9ny d\u00edj\u00e1t.<\/del><br \/>\nKapcsolattart\u00f3: Gresz \u00c1gnes<br \/>\nEmail: gresz.agnes@med.semmelweis-univ.hu<\/p>\n","protected":false},"excerpt":{"rendered":"<p>Szabadon v\u00e1laszhat\u00f3 pontszerz\u0151 tov\u00e1bbk\u00e9pz\u00e9s A Semmelweis Egyetem Igazs\u00e1g\u00fcgyi \u00e9s Biztos\u00edt\u00e1s-orvostani Int\u00e9zet \u00e9s a Magyar Igazs\u00e1g\u00fcgyi Szak\u00e9rt\u0151i Kamara szervez\u00e9s\u00e9ben Tekintettel a j\u00e1rv\u00e1ny\u00fcgyi helyzetre, a tov\u00e1bbk\u00e9pz\u00e9s online form\u00e1ban ker\u00fcl megtart\u00e1sra. A tov\u00e1bbi inform\u00e1ci\u00f3kr\u00f3l a regisztr\u00e1ci\u00f3 ut\u00e1n kapnak \u00e9rtes\u00edt\u00e9st a r\u00e9sztvev\u0151k. \u00a0 Mivel a k\u00e9pz\u00e9s az eredetileg tervezettel ellent\u00e9tben online fog lezajlani, minden regisztr\u00e1lt r\u00e9sztvev\u0151 sz\u00e1m\u00e1ra 50% kedvezm\u00e9nyt &hellip;<\/p>\n","protected":false},"author":136,"featured_media":0,"parent":729,"menu_order":2,"comment_status":"closed","ping_status":"closed","template":"","meta":{"_acf_changed":false,"footnotes":""},"categories":[],"tags":[],"class_list":["post-895","page","type-page","status-publish","hentry"],"acf":[],"_links":{"self":[{"href":"https:\/\/semmelweis.hu\/igazsagugy\/wp-json\/wp\/v2\/pages\/895","targetHints":{"allow":["GET"]}}],"collection":[{"href":"https:\/\/semmelweis.hu\/igazsagugy\/wp-json\/wp\/v2\/pages"}],"about":[{"href":"https:\/\/semmelweis.hu\/igazsagugy\/wp-json\/wp\/v2\/types\/page"}],"author":[{"embeddable":true,"href":"https:\/\/semmelweis.hu\/igazsagugy\/wp-json\/wp\/v2\/users\/136"}],"replies":[{"embeddable":true,"href":"https:\/\/semmelweis.hu\/igazsagugy\/wp-json\/wp\/v2\/comments?post=895"}],"version-history":[{"count":4,"href":"https:\/\/semmelweis.hu\/igazsagugy\/wp-json\/wp\/v2\/pages\/895\/revisions"}],"predecessor-version":[{"id":901,"href":"https:\/\/semmelweis.hu\/igazsagugy\/wp-json\/wp\/v2\/pages\/895\/revisions\/901"}],"up":[{"embeddable":true,"href":"https:\/\/semmelweis.hu\/igazsagugy\/wp-json\/wp\/v2\/pages\/729"}],"wp:attachment":[{"href":"https:\/\/semmelweis.hu\/igazsagugy\/wp-json\/wp\/v2\/media?parent=895"}],"wp:term":[{"taxonomy":"category","embeddable":true,"href":"https:\/\/semmelweis.hu\/igazsagugy\/wp-json\/wp\/v2\/categories?post=895"},{"taxonomy":"post_tag","embeddable":true,"href":"https:\/\/semmelweis.hu\/igazsagugy\/wp-json\/wp\/v2\/tags?post=895"}],"curies":[{"name":"wp","href":"https:\/\/api.w.org\/{rel}","templated":true}]}}