{"id":866,"date":"2020-12-03T14:11:18","date_gmt":"2020-12-03T13:11:18","guid":{"rendered":"https:\/\/semmelweis.hu\/igazsagugy\/?page_id=866"},"modified":"2023-05-31T14:37:44","modified_gmt":"2023-05-31T12:37:44","slug":"forensic-dentistry","status":"publish","type":"page","link":"https:\/\/semmelweis.hu\/igazsagugy\/english-education\/forensic-dentistry\/","title":{"rendered":"Forensic dentistry"},"content":{"rendered":"<div class=\"w-100 keretes\">Dr. T\u00f6r\u0151 Kl\u00e1ra<br \/>\nDr. Alm\u00e1di Zs\u00f3fia \u2013 educational advisor<br \/>\nDr. Ajang Armin Farid \u2013 forensic odontologist<\/div>\n<h4><strong>Titles<\/strong><\/h4>\n<ol>\n<li>Injuries in general. Documentation of injuries.<\/li>\n<li>Bitemark classifications.<\/li>\n<li>Legal responsability.<\/li>\n<li>Forensic aspects of traffic accidents, especially concerning the injuries of the face.<\/li>\n<li>Classification of asphyxia. Signs of asphyxia.<\/li>\n<li>The nature of biting (Why do people bite? Who are the main suspects in domestic violence?).<\/li>\n<li>Bitemark analyzing &#8211; methods and challenges.<\/li>\n<li>Mechanical, physical and chemical injuries.<\/li>\n<li>Closed population vs. open populations in bitemark analysis.<\/li>\n<li>Bitemark photography &#8211; methods and instruments.<\/li>\n<li>Types of childabuse.<\/li>\n<li>Abused child general indicators and psychological behavior In dental office.<\/li>\n<li>Abusing caretaker\u2019s behavior in dental office.<\/li>\n<li>Dentist\u2019s role when confronted with patient who is suffering from childabuse.<\/li>\n<li>Ante Mortem vs. Post Mortem records.<\/li>\n<li>The difference between the primary identifiers and secondary identifiers.<\/li>\n<li>Disaster Victim Identification &#8211; steps, types and challenges.<\/li>\n<li>Structure of dental team in a DVI operation.<\/li>\n<li>Dental identification in mass disaster.<\/li>\n<li>Dental identification during the Tsunami disaster vs. dental identification during the ship accident.<\/li>\n<li>Human identification (general).<\/li>\n<li>Types of mass disasters.<\/li>\n<li>Closure in mass disasters.<\/li>\n<li>Reasons of dentists being sued by patients.<\/li>\n<li>Dental malpractice.<\/li>\n<li>Steps of receiving a new patient in a dental office (administration, treatment planing).<\/li>\n<li>The Dentist\u2019s Golden Rule.<\/li>\n<li>Serial killers.<\/li>\n<li>Age estimation (types, importance).<\/li>\n<li>Forensic DNA analysis.<\/li>\n<li>Determining the cause of death. Medico-legal investigation of death.<\/li>\n<li>Effects of temperature on the body (combustion, freezing, hypothermia).<\/li>\n<\/ol>\n","protected":false},"excerpt":{"rendered":"<p>Dr. T\u00f6r\u0151 Kl\u00e1ra Dr. Alm\u00e1di Zs\u00f3fia \u2013 educational advisor Dr. Ajang Armin Farid \u2013 forensic odontologist Titles Injuries in general. Documentation of injuries. Bitemark classifications. Legal responsability. Forensic aspects of traffic accidents, especially concerning the injuries of the face. Classification of asphyxia. Signs of asphyxia. The nature of biting (Why do people bite? Who are &hellip;<\/p>\n","protected":false},"author":136,"featured_media":0,"parent":555,"menu_order":2,"comment_status":"closed","ping_status":"closed","template":"","meta":{"_acf_changed":false,"footnotes":""},"categories":[],"tags":[],"class_list":["post-866","page","type-page","status-publish","hentry"],"acf":[],"_links":{"self":[{"href":"https:\/\/semmelweis.hu\/igazsagugy\/wp-json\/wp\/v2\/pages\/866","targetHints":{"allow":["GET"]}}],"collection":[{"href":"https:\/\/semmelweis.hu\/igazsagugy\/wp-json\/wp\/v2\/pages"}],"about":[{"href":"https:\/\/semmelweis.hu\/igazsagugy\/wp-json\/wp\/v2\/types\/page"}],"author":[{"embeddable":true,"href":"https:\/\/semmelweis.hu\/igazsagugy\/wp-json\/wp\/v2\/users\/136"}],"replies":[{"embeddable":true,"href":"https:\/\/semmelweis.hu\/igazsagugy\/wp-json\/wp\/v2\/comments?post=866"}],"version-history":[{"count":6,"href":"https:\/\/semmelweis.hu\/igazsagugy\/wp-json\/wp\/v2\/pages\/866\/revisions"}],"predecessor-version":[{"id":1079,"href":"https:\/\/semmelweis.hu\/igazsagugy\/wp-json\/wp\/v2\/pages\/866\/revisions\/1079"}],"up":[{"embeddable":true,"href":"https:\/\/semmelweis.hu\/igazsagugy\/wp-json\/wp\/v2\/pages\/555"}],"wp:attachment":[{"href":"https:\/\/semmelweis.hu\/igazsagugy\/wp-json\/wp\/v2\/media?parent=866"}],"wp:term":[{"taxonomy":"category","embeddable":true,"href":"https:\/\/semmelweis.hu\/igazsagugy\/wp-json\/wp\/v2\/categories?post=866"},{"taxonomy":"post_tag","embeddable":true,"href":"https:\/\/semmelweis.hu\/igazsagugy\/wp-json\/wp\/v2\/tags?post=866"}],"curies":[{"name":"wp","href":"https:\/\/api.w.org\/{rel}","templated":true}]}}