{"id":845,"date":"2020-09-18T06:44:33","date_gmt":"2020-09-18T04:44:33","guid":{"rendered":"https:\/\/semmelweis.hu\/igazsagugy\/?page_id=845"},"modified":"2025-01-08T13:58:36","modified_gmt":"2025-01-08T12:58:36","slug":"szakertoi-iroda","status":"publish","type":"page","link":"https:\/\/semmelweis.hu\/igazsagugy\/laboratoriumok\/szakertoi-iroda\/","title":{"rendered":"Szak\u00e9rt\u0151i iroda"},"content":{"rendered":"<p><strong><u>Szak\u00e9rt\u0151i tev\u00e9kenys\u00e9g:<\/u><\/strong><\/p>\n<p>Az igazs\u00e1g\u00fcgyi szak\u00e9rt\u0151kr\u0151l sz\u00f3l\u00f3\u00a0<em>2016. \u00e9vi XXIX. t\u00f6rv\u00e9ny<\/em>\u00a0\u00e9rtelm\u00e9ben int\u00e9zet\u00fcnk igazs\u00e1g\u00fcgyi szak\u00e9rt\u0151i tev\u00e9kenys\u00e9get is v\u00e9gez:<\/p>\n<ol start=\"2\">\n<li><em> \u00a7 5. igazs\u00e1g\u00fcgyi szak\u00e9rt\u0151i int\u00e9zet: olyan &#8211; jellemz\u0151en egyetem mellett m\u0171k\u00f6d\u0151 &#8211; \u00e1llami szerv, vagy k\u00f6zfeladatot ell\u00e1t\u00f3 k\u00f6z\u00e9rdek\u0171 vagyonkezel\u0151 alap\u00edtv\u00e1ny \u00e1ltal fenntartott fels\u0151oktat\u00e1si int\u00e9zm\u00e9ny r\u00e9szek\u00e9nt m\u0171k\u00f6d\u0151 szervezet, amely kiz\u00e1r\u00f3lagosan, illetve t\u00f6rv\u00e9nyben vagy az alapszab\u00e1ly\u00e1ban meghat\u00e1rozott alaptev\u00e9kenys\u00e9g\u00e9n, \u00edgy k\u00fcl\u00f6n\u00f6sen tudom\u00e1nyos, oktat\u00f3i, kutat\u00f3i tev\u00e9kenys\u00e9g\u00e9n k\u00edv\u00fcl <strong>igazs\u00e1g\u00fcgyi szak\u00e9rt\u0151i tev\u00e9kenys\u00e9get is v\u00e9gez<\/strong>,<\/em><em style=\"font-size: 1rem\">\u00a0<\/em><\/li>\n<\/ol>\n<ol start=\"33\">\n<li><em> \u00a7 (2) Az igazs\u00e1g\u00fcgyi szak\u00e9rt\u0151i int\u00e9zet azon szakter\u00fcleteken, amelyeken a Korm\u00e1ny rendelet\u00e9ben foglaltak szerint kiz\u00e1r\u00f3lagosan jogosult szakv\u00e9lem\u00e9ny ad\u00e1s\u00e1ra, m\u00e1s kirendel\u00e9seket megel\u0151z\u0151en k\u00f6teles a kirendel\u00e9seknek eleget tenni. M\u00e1s szakter\u00fcleten t\u00f6rt\u00e9n\u0151 kirendel\u00e9se eset\u00e9n az igazs\u00e1g\u00fcgyi szak\u00e9rt\u0151i int\u00e9zet a rendelkez\u00e9s\u00e9re \u00e1ll\u00f3 er\u0151forr\u00e1sok, kapacit\u00e1sok f\u00fcggv\u00e9ny\u00e9ben teljes\u00edti a kirendel\u00e9seket.<\/em><em style=\"font-size: 1rem\">\u00a0<\/em><\/li>\n<\/ol>\n<ol start=\"34\">\n<li><em> \u00a7 (1) Az \u00fcgyben elj\u00e1r\u00f3 igazs\u00e1g\u00fcgyi szak\u00e9rt\u0151t az igazs\u00e1g\u00fcgyi szak\u00e9rt\u0151i int\u00e9zet vezet\u0151je az int\u00e9zetben m\u0171k\u00f6d\u0151, els\u0151sorban az adott szakter\u00fcletre a n\u00e9vjegyz\u00e9kbe bejegyzett igazs\u00e1g\u00fcgyi szak\u00e9rt\u0151k k\u00f6z\u00fcl jel\u00f6li ki.<\/em><\/li>\n<\/ol>\n<p><strong>\u00a0<\/strong><\/p>\n<p><strong>Int\u00e9zet\u00fcnk az al\u00e1bbi \u00fcgyekben, kapacit\u00e1st\u00f3l f\u00fcgg\u0151en v\u00e1llal kirendel\u00e9seket (b\u00fcntet\u0151-, polg\u00e1ri-, illetve nemperes elj\u00e1r\u00e1s):<\/strong><\/p>\n<ul>\n<li>testi s\u00e9rt\u00e9sek, keletkez\u00e9si mechanizmus, gy\u00f3gytartam, s\u00falyos eg\u00e9szs\u00e9groml\u00e1s, maradand\u00f3 fogyat\u00e9koss\u00e1g meg\u00e1llap\u00edt\u00e1sa,<\/li>\n<li>eg\u00e9szs\u00e9gk\u00e1rosod\u00e1s, eg\u00e9szs\u00e9gi \u00e1llapot v\u00e9lem\u00e9nyez\u00e9se,<\/li>\n<li>megv\u00e1ltozott munkak\u00e9pess\u00e9g\u0171 szem\u00e9lyek \u00f6ssz-szervezeti eg\u00e9szs\u00e9gk\u00e1rosod\u00e1s\u00e1nak, fogyat\u00e9koss\u00e1g\u00e1nak (l\u00e1t\u00e1si, hall\u00e1si, mozg\u00e1sszervi, \u00e9rtelmi), k\u00f6zleked\u0151k\u00e9pess\u00e9g\u00e9nek v\u00e9lem\u00e9nyez\u00e9se,<\/li>\n<li>fogvatarthat\u00f3s\u00e1g, t\u00e1rgyal\u00e1son megjelen\u00e9s v\u00e9lem\u00e9nyez\u00e9se,<\/li>\n<li>rendk\u00edv\u00fcli hal\u00e1lesetek v\u00e9lem\u00e9nyez\u00e9se,<\/li>\n<li>orvosi tev\u00e9kenys\u00e9g (orvosi m\u0171hiba, orvosi k\u00e1rt\u00e9r\u00edt\u00e9si perek),<\/li>\n<li>elme\u00e1llapot vizsg\u00e1lata,<\/li>\n<li>gondnoks\u00e1g al\u00e1 helyez\u00e9s,<\/li>\n<li>pszichol\u00f3giai vizsg\u00e1latok (pszich\u00e9s k\u00e1rosod\u00e1sok v\u00e9lem\u00e9nyez\u00e9se),<\/li>\n<li>alkoholos, k\u00e1b\u00edt\u00f3szeres befoly\u00e1solts\u00e1g v\u00e9lem\u00e9nyez\u00e9se,<\/li>\n<li>csek\u00e9ly\/jelent\u0151s mennyis\u00e9g v\u00e9lem\u00e9nyez\u00e9se egyes lefoglalt k\u00e1b\u00edt\u00f3szerek eset\u00e9ben,<\/li>\n<li>DNS alap\u00fa sz\u00e1rmaz\u00e1s meg\u00e1llap\u00edt\u00e1s,<\/li>\n<li>Diat\u00f3ma vizsg\u00e1latok,<\/li>\n<li>antropol\u00f3giai vizsg\u00e1latok, szem\u00e9lyazonos\u00edt\u00e1s, kamerafelv\u00e9telek \u00e9rt\u00e9kel\u00e9se,<\/li>\n<li>foglalkoz\u00e1si-rehabilit\u00e1ci\u00f3 v\u00e9lem\u00e9nyez\u00e9se.<\/li>\n<\/ul>\n<p><strong><em>\u00a0<\/em><\/strong><strong><em>Int\u00e9zet\u00fcnk mag\u00e1nszak\u00e9rt\u0151i kirendel\u00e9seket nem v\u00e1llal!<\/em><\/strong><\/p>\n<p>&nbsp;<\/p>\n<p><u>Hasznos inform\u00e1ci\u00f3k a szak\u00e9rt\u0151i vizsg\u00e1latra \u00e9rkez\u0151k r\u00e9sz\u00e9re:<\/u><\/p>\n<p>A vizsg\u00e1lat helysz\u00edne: <strong>1096 Budapest, Lenhoss\u00e9k utca 42.<\/strong> (3-as metr\u00f3 Klinik\u00e1k meg\u00e1ll\u00f3n\u00e1l)<\/p>\n<ul>\n<li>Ha megjelen\u00e9s\u00e9nek <strong>akad\u00e1lya volna<\/strong>, k\u00e9rem azt azonnal k\u00f6z\u00f6lni sz\u00edveskedjen (a pontos el\u00e9rhet\u0151s\u00e9g a vizsg\u00e1lati \u00e9rtes\u00edt\u0151 l\u00e1bjegyzet\u00e9ben alul szerepel).<\/li>\n<li>K\u00e9rj\u00fck, hogy a betegs\u00e9g\u00e9r\u0151l sz\u00f3l\u00f3, az iratokhoz m\u00e9g nem csatolt <strong>friss orvosi leleteket f\u00e9nym\u00e1solatban<\/strong>, id\u0151rendi sorrendbe rendezve hozza mag\u00e1val!<\/li>\n<li>A szak\u00e9rt\u0151i vizsg\u00e1latra t\u00f6rt\u00e9n\u0151 meg\u00e9rkez\u00e9s eset\u00e9n k\u00e9rj\u00fck <strong>jelentkezzen be<\/strong> a szak\u00e9rt\u0151 irod\u00e1ba. Az akad\u00e1lymentes bejut\u00e1shoz k\u00e9rje a szak\u00e9rt\u0151i iroda munkat\u00e1rsainak seg\u00edts\u00e9g\u00e9t.<\/li>\n<li>A szak\u00e9rt\u0151i vizsg\u00e1lat el\u0151tt k\u00e9sz\u00edtse el\u0151 az al\u00e1bbi dokumentumokat:\u00a0<strong>vizsg\u00e1lati \u00e9rtes\u00edt\u00e9s, szem\u00e9lyazonos\u00edt\u00f3 okm\u00e1nyok, orvosi dokumentumok. <\/strong><\/li>\n<li>A vizsg\u00e1latok elv\u00e9gz\u00e9se\u00a0<strong>nem \u00e9rkez\u00e9si sorrendben <\/strong>t\u00f6rt\u00e9nik, mindenkit\u00a0<strong>id\u0151pontra<\/strong>\u00a0h\u00edvunk, ennek ellen\u00e9re el\u0151fordulhat, hogy a vizsg\u00e1latok cs\u00fasznak, ez\u00e9rt sz\u00edves t\u00fcrelm\u00fcket k\u00e9rj\u00fck.<\/li>\n<li>A vizsg\u00e1lati sorrend\u00a0<strong>megv\u00e1ltoztat\u00e1s\u00e1nak <\/strong>jog\u00e1t \u2013 indokolt esetben \u2013 fenntartjuk.<\/li>\n<li>A szak\u00e9rt\u0151i vizsg\u00e1latra mindenkit\u00a0<strong>n\u00e9v szerint <\/strong>sz\u00f3l\u00edtunk.<\/li>\n<li>A szak\u00e9rt\u0151i vizsg\u00e1laton a vizsg\u00e1lt szem\u00e9ly r\u00e9sz\u00e9r\u0151l hang- \u00e9s vide\u00f3felv\u00e9tel\u00a0<strong>nem<\/strong>k\u00e9sz\u00edthet\u0151.<\/li>\n<li>K\u00e9rj\u00fck a szak\u00e9rt\u0151i vizsg\u00e1lat id\u0151tartam\u00e1ra mobiltelefonjaikat\u00a0<strong>kapcsolj\u00e1k ki<\/strong>, vagy\u00a0<strong>halk\u00edts\u00e1k le<\/strong>.<\/li>\n<li>A szak\u00e9rt\u0151i vizsg\u00e1laton\u00a0<strong>k\u00eds\u00e9r\u0151 <\/strong>csak az igazs\u00e1g\u00fcgyi szak\u00e9rt\u0151 enged\u00e9ly\u00e9vel vehet r\u00e9szt.<\/li>\n<\/ul>\n<p style=\"text-align: justify\">Felh\u00edvjuk figyelm\u00e9t, hogy az igazs\u00e1g\u00fcgyi orvosszak\u00e9rt\u0151i vizsg\u00e1lathoz az eg\u00e9szs\u00e9gbiztos\u00edt\u00e1s keret\u00e9ben sem utaz\u00e1si k\u00f6lts\u00e9gt\u00e9r\u00edt\u00e9s, sem betegsz\u00e1ll\u00edt\u00e1s nem vehet\u0151 ig\u00e9nybe. Ez\u00e9rt az utaz\u00e1si utalv\u00e1ny nyomtatv\u00e1nyon a megjelen\u00e9st igazolni nem tudjuk, k\u00e9r\u00e9s\u00e9re k\u00fcl\u00f6n \u00edven igazol\u00e1st \u00e1ll\u00edtunk ki arr\u00f3l, hogy a szak\u00e9rt\u0151i vizsg\u00e1laton megjelent. A k\u00f6zfinansz\u00edroz\u00e1s terh\u00e9re betegsz\u00e1ll\u00edt\u00e1s megrendel\u00e9s\u00e9re nincs m\u00f3d.<\/p>\n<p>Tov\u00e1bbi inform\u00e1ci\u00f3 a\u00a0<strong>szak\u00e9rt\u0151i irod\u00e1ban.<\/strong><\/p>\n<p><strong><u>Kapcsolat:<\/u><\/strong><\/p>\n<p><strong>Szak\u00e9rt\u0151i irodavezet\u0151:<\/strong>\u00a0Dr. Bokor J\u00e1nos (<a href=\"mailto:bokor.janos@med.semmelweis-univ.hu\">bokor.janos@semmelweis.hu<\/a>)<\/p>\n<p><strong>Szak\u00e9rt\u0151i iroda \u00fcgyint\u00e9z\u0151k:<\/strong>\u00a0Bogn\u00e1r Anna,\u00a0Stasney Kamilla<\/p>\n<p>Telefonsz\u00e1m: 215-7300 \/ 53428 mell\u00e9k<\/p>\n<p>e-mail: <a href=\"mailto:szakertoiiroda.piboi@semmelweis.hu\">szakertoiiroda.piboi@semmelweis.hu<\/a><\/p>\n<p>Post\u00e1z\u00e1si c\u00edm: 1091 Budapest, \u00dcll\u0151i \u00fat 93.<\/p>\n<p><span style=\"text-decoration: underline\"><strong>Hivatali kapu:<\/strong><\/span><\/p>\n<p>Hossz\u00fa n\u00e9v: Semmelweis Egyetem<\/p>\n<p>R\u00f6vid n\u00e9v: SEMEDUNIV (KRID: 648905308)<\/p>\n<p>T\u00e1rgy: SE_PIBOI_SZAKERTES<\/p>\n<p>&nbsp;<\/p>\n","protected":false},"excerpt":{"rendered":"<p>Szak\u00e9rt\u0151i tev\u00e9kenys\u00e9g: Az igazs\u00e1g\u00fcgyi szak\u00e9rt\u0151kr\u0151l sz\u00f3l\u00f3\u00a02016. \u00e9vi XXIX. t\u00f6rv\u00e9ny\u00a0\u00e9rtelm\u00e9ben int\u00e9zet\u00fcnk igazs\u00e1g\u00fcgyi szak\u00e9rt\u0151i tev\u00e9kenys\u00e9get is v\u00e9gez: \u00a7 5. igazs\u00e1g\u00fcgyi szak\u00e9rt\u0151i int\u00e9zet: olyan &#8211; jellemz\u0151en egyetem mellett m\u0171k\u00f6d\u0151 &#8211; \u00e1llami szerv, vagy k\u00f6zfeladatot ell\u00e1t\u00f3 k\u00f6z\u00e9rdek\u0171 vagyonkezel\u0151 alap\u00edtv\u00e1ny \u00e1ltal fenntartott fels\u0151oktat\u00e1si int\u00e9zm\u00e9ny r\u00e9szek\u00e9nt m\u0171k\u00f6d\u0151 szervezet, amely kiz\u00e1r\u00f3lagosan, illetve t\u00f6rv\u00e9nyben vagy az alapszab\u00e1ly\u00e1ban meghat\u00e1rozott alaptev\u00e9kenys\u00e9g\u00e9n, \u00edgy k\u00fcl\u00f6n\u00f6sen tudom\u00e1nyos, oktat\u00f3i, &hellip;<\/p>\n","protected":false},"author":136,"featured_media":0,"parent":23,"menu_order":5,"comment_status":"closed","ping_status":"closed","template":"","meta":{"_acf_changed":false,"footnotes":""},"categories":[],"tags":[],"class_list":["post-845","page","type-page","status-publish","hentry"],"acf":[],"_links":{"self":[{"href":"https:\/\/semmelweis.hu\/igazsagugy\/wp-json\/wp\/v2\/pages\/845","targetHints":{"allow":["GET"]}}],"collection":[{"href":"https:\/\/semmelweis.hu\/igazsagugy\/wp-json\/wp\/v2\/pages"}],"about":[{"href":"https:\/\/semmelweis.hu\/igazsagugy\/wp-json\/wp\/v2\/types\/page"}],"author":[{"embeddable":true,"href":"https:\/\/semmelweis.hu\/igazsagugy\/wp-json\/wp\/v2\/users\/136"}],"replies":[{"embeddable":true,"href":"https:\/\/semmelweis.hu\/igazsagugy\/wp-json\/wp\/v2\/comments?post=845"}],"version-history":[{"count":10,"href":"https:\/\/semmelweis.hu\/igazsagugy\/wp-json\/wp\/v2\/pages\/845\/revisions"}],"predecessor-version":[{"id":1192,"href":"https:\/\/semmelweis.hu\/igazsagugy\/wp-json\/wp\/v2\/pages\/845\/revisions\/1192"}],"up":[{"embeddable":true,"href":"https:\/\/semmelweis.hu\/igazsagugy\/wp-json\/wp\/v2\/pages\/23"}],"wp:attachment":[{"href":"https:\/\/semmelweis.hu\/igazsagugy\/wp-json\/wp\/v2\/media?parent=845"}],"wp:term":[{"taxonomy":"category","embeddable":true,"href":"https:\/\/semmelweis.hu\/igazsagugy\/wp-json\/wp\/v2\/categories?post=845"},{"taxonomy":"post_tag","embeddable":true,"href":"https:\/\/semmelweis.hu\/igazsagugy\/wp-json\/wp\/v2\/tags?post=845"}],"curies":[{"name":"wp","href":"https:\/\/api.w.org\/{rel}","templated":true}]}}