{"id":826,"date":"2020-09-13T23:00:39","date_gmt":"2020-09-13T21:00:39","guid":{"rendered":"https:\/\/semmelweis.hu\/igazsagugy\/?page_id=826"},"modified":"2020-09-13T23:06:49","modified_gmt":"2020-09-13T21:06:49","slug":"terapias-gyogyszerszint-monitorozas","status":"publish","type":"page","link":"https:\/\/semmelweis.hu\/igazsagugy\/laboratoriumok\/toxikologiai-laboratorium\/terapias-gyogyszerszint-monitorozas\/","title":{"rendered":"Ter\u00e1pi\u00e1s gy\u00f3gyszerszint monitoroz\u00e1s"},"content":{"rendered":"<p style=\"text-align: justify\">A ter\u00e1pi\u00e1s gy\u00f3gyszerszintmonitoroz\u00e1snak (TDM) olyan gy\u00f3gyszerek alkalmaz\u00e1sa eset\u00e9n van l\u00e9tjogosults\u00e1ga, amikor a v\u00e9rbeli koncentr\u00e1ci\u00f3 ismerete a klinikus sz\u00e1m\u00e1ra hasznos inform\u00e1ci\u00f3t jelent. Itt els\u0151sorban azokr\u00f3l a t\u00f6bbnyire sz\u0171k ter\u00e1pi\u00e1s tartom\u00e1nnyal \u00e9s p\u00e1rhuzamosan toxikus mell\u00e9khat\u00e1sokkal rendelkez\u0151 gy\u00f3gyszerekr\u0151l van sz\u00f3, melyeket gyakran alul- vagy t\u00faldoz\u00edroznak. Ezekben az esetekben a bioanalitikai diagnosztikus szolg\u00e1ltat\u00e1sunk biztons\u00e1got ny\u00fajt a klinikusnak, mely megteremti az alapot a <b>racion\u00e1lis ter\u00e1pia, az egy\u00e9nre szabott gy\u00f3gyszerel\u00e9s<\/b> sz\u00e1m\u00e1ra.<\/p>\n","protected":false},"excerpt":{"rendered":"<p>A ter\u00e1pi\u00e1s gy\u00f3gyszerszintmonitoroz\u00e1snak (TDM) olyan gy\u00f3gyszerek alkalmaz\u00e1sa eset\u00e9n van l\u00e9tjogosults\u00e1ga, amikor a v\u00e9rbeli koncentr\u00e1ci\u00f3 ismerete a klinikus sz\u00e1m\u00e1ra hasznos inform\u00e1ci\u00f3t jelent. Itt els\u0151sorban azokr\u00f3l a t\u00f6bbnyire sz\u0171k ter\u00e1pi\u00e1s tartom\u00e1nnyal \u00e9s p\u00e1rhuzamosan toxikus mell\u00e9khat\u00e1sokkal rendelkez\u0151 gy\u00f3gyszerekr\u0151l van sz\u00f3, melyeket gyakran alul- vagy t\u00faldoz\u00edroznak. Ezekben az esetekben a bioanalitikai diagnosztikus szolg\u00e1ltat\u00e1sunk biztons\u00e1got ny\u00fajt a klinikusnak, mely megteremti &hellip;<\/p>\n","protected":false},"author":136,"featured_media":0,"parent":24,"menu_order":3,"comment_status":"closed","ping_status":"closed","template":"","meta":{"_acf_changed":false,"footnotes":""},"categories":[],"tags":[],"class_list":["post-826","page","type-page","status-publish","hentry"],"acf":[],"_links":{"self":[{"href":"https:\/\/semmelweis.hu\/igazsagugy\/wp-json\/wp\/v2\/pages\/826","targetHints":{"allow":["GET"]}}],"collection":[{"href":"https:\/\/semmelweis.hu\/igazsagugy\/wp-json\/wp\/v2\/pages"}],"about":[{"href":"https:\/\/semmelweis.hu\/igazsagugy\/wp-json\/wp\/v2\/types\/page"}],"author":[{"embeddable":true,"href":"https:\/\/semmelweis.hu\/igazsagugy\/wp-json\/wp\/v2\/users\/136"}],"replies":[{"embeddable":true,"href":"https:\/\/semmelweis.hu\/igazsagugy\/wp-json\/wp\/v2\/comments?post=826"}],"version-history":[{"count":1,"href":"https:\/\/semmelweis.hu\/igazsagugy\/wp-json\/wp\/v2\/pages\/826\/revisions"}],"predecessor-version":[{"id":827,"href":"https:\/\/semmelweis.hu\/igazsagugy\/wp-json\/wp\/v2\/pages\/826\/revisions\/827"}],"up":[{"embeddable":true,"href":"https:\/\/semmelweis.hu\/igazsagugy\/wp-json\/wp\/v2\/pages\/24"}],"wp:attachment":[{"href":"https:\/\/semmelweis.hu\/igazsagugy\/wp-json\/wp\/v2\/media?parent=826"}],"wp:term":[{"taxonomy":"category","embeddable":true,"href":"https:\/\/semmelweis.hu\/igazsagugy\/wp-json\/wp\/v2\/categories?post=826"},{"taxonomy":"post_tag","embeddable":true,"href":"https:\/\/semmelweis.hu\/igazsagugy\/wp-json\/wp\/v2\/tags?post=826"}],"curies":[{"name":"wp","href":"https:\/\/api.w.org\/{rel}","templated":true}]}}