{"id":822,"date":"2020-09-13T22:53:36","date_gmt":"2020-09-13T20:53:36","guid":{"rendered":"https:\/\/semmelweis.hu\/igazsagugy\/?page_id=822"},"modified":"2020-09-13T23:05:42","modified_gmt":"2020-09-13T21:05:42","slug":"pszichotrop-es-kabitoszer-meghatarozasok","status":"publish","type":"page","link":"https:\/\/semmelweis.hu\/igazsagugy\/laboratoriumok\/toxikologiai-laboratorium\/pszichotrop-es-kabitoszer-meghatarozasok\/","title":{"rendered":"Pszichotr\u00f3p- \u00e9s k\u00e1b\u00edt\u00f3szer meghat\u00e1roz\u00e1sok"},"content":{"rendered":"<p style=\"text-align: justify\">V\u00e9r- \u00e9s vizeletmint\u00e1kb\u00f3l k\u00e1b\u00edt\u00f3szerek, designer drogok, pszichotr\u00f3p szerek \u00e9s egyes gy\u00f3gyszerek meghat\u00e1roz\u00e1s\u00e1t v\u00e9gezz\u00fck.<\/p>\n<p style=\"text-align: justify\">A vizsg\u00e1latok sor\u00e1n a nemzetk\u00f6zi elv\u00e1r\u00e1soknak megfelel\u0151en\u00a0 (tandem) t\u00f6megspektrometri\u00e1s detekt\u00e1l\u00e1s\u00fa g\u00e1zkromatogr\u00e1fi\u00e1t, illetve folyad\u00e9kkromatogr\u00e1fi\u00e1t alkalmazunk.<\/p>\n<p style=\"text-align: justify\"><i><b>Mintasz\u00fcks\u00e9glet<\/b>: els\u0151sorban 20 ml vizelet (esetleg 10 ml nat\u00edv v\u00e9r). Amennyiben a mintav\u00e9tel hely\u00e9n a technikai felt\u00e9telek adottak, m\u00e9rni kell a vizelet h\u0151m\u00e9rs\u00e9klet\u00e9t, pH-j\u00e1t \u00e9s fajs\u00faly\u00e1t is. A mint\u00e1kat a Toxikol\u00f3giai Laborat\u00f3riumba eljuttat\u00e1sig 4 C-on kell t\u00e1rolni.<\/i><\/p>\n<p>Term\u00e9szetesen van lehet\u0151s\u00e9g &#8211; telefonos egyeztet\u00e9s ut\u00e1n &#8211; <b>helysz\u00edni v\u00e9rv\u00e9tel<\/b>re is, valamint egyes vegy\u00fcletek eset\u00e9ben <strong>hajb\u00f3l t\u00f6rt\u00e9n\u0151 vizsg\u00e1lat<\/strong> is lehets\u00e9ges.<\/p>\n","protected":false},"excerpt":{"rendered":"<p>V\u00e9r- \u00e9s vizeletmint\u00e1kb\u00f3l k\u00e1b\u00edt\u00f3szerek, designer drogok, pszichotr\u00f3p szerek \u00e9s egyes gy\u00f3gyszerek meghat\u00e1roz\u00e1s\u00e1t v\u00e9gezz\u00fck. A vizsg\u00e1latok sor\u00e1n a nemzetk\u00f6zi elv\u00e1r\u00e1soknak megfelel\u0151en\u00a0 (tandem) t\u00f6megspektrometri\u00e1s detekt\u00e1l\u00e1s\u00fa g\u00e1zkromatogr\u00e1fi\u00e1t, illetve folyad\u00e9kkromatogr\u00e1fi\u00e1t alkalmazunk. Mintasz\u00fcks\u00e9glet: els\u0151sorban 20 ml vizelet (esetleg 10 ml nat\u00edv v\u00e9r). Amennyiben a mintav\u00e9tel hely\u00e9n a technikai felt\u00e9telek adottak, m\u00e9rni kell a vizelet h\u0151m\u00e9rs\u00e9klet\u00e9t, pH-j\u00e1t \u00e9s fajs\u00faly\u00e1t is. A &hellip;<\/p>\n","protected":false},"author":136,"featured_media":0,"parent":24,"menu_order":2,"comment_status":"closed","ping_status":"closed","template":"","meta":{"_acf_changed":false,"footnotes":""},"categories":[],"tags":[],"class_list":["post-822","page","type-page","status-publish","hentry"],"acf":[],"_links":{"self":[{"href":"https:\/\/semmelweis.hu\/igazsagugy\/wp-json\/wp\/v2\/pages\/822","targetHints":{"allow":["GET"]}}],"collection":[{"href":"https:\/\/semmelweis.hu\/igazsagugy\/wp-json\/wp\/v2\/pages"}],"about":[{"href":"https:\/\/semmelweis.hu\/igazsagugy\/wp-json\/wp\/v2\/types\/page"}],"author":[{"embeddable":true,"href":"https:\/\/semmelweis.hu\/igazsagugy\/wp-json\/wp\/v2\/users\/136"}],"replies":[{"embeddable":true,"href":"https:\/\/semmelweis.hu\/igazsagugy\/wp-json\/wp\/v2\/comments?post=822"}],"version-history":[{"count":3,"href":"https:\/\/semmelweis.hu\/igazsagugy\/wp-json\/wp\/v2\/pages\/822\/revisions"}],"predecessor-version":[{"id":825,"href":"https:\/\/semmelweis.hu\/igazsagugy\/wp-json\/wp\/v2\/pages\/822\/revisions\/825"}],"up":[{"embeddable":true,"href":"https:\/\/semmelweis.hu\/igazsagugy\/wp-json\/wp\/v2\/pages\/24"}],"wp:attachment":[{"href":"https:\/\/semmelweis.hu\/igazsagugy\/wp-json\/wp\/v2\/media?parent=822"}],"wp:term":[{"taxonomy":"category","embeddable":true,"href":"https:\/\/semmelweis.hu\/igazsagugy\/wp-json\/wp\/v2\/categories?post=822"},{"taxonomy":"post_tag","embeddable":true,"href":"https:\/\/semmelweis.hu\/igazsagugy\/wp-json\/wp\/v2\/tags?post=822"}],"curies":[{"name":"wp","href":"https:\/\/api.w.org\/{rel}","templated":true}]}}