{"id":820,"date":"2020-09-13T22:48:53","date_gmt":"2020-09-13T20:48:53","guid":{"rendered":"https:\/\/semmelweis.hu\/igazsagugy\/?page_id=820"},"modified":"2020-09-13T23:06:08","modified_gmt":"2020-09-13T21:06:08","slug":"ver-es-vizeletalkohol-meghatarozasok","status":"publish","type":"page","link":"https:\/\/semmelweis.hu\/igazsagugy\/laboratoriumok\/toxikologiai-laboratorium\/ver-es-vizeletalkohol-meghatarozasok\/","title":{"rendered":"V\u00e9r- \u00e9s vizeletalkohol meghat\u00e1roz\u00e1sok"},"content":{"rendered":"<p style=\"text-align: justify\">\u00dan. &#8222;head-space&#8221; kapill\u00e1ris-g\u00e1zkromatogr\u00e1fi\u00e1s (l\u00e1ngioniz\u00e1ci\u00f3s illetve t\u00f6megspektrometri\u00e1s detekt\u00e1l\u00e1s\u00fa) meghat\u00e1roz\u00e1sok, melyek a biol\u00f3giai mint\u00e1k alkohol (els\u0151sorban etilalkohol, de m\u00e1s sz\u00e9natomsz\u00e1m\u00fa homol\u00f3gok is) \u00e9s szerves old\u00f3szer tartalm\u00e1t hat\u00e1rozz\u00e1k meg.<\/p>\n<p style=\"text-align: justify\"><i><b>Mintasz\u00fcks\u00e9glet<\/b>: 2-3 ml alvad\u00e1sg\u00e1tolt v\u00e9r vagy vizelet. Lehet\u0151s\u00e9g szerint a v\u00e9rminta n\u00e1trium-fluorid konzerv\u00e1l\u00f3szert is tartalmazzon. A mint\u00e1kat a Toxikol\u00f3giai Laborat\u00f3riumba juttat\u00e1sig 4 C-on kell t\u00e1rolni.<\/i><\/p>\n<p style=\"text-align: justify\">A mintav\u00e9telhez munkav\u00e9delmi szak\u00fczletekben beszerezhet\u0151 v\u00e9rv\u00e9teli egys\u00e9gdoboz aj\u00e1nlott, mely v\u00e9rv\u00e9teli eszk\u00f6z\u00f6ket \u00e9s az orvos \u00e1ltal kit\u00f6ltend\u0151 \u0171rlapot tartalmaz. Az ilyen m\u00f3don gy\u0171jt\u00f6tt minta postai \u00faton is eljuttathat\u00f3 a laborat\u00f3riumba. A bor\u00edt\u00e9kba k\u00e9r\u00fcnk egy k\u00eds\u00e9r\u0151levelet mell\u00e9kelni, amelyben a sz\u00e1ml\u00e1z\u00e1si adatok, illetve az eredm\u00e9ny post\u00e1z\u00e1si c\u00edme is szerepel.<\/p>\n<p style=\"text-align: justify\">Term\u00e9szetesen lehet\u0151s\u00e9g van &#8211; telefonos egyeztet\u00e9s ut\u00e1n &#8211; <b>helysz\u00edni v\u00e9rv\u00e9tel<\/b>re is.<\/p>\n<p>Eredm\u00e9ny max. 5 munkanapon bel\u00fcl.<\/p>\n","protected":false},"excerpt":{"rendered":"<p>\u00dan. &#8222;head-space&#8221; kapill\u00e1ris-g\u00e1zkromatogr\u00e1fi\u00e1s (l\u00e1ngioniz\u00e1ci\u00f3s illetve t\u00f6megspektrometri\u00e1s detekt\u00e1l\u00e1s\u00fa) meghat\u00e1roz\u00e1sok, melyek a biol\u00f3giai mint\u00e1k alkohol (els\u0151sorban etilalkohol, de m\u00e1s sz\u00e9natomsz\u00e1m\u00fa homol\u00f3gok is) \u00e9s szerves old\u00f3szer tartalm\u00e1t hat\u00e1rozz\u00e1k meg. Mintasz\u00fcks\u00e9glet: 2-3 ml alvad\u00e1sg\u00e1tolt v\u00e9r vagy vizelet. Lehet\u0151s\u00e9g szerint a v\u00e9rminta n\u00e1trium-fluorid konzerv\u00e1l\u00f3szert is tartalmazzon. A mint\u00e1kat a Toxikol\u00f3giai Laborat\u00f3riumba juttat\u00e1sig 4 C-on kell t\u00e1rolni. A mintav\u00e9telhez munkav\u00e9delmi szak\u00fczletekben &hellip;<\/p>\n","protected":false},"author":136,"featured_media":0,"parent":24,"menu_order":1,"comment_status":"closed","ping_status":"closed","template":"","meta":{"_acf_changed":false,"footnotes":""},"categories":[],"tags":[],"class_list":["post-820","page","type-page","status-publish","hentry"],"acf":[],"_links":{"self":[{"href":"https:\/\/semmelweis.hu\/igazsagugy\/wp-json\/wp\/v2\/pages\/820","targetHints":{"allow":["GET"]}}],"collection":[{"href":"https:\/\/semmelweis.hu\/igazsagugy\/wp-json\/wp\/v2\/pages"}],"about":[{"href":"https:\/\/semmelweis.hu\/igazsagugy\/wp-json\/wp\/v2\/types\/page"}],"author":[{"embeddable":true,"href":"https:\/\/semmelweis.hu\/igazsagugy\/wp-json\/wp\/v2\/users\/136"}],"replies":[{"embeddable":true,"href":"https:\/\/semmelweis.hu\/igazsagugy\/wp-json\/wp\/v2\/comments?post=820"}],"version-history":[{"count":1,"href":"https:\/\/semmelweis.hu\/igazsagugy\/wp-json\/wp\/v2\/pages\/820\/revisions"}],"predecessor-version":[{"id":821,"href":"https:\/\/semmelweis.hu\/igazsagugy\/wp-json\/wp\/v2\/pages\/820\/revisions\/821"}],"up":[{"embeddable":true,"href":"https:\/\/semmelweis.hu\/igazsagugy\/wp-json\/wp\/v2\/pages\/24"}],"wp:attachment":[{"href":"https:\/\/semmelweis.hu\/igazsagugy\/wp-json\/wp\/v2\/media?parent=820"}],"wp:term":[{"taxonomy":"category","embeddable":true,"href":"https:\/\/semmelweis.hu\/igazsagugy\/wp-json\/wp\/v2\/categories?post=820"},{"taxonomy":"post_tag","embeddable":true,"href":"https:\/\/semmelweis.hu\/igazsagugy\/wp-json\/wp\/v2\/tags?post=820"}],"curies":[{"name":"wp","href":"https:\/\/api.w.org\/{rel}","templated":true}]}}