{"id":809,"date":"2020-09-11T11:54:18","date_gmt":"2020-09-11T09:54:18","guid":{"rendered":"https:\/\/semmelweis.hu\/igazsagugy\/?page_id=809"},"modified":"2023-05-31T13:14:48","modified_gmt":"2023-05-31T11:14:48","slug":"szakorvos-kepzes","status":"publish","type":"page","link":"https:\/\/semmelweis.hu\/igazsagugy\/oktatas\/szakorvos-kepzes\/","title":{"rendered":"Posztgradu\u00e1lis k\u00e9pz\u00e9s"},"content":{"rendered":"<div><strong>Az igazs\u00e1g\u00fcgyi szakorvosk\u00e9pz\u00e9ssel kapcsolatos inform\u00e1ci\u00f3k az al\u00e1bbi linkeken \u00e9rhet\u0151k el:<\/strong><\/div>\n<div>\u00a0<\/div>\n<div><a href=\"https:\/\/semmelweis.hu\/szak-es-tovabbkepzes\/aok\/elso-alap-szakkepzes\/\">Semmelweis Egyetem\u00a0Szak-\u00a0\u00e9s Tov\u00e1bbk\u00e9pz\u00e9si K\u00f6zpont<\/a><\/div>\n<div>\u00a0<\/div>\n<div><a href=\"https:\/\/semmelweis.hu\/szak-es-tovabbkepzes\/files\/2020\/02\/Igazs%C3%A1g%C3%BCgyi-orvostan-jav%C3%ADtott.pdf\">Formanyomtatv\u00e1ny t\u00f6rzsk\u00e9pz\u00e9sre<\/a><\/div>\n<div>\u00a0<\/div>\n<div><a href=\"https:\/\/semmelweis.hu\/szak-es-tovabbkepzes\/files\/2019\/08\/Igazs%C3%A1g%C3%BCgyi-orvostan-1.pdf\">Formanyomtav\u00e1ny speci\u00e1lis k\u00e9pz\u00e9si programra<\/a><\/div>\n<div>\u00a0<\/div>\n<div><strong>PhD k\u00e9pz\u00e9s:<\/strong><\/div>\n<div>\u00a0<\/div>\n<div>PhD k\u00e9pz\u00e9s az Int\u00e9zetben jelenleg nem t\u00f6rt\u00e9nik<\/div>\n<div>\u00a0<\/div>\n<div><a href=\"https:\/\/semmelweis.hu\/phd\/\">Semmelweis Egyetem Doktori Iskola<\/a><\/div>\n","protected":false},"excerpt":{"rendered":"<p>Az igazs\u00e1g\u00fcgyi szakorvosk\u00e9pz\u00e9ssel kapcsolatos inform\u00e1ci\u00f3k az al\u00e1bbi linkeken \u00e9rhet\u0151k el:<br \/>\n\u00a0<br \/>\n<a href=\"https:\/\/semmelweis.hu\/szak-es-tovabbkepzes\/aok\/elso-alap-szakkepzes\/\">Semmelweis Egyetem\u00a0Szak-\u00a0\u00e9s Tov\u00e1bbk\u00e9pz\u00e9si K\u00f6zpont<\/a><br \/>\n\u00a0<br \/>\n<a href=\"https:\/\/semmelweis.hu\/szak-es-tovabbkepzes\/files\/2020\/02\/Igazs%C3%A1g%C3%BCgyi-orvostan-jav%C3%ADtott.pdf\">Formanyomtatv\u00e1ny t\u00f6rzsk\u00e9pz\u00e9sre<\/a><br \/>\n\u00a0<br \/>\n<a href=\"https:\/\/semmelweis.hu\/szak-es-tovabbkepzes\/files\/2019\/08\/Igazs%C3%A1g%C3%BCgyi-orvostan-1.pdf\">Formanyomtav\u00e1ny speci\u00e1lis k\u00e9pz\u00e9si programra<\/a><br \/>\n\u00a0<br \/>\nPhD k\u00e9pz\u00e9s:<br \/>\n\u00a0<br \/>\nPhD k\u00e9pz\u00e9s az Int\u00e9zetben jelenleg nem t\u00f6rt\u00e9nik<br \/>\n\u00a0<br \/>\n<a href=\"https:\/\/semmelweis.hu\/phd\/\">Semmelweis Egyetem Doktori Iskola<\/a><\/p>\n","protected":false},"author":136,"featured_media":0,"parent":18,"menu_order":7,"comment_status":"closed","ping_status":"closed","template":"","meta":{"_acf_changed":false,"footnotes":""},"categories":[],"tags":[],"class_list":["post-809","page","type-page","status-publish","hentry"],"acf":[],"_links":{"self":[{"href":"https:\/\/semmelweis.hu\/igazsagugy\/wp-json\/wp\/v2\/pages\/809","targetHints":{"allow":["GET"]}}],"collection":[{"href":"https:\/\/semmelweis.hu\/igazsagugy\/wp-json\/wp\/v2\/pages"}],"about":[{"href":"https:\/\/semmelweis.hu\/igazsagugy\/wp-json\/wp\/v2\/types\/page"}],"author":[{"embeddable":true,"href":"https:\/\/semmelweis.hu\/igazsagugy\/wp-json\/wp\/v2\/users\/136"}],"replies":[{"embeddable":true,"href":"https:\/\/semmelweis.hu\/igazsagugy\/wp-json\/wp\/v2\/comments?post=809"}],"version-history":[{"count":6,"href":"https:\/\/semmelweis.hu\/igazsagugy\/wp-json\/wp\/v2\/pages\/809\/revisions"}],"predecessor-version":[{"id":840,"href":"https:\/\/semmelweis.hu\/igazsagugy\/wp-json\/wp\/v2\/pages\/809\/revisions\/840"}],"up":[{"embeddable":true,"href":"https:\/\/semmelweis.hu\/igazsagugy\/wp-json\/wp\/v2\/pages\/18"}],"wp:attachment":[{"href":"https:\/\/semmelweis.hu\/igazsagugy\/wp-json\/wp\/v2\/media?parent=809"}],"wp:term":[{"taxonomy":"category","embeddable":true,"href":"https:\/\/semmelweis.hu\/igazsagugy\/wp-json\/wp\/v2\/categories?post=809"},{"taxonomy":"post_tag","embeddable":true,"href":"https:\/\/semmelweis.hu\/igazsagugy\/wp-json\/wp\/v2\/tags?post=809"}],"curies":[{"name":"wp","href":"https:\/\/api.w.org\/{rel}","templated":true}]}}