{"id":776,"date":"2020-09-11T09:36:58","date_gmt":"2020-09-11T07:36:58","guid":{"rendered":"https:\/\/semmelweis.hu\/igazsagugy\/?page_id=776"},"modified":"2026-01-26T11:41:44","modified_gmt":"2026-01-26T10:41:44","slug":"neuropatologiai-es-prionbetegseg-referencia-kozpont","status":"publish","type":"page","link":"https:\/\/semmelweis.hu\/igazsagugy\/laboratoriumok\/neuropatologiai-es-prionbetegseg-referencia-kozpont\/","title":{"rendered":"Neuropatol\u00f3giai \u00e9s Prionbetegs\u00e9g Referencia K\u00f6zpont"},"content":{"rendered":"<ul>\n<li>Laborvezet\u0151: Prof. Dr. Kov\u00e1cs Tibor egyetemi tan\u00e1r<\/li>\n<li>Laborvezet\u0151 helyettes: Dr. Danics Krisztina egyetemi adjunktus<\/li>\n<li>Munkat\u00e1rsak:\n<ul>\n<li>Dr. Pesti Adri\u00e1n<\/li>\n<li>B\u00e1nhegyi Krisztina &#8211; adminisztrat\u00edv munkat\u00e1rs<\/li>\n<li>Hegyesi Nikolett &#8211; sz\u00f6vettani asszisztens<\/li>\n<li>Szab\u00f3 Ir\u00e9n &#8211; sz\u00f6vettani asszisztens<\/li>\n<\/ul>\n<\/li>\n<\/ul>\n<p><strong><a href=\"https:\/\/semmelweis.hu\/igazsagugy\/files\/2026\/01\/PRIONBETEGSEG_GYANUJA_ALTALANOS_TAJEKOZTATO_2026.pdf\">Mintak\u00fcld\u00e9si t\u00e1j\u00e9koztat\u00f3<\/a><\/strong><\/p>\n<p><strong><a href=\"https:\/\/semmelweis.hu\/igazsagugy\/files\/2026\/01\/KEROLAP_PRIONBETEGSEG_GYANUJA_2026.pdf\">K\u00e9r\u0151lap minta k\u00fcld\u00e9s\u00e9hez (pdf)<\/a><\/strong><\/p>\n<p><strong><a href=\"https:\/\/semmelweis.hu\/igazsagugy\/files\/2026\/01\/KEROLAP_PRIONBETEGSEG_GYANUJA_2026.docx\">K\u00e9r\u0151lap minta k\u00fcld\u00e9s\u00e9hez (doc)<\/a><\/strong><\/p>\n<p>&nbsp;<\/p>\n<p><strong>JOGSZAB\u00c1LYOK:<\/strong><\/p>\n<ul>\n<li><a href=\"https:\/\/uj.jogtar.hu\/#doc\/db\/1\/id\/99800018.NM\/ts\/20250717\/\">18\/1998. (VI. 3.) NM rendelet\u00a0a fert\u0151z\u0151 betegs\u00e9gek \u00e9s a j\u00e1rv\u00e1nyok megel\u0151z\u00e9se \u00e9rdek\u00e9ben sz\u00fcks\u00e9ges j\u00e1rv\u00e1ny\u00fcgyi int\u00e9zked\u00e9sekr\u0151l<\/a><\/li>\n<\/ul>\n<p><strong>SZAKMAI AJ\u00c1NL\u00c1SOK:<\/strong><\/p>\n<ul>\n<li><a href=\"https:\/\/semmelweis.hu\/igazsagugy\/files\/2026\/01\/WHO_CDS_CSR_APH_2000.3.pdf\">WHO Infection Control Guidelines for Transmissible Spongiform Encephalopathies<\/a><\/li>\n<li><a href=\"https:\/\/semmelweis.hu\/igazsagugy\/files\/2026\/01\/Royal-College-of-Pathologist-iranyelv2.pdf\">Guidelines on autopsy practice<\/a><\/li>\n<li><a href=\"https:\/\/semmelweis.hu\/igazsagugy\/files\/2026\/01\/Royal-College-of-Pathologist-iranyelv.pdf\">Transmissible Spongiform Encephalopathy Agents: Safe Working and the Prevention of Infection<\/a><\/li>\n<\/ul>\n","protected":false},"excerpt":{"rendered":"<p>Laborvezet\u0151: Prof. Dr. Kov\u00e1cs Tibor egyetemi tan\u00e1r<br \/>\nLaborvezet\u0151 helyettes: Dr. Danics Krisztina egyetemi adjunktus<br \/>\nMunkat\u00e1rsak:<\/p>\n<p>Dr. Pesti Adri\u00e1n<br \/>\nB\u00e1nhegyi Krisztina &#8211; adminisztrat\u00edv munkat\u00e1rs<br \/>\nHegyesi Nikolett &#8211; sz\u00f6vettani asszisztens<br \/>\nSzab\u00f3 Ir\u00e9n &#8211; sz\u00f6vettani asszisztens<\/p>\n<p><a href=\"https:\/\/semmelweis.hu\/igazsagugy\/files\/2026\/01\/PRIONBETEGSEG_GYANUJA_ALTALANOS_TAJEKOZTATO_2026.pdf\">Mintak\u00fcld\u00e9si t\u00e1j\u00e9koztat\u00f3<\/a><br \/>\n<a href=\"https:\/\/semmelweis.hu\/igazsagugy\/files\/2026\/01\/KEROLAP_PRIONBETEGSEG_GYANUJA_2026.pdf\">K\u00e9r\u0151lap minta k\u00fcld\u00e9s\u00e9hez (pdf)<\/a><br \/>\n<a href=\"https:\/\/semmelweis.hu\/igazsagugy\/files\/2026\/01\/KEROLAP_PRIONBETEGSEG_GYANUJA_2026.docx\">K\u00e9r\u0151lap minta k\u00fcld\u00e9s\u00e9hez (doc)<\/a><br \/>\n&nbsp;<br \/>\nJOGSZAB\u00c1LYOK:<\/p>\n<p><a href=\"https:\/\/uj.jogtar.hu\/#doc\/db\/1\/id\/99800018.NM\/ts\/20250717\/\">18\/1998. (VI. 3.) NM rendelet\u00a0a fert\u0151z\u0151 betegs\u00e9gek \u00e9s a j\u00e1rv\u00e1nyok megel\u0151z\u00e9se \u00e9rdek\u00e9ben sz\u00fcks\u00e9ges j\u00e1rv\u00e1ny\u00fcgyi int\u00e9zked\u00e9sekr\u0151l<\/a><\/p>\n<p>SZAKMAI AJ\u00c1NL\u00c1SOK:<\/p>\n<p><a href=\"https:\/\/semmelweis.hu\/igazsagugy\/files\/2026\/01\/WHO_CDS_CSR_APH_2000.3.pdf\">WHO Infection Control Guidelines for Transmissible Spongiform Encephalopathies<\/a><br \/>\n<a href=\"https:\/\/semmelweis.hu\/igazsagugy\/files\/2026\/01\/Royal-College-of-Pathologist-iranyelv2.pdf\">Guidelines on autopsy practice<\/a><br \/>\n<a href=\"https:\/\/semmelweis.hu\/igazsagugy\/files\/2026\/01\/Royal-College-of-Pathologist-iranyelv.pdf\">Transmissible Spongiform Encephalopathy Agents: Safe Working and the Prevention of Infection<\/a><\/p>\n","protected":false},"author":136,"featured_media":0,"parent":23,"menu_order":4,"comment_status":"closed","ping_status":"closed","template":"","meta":{"_acf_changed":false,"footnotes":""},"categories":[],"tags":[],"class_list":["post-776","page","type-page","status-publish","hentry"],"acf":[],"_links":{"self":[{"href":"https:\/\/semmelweis.hu\/igazsagugy\/wp-json\/wp\/v2\/pages\/776","targetHints":{"allow":["GET"]}}],"collection":[{"href":"https:\/\/semmelweis.hu\/igazsagugy\/wp-json\/wp\/v2\/pages"}],"about":[{"href":"https:\/\/semmelweis.hu\/igazsagugy\/wp-json\/wp\/v2\/types\/page"}],"author":[{"embeddable":true,"href":"https:\/\/semmelweis.hu\/igazsagugy\/wp-json\/wp\/v2\/users\/136"}],"replies":[{"embeddable":true,"href":"https:\/\/semmelweis.hu\/igazsagugy\/wp-json\/wp\/v2\/comments?post=776"}],"version-history":[{"count":10,"href":"https:\/\/semmelweis.hu\/igazsagugy\/wp-json\/wp\/v2\/pages\/776\/revisions"}],"predecessor-version":[{"id":1314,"href":"https:\/\/semmelweis.hu\/igazsagugy\/wp-json\/wp\/v2\/pages\/776\/revisions\/1314"}],"up":[{"embeddable":true,"href":"https:\/\/semmelweis.hu\/igazsagugy\/wp-json\/wp\/v2\/pages\/23"}],"wp:attachment":[{"href":"https:\/\/semmelweis.hu\/igazsagugy\/wp-json\/wp\/v2\/media?parent=776"}],"wp:term":[{"taxonomy":"category","embeddable":true,"href":"https:\/\/semmelweis.hu\/igazsagugy\/wp-json\/wp\/v2\/categories?post=776"},{"taxonomy":"post_tag","embeddable":true,"href":"https:\/\/semmelweis.hu\/igazsagugy\/wp-json\/wp\/v2\/tags?post=776"}],"curies":[{"name":"wp","href":"https:\/\/api.w.org\/{rel}","templated":true}]}}