{"id":58,"date":"2012-10-05T16:42:39","date_gmt":"2012-10-05T14:42:39","guid":{"rendered":"http:\/\/semmelweis-egyetem.hu\/igazsagugy\/?page_id=58"},"modified":"2023-05-31T14:54:57","modified_gmt":"2023-05-31T12:54:57","slug":"fogorvostan-hallgatok-oktatasa","status":"publish","type":"page","link":"https:\/\/semmelweis.hu\/igazsagugy\/oktatas\/fogorvostan-hallgatok-oktatasa\/","title":{"rendered":"Igazs\u00e1g\u00fcgyi fogorvostan"},"content":{"rendered":"<p>Oktat\u00f3: Dr. Felszeghy Endre<\/p>\n<p>Az igazs\u00e1g\u00fcgyi fogorvostan a Fogorvostudom\u00e1nyi Karon 1, az \u0151szi szemeszterben ker\u00fcl oktat\u00e1sra. Az oktat\u00e1s tantermi el\u0151ad\u00e1s form\u00e1j\u00e1ban t\u00f6rt\u00e9nik, minden h\u00e9ten 1\u00d745 perc id\u0151tartamban 14 h\u00e9ten \u00e1t. Az el\u0151ad\u00e1sokon elektronikus dia \u00e9s videofelv\u00e9telek ker\u00fclnek szeml\u00e9ltet\u00e9sre.<\/p>\n<p><a href=\"https:\/\/semmelweis.hu\/igazsagugy\/files\/2019\/09\/I\u00dc.-FOGORVOSTAN-K\u00f6vetelm\u00e9nyrendszer.pdf\">Igazs\u00e1g\u00fcgyi fogorvostan k\u00f6vetelm\u00e9nyrendszer (pdf)<\/a><\/p>\n<div class=\"responsive-tabs\">\n<h2 class=\"tabtitle\">El\u0151ad\u00e1sok<\/h2>\n<div class=\"tabcontent\">\n\n<h4><strong>Tantermi el\u0151ad\u00e1sok<\/strong><\/h4>\n<ol>\n<li>\u00c1ltal\u00e1nos jogi ismeretek<\/li>\n<li>Az orvosi, fogorvosi m\u0171k\u00f6d\u00e9s jogi szab\u00e1lyz\u00e1sa<\/li>\n<li>Az orvosi, fogorvosi beavatkoz\u00e1s kock\u00e1zata. Sz\u00f6v\u0151dm\u00e9nyek, \u201eorvosi m\u0171hiba&#8221;<\/li>\n<li>S\u00e9r\u00fcl\u00e9sek gy\u00f3gytartama, arc t\u00e1j \u00e9s fog s\u00e9r\u00fcl\u00e9sek. L\u00e1tlelet a fogorvosi rendel\u0151ben.<\/li>\n<li>Mechanikai, fizikai, k\u00e9miai s\u00e9r\u00fcl\u00e9sek.<\/li>\n<li>Szem\u00e9lyazonos\u00edt\u00e1s \u00e9s fogorvosi szem\u00e9lyazonos\u00edt\u00e1s I.<\/li>\n<li>Szem\u00e9lyazonos\u00edt\u00e1s \u00e9s fogorvosi szem\u00e9lyazonos\u00edt\u00e1s II.<\/li>\n<li>Munkak\u00e9pess\u00e9g-cs\u00f6kken\u00e9s, keres\u0151k\u00e9ptelens\u00e9g, (\u00d6ssz-szervezeti eg\u00e9szs\u00e9gk\u00e1rosod\u00e1s) s\u00e9relem-d\u00edj<\/li>\n<li>K\u00f6zleked\u00e9si balesetek igazs\u00e1g\u00fcgyi orvostani vonatkoz\u00e1sai, k\u00fcl\u00f6n\u00f6s tekintettel az arc s\u00e9r\u00fcl\u00e9seire, ezek b\u00fcntet\u0151jogi \u00e9s polg\u00e1rjogi k\u00e9rd\u00e9sei.<\/li>\n<li>Biztos\u00edt\u00e1si orvostan k\u00e9rd\u00e9sei, felel\u0151ss\u00e9gbiztos\u00edt\u00e1s, betegbiztos\u00edt\u00e1s.<\/li>\n<li>Az orvosszak\u00e9rt\u0151, fogorvosszak\u00e9rt\u0151. Szak\u00e9rt\u0151i v\u00e9lem\u00e9ny \u00e9s annak fel\u00fclvizsg\u00e1lata. Fogorvosszak\u00e9rt\u0151i esetbemutat\u00e1sok.<\/li>\n<li>Harap\u00e1si nyomok \u00e9s azok vizsg\u00e1lata.<\/li>\n<li>A h\u0151m\u00e9rs\u00e9klet szervezeti hat\u00e1sai (\u00e9g\u00e9s, fagy\u00e1s, kih\u0171l\u00e9s)<\/li>\n<li>\u00dajra\u00e9leszt\u00e9s \u00e9s kock\u00e1zata. Igazs\u00e1g\u00fcgyi elmeorvostani alapismeretek.<\/li>\n<\/ol>\n\n<\/div><h2 class=\"tabtitle\">Vizsg\u00e1k<\/h2>\n<div class=\"tabcontent\">\n\n<p><strong>Vizsg\u00e1k <\/strong><\/p>\n<p>A gyakorlati szeml\u00e9let\u0171 sz\u00f3beli vizsga sor\u00e1n az el\u0151ad\u00e1sokon elhangzottak, valamint a k\u00f6telez\u0151en haszn\u00e1land\u00f3 tananyag egyes fejezeteinek sz\u00e1monk\u00e9r\u00e9se t\u00f6rt\u00e9nik. A sz\u00f3beli elm\u00e9leti vizsg\u00e1n a hallgat\u00f3k 2 darab t\u00e9tel alapj\u00e1n adnak sz\u00e1mot tud\u00e1sukr\u00f3l. A t\u00e9telek az int\u00e9zet honlapj\u00e1n megtal\u00e1lhat\u00f3k. A meghirdetett vizsgaalkalmak sz\u00e1ma a hallgat\u00f3i l\u00e9tsz\u00e1m m\u00e1sf\u00e9lszerese.<\/p>\n\n<\/div><h2 class=\"tabtitle\">Szigorlat<\/h2>\n<div class=\"tabcontent\">\n\n<h4 class=\"entry-title\"><strong>Szigorlati t\u00e9telek<\/strong><\/h4>\n<div class=\"entry-content\">\n<ol>\n<li>A b\u0171ncselekm\u00e9ny t\u00f6rv\u00e9nyi t\u00e9ny\u00e1ll\u00e1sa<\/li>\n<li>A testi s\u00e9rt\u00e9sek jogi feloszt\u00e1sa \u00e9s orvosi vonatkoz\u00e1sai<\/li>\n<li>Az orvosi titoktart\u00e1s<\/li>\n<li>A gyakorl\u00f3 orvos jogai<\/li>\n<li>Az orvos etikai, fegyelmi, polg\u00e1ri jogi \u00e9s b\u00fcntet\u0151jogi felel\u0151ss\u00e9ge<\/li>\n<li>A gyakorl\u00f3 orvos k\u00f6teless\u00e9gei \u00e9s etikai magatart\u00e1sa<\/li>\n<li>Az orvosi beavatkoz\u00e1s kock\u00e1zata<\/li>\n<li>A foglalkoz\u00e1s k\u00f6r\u00e9ben elk\u00f6vetett vesz\u00e9lyeztet\u00e9s<\/li>\n<li>A szerv- \u00e9s sz\u00f6vet\u00e1t\u00fcltet\u00e9s jogi vonatkoz\u00e1sai<\/li>\n<li>\u201cNem vagyoni k\u00e1r\u201d-t\u00e9r\u00edt\u00e9s fogorvosi vonatkoz\u00e1sai<\/li>\n<li>A fogorvosi felel\u0151ss\u00e9g<\/li>\n<li>A munka- \u00e9s keres\u0151k\u00e9pess\u00e9g-cs\u00f6kken\u00e9s fogorvosi vonatkoz\u00e1sai<\/li>\n<li>A munka- \u00e9s keres\u0151k\u00e9pess\u00e9g. Munkak\u00e9pess\u00e9g-cs\u00f6kken\u00e9s, rokkants\u00e1g<\/li>\n<li>A rendk\u00edv\u00fcli hal\u00e1l. Elj\u00e1r\u00e1s rendk\u00edv\u00fcli hal\u00e1l eset\u00e9n<\/li>\n<li>Halottszemle \u2013 halottvizsg\u00e1lat<\/li>\n<li>Ag\u00f3nia, intermedier \u00e9let, \u201cvita minima\u201d<\/li>\n<li>Korai hullajelens\u00e9gek<\/li>\n<li>K\u00e9s\u0151i hullajelens\u00e9gek<\/li>\n<li>A s\u00e9r\u00fcl\u00e9sek szak\u00e9rt\u0151i vizsg\u00e1lat\u00e1nak \u00e1ltal\u00e1nos elvei<\/li>\n<li>Az orvosi l\u00e1tlelet, az orvosi bizony\u00edtv\u00e1ny<\/li>\n<li>Az orvos, mint szak\u00e9rt\u0151. Az orvosszak\u00e9rt\u0151i v\u00e9lem\u00e9ny \u00e9s annak fel\u00fclvizsg\u00e1lata<\/li>\n<li>A jog, a jogszab\u00e1ly, a jogrendszer, a jog\u00e1gazatok<\/li>\n<li>\u00c9letellenes b\u0171ncselekm\u00e9nyek jogi feloszt\u00e1sa<\/li>\n<li>A s\u00e9r\u00fcl\u00e9sek gy\u00f3gytartama<\/li>\n<li>Magasb\u00f3l lezuhan\u00e1s<\/li>\n<li>A fullad\u00e1sos hal\u00e1lesetekr\u0151l \u00e1ltal\u00e1ban. Az oxig\u00e9n anyagcsere zavarai<\/li>\n<li>K\u00f6zleked\u00e9si baleset alkalm\u00e1val keletkez\u0151 jellegzetes s\u00e9r\u00fcl\u00e9sek<\/li>\n<li>Az arckoponya tompaer\u0151 okozta s\u00e9r\u00fcl\u00e9se. Fogorvosi vonatkoz\u00e1sok<\/li>\n<li>A marad\u00f3 fogazat \u00e9letkori v\u00e1ltoz\u00e1sai. Gustafson \u00e9letkor-meghat\u00e1roz\u00f3 m\u00f3dszere<\/li>\n<li>Szem\u00e9lyazonos\u00edt\u00e1s. A nem, testmagass\u00e1g \u00e9s \u00e9letkor meghat\u00e1roz\u00e1sa v\u00e1zcsont alapj\u00e1n<\/li>\n<li>V\u00edzbe fullad\u00e1s<\/li>\n<li>Hirtelen hal\u00e1lt okoz\u00f3 has\u00fcregi elv\u00e1ltoz\u00e1sok<\/li>\n<li>Akaszt\u00e1s, zsinegel\u00e9s, k\u00e9zzel val\u00f3 megfojt\u00e1s<\/li>\n<li>Sz\u00fart, metszett, v\u00e1gott s\u00e9r\u00fcl\u00e9sek<\/li>\n<li>Szem\u00e9lyazonos\u00edt\u00e1s a fogazat egyedi saj\u00e1toss\u00e1gai, a fogkezel\u00e9s nyomai \u00e9s a prot\u00e9zis vizsg\u00e1lata alapj\u00e1n.<\/li>\n<li>A fogorvosi nyilv\u00e1ntart\u00e1s. A fogorvosi szem\u00e9lyazonos\u00edt\u00e1s elvei \u00e9s lehet\u0151s\u00e9gei<\/li>\n<li>Az elektromos \u00e1ram\u00fct\u00e9s. Az elektromos \u00e1ram okozta szervi elv\u00e1ltoz\u00e1sok<\/li>\n<li>Harap\u00e1si nyomok vizsg\u00e1lata<\/li>\n<li>Szem\u00e9lyazonos\u00edt\u00e1s r\u00f6ntgenfelv\u00e9tel alapj\u00e1n. A szuperimpoz\u00edci\u00f3s szem\u00e9lyazonos\u00edt\u00e1s<\/li>\n<li>Hirtelen hal\u00e1l az \u00e9letkor szerinti csoportos\u00edt\u00e1sban (\u00fajsz\u00fcl\u00f6tt- \u00e9s csecsem\u0151kor, gyermek- \u00e9s ifj\u00fakor, feln\u0151tt- \u00e9s \u00f6regkor)<\/li>\n<li>A mellkas \u00f6sszenyomat\u00e1sa. Oxig\u00e9nhi\u00e1ny okozta fullad\u00e1s. A l\u00e9gz\u0151ny\u00edl\u00e1sok elz\u00e1r\u00e1sa, idegentest f\u00e9lrenyel\u00e9se okozta fullad\u00e1s<\/li>\n<li>A mellkas tompa s\u00e9r\u00fcl\u00e9sei<\/li>\n<li>Hirtelen hal\u00e1lt okoz\u00f3 idegrendszeri megbeteged\u00e9sek<\/li>\n<li>A l\u00f6v\u00e9si s\u00e9r\u00fcl\u00e9s \u00e9s orvosi v\u00e9lem\u00e9nyez\u00e9se<\/li>\n<li>A has tompa s\u00e9r\u00fcl\u00e9sei<\/li>\n<li>Vit\u00e1lis jelek<\/li>\n<li>A koponya \u00e9s agy tompa s\u00e9r\u00fcl\u00e9sei. Intracranialis \u00e9s intracerebralis s\u00e9r\u00fcl\u00e9sek. Commotio, contusio, compressio cerebri<\/li>\n<li>Hirtelen hal\u00e1lt okoz\u00f3 sz\u00edv- \u00e9s \u00e9rrendszeri megbeteged\u00e9sek<\/li>\n<li>\u00c9letkor becsl\u00e9s a dentitio alapj\u00e1n<\/li>\n<li>\u00d6r\u00f6kletes v\u00e9r- \u00e9s sz\u00e9rumtulajdons\u00e1gok. Antropol\u00f3giai \u00f6r\u00f6kl\u00e9stani vizsg\u00e1latok fogorvosi vonatkoz\u00e1sai<\/li>\n<li>A m\u00e9rgez\u00e9sekr\u0151l \u00e1ltal\u00e1ban. Elj\u00e1r\u00e1s m\u00e9rgez\u00e9s gyan\u00faja eset\u00e9n<\/li>\n<li>Alkaloida m\u00e9rgez\u00e9sek<\/li>\n<li>N\u00f6v\u00e9nyv\u00e9d\u0151szerek \u00e9s szerves old\u00f3szerek okozta m\u00e9rgez\u00e9sek<\/li>\n<li>Mar\u00f3szerm\u00e9rgez\u00e9s. Ci\u00e1nm\u00e9rgez\u00e9s. F\u00e9m- \u00e9s f\u00e9ms\u00f3m\u00e9rgez\u00e9sek (Pb, Hg, P, Ba, As)<\/li>\n<li>Sz\u00e9n-monoxid-m\u00e9rgez\u00e9s<\/li>\n<li>Helyi \u00e9rz\u00e9stelen\u00edt\u0151k. K\u00e1b\u00edt\u00f3szerek<\/li>\n<li>Altat\u00f3szer-m\u00e9rgez\u00e9s. Egy\u00e9b gy\u00f3gyszerm\u00e9rgez\u00e9sek<\/li>\n<li>Az ittas \u00e1llapot orvosi \u00e9s jogi m\u00e9rlegel\u00e9se. (A szokv\u00e1nyos \u00e9s atipusos r\u00e9szegs\u00e9g)<\/li>\n<li>Heveny alkoholm\u00e9rgez\u00e9s<\/li>\n<li>Az id\u00fclt alkoholizmus \u00e9s t\u00e1rsadalmi jelent\u0151s\u00e9ge<\/li>\n<\/ol>\n<\/div>\n\n<\/div><h2 class=\"tabtitle\">Szakdolgozat<\/h2>\n<div class=\"tabcontent\">\n\n<h4 class=\"entry-title\"><strong>Szakdolgozat t\u00e9m\u00e1k<\/strong><\/h4>\n<div class=\"entry-content\">\n<ol>\n<li>Dinamikus terhel\u00e9s hat\u00e1sa frontfogakon<\/li>\n<li>Kem\u00e9ny sz\u00f6vetek dinamikus terhel\u00e9s\u00e9nek \u00f6sszehasonl\u00edt\u00f3 vizsg\u00e1lata<\/li>\n<\/ol>\n<\/div>\n<\/div><\/div>\n","protected":false},"excerpt":{"rendered":"<p>Oktat\u00f3: Dr. Felszeghy Endre Az igazs\u00e1g\u00fcgyi fogorvostan a Fogorvostudom\u00e1nyi Karon 1, az \u0151szi szemeszterben ker\u00fcl oktat\u00e1sra. Az oktat\u00e1s tantermi el\u0151ad\u00e1s form\u00e1j\u00e1ban t\u00f6rt\u00e9nik, minden h\u00e9ten 1\u00d745 perc id\u0151tartamban 14 h\u00e9ten \u00e1t. Az el\u0151ad\u00e1sokon elektronikus dia \u00e9s videofelv\u00e9telek ker\u00fclnek szeml\u00e9ltet\u00e9sre. <a href=\"https:\/\/semmelweis.hu\/igazsagugy\/files\/2019\/09\/I\u00dc.-FOGORVOSTAN-K\u00f6vetelm\u00e9nyrendszer.pdf\">Igazs\u00e1g\u00fcgyi fogorvostan k\u00f6vetelm\u00e9nyrendszer (pdf)<\/a> Tantermi el\u0151ad\u00e1sok \u00c1ltal\u00e1nos jogi ismeretek Az orvosi, fogorvosi m\u0171k\u00f6d\u00e9s jogi szab\u00e1lyz\u00e1sa Az orvosi, fogorvosi beavatkoz\u00e1s kock\u00e1zata. Sz\u00f6v\u0151dm\u00e9nyek, &hellip;<\/p>\n","protected":false},"author":136,"featured_media":0,"parent":18,"menu_order":1,"comment_status":"open","ping_status":"closed","template":"","meta":{"_acf_changed":false,"footnotes":""},"categories":[],"tags":[],"class_list":["post-58","page","type-page","status-publish","hentry"],"acf":[],"_links":{"self":[{"href":"https:\/\/semmelweis.hu\/igazsagugy\/wp-json\/wp\/v2\/pages\/58","targetHints":{"allow":["GET"]}}],"collection":[{"href":"https:\/\/semmelweis.hu\/igazsagugy\/wp-json\/wp\/v2\/pages"}],"about":[{"href":"https:\/\/semmelweis.hu\/igazsagugy\/wp-json\/wp\/v2\/types\/page"}],"author":[{"embeddable":true,"href":"https:\/\/semmelweis.hu\/igazsagugy\/wp-json\/wp\/v2\/users\/136"}],"replies":[{"embeddable":true,"href":"https:\/\/semmelweis.hu\/igazsagugy\/wp-json\/wp\/v2\/comments?post=58"}],"version-history":[{"count":7,"href":"https:\/\/semmelweis.hu\/igazsagugy\/wp-json\/wp\/v2\/pages\/58\/revisions"}],"predecessor-version":[{"id":1087,"href":"https:\/\/semmelweis.hu\/igazsagugy\/wp-json\/wp\/v2\/pages\/58\/revisions\/1087"}],"up":[{"embeddable":true,"href":"https:\/\/semmelweis.hu\/igazsagugy\/wp-json\/wp\/v2\/pages\/18"}],"wp:attachment":[{"href":"https:\/\/semmelweis.hu\/igazsagugy\/wp-json\/wp\/v2\/media?parent=58"}],"wp:term":[{"taxonomy":"category","embeddable":true,"href":"https:\/\/semmelweis.hu\/igazsagugy\/wp-json\/wp\/v2\/categories?post=58"},{"taxonomy":"post_tag","embeddable":true,"href":"https:\/\/semmelweis.hu\/igazsagugy\/wp-json\/wp\/v2\/tags?post=58"}],"curies":[{"name":"wp","href":"https:\/\/api.w.org\/{rel}","templated":true}]}}