{"id":55,"date":"2012-10-05T15:34:04","date_gmt":"2012-10-05T13:34:04","guid":{"rendered":"http:\/\/semmelweis-egyetem.hu\/igazsagugy\/?page_id=55"},"modified":"2024-09-25T15:26:11","modified_gmt":"2024-09-25T13:26:11","slug":"tudomanyos-diakkor","status":"publish","type":"page","link":"https:\/\/semmelweis.hu\/igazsagugy\/oktatas\/tudomanyos-diakkor\/","title":{"rendered":"Tudom\u00e1nyos Di\u00e1kk\u00f6r (TDK)"},"content":{"rendered":"<p style=\"text-align: justify\">Szereted a krimiket? \u00c9rdekelnek a nyomoz\u00e1sok, b\u0171nt\u00e9nyek felder\u00edt\u00e9s\u00e9nek orvos-eg\u00e9szs\u00e9gtudom\u00e1nyi vonatkoz\u00e1sai? Szeretn\u00e9l orvostanhallgat\u00f3k\u00e9nt betekint\u00e9st nyerni azok munk\u00e1j\u00e1ba, akik a hat\u00f3s\u00e1got seg\u00edtik az \u00fcgyek felder\u00edt\u00e9s\u00e9ben?<\/p>\n<p style=\"text-align: justify\">Ha valamelyik k\u00e9rd\u00e9sre igennel v\u00e1laszolt\u00e1l, akkor sz\u00edvesen l\u00e1tunk a Patol\u00f3giai, Igazs\u00e1g\u00fcgyi- \u00e9s Biztos\u00edt\u00e1s-orvostani Int\u00e9zet Tudom\u00e1nyos Di\u00e1kk\u00f6r\u00e9ben, ahol kutat\u00f3munka v\u00e9gz\u00e9s\u00e9vel ebbe a vil\u00e1gba nyerhetsz betekint\u00e9st. TDK hallgat\u00f3k\u00e9nt r\u00e9szt vehetsz az int\u00e9zet szakmai tov\u00e1bbk\u00e9pz\u0151 el\u0151ad\u00e1sain is.<\/p>\n<p style=\"text-align: justify\">Jelentkez\u00e9sedhez lez\u00e1rt III. \u00e9v, legal\u00e1bb j\u00f3 \u00e1tlag\u00fa tanulm\u00e1nyi eredm\u00e9ny, akt\u00edv aktu\u00e1lis f\u00e9l\u00e9vi st\u00e1tusz \u00e9s kit\u00f6lt\u00f6tt jelentkez\u00e9si lap sz\u00fcks\u00e9ges, mely ut\u00f3bbit az int\u00e9zeti TDK felel\u0151snek, Dr. J\u00e1mbor-Heged\u00fcs Pann\u00e1nak kell eljuttatnod (<a href=\"mailto:hegedus.panna@semmelweis.hu\">hegedus.panna@semmelweis.hu<\/a>). A felv\u00e9telr\u0151l \u00e9s a t\u00e9mavezet\u0151r\u0151l az Int\u00e9zeti Tan\u00e1cs d\u00f6nt.<\/p>\n<p>V\u00e1runk T\u00e9ged is TDK hallgat\u00f3ink k\u00f6z\u00e9!<\/p>\n<p><a href=\"https:\/\/semmelweis.hu\/igazsagugy\/files\/2016\/09\/Kerelem-TDK.docx\">TDK k\u00e9relem let\u00f6lt\u00e9se (docx)<\/a><\/p>\n<h4><strong>TDK t\u00e9m\u00e1k<\/strong><\/h4>\n<p>Dr. T\u00f6r\u0151 Kl\u00e1ra:<\/p>\n<ul>\n<li>K\u00f6rnyezeti t\u00e9nyez\u0151k hat\u00e1sai<\/li>\n<li>Hirtelen hal\u00e1l<\/li>\n<li>Sz\u00fart s\u00e9r\u00fcl\u00e9sek t\u00edpusos lokaliz\u00e1ci\u00f3ja a s\u00e9r\u00fcl\u00e9s m\u00f3dja f\u00fcggv\u00e9ny\u00e9ben<\/li>\n<\/ul>\n<p>Dr. Felszeghy Endre:<\/p>\n<ul>\n<li>Gyakori fogimplant\u00e1ci\u00f3s sz\u00f6v\u0151dm\u00e9nyek igazs\u00e1g\u00fcgyi fogorvostani aspektusai<\/li>\n<\/ul>\n<p>Dr. L\u00e1szik Andr\u00e1s:<\/p>\n<ul>\n<li>\u00d6n- \u00e9s idegenkez\u0171 s\u00e9r\u00fcl\u00e9sek differenci\u00e1l diagnosztik\u00e1ja<\/li>\n<li>Feh\u00e9rje t\u00f6megspektrometria (MALDI-TOF MS) alkalmaz\u00e1s\u00e1nak lehet\u0151s\u00e9gei emberi \u00e9s \u00e1llati maradv\u00e1nyok azonos\u00edt\u00e1s\u00e1ban<\/li>\n<\/ul>\n<p>Dr. Marcsa Bogl\u00e1rka:<\/p>\n<ul>\n<li>Baleseti hal\u00e1loz\u00e1s gyermekkorban<\/li>\n<\/ul>\n<p>Dr. Danics Krisztina:<\/p>\n<ul>\n<li>Traum\u00e1s koponya\u0171ri v\u00e9rz\u00e9sek igazs\u00e1g\u00fcgyi orvosszak\u00e9rt\u0151i vonatkoz\u00e1sai<\/li>\n<li>Kardio-vaszkul\u00e1ris patol\u00f3gia az igazs\u00e1g\u00fcgyi orvostanban<\/li>\n<\/ul>\n<p>Dr. Magyar L\u00f3r\u00e1nt:<\/p>\n<ul>\n<li>Igazs\u00e1g\u00fcgyi szem\u00e9lyazonos\u00edt\u00e1s<\/li>\n<li>L\u00f6v\u00e9si s\u00e9r\u00fcl\u00e9sek \u00e9rt\u00e9kel\u00e9se<\/li>\n<\/ul>\n<p>Dr. Bokor J\u00e1nos:<\/p>\n<ul>\n<li>Befejezett \u00f6ngyilkoss\u00e1gok molekul\u00e1ris h\u00e1ttere, kieg\u00e9sz\u00edt\u0151 vizsg\u00e1latok szerepe az igazs\u00e1g\u00fcgyi orvostanban<\/li>\n<li>Hajl\u00e9ktalan szem\u00e9lyek hal\u00e1loz\u00e1s\u00e1nak igazs\u00e1g\u00fcgyi orvostani aspektusai<\/li>\n<\/ul>\n<p>Dr. Heged\u00fcs Panna:<\/p>\n<ul>\n<li>S\u00e9r\u00fcl\u00e9smint\u00e1zatok vizsg\u00e1lata algoritmusok seg\u00edts\u00e9g\u00e9vel<\/li>\n<\/ul>\n<p><strong><em>English titles:<\/em><\/strong> Dr. T\u00f6r\u0151 Kl\u00e1ra<\/p>\n<ul>\n<li>Sudden death<\/li>\n<li>Suicide<\/li>\n<li>Cranial injuries<\/li>\n<li>Traffic accidents<\/li>\n<li>Forensic identification<\/li>\n<li>Mental diseases and forensic medicine<\/li>\n<li>Differentiation between self- and another person-inflicted injuries<\/li>\n<\/ul>\n<p><strong><em>Deutsch Titel:<\/em><\/strong> Dr. L\u00e1szik Andr\u00e1s<\/p>\n<ul>\n<li>Verletzungen von einige oder fremde Hand<\/li>\n<li>Analyse von Verkersunf\u00e4lle<\/li>\n<li>Kopfverletzungen<\/li>\n<\/ul>\n","protected":false},"excerpt":{"rendered":"<p>Szereted a krimiket? \u00c9rdekelnek a nyomoz\u00e1sok, b\u0171nt\u00e9nyek felder\u00edt\u00e9s\u00e9nek orvos-eg\u00e9szs\u00e9gtudom\u00e1nyi vonatkoz\u00e1sai? Szeretn\u00e9l orvostanhallgat\u00f3k\u00e9nt betekint\u00e9st nyerni azok munk\u00e1j\u00e1ba, akik a hat\u00f3s\u00e1got seg\u00edtik az \u00fcgyek felder\u00edt\u00e9s\u00e9ben? Ha valamelyik k\u00e9rd\u00e9sre igennel v\u00e1laszolt\u00e1l, akkor sz\u00edvesen l\u00e1tunk a Patol\u00f3giai, Igazs\u00e1g\u00fcgyi- \u00e9s Biztos\u00edt\u00e1s-orvostani Int\u00e9zet Tudom\u00e1nyos Di\u00e1kk\u00f6r\u00e9ben, ahol kutat\u00f3munka v\u00e9gz\u00e9s\u00e9vel ebbe a vil\u00e1gba nyerhetsz betekint\u00e9st. TDK hallgat\u00f3k\u00e9nt r\u00e9szt vehetsz az int\u00e9zet szakmai tov\u00e1bbk\u00e9pz\u0151 &hellip;<\/p>\n","protected":false},"author":136,"featured_media":0,"parent":18,"menu_order":3,"comment_status":"closed","ping_status":"closed","template":"","meta":{"_acf_changed":false,"footnotes":""},"categories":[],"tags":[],"class_list":["post-55","page","type-page","status-publish","hentry"],"acf":[],"_links":{"self":[{"href":"https:\/\/semmelweis.hu\/igazsagugy\/wp-json\/wp\/v2\/pages\/55","targetHints":{"allow":["GET"]}}],"collection":[{"href":"https:\/\/semmelweis.hu\/igazsagugy\/wp-json\/wp\/v2\/pages"}],"about":[{"href":"https:\/\/semmelweis.hu\/igazsagugy\/wp-json\/wp\/v2\/types\/page"}],"author":[{"embeddable":true,"href":"https:\/\/semmelweis.hu\/igazsagugy\/wp-json\/wp\/v2\/users\/136"}],"replies":[{"embeddable":true,"href":"https:\/\/semmelweis.hu\/igazsagugy\/wp-json\/wp\/v2\/comments?post=55"}],"version-history":[{"count":10,"href":"https:\/\/semmelweis.hu\/igazsagugy\/wp-json\/wp\/v2\/pages\/55\/revisions"}],"predecessor-version":[{"id":1182,"href":"https:\/\/semmelweis.hu\/igazsagugy\/wp-json\/wp\/v2\/pages\/55\/revisions\/1182"}],"up":[{"embeddable":true,"href":"https:\/\/semmelweis.hu\/igazsagugy\/wp-json\/wp\/v2\/pages\/18"}],"wp:attachment":[{"href":"https:\/\/semmelweis.hu\/igazsagugy\/wp-json\/wp\/v2\/media?parent=55"}],"wp:term":[{"taxonomy":"category","embeddable":true,"href":"https:\/\/semmelweis.hu\/igazsagugy\/wp-json\/wp\/v2\/categories?post=55"},{"taxonomy":"post_tag","embeddable":true,"href":"https:\/\/semmelweis.hu\/igazsagugy\/wp-json\/wp\/v2\/tags?post=55"}],"curies":[{"name":"wp","href":"https:\/\/api.w.org\/{rel}","templated":true}]}}