{"id":45,"date":"2012-06-26T09:49:37","date_gmt":"2012-06-26T07:49:37","guid":{"rendered":"http:\/\/semmelweis-egyetem.hu\/igazsagugy\/?page_id=45"},"modified":"2023-06-02T09:38:25","modified_gmt":"2023-06-02T07:38:25","slug":"modszertani-levelek","status":"publish","type":"page","link":"https:\/\/semmelweis.hu\/igazsagugy\/modszertani-levelek\/","title":{"rendered":"M\u00f3dszertani levelek"},"content":{"rendered":"<p><strong>Az Orsz\u00e1gos Igazs\u00e1g\u00fcgyi Orvostani Int\u00e9zet m\u00f3dszertani levelei (HAT\u00c1LYON K\u00cdV\u00dcL!)<\/strong><\/p>\n<p><span style=\"color: #ff0000;font-size: 14pt\"><strong>Valamennyi al\u00e1bb felsorolt m\u00f3dszertani lev\u00e9l hat\u00e1ly\u00e1t vesztette!<\/strong><\/span><\/p>\n<p>Az Int\u00e9zet 2015. szeptember 15-\u00e9vel megsz\u0171nt!<\/p>\n<ol>\n<li>Az igazs\u00e1g\u00fcgyi orvosszak\u00e9rt\u0151k elj\u00e1r\u00e1sa az alkoholist\u00e1k k\u00f6telez\u0151 \/munkater\u00e1pi\u00e1s\/ int\u00e9zeti elhelyez\u00e9s\u00e9n\u00e9l. E\u00fc.K. 1977. 7. 331.<strong> Hat\u00e1lyon k\u00edv\u00fcl<\/strong>\u00a0helyezve: 1990.<\/li>\n<li>A testi s\u00e9r\u00fcl\u00e9sek \u00e9s eg\u00e9szs\u00e9gk\u00e1rosod\u00e1sok igazs\u00e1g\u00fcgyi orvosszak\u00e9rt\u0151i v\u00e9lem\u00e9nyez\u00e9s\u00e9r\u0151l. E\u00fc. K. 1977. 23. 1103. Mell\u00e9klet: E\u00fc.K. 1980. 12. 355. Hely\u00e9be l\u00e9p a\u00a0<strong>16.<\/strong>\u00a0sz. m\u00f3dszertani lev\u00e9l<\/li>\n<li>Ir\u00e1nyelvek a sz\u00e1rmaz\u00e1s meg\u00e1llap\u00edt\u00e1si perekben v\u00e9gzend\u0151 v\u00e9rcsoport, &#8211; antropol\u00f3giai vizsg\u00e1latokhoz \u00e9s a szakv\u00e9lem\u00e9ny ad\u00e1s\u00e1hoz. E\u00fc.K. 1978. 8. 347. Hely\u00e9be l\u00e9p a\u00a0<strong>17.<\/strong>\u00a0sz. m\u00f3dszertani lev\u00e9l<\/li>\n<li>Az igazs\u00e1g\u00fcgyi elmeorvos-szak\u00e9rt\u0151i vizsg\u00e1latokr\u00f3l \u00e9s v\u00e9lem\u00e9nyez\u00e9sr\u0151l. E\u00fc. K. 1978. 16. 632. kieg\u00e9sz\u00edt\u00e9s: E\u00fc.K. 1980. 21.900. Helyette:\u00a0<strong>14.<\/strong>\u00a0sz. m\u00f3dszertani lev\u00e9l.<\/li>\n<li>Az alkohol fogyaszt\u00e1s \u00e9s az alkoholos befoly\u00e1solts\u00e1g igazs\u00e1g\u00fcgyi orvosszak\u00e9rt\u0151i vizsg\u00e1lat\u00e1r\u00f3l \u00e9s v\u00e9lem\u00e9nyez\u00e9s\u00e9r\u0151l. E\u00fc. K. 1979. I. 28. Helyette:\u00a0<strong>13.<\/strong>\u00a0sz. m\u00f3dszertani lev\u00e9l.<\/li>\n<li><strong><a href=\"https:\/\/semmelweis.hu\/igazsagugy\/files\/2012\/06\/06_mszlev.pdf\">A halottakkal kapcsolatos igazs\u00e1g\u00fcgyi orvosszak\u00e9rt\u0151i tev\u00e9kenys\u00e9gr\u0151l.<\/a><\/strong> E\u00fc. K. 1979. 4. 156.<\/li>\n<li>Az ittass\u00e1g igazs\u00e1g\u00fcgyi elmeorvos-szak\u00e9rt\u0151i v\u00e9lem\u00e9nyez\u00e9s\u00e9r\u0151l. E\u00fc.K. 1979. 12.620. Helyette\u00a0<strong>15.<\/strong>\u00a0sz. m\u00f3dszertani lev\u00e9l<\/li>\n<li><strong><a href=\"https:\/\/semmelweis.hu\/igazsagugy\/files\/2012\/06\/08_mszlev.pdf\">Az igazs\u00e1g\u00fcgyi orvosszak\u00e9rt\u0151k feladatai k\u00e1rt\u00e9r\u00edt\u00e9si perekben.<\/a><\/strong> E\u00fc.K. 1979. 14.686.<\/li>\n<li><strong><a href=\"https:\/\/semmelweis.hu\/igazsagugy\/files\/2012\/06\/09_mszlev.pdf\">Az igazs\u00e1g\u00fcgyi orvosszak\u00e9rt\u0151i magatart\u00e1s\u00e1r\u00f3l \u00e9s felel\u0151ss\u00e9g\u00e9r\u0151l.<\/a><\/strong> E\u00fc. K. 1980. 21.904.<\/li>\n<li><strong><a href=\"https:\/\/semmelweis.hu\/igazsagugy\/files\/2012\/06\/10_mszlev.pdf\">Az igazs\u00e1g\u00fcgyi pszichol\u00f3gus szak\u00e9rt\u0151i m\u0171k\u00f6d\u00e9si k\u00f6r\u00e9b\u0151l \u00e9s tev\u00e9kenys\u00e9g\u00e9r\u0151l.<\/a> <\/strong>E\u00fc. K. 1983. 6. 128.<\/li>\n<li>A koponya-\u00e9s agys\u00e9r\u00fcl\u00e9sek igazs\u00e1g\u00fcgyi orvosszak\u00e9rt\u0151i v\u00e9lem\u00e9nyez\u00e9s\u00e9r\u0151l E\u00fc.K. 1984. 9. 179. Hely\u00e9be l\u00e9p:\u00a0<strong>18.<\/strong>\u00a0sz. m\u00f3dszertani lev\u00e9l<\/li>\n<li><strong><a href=\"https:\/\/semmelweis.hu\/igazsagugy\/files\/2012\/06\/12_mszlev.pdf\">A gerincs\u00e9r\u00fcltek igazs\u00e1g\u00fcgyi orvosszak\u00e9rt\u0151i vizsg\u00e1lata \u00e9s v\u00e9lem\u00e9nyez\u00e9se.<\/a><\/strong> E\u00fc. K. 1987. 6. 223.<\/li>\n<li><strong><a href=\"https:\/\/semmelweis.hu\/igazsagugy\/files\/2012\/06\/13_mszlev.pdf\">Az alkoholos \u00e1llapot \u00e9s alkoholos befoly\u00e1solts\u00e1g orvosszak\u00e9rt\u0151i vizsg\u00e1lat\u00e1r\u00f3l \u00e9s v\u00e9lem\u00e9nyez\u00e9s\u00e9r\u0151l.<\/a><\/strong> NK 1994. 18. 1569<\/li>\n<li><strong><a href=\"https:\/\/semmelweis.hu\/igazsagugy\/files\/2012\/06\/14_mszlev.pdf\">Az igazs\u00e1g\u00fcgyi pszichi\u00e1triai szak\u00e9rt\u0151i vizsg\u00e1latokr\u00f3l \u00e9s v\u00e9lem\u00e9nyez\u00e9sr\u0151l.<\/a><\/strong> NK 1994. 18. 1574.<\/li>\n<li><strong><a href=\"https:\/\/semmelweis.hu\/igazsagugy\/files\/2012\/06\/15_mszlev.pdf\">Az ittass\u00e1g igazs\u00e1g\u00fcgyi pszichi\u00e1triai szak\u00e9rt\u0151i v\u00e9lem\u00e9nyez\u00e9s\u00e9r\u0151l.<\/a> <\/strong>NK. 1994. 18.1583.<\/li>\n<li><strong><a href=\"https:\/\/semmelweis.hu\/igazsagugy\/files\/2012\/06\/16_mszlev.pdf\">A testi s\u00e9r\u00fcl\u00e9sek \u00e9s eg\u00e9szs\u00e9gk\u00e1rosod\u00e1sok igazs\u00e1g\u00fcgyi orvosszak\u00e9rt\u0151i v\u00e9lem\u00e9nyez\u00e9s\u00e9r\u0151l.<\/a><\/strong> E\u00fc.K. 7\/1998. 619.<\/li>\n<li><strong><a href=\"https:\/\/semmelweis.hu\/igazsagugy\/files\/2012\/06\/17_mszlev.pdf\">Ir\u00e1nyelvek a sz\u00e1rmaz\u00e1s meg\u00e1llap\u00edt\u00e1si perekben v\u00e9gzend\u0151 szak\u00e9rt\u0151i vizsg\u00e1latokhoz \u00e9s a v\u00e9lem\u00e9ny ad\u00e1s\u00e1hoz.<\/a> <\/strong>E\u00fc. K. 7\/1998. 624.<\/li>\n<li><a href=\"https:\/\/semmelweis.hu\/igazsagugy\/files\/2012\/06\/18_mszlev.pdf\"><strong>Koponya \u00e9s agys\u00e9r\u00fcl\u00e9sek igazs\u00e1g\u00fcgyi orvosszak\u00e9rt\u0151i v\u00e9lem\u00e9nyez\u00e9s\u00e9r\u0151l<\/strong>.<\/a> E\u00fc.K. 7\/1998. 632.<\/li>\n<li><strong><a href=\"https:\/\/semmelweis.hu\/igazsagugy\/files\/2012\/06\/19_mszlev.pdf\">A traum\u00e1khoz kapcsol\u00f3d\u00f3 pszich\u00e9s k\u00f3rk\u00e9pek igazs\u00e1g\u00fcgyi orvosszak\u00e9rt\u0151i v\u00e9lem\u00e9nyez\u00e9s\u00e9r\u0151l.<\/a><\/strong> E\u00fc.K. 7\/1998. 639.<\/li>\n<li><strong><a href=\"https:\/\/semmelweis.hu\/igazsagugy\/files\/2012\/06\/20_mszlev.pdf\">Pszichol\u00f3gus szak\u00e9rt\u0151i v\u00e9lem\u00e9nyez\u00e9sr\u0151l. <\/a><\/strong>Felterjesztve v\u00e9lem\u00e9nyez\u00e9sre.<\/li>\n<li><strong><a href=\"https:\/\/semmelweis.hu\/igazsagugy\/files\/2012\/06\/21_mszlev.pdf\">K\u00e1b\u00edt\u00f3szer f\u00fcgg\u0151s\u00e9g v\u00e9lem\u00e9nyez\u00e9s\u00e9r\u0151l.<\/a><\/strong><\/li>\n<li><strong><a href=\"https:\/\/semmelweis.hu\/igazsagugy\/files\/2012\/06\/22_mszlev.pdf\">Polg\u00e1ri \u00e9s b\u00fcntet\u0151\u00fcgyekben v\u00e9gzett DNS vizsg\u00e1latokr\u00f3l.<\/a><\/strong><\/li>\n<\/ol>\n<ul>\n<li><strong><a href=\"https:\/\/semmelweis.hu\/igazsagugy\/files\/2012\/06\/Oiti_mszlev.pdf\">1\/1999. Orsz\u00e1gos Igazs\u00e1g\u00fcgyi Toxikol\u00f3giai Int\u00e9zet m\u00f3dszertani levele a k\u00e1b\u00edt\u00f3szerek \u00e9s pszichotrop hat\u00e1s\u00fa anyagok igazs\u00e1g\u00fcgyi toxikol\u00f3giai vizsg\u00e1lat\u00e1r\u00f3l k\u00fcl\u00f6nb\u00f6z\u0151 hum\u00e1n testnedvekb\u0151l, hat\u00f3s\u00e1gi mintav\u00e9telez\u00e9s alapj\u00e1n.<\/a><\/strong><\/li>\n<\/ul>\n<p><strong>A Magyar Igazs\u00e1g\u00fcgyi Szak\u00e9rt\u0151i Kamara hat\u00e1lyos m\u00f3dszertani levelei:<\/strong><\/p>\n<ul>\n<li><strong><a href=\"https:\/\/semmelweis.hu\/igazsagugy\/files\/2023\/06\/1_2020_MISZK_modszertani_level.pdf\">A MISZK 1\/2020. sz\u00e1m\u00fa m\u00f3dszertani levele a pszichi\u00e1triai int\u00e9zeti felv\u00e9tel \u00e9s gy\u00f3gykezel\u00e9s elrendel\u00e9s\u00e9re ir\u00e1nyul\u00f3 nemperes elj\u00e1r\u00e1sban v\u00e9gzett igazs\u00e1g\u00fcgyi pszichi\u00e1ter szak\u00e9rt\u0151i tev\u00e9kenys\u00e9gr\u0151l<\/a><\/strong><\/li>\n<li><strong><a href=\"https:\/\/semmelweis.hu\/igazsagugy\/files\/2023\/06\/MISZK_Modszertani_level_5_2020.pdf\">A MISZK 5\/2020. sz\u00e1m\u00fa m\u00f3dszertani levele az igazs\u00e1g\u00fcgyi klinikai \u00e9s ment\u00e1lhigi\u00e9niai feln\u0151tt- \u00e9s gyermek szakpszichol\u00f3gia egyes szak\u00e9rt\u0151i vizsg\u00e1latair\u00f3l<\/a><\/strong><\/li>\n<li><strong><a href=\"https:\/\/semmelweis.hu\/igazsagugy\/files\/2023\/06\/MISZK_modszertani_level_7_2020.pdf\">A MISZK 7\/2020. sz\u00e1m\u00fa m\u00f3dszertani levele a\u00a0helysz\u00edni halottvizsg\u00e1lat sor\u00e1n v\u00e9gzett igazs\u00e1g\u00fcgyi orvosszak\u00e9rt\u0151i tev\u00e9kenys\u00e9gr\u0151l<\/a><\/strong><\/li>\n<\/ul>\n","protected":false},"excerpt":{"rendered":"<p>Az Orsz\u00e1gos Igazs\u00e1g\u00fcgyi Orvostani Int\u00e9zet m\u00f3dszertani levelei (HAT\u00c1LYON K\u00cdV\u00dcL!) Valamennyi al\u00e1bb felsorolt m\u00f3dszertani lev\u00e9l hat\u00e1ly\u00e1t vesztette! Az Int\u00e9zet 2015. szeptember 15-\u00e9vel megsz\u0171nt! Az igazs\u00e1g\u00fcgyi orvosszak\u00e9rt\u0151k elj\u00e1r\u00e1sa az alkoholist\u00e1k k\u00f6telez\u0151 \/munkater\u00e1pi\u00e1s\/ int\u00e9zeti elhelyez\u00e9s\u00e9n\u00e9l. E\u00fc.K. 1977. 7. 331. Hat\u00e1lyon k\u00edv\u00fcl\u00a0helyezve: 1990. A testi s\u00e9r\u00fcl\u00e9sek \u00e9s eg\u00e9szs\u00e9gk\u00e1rosod\u00e1sok igazs\u00e1g\u00fcgyi orvosszak\u00e9rt\u0151i v\u00e9lem\u00e9nyez\u00e9s\u00e9r\u0151l. E\u00fc. K. 1977. 23. 1103. Mell\u00e9klet: E\u00fc.K. 1980. &hellip;<\/p>\n","protected":false},"author":8,"featured_media":0,"parent":0,"menu_order":5,"comment_status":"open","ping_status":"closed","template":"","meta":{"_acf_changed":false,"footnotes":""},"categories":[],"tags":[],"class_list":["post-45","page","type-page","status-publish","hentry"],"acf":[],"_links":{"self":[{"href":"https:\/\/semmelweis.hu\/igazsagugy\/wp-json\/wp\/v2\/pages\/45","targetHints":{"allow":["GET"]}}],"collection":[{"href":"https:\/\/semmelweis.hu\/igazsagugy\/wp-json\/wp\/v2\/pages"}],"about":[{"href":"https:\/\/semmelweis.hu\/igazsagugy\/wp-json\/wp\/v2\/types\/page"}],"author":[{"embeddable":true,"href":"https:\/\/semmelweis.hu\/igazsagugy\/wp-json\/wp\/v2\/users\/8"}],"replies":[{"embeddable":true,"href":"https:\/\/semmelweis.hu\/igazsagugy\/wp-json\/wp\/v2\/comments?post=45"}],"version-history":[{"count":11,"href":"https:\/\/semmelweis.hu\/igazsagugy\/wp-json\/wp\/v2\/pages\/45\/revisions"}],"predecessor-version":[{"id":1113,"href":"https:\/\/semmelweis.hu\/igazsagugy\/wp-json\/wp\/v2\/pages\/45\/revisions\/1113"}],"wp:attachment":[{"href":"https:\/\/semmelweis.hu\/igazsagugy\/wp-json\/wp\/v2\/media?parent=45"}],"wp:term":[{"taxonomy":"category","embeddable":true,"href":"https:\/\/semmelweis.hu\/igazsagugy\/wp-json\/wp\/v2\/categories?post=45"},{"taxonomy":"post_tag","embeddable":true,"href":"https:\/\/semmelweis.hu\/igazsagugy\/wp-json\/wp\/v2\/tags?post=45"}],"curies":[{"name":"wp","href":"https:\/\/api.w.org\/{rel}","templated":true}]}}