{"id":337,"date":"2014-10-11T23:55:05","date_gmt":"2014-10-11T21:55:05","guid":{"rendered":"http:\/\/semmelweis.hu\/igazsagugy\/?page_id=337"},"modified":"2025-08-19T07:12:01","modified_gmt":"2025-08-19T05:12:01","slug":"tajekoztato-erasmus-hallgatok-szamara","status":"publish","type":"page","link":"https:\/\/semmelweis.hu\/igazsagugy\/oktatas\/tajekoztato-erasmus-hallgatok-szamara\/","title":{"rendered":"T\u00e1j\u00e9koztat\u00f3 tanul\u00e1nyaikat k\u00fclf\u00f6ld\u00f6n folytatni sz\u00e1nd\u00e9koz\u00f3 (ERASMUS &#8211; PANN\u00d3NIA \u00f6szt\u00f6nd\u00edj program) hallgat\u00f3k sz\u00e1m\u00e1ra"},"content":{"rendered":"<p><strong>T\u00e1j\u00e9koztat\u00f3 tanul\u00e1nyaikat k\u00fclf\u00f6ld\u00f6n folytatni sz\u00e1nd\u00e9koz\u00f3 (ERASMUS &#8211; PANN\u00d3NIA&#8230; \u00f6szt\u00f6nd\u00edj program) hallgat\u00f3k sz\u00e1m\u00e1ra <\/strong><strong>(2025-t\u0151l \u00faj kurrikulum)<\/strong><strong>: i<\/strong><strong>gazs\u00e1g\u00fcgyi orvostan tant\u00e1rgy<\/strong><\/p>\n<p>Az <strong><u>igazs\u00e1g\u00fcgyi orvostan tant\u00e1rgy<\/u><\/strong> keretein bel\u00fcl az al\u00e1bbi lehet\u0151s\u00e9geket v\u00e1laszthatja a <strong>f\u00e9l\u00e9v v\u00e9gi al\u00e1\u00edr\u00e1s<\/strong> megszerz\u00e9s\u00e9hez, a blokk \u00f6sszes tan\u00f3r\u00e1j\u00e1nak p\u00f3tl\u00e1sak\u00e9nt:<\/p>\n<hr \/>\n<h4 style=\"text-align: center\"><strong>I.<\/strong><\/h4>\n<p>Amennyiben a k\u00fclf\u00f6ldi egyetemen igazs\u00e1g\u00fcgyi orvostan tant\u00e1rgy oktat\u00e1sa t\u00f6rt\u00e9nik <strong>minim\u00e1lisan \u00f6sszesen 28 tan\u00f3ra id\u0151tartamban<\/strong>, \u00e9s a <strong>tematik\u00e1k 75%-a egyezik<\/strong> \u00fagy Int\u00e9zet\u00fcnk enged\u00e9lyezi az igazs\u00e1g\u00fcgyi orvostan tant\u00e1rgy k\u00fclf\u00f6ld\u00f6n t\u00f6rt\u00e9n\u0151 teljes\u00edt\u00e9s\u00e9t.<\/p>\n<ul>\n<li>A k\u00e9relemhez csatolja k\u00fclf\u00f6ldi int\u00e9zm\u00e9ny <strong>igazs\u00e1g\u00fcgyi orvostanra vonatkoz\u00f3 t\u00e1rgyle\u00edr\u00e1st, <\/strong>mely tartalmazza a f\u00e9l\u00e9venk\u00e9nt hallgatott tan\u00f3r\u00e1inak sz\u00e1m\u00e1t, a tant\u00e1rgy tematik\u00e1j\u00e1t, a gyakorlati illetve elm\u00e9leti \u00f3r\u00e1k sz\u00e1ma.<\/li>\n<li>A k\u00e9relemhez szint\u00e9n csatolni kell a SE <strong>Nemzetk\u00f6zi Mobilit\u00e1si Oszt\u00e1ly igazol\u00e1s\u00e1t (pl. STUDENT APPLICATION FORM al\u00e1\u00edrt v\u00e1ltozat\u00e1nak m\u00e1solata)<\/strong>.<\/li>\n<\/ul>\n<p>A k\u00fclf\u00f6ldi egyetem ki\u00e1ll\u00edtott, a tant\u00e1rgy teljes\u00edt\u00e9s\u00e9re vonatkoz\u00f3 <strong style=\"font-size: 1rem\">eredeti igazol\u00e1st<\/strong><span style=\"font-size: 1rem\"> elfogadja Int\u00e9zet\u00fcnk a tant\u00e1rgy teljes\u00edt\u00e9sek\u00e9nt. A k\u00fclf\u00f6ldi int\u00e9zm\u00e9ny igazol\u00e1s\u00e1t legk\u00e9s\u0151bb az igazs\u00e1g\u00fcgyi orvostan vizsga el\u0151tt <\/span><strong style=\"font-size: 1rem\">5 munkanappal kor\u00e1bban<\/strong><span style=\"font-size: 1rem\"> kell leadni eredetben.<\/span><\/p>\n<hr \/>\n<p style=\"text-align: center\"><strong>II. <\/strong><\/p>\n<p>Amennyiben a k\u00fclf\u00f6ldi egyetemen igazs\u00e1g\u00fcgyi orvostan oktat\u00e1s nem t\u00f6rt\u00e9nik, \u00fagy Int\u00e9zet\u00fcnk lehet\u0151s\u00e9get biztos\u00edt arra, hogy az igazs\u00e1g\u00fcgyi orvostan ismereteket itthon, bonctermi p\u00f3tl\u00e1sk\u00e9nt t\u00f6mb\u00f6s\u00edtett form\u00e1ban szerezze meg.<\/p>\n<ul>\n<li>A k\u00e9relemhez szint\u00e9n csatolni kell a SE <strong>Nemzetk\u00f6zi Mobilit\u00e1si Oszt\u00e1ly igazol\u00e1s\u00e1t (pl. STUDENT APPLICATION FORM al\u00e1\u00edrt v\u00e1ltozat\u00e1nak m\u00e1solata).<\/strong><\/li>\n<\/ul>\n<p>Ezen ut\u00f3bbi esetben \u00f6sszesen <strong>28 \u00f3r\u00e1nyi id\u0151tartamban<\/strong>, b\u00e1rmely <strong>munkanapon<\/strong> <strong>7:00-11:00<\/strong> k\u00f6z\u00f6tt, az \u00d6n \u00e1ltal v\u00e1lasztott tetsz\u0151leges id\u0151pontokban az <strong>Int\u00e9zet Bonctermi<\/strong> munk\u00e1j\u00e1ban megfigyel\u0151k\u00e9nt r\u00e9szt venni k\u00f6teles! A 28 \u00f3r\u00e1nyi bonctermi munk\u00e1ban val\u00f3 igazolt r\u00e9szv\u00e9telen t\u00fal az al\u00e1\u00edr\u00e1s megszerz\u00e9s\u00e9nek egy\u00e9b felt\u00e9tele nincs. Az ehhez sz\u00fcks\u00e9ges kit\u00f6ltetlen igazol\u00f3lapot k\u00e9relme beny\u00fajt\u00e1s\u00e1t \u00e9s elfogad\u00e1s\u00e1t k\u00f6vet\u0151en az Int\u00e9zet Professzori titk\u00e1rs\u00e1g\u00e1n veheti \u00e1t. A v\u00e9d\u0151ruh\u00e1zatot (k\u00f6peny, l\u00e1bzs\u00e1k, keszty\u0171) int\u00e9zet\u00fcnk biztos\u00edtja.<\/p>\n<p>A kit\u00f6lt\u00f6tt igazol\u00f3lapot legk\u00e9s\u0151bb az igazs\u00e1g\u00fcgyi orvostan vizsga el\u0151tt <strong>5 munkanappal kor\u00e1bban<\/strong> kell leadni eredetben. (Az igazol\u00f3lap lead\u00e1sa ak\u00e1r a teljes\u00edt\u00e9s ut\u00e1n k\u00f6zvetlen\u00fcl is megt\u00f6rt\u00e9nhet.)<\/p>\n<p><strong>A bonctermi p\u00f3tl\u00e1shoz el\u0151zetes bejelentkez\u00e9s nem sz\u00fcks\u00e9ges!<\/strong><\/p>\n<p>A boncterem megk\u00f6zel\u00edthet\u0151s\u00e9ge az al\u00e1bbi linken \u00e9rhet\u0151 el:\u00a0<\/p>\n<p><iframe loading=\"lazy\" id=\"kaltura_player\" src=\"https:\/\/cdnapisec.kaltura.com\/p\/2714041\/sp\/271404100\/embedIframeJs\/uiconf_id\/45220391\/partner_id\/2714041?iframeembed=true&amp;playerId=kaltura_player&amp;entry_id=1_ulfzfx7t&amp;flashvars[streamerType]=auto&amp;flashvars[localizationCode]=hu_HU&amp;flashvars[sideBarContainer.plugin]=true&amp;flashvars[sideBarContainer.position]=left&amp;flashvars[sideBarContainer.clickToClose]=true&amp;flashvars[chapters.plugin]=true&amp;flashvars[chapters.layout]=vertical&amp;flashvars[chapters.thumbnailRotator]=false&amp;flashvars[streamSelector.plugin]=true&amp;flashvars[EmbedPlayer.SpinnerTarget]=videoHolder&amp;flashvars[dualScreen.plugin]=true&amp;flashvars[hotspots.plugin]=1&amp;flashvars[Kaltura.addCrossoriginToIframe]=true&amp;&amp;wid=1_0eomk854\" width=\"400\" height=\"285\"><\/iframe><\/p>\n<p>&nbsp;<\/p>\n<p>Az elm\u00e9leti ismereteket a tant\u00e1rgy moodle fel\u00fclet\u00e9n tal\u00e1lja.<\/p>\n<hr \/>\n<p>A fenti lehet\u0151s\u00e9gek k\u00f6z\u00fcl a k\u00e9relemr\u0151l sz\u00f3l\u00f3 adatlapon csak az egyik jel\u00f6lhet\u0151 meg!<\/p>\n<p>Felh\u00edvom figyelm\u00e9t, hogy a k\u00e9relemr\u0151l sz\u00f3l\u00f3 adatlap kit\u00f6lt\u00e9s\u00e9t\u0151l eltekinteni nem lehets\u00e9ges, illetve a k\u00e9relmet ut\u00f3lagosan (k\u00fclf\u00f6ldi tanulm\u00e1nyok megkezd\u00e9s\u00e9t k\u00f6vet\u0151en) nem \u00e1ll m\u00f3dunkban elfogadni. A k\u00e9relmet a Patol\u00f3giai Igazs\u00e1g\u00fcgyi \u00e9s Biztos\u00edt\u00e1si Orvostani Int\u00e9zet (r\u00e9gi II. sz. Patol\u00f3giai Int\u00e9zet) <strong>professzori titk\u00e1rs\u00e1g\u00e1n<\/strong> adhatja le hivatali id\u0151ben, b\u00e1rmely munkanapon. A k\u00e9relem elb\u00edr\u00e1l\u00e1sa kb. 1-2 munkanap. A k\u00e9relem Int\u00e9zetvezet\u0151 \u00e1ltali ellenjegyz\u00e9se n\u00e9lk\u00fcl k\u00fclf\u00f6ld\u00f6n v\u00e9gzend\u0151 tanulm\u00e1nyait nem \u00e1ll m\u00f3dunkban elfogadni. A k\u00e9relemben szerepl\u0151 adatait kiz\u00e1r\u00f3lag az \u00d6nnel t\u00f6rt\u00e9n\u0151 kapcsolattart\u00e1s \u00e9s az \u00d6n azonos\u00edthat\u00f3s\u00e1ga miatt k\u00e9rj\u00fck.<\/p>\n<p>Az Int\u00e9zet \u00e1ltal ki\u00e1ll\u00edtott kit\u00f6ltetlen igazol\u00f3lap egyes sorait kiz\u00e1r\u00f3lag Int\u00e9zet\u00fcnk szakorvosai t\u00f6lthetik ki, (munkanaponk\u00e9nt legfeljebb 1 sort).<\/p>\n<p>Az igazol\u00f3lapr\u00f3l f\u00e9nym\u00e1solatot k\u00e9sz\u00edt\u00fcnk, majd a kor\u00e1bban beny\u00fajtott k\u00e9relm\u00e9hez csatoljuk adminisztr\u00e1ci\u00f3s okokb\u00f3l.<\/p>\n<p>Felh\u00edvjuk figyelm\u00e9t, hogy amennyiben a k\u00fclf\u00f6ldi egyetem vagy int\u00e9zet \u00e1ltal k\u00e9sz\u00edtett igazol\u00e1st vagy az Int\u00e9zet \u00e1ltal ki\u00e1ll\u00edtott \u00e9s kit\u00f6lt\u00f6tt igazol\u00f3lapot nem tudja bemutatni, \u00fagy al\u00e1\u00edr\u00e1s nem adhat\u00f3, \u00edgy a vizsga sem tehet\u0151 le!<\/p>\n<p>T\u00e1j\u00e9koztatjuk, hogy a k\u00fclf\u00f6ld\u00f6n letett sikeres igazs\u00e1g\u00fcgyi orvostan vizsg\u00e1t nem fogadjuk el. <strong>Az igazs\u00e1g\u00fcgyi orvostan vizsga let\u00e9tele kiz\u00e1r\u00f3lag int\u00e9zet\u00fcnkben lehets\u00e9ges, a meghirdetett k\u00f6vetelm\u00e9nyrendszer\u00fcnknek megfelel\u0151en! (Ennek oka az elt\u00e9r\u0151 magyar \u00e9s k\u00fclf\u00f6ldi jogszab\u00e1lyi k\u00f6rnyezet.)<\/strong><strong>\u00a0<\/strong><\/p>\n<p><strong>A vizsg\u00e1kkal valamint az egy\u00e9b oktat\u00e1st \u00e9rint\u0151 k\u00e9rd\u00e9sekkel kapcsolatban javasoljuk, hogy rendszeresen l\u00e1togassa meg int\u00e9zet\u00fcnk moodle fel\u00fclet\u00e9t \u00e9s int\u00e9zeti honlapunkat.\u00a0<\/strong><strong>\u00a0<\/strong><\/p>\n<p><strong>Elfogadott k\u00e9relem eset\u00e9n a kurzusjelentkez\u00e9skor k\u00f6telez\u0151 a NEPTUN-ban az ERASMUS kurzusba jelentkezni! Ha a k\u00fclf\u00f6ldi tanulm\u00e1nyok m\u00e9gsem val\u00f3sulnak meg, akkor az ERASMUS kurzusb\u00f3l ki kell jelentkezni.<\/strong><\/p>\n<p><strong>Az esetlegesen felmer\u00fcl\u0151 k\u00e9rd\u00e9seire az al\u00e1bbi e-mailc\u00edmen v\u00e1laszolunk:<\/strong><\/p>\n<p><a href=\"mailto:magyar.lorant@semmelweis.hu\"><strong>magyar.lorant@semmelweis.hu<\/strong><\/a> vagy<\/p>\n<p><a href=\"mailto:zsisko.andrea@semmelweis.hu\"><strong>zsisko.andrea.magdolna@semmelweis.hu<\/strong><\/a><\/p>\n<p><a href=\"https:\/\/semmelweis.hu\/igazsagugy\/files\/2025\/08\/ERASMUS-kerelem-V3.5.docx\">K\u00e9relem formanyomtatv\u00e1ny let\u00f6lt\u00e9se ITT<\/a><\/p>\n","protected":false},"excerpt":{"rendered":"<p>T\u00e1j\u00e9koztat\u00f3 tanul\u00e1nyaikat k\u00fclf\u00f6ld\u00f6n folytatni sz\u00e1nd\u00e9koz\u00f3 (ERASMUS &#8211; PANN\u00d3NIA&#8230; \u00f6szt\u00f6nd\u00edj program) hallgat\u00f3k sz\u00e1m\u00e1ra (2025-t\u0151l \u00faj kurrikulum): igazs\u00e1g\u00fcgyi orvostan tant\u00e1rgy Az igazs\u00e1g\u00fcgyi orvostan tant\u00e1rgy keretein bel\u00fcl az al\u00e1bbi lehet\u0151s\u00e9geket v\u00e1laszthatja a f\u00e9l\u00e9v v\u00e9gi al\u00e1\u00edr\u00e1s megszerz\u00e9s\u00e9hez, a blokk \u00f6sszes tan\u00f3r\u00e1j\u00e1nak p\u00f3tl\u00e1sak\u00e9nt: I. Amennyiben a k\u00fclf\u00f6ldi egyetemen igazs\u00e1g\u00fcgyi orvostan tant\u00e1rgy oktat\u00e1sa t\u00f6rt\u00e9nik minim\u00e1lisan \u00f6sszesen 28 tan\u00f3ra id\u0151tartamban, \u00e9s a &hellip;<\/p>\n","protected":false},"author":136,"featured_media":0,"parent":18,"menu_order":6,"comment_status":"closed","ping_status":"closed","template":"","meta":{"_acf_changed":false,"footnotes":""},"categories":[],"tags":[],"class_list":["post-337","page","type-page","status-publish","hentry"],"acf":[],"_links":{"self":[{"href":"https:\/\/semmelweis.hu\/igazsagugy\/wp-json\/wp\/v2\/pages\/337","targetHints":{"allow":["GET"]}}],"collection":[{"href":"https:\/\/semmelweis.hu\/igazsagugy\/wp-json\/wp\/v2\/pages"}],"about":[{"href":"https:\/\/semmelweis.hu\/igazsagugy\/wp-json\/wp\/v2\/types\/page"}],"author":[{"embeddable":true,"href":"https:\/\/semmelweis.hu\/igazsagugy\/wp-json\/wp\/v2\/users\/136"}],"replies":[{"embeddable":true,"href":"https:\/\/semmelweis.hu\/igazsagugy\/wp-json\/wp\/v2\/comments?post=337"}],"version-history":[{"count":12,"href":"https:\/\/semmelweis.hu\/igazsagugy\/wp-json\/wp\/v2\/pages\/337\/revisions"}],"predecessor-version":[{"id":1238,"href":"https:\/\/semmelweis.hu\/igazsagugy\/wp-json\/wp\/v2\/pages\/337\/revisions\/1238"}],"up":[{"embeddable":true,"href":"https:\/\/semmelweis.hu\/igazsagugy\/wp-json\/wp\/v2\/pages\/18"}],"wp:attachment":[{"href":"https:\/\/semmelweis.hu\/igazsagugy\/wp-json\/wp\/v2\/media?parent=337"}],"wp:term":[{"taxonomy":"category","embeddable":true,"href":"https:\/\/semmelweis.hu\/igazsagugy\/wp-json\/wp\/v2\/categories?post=337"},{"taxonomy":"post_tag","embeddable":true,"href":"https:\/\/semmelweis.hu\/igazsagugy\/wp-json\/wp\/v2\/tags?post=337"}],"curies":[{"name":"wp","href":"https:\/\/api.w.org\/{rel}","templated":true}]}}