{"id":32,"date":"2012-06-26T07:14:06","date_gmt":"2012-06-26T07:14:06","guid":{"rendered":"http:\/\/semmelweis-egyetem.hu\/igazsagugy\/?page_id=32"},"modified":"2023-05-31T12:47:08","modified_gmt":"2023-05-31T10:47:08","slug":"korszovettani-laboratorium","status":"publish","type":"page","link":"https:\/\/semmelweis.hu\/igazsagugy\/laboratoriumok\/korszovettani-laboratorium\/","title":{"rendered":"K\u00f3rsz\u00f6vettani laborat\u00f3rium"},"content":{"rendered":"<ul>\n<li>Laborvezet\u0151: Dr. Danics Krisztina<\/li>\n<li>Vezet\u0151 szakasszisztens: T\u00f6r\u00f6k Zsuzsanna<\/li>\n<\/ul>\n<p>Tel: +36-1\/215-73-00, 53416 mell\u00e9k<\/p>\n","protected":false},"excerpt":{"rendered":"<p>Laborvezet\u0151: Dr. Danics Krisztina<br \/>\nVezet\u0151 szakasszisztens: T\u00f6r\u00f6k Zsuzsanna<\/p>\n<p>Tel: +36-1\/215-73-00, 53416 mell\u00e9k<\/p>\n","protected":false},"author":8,"featured_media":0,"parent":23,"menu_order":3,"comment_status":"closed","ping_status":"closed","template":"","meta":{"_acf_changed":false,"footnotes":""},"categories":[],"tags":[],"class_list":["post-32","page","type-page","status-publish","hentry"],"acf":[],"_links":{"self":[{"href":"https:\/\/semmelweis.hu\/igazsagugy\/wp-json\/wp\/v2\/pages\/32","targetHints":{"allow":["GET"]}}],"collection":[{"href":"https:\/\/semmelweis.hu\/igazsagugy\/wp-json\/wp\/v2\/pages"}],"about":[{"href":"https:\/\/semmelweis.hu\/igazsagugy\/wp-json\/wp\/v2\/types\/page"}],"author":[{"embeddable":true,"href":"https:\/\/semmelweis.hu\/igazsagugy\/wp-json\/wp\/v2\/users\/8"}],"replies":[{"embeddable":true,"href":"https:\/\/semmelweis.hu\/igazsagugy\/wp-json\/wp\/v2\/comments?post=32"}],"version-history":[{"count":8,"href":"https:\/\/semmelweis.hu\/igazsagugy\/wp-json\/wp\/v2\/pages\/32\/revisions"}],"predecessor-version":[{"id":1025,"href":"https:\/\/semmelweis.hu\/igazsagugy\/wp-json\/wp\/v2\/pages\/32\/revisions\/1025"}],"up":[{"embeddable":true,"href":"https:\/\/semmelweis.hu\/igazsagugy\/wp-json\/wp\/v2\/pages\/23"}],"wp:attachment":[{"href":"https:\/\/semmelweis.hu\/igazsagugy\/wp-json\/wp\/v2\/media?parent=32"}],"wp:term":[{"taxonomy":"category","embeddable":true,"href":"https:\/\/semmelweis.hu\/igazsagugy\/wp-json\/wp\/v2\/categories?post=32"},{"taxonomy":"post_tag","embeddable":true,"href":"https:\/\/semmelweis.hu\/igazsagugy\/wp-json\/wp\/v2\/tags?post=32"}],"curies":[{"name":"wp","href":"https:\/\/api.w.org\/{rel}","templated":true}]}}