{"id":26,"date":"2012-06-26T07:11:58","date_gmt":"2012-06-26T07:11:58","guid":{"rendered":"http:\/\/semmelweis-egyetem.hu\/igazsagugy\/?page_id=26"},"modified":"2025-06-11T07:38:47","modified_gmt":"2025-06-11T05:38:47","slug":"dns-laboratorium","status":"publish","type":"page","link":"https:\/\/semmelweis.hu\/igazsagugy\/laboratoriumok\/dns-laboratorium\/","title":{"rendered":"DNS laborat\u00f3rium"},"content":{"rendered":"<p>Laborvezet\u0151: Dr. L\u00e1szik Andr\u00e1s<br \/>\nTel: 06-1\/215-73-00, 53407 mell\u00e9k<\/p>\n<p>A Patol\u00f3giai, Igazs\u00e1g\u00fcgyi \u00e9s Biztos\u00edt\u00e1s-orvostani Int\u00e9zet\u00e9ben v\u00e9gzett DNS vizsg\u00e1latokr\u00f3l felvil\u00e1gos\u00edt\u00e1st adunk a k\u00f6vetkez\u0151 telefonsz\u00e1mokon: <br \/>\n+36 1 215-7300\/53408<br \/>\n+36-20-492-6424<\/p>\n<h3>A DNS vizsg\u00e1latr\u00f3l<\/h3>\n<p style=\"text-align: justify\"><a href=\"https:\/\/semmelweis.hu\/igazsagugy\/files\/2012\/06\/laszik1.jpg\"><img loading=\"lazy\" decoding=\"async\" class=\"alignleft size-full wp-image-27\" src=\"https:\/\/semmelweis.hu\/igazsagugy\/files\/2012\/06\/laszik1.jpg\" alt=\"\" width=\"216\" height=\"324\" srcset=\"https:\/\/semmelweis.hu\/igazsagugy\/files\/2012\/06\/laszik1.jpg 216w, https:\/\/semmelweis.hu\/igazsagugy\/files\/2012\/06\/laszik1-200x300.jpg 200w\" sizes=\"auto, (max-width: 216px) 100vw, 216px\" \/><\/a>Az elm\u00falt \u00e9vtizedek eredm\u00e9nyei, mint az \u00faj molekul\u00e1ris biol\u00f3giai m\u00f3dszerek bevezet\u00e9se, valamint az egyedi DNS tulajdons\u00e1gokat hordoz\u00f3 genetikai \u00e1llom\u00e1ny felt\u00e1r\u00e1sa lehet\u0151v\u00e9 tett\u00e9k a DNS-anal\u00edzis alkalmaz\u00e1s\u00e1t az igazs\u00e1g\u00fcgyi orvostani gyakorlatban is. A hagyom\u00e1nyos szerol\u00f3giai elemz\u00e9s a feh\u00e9rj\u00e9k, a DNS-anal\u00edzis azonban m\u00e1r k\u00f6zvetlen\u00fcl az \u00f6r\u00f6k\u00edt\u0151 anyag szintj\u00e9n vizsg\u00e1lja a szab\u00e1lyosan \u00f6r\u00f6kl\u0151d\u0151 egyedi tulajdons\u00e1gokat. M\u00edg a v\u00e9rcsoportok eset\u00e9ben a sz\u00fclet\u00e9st k\u00f6vet\u0151en k\u00f6zel egy \u00e9vig ezen feh\u00e9rje alap\u00fa tulajdons\u00e1goknak stabiliz\u00e1l\u00f3dniuk kell, addig a h\u00edmivarsejt \u00e9s a petesejt egyes\u00fcl\u00e9sekor az egyed genetikai \u00e1llom\u00e1nya azonnal l\u00e9trej\u00f6n \u00e9s az a k\u00e9s\u0151bbiekben &#8211; az igazs\u00e1g\u00fcgyi orvostani gyakorlatban vizsg\u00e1lt tulajdons\u00e1gokat illet\u0151en &#8211; nem v\u00e1ltozik.<\/p>\n<h3>A DNS molekula<\/h3>\n<p style=\"text-align: justify\">Az emberi szervezet fel\u00e9p\u00edt\u00e9s\u00e9t \u00e9s m\u0171k\u00f6d\u00e9s\u00e9t k\u00f3dol\u00f3 \u00f6r\u00f6k\u00edt\u0151 anyag, a DNS (dezoxiribo-nuklein-sav) molekula a sejtek magj\u00e1ban (nukle\u00e1ris DNS) \u00e9s az energi\u00e1t termel\u0151 sejtalkot\u00f3kban, az un. mitokondriumokban (mtDNS) tal\u00e1lhat\u00f3. A DNS molekula egy hossztengelye k\u00f6r\u00fcl megcsavart l\u00e9tr\u00e1ra eml\u00e9keztet, melynek sz\u00e1rait cukor-foszforsav l\u00e1nc, fokait pedig n\u00e9gy k\u00fcl\u00f6nb\u00f6z\u0151, \u00e9s p\u00e1ronk\u00e9nt egym\u00e1shoz laza k\u00e9miai k\u00f6t\u00e9sekkel kapcsol\u00f3d\u00f3 \u00e9p\u00edt\u0151k\u00f6vek, az un. b\u00e1zisok alkotj\u00e1k (adenin \u2013 timin, ill. guanin &#8211; citozin) (\u00e1bra). A DNS-molekula fontos tulajdons\u00e1ga, hogy sz\u00e1rai egym\u00e1s kieg\u00e9sz\u00edt\u0151i, un. komplementerei. A genetikai k\u00f3dot az \u00e9p\u00edt\u0151k\u00f6vek (b\u00e1zisok) egym\u00e1s ut\u00e1ni sorrendje (szekvenci\u00e1ja) hat\u00e1rozza meg. Minden sejtmagot tartalmaz\u00f3 hum\u00e1n sz\u00f6vet \u00e9s v\u00e1lad\u00e9k j\u00f3l haszn\u00e1lhat\u00f3 a DNS-anal\u00edzishez, \u00edgy a v\u00e9r, az ond\u00f3, a h\u00fcvelyv\u00e1lad\u00e9k, a ny\u00e1l, a vizelet, a sz\u00f6vetek, a hajhagyma, a csontok \u00e9s a fogak is.<\/p>\n<p style=\"text-align: justify\"><a href=\"https:\/\/semmelweis.hu\/igazsagugy\/files\/2012\/06\/dnsszerk.jpg\"><img loading=\"lazy\" decoding=\"async\" class=\"aligncenter size-full wp-image-190\" title=\"dnsszerk\" src=\"https:\/\/semmelweis.hu\/igazsagugy\/files\/2012\/06\/dnsszerk.jpg\" alt=\"\" width=\"585\" height=\"259\" srcset=\"https:\/\/semmelweis.hu\/igazsagugy\/files\/2012\/06\/dnsszerk.jpg 585w, https:\/\/semmelweis.hu\/igazsagugy\/files\/2012\/06\/dnsszerk-300x132.jpg 300w, https:\/\/semmelweis.hu\/igazsagugy\/files\/2012\/06\/dnsszerk-580x256.jpg 580w\" sizes=\"auto, (max-width: 585px) 100vw, 585px\" \/><\/a><\/p>\n<p style=\"text-align: center\"><em>Az \u00f6r\u00f6k\u00edt\u00f6 anyag, a DNS-molekula szerkezete<\/em><\/p>\n<h3><a href=\"https:\/\/semmelweis.hu\/igazsagugy\/files\/2012\/06\/laszik3.jpg\"><img loading=\"lazy\" decoding=\"async\" class=\"alignright size-full wp-image-28\" src=\"https:\/\/semmelweis.hu\/igazsagugy\/files\/2012\/06\/laszik3.jpg\" alt=\"\" width=\"324\" height=\"216\" srcset=\"https:\/\/semmelweis.hu\/igazsagugy\/files\/2012\/06\/laszik3.jpg 324w, https:\/\/semmelweis.hu\/igazsagugy\/files\/2012\/06\/laszik3-300x200.jpg 300w\" sizes=\"auto, (max-width: 324px) 100vw, 324px\" \/><\/a>A DNS molekula stabilit\u00e1sa<\/h3>\n<p style=\"text-align: justify\">A DNS molekula &#8211; k\u00e9miai szerkezet\u00e9nek k\u00f6sz\u00f6nhet\u0151en \u2013 a sz\u00e9ls\u0151s\u00e9ges k\u00f6rnyezeti hat\u00e1soknak is ellen\u00e1ll. Stabilit\u00e1sa f\u0151k\u00e9nt a k\u00f6rnyezet h\u0151m\u00e9rs\u00e9klet\u00e9t\u0151l, nedvess\u00e9gtartalm\u00e1t\u00f3l \u00e9s a mikroorganizmusok aktivit\u00e1s\u00e1t\u00f3l f\u00fcgg. Nedves, meleg k\u00f6rnyezetben a DNS molekula gyorsan \u00e9s szinte teljesen lebomlik, m\u00edg a sz\u00e1razs\u00e1g kit\u0171n\u0151en konzerv\u00e1lja. A fentiekb\u0151l ad\u00f3d\u00f3an t\u00f6bb ezer \u00e9ves egyiptomi m\u00fami\u00e1b\u00f3l, gyant\u00e1ba z\u00e1rt 30 milli\u00f3 \u00e9ves rovarb\u00f3l \u00e9s ak\u00e1r a j\u00e9gbe fagyott \u0151s\u00e1llatokb\u00f3l is sikeresen lehetett haszn\u00e1lhat\u00f3 DNS molekul\u00e1kat kivonni. Sz\u00e1raz k\u00f6rnyezetben elfekv\u0151 csontokb\u00f3l, fogakb\u00f3l &#8211; f\u0151k\u00e9nt mitokondri\u00e1lis DNS technik\u00e1val \u2013 hossz\u00fa id\u00f6 m\u00falva is eredm\u00e9nyes vizsg\u00e1lat v\u00e9gezhet\u0151. Ezzel a m\u00f3dszerrel ker\u00fclt sor II. Mikl\u00f3s c\u00e1r \u00e9s csal\u00e1dja f\u00f6ldi maradv\u00e1nyainak azonos\u00edt\u00e1s\u00e1ra is.<\/p>\n<h3 style=\"text-align: justify\">DNS-molekul\u00e1ban rejl\u0151 tulajdons\u00e1gok felt\u00e1r\u00e1sa (tipiz\u00e1l\u00e1s)<\/h3>\n<p style=\"text-align: justify\">A DNS-molekul\u00e1ban rejl\u0151 egyedi tulajdons\u00e1gok meghat\u00e1roz\u00e1sa k\u00e9tf\u00e9le technik\u00e1val v\u00e9gezhet\u0151 el, mely f\u00fcgg a rendelkez\u00e9sre \u00e1ll\u00f3 DNS molekul\u00e1k mennyis\u00e9g\u00e9t\u0151l \u00e9s min\u0151s\u00e9g\u00e9t\u0151l. Az egyik az un. RFLP (restrikci\u00f3s fragmens hossz-polimorfizmus) m\u00f3dszer, melyhez legal\u00e1bb n\u00e9h\u00e1ny tized milliliter v\u00e9rben tal\u00e1lhat\u00f3 \u00e9p DNS molekula sz\u00fcks\u00e9ges. A m\u00e1sik a Nobel-d\u00edjjal jutalmazott un. PCR (polimer\u00e1z enzimmel v\u00e9gzett l\u00e1ncreakci\u00f3s DNS sokszoros\u00edt\u00e1s) m\u00f3dszer, melyhez ak\u00e1r nagyr\u00e9szt m\u00e1r t\u00f6nkrement DNS molekul\u00e1kat tartalmaz\u00f3 n\u00e9h\u00e1ny sejt is elegend\u0151. Tekintettel arra, hogy az igazs\u00e1g\u00fcgyi orvostani gyakorlatban igen gyakran csak rossz min\u0151s\u00e9g\u0171, s\u00e9r\u00fclt DNS mint\u00e1k \u00e1llnak rendelkez\u00e9sre, \u00edgy a PCR m\u00f3dszer ker\u00fclt az ut\u00f3bbi id\u0151kben d\u00f6nt\u0151en el\u0151t\u00e9rbe. A PCR technik\u00e1val a holttestr\u00e9szek \u00e9s az egy\u00e9rtelm\u0171 antropol\u00f3giai jellegzetess\u00e9geket m\u00e9g nem mutat\u00f3 fiatal csontv\u00e1zak nem\u00e9nek meghat\u00e1roz\u00e1sa is biztosan elv\u00e9gezhet\u0151.<\/p>\n<h3>Mitokondri\u00e1lis DNS anal\u00edzis<\/h3>\n<p><a href=\"https:\/\/semmelweis.hu\/igazsagugy\/files\/2012\/06\/laszik5.jpg\"><img loading=\"lazy\" decoding=\"async\" class=\"alignleft\" src=\"https:\/\/semmelweis.hu\/igazsagugy\/files\/2012\/06\/laszik5.jpg\" alt=\"\" width=\"216\" height=\"324\" \/><\/a><\/p>\n<p style=\"text-align: justify\">A mitokondri\u00e1lis DNS anal\u00edzis k\u00f6zel ezerszer \u00e9rz\u00e9kenyebb vizsg\u00e1lati m\u00f3dszer, mint a sejtmag DNS molekul\u00e1inak vizsg\u00e1lata. El\u0151nye, hogy a sejtmaggal nem rendelkez\u0151 biol\u00f3giai mint\u00e1k vizsg\u00e1lat\u00e1t is lehet\u0151v\u00e9 teszi (pl. hagyma n\u00e9lk\u00fcli hajsz\u00e1l, mag n\u00e9lk\u00fcli h\u00e1msejtek, stb.). Ez a m\u00f3dszer \u00e1satag csontok, elszenesedett holttestek vizsg\u00e1lat\u00e1n\u00e1l is eredm\u00e9nyesnek bizonyult, ahol a sejtmag DNS molekul\u00e1k teljes pusztul\u00e1sa miatt eredm\u00e9ny m\u00e1r nem volt nyerhet\u0151. A mitokondri\u00e1lis DNS kiz\u00e1r\u00f3lag anyai \u00f6r\u00f6kl\u0151d\u00e9s\u0171, \u00edgy az anyai \u00e1g\u00fa rokons\u00e1gi kapcsolatok t\u00f6bb gener\u00e1ci\u00f3s felt\u00e1r\u00e1s\u00e1ra \u00e9s szem\u00e9lyazonos\u00edt\u00e1sra alkalmas, az apas\u00e1g meg\u00e1llap\u00edt\u00e1s\u00e1ra azonban nem haszn\u00e1lhat\u00f3 \u00e9s bizony\u00edt\u00f3 ereje is l\u00e9nyegesen kisebb.<\/p>\n<h3>A DNS-vizsg\u00e1latok \u00e1ltal k\u00edn\u00e1lt \u00faj lehet\u0151s\u00e9gek<\/h3>\n<p style=\"text-align: justify\"><a href=\"https:\/\/semmelweis.hu\/igazsagugy\/files\/2012\/06\/laszik4.jpg\"><img loading=\"lazy\" decoding=\"async\" class=\"alignright size-full wp-image-30\" src=\"https:\/\/semmelweis.hu\/igazsagugy\/files\/2012\/06\/laszik4.jpg\" alt=\"\" width=\"216\" height=\"313\" srcset=\"https:\/\/semmelweis.hu\/igazsagugy\/files\/2012\/06\/laszik4.jpg 216w, https:\/\/semmelweis.hu\/igazsagugy\/files\/2012\/06\/laszik4-207x300.jpg 207w\" sizes=\"auto, (max-width: 216px) 100vw, 216px\" \/><\/a>A sz\u00e1rmaz\u00e1s-meg\u00e1llap\u00edt\u00e1si perek nagy r\u00e9sze ha az any\u00e1t\u00f3l, a gyermekt\u0151l \u00e9s a v\u00e9lelmezett ap\u00e1t\u00f3l j\u00f3 min\u0151s\u00e9g\u0171 v\u00e9r nyerhet\u0151 a hagyom\u00e1nyos, olcs\u00f3bb szerol\u00f3giai vizsg\u00e1lattal megoldhat\u00f3. Jelent\u0151s sz\u00e1zal\u00e9kuk azonban csak a DNS-technika seg\u00edts\u00e9g\u00e9vel z\u00e1rhat\u00f3 le megnyugtat\u00f3an, \u00edgy p\u00e9ld\u00e1ul ha a terhess\u00e9g alatt (pl. er\u0151szakos nemi b\u0171ncselekm\u00e9ny eset\u00e9n ) vagy m\u00e1r k\u00f6zvetlen\u00fcl a sz\u00fcl\u00e9s ut\u00e1n sz\u00fcks\u00e9ges meg\u00e1llap\u00edtani az ut\u00f3d sz\u00e1rmaz\u00e1s\u00e1t. A DNS-technik\u00e1val lehet\u0151s\u00e9g ny\u00edlt a sz\u00e1rmaz\u00e1s megnyugtat\u00f3 tiszt\u00e1z\u00e1s\u00e1ra akkor is, ha az anya, illetve a v\u00e9lelmezett apa valamilyen ok miatt nem vizsg\u00e1lhat\u00f3 (\u00fan. deficiens esetek), tov\u00e1bb\u00e1 holttestb\u0151l sz\u00e1rmaz\u00f3 sz\u00f6vet- \u00e9s v\u00e9rmint\u00e1kb\u00f3l, valamint m\u0171t\u00e9t sor\u00e1n vagy boncol\u00e1skor elt\u00e1vol\u00edtott sz\u00f6vetekb\u0151l k\u00e9sz\u00fclt \u00e9s archiv\u00e1lt sz\u00f6vettani blokkokb\u00f3l.<\/p>\n<p style=\"text-align: justify\">A DNS-anal\u00edzis elv\u00e9gz\u00e9se \u2013 ak\u00e1r mag\u00e1nf\u00e9lk\u00e9nt, ak\u00e1r hat\u00f3s\u00e1gi kirendel\u00e9sre &#8211; minden olyan esetben javasolt, amikor a felek az esetlegesen sz\u00fcks\u00e9gess\u00e9 v\u00e1l\u00f3 \u2013 \u00f6sszess\u00e9g\u00fckben m\u00e1r igen k\u00f6lts\u00e9ges &#8211; kieg\u00e9sz\u00edt\u0151 vizsg\u00e1latok elv\u00e9geztet\u00e9se n\u00e9lk\u00fcl, egy\u00e9rtelm\u0171 eredm\u00e9nnyel szeretn\u00e9k miel\u0151bb lez\u00e1rni a sz\u00e1rmaz\u00e1s meg\u00e1llap\u00edt\u00e1sa miatt indult vit\u00e1t \u00e9s annak anyagi felt\u00e9teleit is tudja v\u00e1llalni.<br \/>\nEz a molekul\u00e1ris biol\u00f3gia \u00e1ltal ny\u00fajtott \u00faj vizsg\u00e1lati elj\u00e1r\u00e1s forradalmas\u00edtotta az igazs\u00e1g\u00fcgyi orvostani sz\u00e1rmaz\u00e1s-meg\u00e1llap\u00edt\u00e1st. Seg\u00edts\u00e9g\u00e9vel olyan k\u00e9rd\u00e9sekre kaphatunk v\u00e1laszt, melyek az eddig rendelkez\u00e9sre \u00e1ll\u00f3 vizsg\u00e1lati m\u00f3dszerekkel (klasszikus szerol\u00f3gia, antropol\u00f3gia, HLA, stb.) gyakran nem voltak megoldhat\u00f3k. A DNS-anal\u00edzis igazs\u00e1g\u00fcgyi orvostani gyakorlatban t\u00f6rt\u00e9n\u0151 alkalmaz\u00e1s\u00e1nak t\u00f6bb mint t\u00edz \u00e9ves nemzetk\u00f6zi tapasztalata alapj\u00e1n meg\u00e1llap\u00edthat\u00f3, hogy ez a dinamikusan fejl\u0151d\u0151 \u00faj, objekt\u00edv vizsg\u00e1l\u00f3 m\u00f3dszer megb\u00edzhat\u00f3 vizsg\u00e1lati elj\u00e1r\u00e1s, ha azt gyakorlott, igazs\u00e1g\u00fcgyi orvos- ill. biol\u00f3gus szak\u00e9rt\u00f6k v\u00e9gzik a Nemzetk\u00f6zi Hemogenetikai T\u00e1rsas\u00e1g szakmai aj\u00e1nl\u00e1sainak megfelel\u0151en. Az elk\u00e9sz\u00fclt szak\u00e9rt\u0151i v\u00e9lem\u00e9ny csak akkor fogadhat\u00f3 el, ha a vizsg\u00e1latokat \u00e9vente meghosszabb\u00edtott min\u0151s\u00e9gi bizony\u00edtv\u00e1nnyal rendelkez\u0151 laborat\u00f3riumban v\u00e9gezt\u00e9k el.<\/p>\n<p style=\"text-align: justify\">A DNS anal\u00edzis 3 f\u0151 eset\u00e9n kb. 530.000,- Ft, melyet csekken kell befizetni az Egyetem sz\u00e1ml\u00e1j\u00e1ra. A vizsg\u00e1lat karvissz\u00e9rb\u0151l vett v\u00e9rb\u0151l, esetleg ny\u00e1lb\u00f3l ker\u00fcl elv\u00e9gz\u00e9sre.<\/p>\n\r\n        [slb_exclude]\r\n        <div class=\"row galeria-wrapper mx-0 h-auto\">\r\n            <div class=\"col-9 pl-0 pr-2\">\r\n            <span class=\"gallery-item frame\">\r\n\t\t\t\t<div class=\"galeria-left-img\"><a href=\"https:\/\/semmelweis.hu\/igazsagugy\/files\/2012\/06\/laszik3.jpg\"><img src=https:\/\/semmelweis.hu\/igazsagugy\/files\/2012\/06\/laszik3.jpg  \r\n                            alt=\"\" \r\n                            class=\"attachment-sote-gallery-big size-sote-gallery-big\" \r\n                            srcset=\"https:\/\/semmelweis.hu\/igazsagugy\/files\/2012\/06\/laszik3-300x200.jpg 300w, https:\/\/semmelweis.hu\/igazsagugy\/files\/2012\/06\/laszik3.jpg 324w\" ><\/a><\/div>\r\n            <\/span>\r\n\r\n            <\/div>\r\n\r\n\t\t\t<div class=\"col-3 pl-0 pr-0\">\r\n\t\t\t\t<div class=\"galeria-right-img d-flex justify-content-between flex-column h-100 w-100 px-0 mx-0 \">\r\n                <div class=\"galeria-box\">\r\n\t\t\t\t\t<h3 class=\"galeria-title\">Gal\u00e9ria<\/h3>\r\n\t\t\t\t\t<div class=\"galeria-subtitle\">\r\n\r\n\t\t\t\t\t\t<div class=\"galeria-page-counter\"><span>9<\/span>k\u00e9p<\/div>\r\n                    <\/div> <\/div>\r\n                    <span class=\"gallery-item frame d-none d-md-flex\">\r\n\t\t\t\t\t<div class=\"galeria-small-img mt-0\"><a href=\"https:\/\/semmelweis.hu\/igazsagugy\/files\/2012\/06\/laszik5.jpg\"><img src=https:\/\/semmelweis.hu\/igazsagugy\/files\/2012\/06\/laszik5.jpg \r\n                                alt=\"\"  \r\n                                class=\"attachment-sote-gallery-small size-sote-gallery-small\" \r\n                                srcset=\"https:\/\/semmelweis.hu\/igazsagugy\/files\/2012\/06\/laszik5-200x300.jpg 200w, https:\/\/semmelweis.hu\/igazsagugy\/files\/2012\/06\/laszik5.jpg 216w\" ><\/a><\/div>\r\n                    <\/span>\r\n                    <span class=\"gallery-item frame d-none d-md-flex\">\r\n\t\t\t\t\t<div class=\"galeria-small-img mt-0\"><a href=\"https:\/\/semmelweis.hu\/igazsagugy\/files\/2012\/06\/laszik4.jpg\"><img src=https:\/\/semmelweis.hu\/igazsagugy\/files\/2012\/06\/laszik4.jpg \r\n                                alt=\"\" \r\n                                class=\"attachment-sote-gallery-small size-sote-gallery-small\" \r\n                                srcset=\"https:\/\/semmelweis.hu\/igazsagugy\/files\/2012\/06\/laszik4-207x300.jpg 207w, https:\/\/semmelweis.hu\/igazsagugy\/files\/2012\/06\/laszik4.jpg 216w\" ><\/a><\/div>\r\n                    <\/span>\r\n\r\n                <\/div>\r\n\r\n            <\/div>\r\n\r\n            <span class=\"gallery-item\"><div class=\"hidden\"><a href=\"https:\/\/semmelweis.hu\/igazsagugy\/files\/2012\/06\/laszik6.jpg\">\r\n        <img src=https:\/\/semmelweis.hu\/igazsagugy\/files\/2012\/06\/laszik6.jpg alt=\"\" class=\"attachment-sote-gallery-big size-sote-gallery-big\" srcset=\"\" >\r\n        <\/a><\/div><\/span><span class=\"gallery-item\"><div class=\"hidden\"><a href=\"https:\/\/semmelweis.hu\/igazsagugy\/files\/2012\/06\/laszik7.jpg\">\r\n        <img src=https:\/\/semmelweis.hu\/igazsagugy\/files\/2012\/06\/laszik7.jpg alt=\"\" class=\"attachment-sote-gallery-big size-sote-gallery-big\" srcset=\"https:\/\/semmelweis.hu\/igazsagugy\/files\/2012\/06\/laszik7-300x197.jpg 300w, https:\/\/semmelweis.hu\/igazsagugy\/files\/2012\/06\/laszik7.jpg 319w\" >\r\n        <\/a><\/div><\/span><span class=\"gallery-item\"><div class=\"hidden\"><a href=\"https:\/\/semmelweis.hu\/igazsagugy\/files\/2012\/06\/laszik8.jpg\">\r\n        <img src=https:\/\/semmelweis.hu\/igazsagugy\/files\/2012\/06\/laszik8.jpg alt=\"\" class=\"attachment-sote-gallery-big size-sote-gallery-big\" srcset=\"https:\/\/semmelweis.hu\/igazsagugy\/files\/2012\/06\/laszik8-300x185.jpg 300w, https:\/\/semmelweis.hu\/igazsagugy\/files\/2012\/06\/laszik8.jpg 324w\" >\r\n        <\/a><\/div><\/span><span class=\"gallery-item\"><div class=\"hidden\"><a href=\"https:\/\/semmelweis.hu\/igazsagugy\/files\/2012\/06\/laszik9.jpg\">\r\n        <img src=https:\/\/semmelweis.hu\/igazsagugy\/files\/2012\/06\/laszik9.jpg alt=\"\" class=\"attachment-sote-gallery-big size-sote-gallery-big\" srcset=\"https:\/\/semmelweis.hu\/igazsagugy\/files\/2012\/06\/laszik9-201x300.jpg 201w, https:\/\/semmelweis.hu\/igazsagugy\/files\/2012\/06\/laszik9.jpg 212w\" >\r\n        <\/a><\/div><\/span><span class=\"gallery-item\"><div class=\"hidden\"><a href=\"https:\/\/semmelweis.hu\/igazsagugy\/files\/2012\/06\/erzsi_resize.jpg\">\r\n        <img src=https:\/\/semmelweis.hu\/igazsagugy\/files\/2012\/06\/erzsi_resize.jpg alt=\"\" class=\"attachment-sote-gallery-big size-sote-gallery-big\" srcset=\"https:\/\/semmelweis.hu\/igazsagugy\/files\/2012\/06\/erzsi_resize-300x224.jpg 300w, https:\/\/semmelweis.hu\/igazsagugy\/files\/2012\/06\/erzsi_resize-400x300.jpg 400w, https:\/\/semmelweis.hu\/igazsagugy\/files\/2012\/06\/erzsi_resize.jpg 448w\" >\r\n        <\/a><\/div><\/span><span class=\"gallery-item\"><div class=\"hidden\"><a href=\"https:\/\/semmelweis.hu\/igazsagugy\/files\/2012\/06\/vassne_agi.jpg\">\r\n        <img src=https:\/\/semmelweis.hu\/igazsagugy\/files\/2012\/06\/vassne_agi.jpg alt=\"\" class=\"attachment-sote-gallery-big size-sote-gallery-big\" srcset=\"https:\/\/semmelweis.hu\/igazsagugy\/files\/2012\/06\/vassne_agi-300x225.jpg 300w, https:\/\/semmelweis.hu\/igazsagugy\/files\/2012\/06\/vassne_agi.jpg 384w\" >\r\n        <\/a><\/div><\/span>\r\n            <\/div>\r\n\r\n            [\/slb_exclude]\r\n\t\n","protected":false},"excerpt":{"rendered":"<p>Laborvezet\u0151: Dr. L\u00e1szik Andr\u00e1s Tel: 06-1\/215-73-00, 53407 mell\u00e9k A Patol\u00f3giai, Igazs\u00e1g\u00fcgyi \u00e9s Biztos\u00edt\u00e1s-orvostani Int\u00e9zet\u00e9ben v\u00e9gzett DNS vizsg\u00e1latokr\u00f3l felvil\u00e1gos\u00edt\u00e1st adunk a k\u00f6vetkez\u0151 telefonsz\u00e1mokon: +36 1 215-7300\/53408 +36-20-492-6424 A DNS vizsg\u00e1latr\u00f3l <a href=\"https:\/\/semmelweis.hu\/igazsagugy\/files\/2012\/06\/laszik1.jpg\"><\/a> Az elm\u00falt \u00e9vtizedek eredm\u00e9nyei, mint az \u00faj molekul\u00e1ris biol\u00f3giai m\u00f3dszerek bevezet\u00e9se, valamint az egyedi DNS tulajdons\u00e1gokat hordoz\u00f3 genetikai \u00e1llom\u00e1ny felt\u00e1r\u00e1sa lehet\u0151v\u00e9 tett\u00e9k a DNS-anal\u00edzis alkalmaz\u00e1s\u00e1t az &hellip;<\/p>\n","protected":false},"author":8,"featured_media":0,"parent":23,"menu_order":2,"comment_status":"closed","ping_status":"closed","template":"","meta":{"_acf_changed":false,"footnotes":""},"categories":[],"tags":[],"class_list":["post-26","page","type-page","status-publish","hentry"],"acf":[],"_links":{"self":[{"href":"https:\/\/semmelweis.hu\/igazsagugy\/wp-json\/wp\/v2\/pages\/26","targetHints":{"allow":["GET"]}}],"collection":[{"href":"https:\/\/semmelweis.hu\/igazsagugy\/wp-json\/wp\/v2\/pages"}],"about":[{"href":"https:\/\/semmelweis.hu\/igazsagugy\/wp-json\/wp\/v2\/types\/page"}],"author":[{"embeddable":true,"href":"https:\/\/semmelweis.hu\/igazsagugy\/wp-json\/wp\/v2\/users\/8"}],"replies":[{"embeddable":true,"href":"https:\/\/semmelweis.hu\/igazsagugy\/wp-json\/wp\/v2\/comments?post=26"}],"version-history":[{"count":10,"href":"https:\/\/semmelweis.hu\/igazsagugy\/wp-json\/wp\/v2\/pages\/26\/revisions"}],"predecessor-version":[{"id":1221,"href":"https:\/\/semmelweis.hu\/igazsagugy\/wp-json\/wp\/v2\/pages\/26\/revisions\/1221"}],"up":[{"embeddable":true,"href":"https:\/\/semmelweis.hu\/igazsagugy\/wp-json\/wp\/v2\/pages\/23"}],"wp:attachment":[{"href":"https:\/\/semmelweis.hu\/igazsagugy\/wp-json\/wp\/v2\/media?parent=26"}],"wp:term":[{"taxonomy":"category","embeddable":true,"href":"https:\/\/semmelweis.hu\/igazsagugy\/wp-json\/wp\/v2\/categories?post=26"},{"taxonomy":"post_tag","embeddable":true,"href":"https:\/\/semmelweis.hu\/igazsagugy\/wp-json\/wp\/v2\/tags?post=26"}],"curies":[{"name":"wp","href":"https:\/\/api.w.org\/{rel}","templated":true}]}}