{"id":24,"date":"2012-06-26T07:03:48","date_gmt":"2012-06-26T07:03:48","guid":{"rendered":"http:\/\/semmelweis-egyetem.hu\/igazsagugy\/?page_id=24"},"modified":"2026-01-08T10:02:18","modified_gmt":"2026-01-08T09:02:18","slug":"toxikologiai-laboratorium","status":"publish","type":"page","link":"https:\/\/semmelweis.hu\/igazsagugy\/laboratoriumok\/toxikologiai-laboratorium\/","title":{"rendered":"Toxikol\u00f3giai laborat\u00f3rium"},"content":{"rendered":"<p style=\"text-align: justify\">A Patol\u00f3giai, Igazs\u00e1g\u00fcgyi \u00e9s Biztos\u00edt\u00e1s-orvostani Int\u00e9zet Toxikol\u00f3giai Laborat\u00f3riuma egy <b>bioanalitikai laborat\u00f3rium<\/b>, mely igazs\u00e1g\u00fcgyi- \u00e9s klinikai toxikol\u00f3giai vizsg\u00e1latokat valamint ter\u00e1pi\u00e1s gy\u00f3gyszerszint monitoroz\u00e1st v\u00e9gez.<\/p>\n<p style=\"text-align: justify\"><strong>A Toxikol\u00f3giai Laborat\u00f3rium bioanalitikai \u00e9s akt\u00e1s-szak\u00e9rt\u0151i tev\u00e9kenys\u00e9g\u00e9t hat\u00f3s\u00e1gi megb\u00edz\u00e1sok mellett jogi- \u00e9s mag\u00e1nszem\u00e9lyek sz\u00e1m\u00e1ra is elv\u00e9gzi.<\/strong><\/p>\n<p><strong>C\u00edme:<\/strong>\u00a0 H-1091 Budapest, \u00dcll\u0151i 93.<\/p>\n<p>Tel.: +36-1-215-7300\/53474, 53475, 53427<\/p>\n<p><strong>Munkat\u00e1rsak:<\/strong><\/p>\n<ul>\n<li>dr. S\u00e1ra-Klausz Gabriella &#8211; laborvezet\u0151, i\u00fc. toxikol\u00f3gus szak\u00e9rt\u0151<\/li>\n<li>Vannai Mariann &#8211; vegy\u00e9sz<\/li>\n<li>Szab\u00f3-K\u00f3cs Tamara &#8211; vegy\u00e9sz<\/li>\n<li>Sim\u00f3 D\u00f3ra &#8211; laborasszisztens<\/li>\n<li>So\u00f3s \u00c9va &#8211; laborasszisztens<\/li>\n<li>Juh\u00e1sz Ildik\u00f3 &#8211; adminisztr\u00e1tor<\/li>\n<li>Kopor Di\u00e1na &#8211; adminisztr\u00e1tor<\/li>\n<\/ul>\n","protected":false},"excerpt":{"rendered":"<p>A Patol\u00f3giai, Igazs\u00e1g\u00fcgyi \u00e9s Biztos\u00edt\u00e1s-orvostani Int\u00e9zet Toxikol\u00f3giai Laborat\u00f3riuma egy bioanalitikai laborat\u00f3rium, mely igazs\u00e1g\u00fcgyi- \u00e9s klinikai toxikol\u00f3giai vizsg\u00e1latokat valamint ter\u00e1pi\u00e1s gy\u00f3gyszerszint monitoroz\u00e1st v\u00e9gez. A Toxikol\u00f3giai Laborat\u00f3rium bioanalitikai \u00e9s akt\u00e1s-szak\u00e9rt\u0151i tev\u00e9kenys\u00e9g\u00e9t hat\u00f3s\u00e1gi megb\u00edz\u00e1sok mellett jogi- \u00e9s mag\u00e1nszem\u00e9lyek sz\u00e1m\u00e1ra is elv\u00e9gzi. C\u00edme:\u00a0 H-1091 Budapest, \u00dcll\u0151i 93. Tel.: +36-1-215-7300\/53474, 53475, 53427 Munkat\u00e1rsak: dr. S\u00e1ra-Klausz Gabriella &#8211; laborvezet\u0151, i\u00fc. toxikol\u00f3gus &hellip;<\/p>\n","protected":false},"author":8,"featured_media":0,"parent":23,"menu_order":1,"comment_status":"closed","ping_status":"closed","template":"","meta":{"_acf_changed":false,"footnotes":""},"categories":[],"tags":[],"class_list":["post-24","page","type-page","status-publish","hentry"],"acf":[],"_links":{"self":[{"href":"https:\/\/semmelweis.hu\/igazsagugy\/wp-json\/wp\/v2\/pages\/24","targetHints":{"allow":["GET"]}}],"collection":[{"href":"https:\/\/semmelweis.hu\/igazsagugy\/wp-json\/wp\/v2\/pages"}],"about":[{"href":"https:\/\/semmelweis.hu\/igazsagugy\/wp-json\/wp\/v2\/types\/page"}],"author":[{"embeddable":true,"href":"https:\/\/semmelweis.hu\/igazsagugy\/wp-json\/wp\/v2\/users\/8"}],"replies":[{"embeddable":true,"href":"https:\/\/semmelweis.hu\/igazsagugy\/wp-json\/wp\/v2\/comments?post=24"}],"version-history":[{"count":10,"href":"https:\/\/semmelweis.hu\/igazsagugy\/wp-json\/wp\/v2\/pages\/24\/revisions"}],"predecessor-version":[{"id":1286,"href":"https:\/\/semmelweis.hu\/igazsagugy\/wp-json\/wp\/v2\/pages\/24\/revisions\/1286"}],"up":[{"embeddable":true,"href":"https:\/\/semmelweis.hu\/igazsagugy\/wp-json\/wp\/v2\/pages\/23"}],"wp:attachment":[{"href":"https:\/\/semmelweis.hu\/igazsagugy\/wp-json\/wp\/v2\/media?parent=24"}],"wp:term":[{"taxonomy":"category","embeddable":true,"href":"https:\/\/semmelweis.hu\/igazsagugy\/wp-json\/wp\/v2\/categories?post=24"},{"taxonomy":"post_tag","embeddable":true,"href":"https:\/\/semmelweis.hu\/igazsagugy\/wp-json\/wp\/v2\/tags?post=24"}],"curies":[{"name":"wp","href":"https:\/\/api.w.org\/{rel}","templated":true}]}}