{"id":1245,"date":"2026-01-08T09:14:37","date_gmt":"2026-01-08T08:14:37","guid":{"rendered":"https:\/\/semmelweis.hu\/igazsagugy\/?page_id=1245"},"modified":"2026-01-08T10:22:11","modified_gmt":"2026-01-08T09:22:11","slug":"arlista","status":"publish","type":"page","link":"https:\/\/semmelweis.hu\/igazsagugy\/laboratoriumok\/toxikologiai-laboratorium\/arlista\/","title":{"rendered":"\u00c1rlista"},"content":{"rendered":"<p><strong>Aktu\u00e1lis \u00e1rlista mag\u00e1nmegkeres\u00e9s eset\u00e9n (2026. janu\u00e1rt\u00f3l)<\/strong><\/p>\n<table style=\"width: 74.8537%\" width=\"633\">\n<tbody>\n<tr>\n<td style=\"width: 65.9438%\" width=\"510\">\n<p><strong>Vizsg\u00e1lat fajt\u00e1ja<\/strong><\/p>\n<\/td>\n<td style=\"width: 90.1343%;text-align: center\" width=\"123\">\n<p><strong>D\u00edja<\/strong><\/p>\n<\/td>\n<\/tr>\n<tr>\n<td style=\"width: 65.9438%\" width=\"510\">\n<p>V\u00e9r <strong>vagy<\/strong> vizeletminta <strong><u>alkohol<\/u> <\/strong>vizsg\u00e1lata<\/p>\n<\/td>\n<td style=\"width: 90.1343%;text-align: center\" width=\"123\">\n<p>30.000.- Ft<\/p>\n<\/td>\n<\/tr>\n<tr>\n<td style=\"width: 65.9438%\" width=\"510\">\n<p>V\u00e9r <strong>\u00e9s<\/strong> vizeletminta <strong><u>alkohol<\/u> <\/strong>vizsg\u00e1lata<\/p>\n<\/td>\n<td style=\"width: 90.1343%;text-align: center\" width=\"123\">\n<p>35.000.- Ft<\/p>\n<\/td>\n<\/tr>\n<tr>\n<td style=\"width: 65.9438%\" width=\"510\">\n<p><strong>Gyorssz\u0171r\u00e9s<\/strong> (vizelet)<\/p>\n<ul style=\"list-style-type: circle\">\n<li>AMP (amfetamin t\u00edpus\u00fa anyagokra)<\/li>\n<li>BAR (barbitur\u00e1t t\u00edpus\u00fa anyagokra)<\/li>\n<li>BZO (benzodiazepin t\u00edpus\u00fa anyagokra)<\/li>\n<li>COC (kokain t\u00edpus\u00fa anyagokra)<\/li>\n<li>TCA (triciklikus antidepressz\u00e1ns t\u00edpus\u00fa anyagokra)<\/li>\n<li>MET (metamfetamin t\u00edpus\u00fa anyagokra)<\/li>\n<li>MTD (metadon t\u00edpus\u00fa anyagokra)<\/li>\n<li>MOP (morfin t\u00edpus\u00fa anyagokra)<\/li>\n<li>OPI (opi\u00e1t t\u00edpus\u00fa anyagokra)<\/li>\n<li>THC (tetrahidrocannabinol t\u00edpus\u00fa anyagokra)<\/li>\n<li>MDMA (ecstasy)<\/li>\n<li>PCP (fenciklidin)<\/li>\n<\/ul>\n<\/td>\n<td style=\"width: 90.1343%;text-align: center\" width=\"123\">\n<p>22.000.- Ft<\/p>\n<\/td>\n<\/tr>\n<tr>\n<td style=\"width: 65.9438%\" width=\"510\">\n<p>V\u00e9r <strong>vagy<\/strong> vizeletminta <strong>meger\u0151s\u00edt\u0151 toxikol\u00f3giai<\/strong> vizsg\u00e1lat (1 vegy\u00fclet)<\/p>\n<\/td>\n<td style=\"width: 90.1343%;text-align: center\" width=\"123\">\n<p>35.000.- Ft<\/p>\n<\/td>\n<\/tr>\n<tr>\n<td style=\"width: 65.9438%\" width=\"510\">\n<p>V\u00e9r <strong>vagy<\/strong> vizeletminta <strong>meger\u0151s\u00edt\u0151 toxikol\u00f3giai<\/strong> vizsg\u00e1lat (2 vegy\u00fclet)<\/p>\n<\/td>\n<td style=\"width: 90.1343%;text-align: center\" width=\"123\">\n<p>45.000.- Ft<\/p>\n<\/td>\n<\/tr>\n<tr>\n<td style=\"width: 65.9438%\" width=\"510\">\n<p>V\u00e9r <strong>vagy<\/strong> vizeletminta <strong>teljes toxikol\u00f3giai<\/strong> vizsg\u00e1lat<\/p>\n<\/td>\n<td style=\"width: 90.1343%;text-align: center\" width=\"123\">\n<p>168.000.- Ft<\/p>\n<\/td>\n<\/tr>\n<tr>\n<td style=\"width: 65.9438%\" width=\"510\">\n<p><strong>Toxikol\u00f3giai<\/strong> vizsg\u00e1lat <strong>hajmint\u00e1b\u00f3l <\/strong>(teljes)<\/p>\n<\/td>\n<td style=\"width: 90.1343%;text-align: center\" width=\"123\">\n<p>168.000.- Ft<\/p>\n<\/td>\n<\/tr>\n<tr>\n<td style=\"width: 65.9438%\" width=\"510\">\n<p><strong>Toxikol\u00f3giai<\/strong> vizsg\u00e1lat <strong>hajmint\u00e1b\u00f3l <\/strong>(1 vegy\u00fclet)<\/p>\n<\/td>\n<td style=\"width: 90.1343%;text-align: center\" width=\"123\">\n<p>84.000.- Ft<\/p>\n<\/td>\n<\/tr>\n<\/tbody>\n<\/table>\n<p>Megjegyz\u00e9s:<\/p>\n<ul>\n<li>A vizsg\u00e1lt szem\u00e9lyr\u0151l csak <strong>hitelesen levett minta<\/strong> eset\u00e9n tudunk nyilatkozni, egy\u00e9b esetben a mint\u00e1r\u00f3l adunk eredm\u00e9nyt \/ v\u00e9lem\u00e9nyt.<\/li>\n<li>Neh\u00e9zf\u00e9mek ir\u00e1ny\u00e1ba vizsg\u00e1latot <strong>nem<\/strong> v\u00e9gz\u00fcnk.<\/li>\n<\/ul>\n<p>&nbsp;<\/p>\n","protected":false},"excerpt":{"rendered":"<p>Aktu\u00e1lis \u00e1rlista mag\u00e1nmegkeres\u00e9s eset\u00e9n (2026. janu\u00e1rt\u00f3l) Vizsg\u00e1lat fajt\u00e1ja D\u00edja V\u00e9r vagy vizeletminta alkohol vizsg\u00e1lata 30.000.- Ft V\u00e9r \u00e9s vizeletminta alkohol vizsg\u00e1lata 35.000.- Ft Gyorssz\u0171r\u00e9s (vizelet) AMP (amfetamin t\u00edpus\u00fa anyagokra) BAR (barbitur\u00e1t t\u00edpus\u00fa anyagokra) BZO (benzodiazepin t\u00edpus\u00fa anyagokra) COC (kokain t\u00edpus\u00fa anyagokra) TCA (triciklikus antidepressz\u00e1ns t\u00edpus\u00fa anyagokra) MET (metamfetamin t\u00edpus\u00fa anyagokra) MTD (metadon t\u00edpus\u00fa anyagokra) MOP &hellip;<\/p>\n","protected":false},"author":136,"featured_media":0,"parent":24,"menu_order":4,"comment_status":"closed","ping_status":"closed","template":"","meta":{"_acf_changed":false,"footnotes":""},"categories":[],"tags":[],"class_list":["post-1245","page","type-page","status-publish","hentry"],"acf":[],"_links":{"self":[{"href":"https:\/\/semmelweis.hu\/igazsagugy\/wp-json\/wp\/v2\/pages\/1245","targetHints":{"allow":["GET"]}}],"collection":[{"href":"https:\/\/semmelweis.hu\/igazsagugy\/wp-json\/wp\/v2\/pages"}],"about":[{"href":"https:\/\/semmelweis.hu\/igazsagugy\/wp-json\/wp\/v2\/types\/page"}],"author":[{"embeddable":true,"href":"https:\/\/semmelweis.hu\/igazsagugy\/wp-json\/wp\/v2\/users\/136"}],"replies":[{"embeddable":true,"href":"https:\/\/semmelweis.hu\/igazsagugy\/wp-json\/wp\/v2\/comments?post=1245"}],"version-history":[{"count":5,"href":"https:\/\/semmelweis.hu\/igazsagugy\/wp-json\/wp\/v2\/pages\/1245\/revisions"}],"predecessor-version":[{"id":1250,"href":"https:\/\/semmelweis.hu\/igazsagugy\/wp-json\/wp\/v2\/pages\/1245\/revisions\/1250"}],"up":[{"embeddable":true,"href":"https:\/\/semmelweis.hu\/igazsagugy\/wp-json\/wp\/v2\/pages\/24"}],"wp:attachment":[{"href":"https:\/\/semmelweis.hu\/igazsagugy\/wp-json\/wp\/v2\/media?parent=1245"}],"wp:term":[{"taxonomy":"category","embeddable":true,"href":"https:\/\/semmelweis.hu\/igazsagugy\/wp-json\/wp\/v2\/categories?post=1245"},{"taxonomy":"post_tag","embeddable":true,"href":"https:\/\/semmelweis.hu\/igazsagugy\/wp-json\/wp\/v2\/tags?post=1245"}],"curies":[{"name":"wp","href":"https:\/\/api.w.org\/{rel}","templated":true}]}}