{"id":1203,"date":"2025-02-26T15:00:01","date_gmt":"2025-02-26T14:00:01","guid":{"rendered":"https:\/\/semmelweis.hu\/igazsagugy\/?page_id=1203"},"modified":"2025-12-17T13:20:45","modified_gmt":"2025-12-17T12:20:45","slug":"kerolapok","status":"publish","type":"page","link":"https:\/\/semmelweis.hu\/igazsagugy\/laboratoriumok\/toxikologiai-laboratorium\/kerolapok\/","title":{"rendered":"K\u00e9r\u0151lapok"},"content":{"rendered":"<ul>\n<li><a href=\"https:\/\/semmelweis.hu\/igazsagugy\/files\/2025\/02\/Dohanyzas-marker-kerolap.pdf\">Doh\u00e1nyz\u00e1s marker k\u00e9r\u0151lap<\/a><\/li>\n<li><a href=\"https:\/\/semmelweis.hu\/igazsagugy\/files\/2025\/12\/Alkohol-marker-kerolap.pdf\">Alkohol marker k\u00e9r\u0151lap<\/a><\/li>\n<\/ul>\n","protected":false},"excerpt":{"rendered":"<p><a href=\"https:\/\/semmelweis.hu\/igazsagugy\/files\/2025\/02\/Dohanyzas-marker-kerolap.pdf\">Doh\u00e1nyz\u00e1s marker k\u00e9r\u0151lap<\/a><br \/>\n<a href=\"https:\/\/semmelweis.hu\/igazsagugy\/files\/2025\/12\/Alkohol-marker-kerolap.pdf\">Alkohol marker k\u00e9r\u0151lap<\/a><\/p>\n","protected":false},"author":136,"featured_media":0,"parent":24,"menu_order":5,"comment_status":"closed","ping_status":"closed","template":"","meta":{"_acf_changed":false,"footnotes":""},"categories":[],"tags":[],"class_list":["post-1203","page","type-page","status-publish","hentry"],"acf":[],"_links":{"self":[{"href":"https:\/\/semmelweis.hu\/igazsagugy\/wp-json\/wp\/v2\/pages\/1203","targetHints":{"allow":["GET"]}}],"collection":[{"href":"https:\/\/semmelweis.hu\/igazsagugy\/wp-json\/wp\/v2\/pages"}],"about":[{"href":"https:\/\/semmelweis.hu\/igazsagugy\/wp-json\/wp\/v2\/types\/page"}],"author":[{"embeddable":true,"href":"https:\/\/semmelweis.hu\/igazsagugy\/wp-json\/wp\/v2\/users\/136"}],"replies":[{"embeddable":true,"href":"https:\/\/semmelweis.hu\/igazsagugy\/wp-json\/wp\/v2\/comments?post=1203"}],"version-history":[{"count":2,"href":"https:\/\/semmelweis.hu\/igazsagugy\/wp-json\/wp\/v2\/pages\/1203\/revisions"}],"predecessor-version":[{"id":1243,"href":"https:\/\/semmelweis.hu\/igazsagugy\/wp-json\/wp\/v2\/pages\/1203\/revisions\/1243"}],"up":[{"embeddable":true,"href":"https:\/\/semmelweis.hu\/igazsagugy\/wp-json\/wp\/v2\/pages\/24"}],"wp:attachment":[{"href":"https:\/\/semmelweis.hu\/igazsagugy\/wp-json\/wp\/v2\/media?parent=1203"}],"wp:term":[{"taxonomy":"category","embeddable":true,"href":"https:\/\/semmelweis.hu\/igazsagugy\/wp-json\/wp\/v2\/categories?post=1203"},{"taxonomy":"post_tag","embeddable":true,"href":"https:\/\/semmelweis.hu\/igazsagugy\/wp-json\/wp\/v2\/tags?post=1203"}],"curies":[{"name":"wp","href":"https:\/\/api.w.org\/{rel}","templated":true}]}}