{"id":11,"date":"2012-06-26T06:39:16","date_gmt":"2012-06-26T06:39:16","guid":{"rendered":"http:\/\/semmelweis-egyetem.hu\/igazsagugy\/?page_id=11"},"modified":"2026-01-08T10:10:25","modified_gmt":"2026-01-08T09:10:25","slug":"rolunk","status":"publish","type":"page","link":"https:\/\/semmelweis.hu\/igazsagugy\/","title":{"rendered":"R\u00f3lunk"},"content":{"rendered":"<p style=\"text-align: justify\"><a href=\"https:\/\/semmelweis.hu\/igazsagugy\/files\/2023\/05\/RS77234_IMG_1415-scr.jpg\"><img loading=\"lazy\" decoding=\"async\" class=\"alignright size-medium wp-image-1084\" src=\"https:\/\/semmelweis.hu\/igazsagugy\/files\/2023\/05\/RS77234_IMG_1415-scr-400x256.jpg\" alt=\"\" width=\"400\" height=\"256\" srcset=\"https:\/\/semmelweis.hu\/igazsagugy\/files\/2023\/05\/RS77234_IMG_1415-scr-400x256.jpg 400w, https:\/\/semmelweis.hu\/igazsagugy\/files\/2023\/05\/RS77234_IMG_1415-scr-768x492.jpg 768w, https:\/\/semmelweis.hu\/igazsagugy\/files\/2023\/05\/RS77234_IMG_1415-scr-468x300.jpg 468w, https:\/\/semmelweis.hu\/igazsagugy\/files\/2023\/05\/RS77234_IMG_1415-scr-753x483.jpg 753w, https:\/\/semmelweis.hu\/igazsagugy\/files\/2023\/05\/RS77234_IMG_1415-scr.jpg 950w\" sizes=\"auto, (max-width: 400px) 100vw, 400px\" \/><\/a>A Semmelweis Egyetem Patol\u00f3giai, Igazs\u00e1g\u00fcgyi \u00e9s Biztos\u00edt\u00e1s-orvostani Int\u00e9zete oktatja az igazs\u00e1g\u00fcgyi orvostant az \u00c1OK V. \u00e9ves (k\u00e9t f\u00e9l\u00e9vben) valamint a FOK V. \u00e9ves (egy f\u00e9l\u00e9vben) magyar, angol \u00e9s nyelven tanul\u00f3 hallgat\u00f3it.<\/p>\n<p style=\"text-align: justify\">Az int\u00e9zet oktat\u00f3i r\u00e9szt vesznek az ELTE \u00c1llam- \u00e9s Jogtudom\u00e1nyi Kar\u00e1nak \u00e9s a P\u00e1zm\u00e1ny P\u00e9ter Katolikus Egyetem Jog- \u00e9s \u00c1llamtudom\u00e1nyi Kar\u00e1nak, valamint a Rend\u0151rtiszti F\u0151iskola oktat\u00e1s\u00e1ban is. Az int\u00e9zet a szakorvosk\u00e9pz\u00e9s b\u00e1zisa, tov\u00e1bb\u00e1 az int\u00e9zm\u00e9ny fontos feladata a szakorvos-tov\u00e1bbk\u00e9pz\u00e9s is.<\/p>\n<p style=\"text-align: justify\">Az int\u00e9zet diplom\u00e1s tagjai rendszeres orvosszak\u00e9rt\u0151i tev\u00e9kenys\u00e9get v\u00e9geznek hat\u00f3s\u00e1gi kirendel\u00e9sre. Az int\u00e9zet munk\u00e1j\u00e1nak fontos r\u00e9sze a rendk\u00edv\u00fcli hal\u00e1lesetek boncol\u00e1sa \u00e9s v\u00e9lem\u00e9nyez\u00e9se \u00e9s az \u00e9l\u0151 szem\u00e9ly vizsg\u00e1latok alapj\u00e1n t\u00f6rt\u00e9n\u0151 szak\u00e9rt\u0151i v\u00e9lem\u00e9nynek el\u0151terjeszt\u00e9se. Az int\u00e9zetben DNS, toxikol\u00f3giai, k\u00f3rsz\u00f6vettani \u00e9s elektronmikroszk\u00f3pos laborat\u00f3riumok m\u0171k\u00f6dnek. A boncol\u00e1st kieg\u00e9sz\u00edt\u0151 laborat\u00f3riumi vizsg\u00e1latok jelent\u0151s r\u00e9sze az int\u00e9zetben t\u00f6rt\u00e9nik.<\/p>\n<p>Az int\u00e9zet elektronikus kapcsolattart\u00e1si el\u00e9rhet\u0151s\u00e9gei:<\/p>\n<h2>Hivatali kapu:<\/h2>\n<p><span style=\"font-size: 14pt\">Hossz\u00fa n\u00e9v: Semmelweis Egyetem<\/span><\/p>\n<p><span style=\"font-size: 14pt\">R\u00f6vid n\u00e9v: SEMEDUNIV (KRID: 648905308)<\/span><\/p>\n<p><span style=\"font-size: 14pt\">T\u00e1rgy: SE_PIBOI_SZAKERTES<\/span><\/p>\n","protected":false},"excerpt":{"rendered":"<p><a href=\"https:\/\/semmelweis.hu\/igazsagugy\/files\/2023\/05\/RS77234_IMG_1415-scr.jpg\"><\/a> A Semmelweis Egyetem Patol\u00f3giai, Igazs\u00e1g\u00fcgyi \u00e9s Biztos\u00edt\u00e1s-orvostani Int\u00e9zete oktatja az igazs\u00e1g\u00fcgyi orvostant az \u00c1OK V. \u00e9ves (k\u00e9t f\u00e9l\u00e9vben) valamint a FOK V. \u00e9ves (egy f\u00e9l\u00e9vben) magyar, angol \u00e9s nyelven tanul\u00f3 hallgat\u00f3it. Az int\u00e9zet oktat\u00f3i r\u00e9szt vesznek az ELTE \u00c1llam- \u00e9s Jogtudom\u00e1nyi Kar\u00e1nak \u00e9s a P\u00e1zm\u00e1ny P\u00e9ter Katolikus Egyetem Jog- \u00e9s \u00c1llamtudom\u00e1nyi Kar\u00e1nak, valamint a Rend\u0151rtiszti &hellip;<\/p>\n","protected":false},"author":8,"featured_media":0,"parent":0,"menu_order":1,"comment_status":"open","ping_status":"open","template":"","meta":{"_acf_changed":false,"footnotes":""},"categories":[],"tags":[],"class_list":["post-11","page","type-page","status-publish","hentry"],"acf":[],"_links":{"self":[{"href":"https:\/\/semmelweis.hu\/igazsagugy\/wp-json\/wp\/v2\/pages\/11","targetHints":{"allow":["GET"]}}],"collection":[{"href":"https:\/\/semmelweis.hu\/igazsagugy\/wp-json\/wp\/v2\/pages"}],"about":[{"href":"https:\/\/semmelweis.hu\/igazsagugy\/wp-json\/wp\/v2\/types\/page"}],"author":[{"embeddable":true,"href":"https:\/\/semmelweis.hu\/igazsagugy\/wp-json\/wp\/v2\/users\/8"}],"replies":[{"embeddable":true,"href":"https:\/\/semmelweis.hu\/igazsagugy\/wp-json\/wp\/v2\/comments?post=11"}],"version-history":[{"count":10,"href":"https:\/\/semmelweis.hu\/igazsagugy\/wp-json\/wp\/v2\/pages\/11\/revisions"}],"predecessor-version":[{"id":1287,"href":"https:\/\/semmelweis.hu\/igazsagugy\/wp-json\/wp\/v2\/pages\/11\/revisions\/1287"}],"wp:attachment":[{"href":"https:\/\/semmelweis.hu\/igazsagugy\/wp-json\/wp\/v2\/media?parent=11"}],"wp:term":[{"taxonomy":"category","embeddable":true,"href":"https:\/\/semmelweis.hu\/igazsagugy\/wp-json\/wp\/v2\/categories?post=11"},{"taxonomy":"post_tag","embeddable":true,"href":"https:\/\/semmelweis.hu\/igazsagugy\/wp-json\/wp\/v2\/tags?post=11"}],"curies":[{"name":"wp","href":"https:\/\/api.w.org\/{rel}","templated":true}]}}