{"id":91,"date":"2016-10-13T22:42:32","date_gmt":"2016-10-13T20:42:32","guid":{"rendered":"http:\/\/semmelweis.hu\/iga\/?page_id=91"},"modified":"2020-10-26T13:57:25","modified_gmt":"2020-10-26T12:57:25","slug":"husar","status":"publish","type":"page","link":"https:\/\/semmelweis.hu\/iga\/husar\/","title":{"rendered":"HUSAR"},"content":{"rendered":"<h1 class=\"entry-title\">HUSAR-HUngarian Serrated Adenoma Registry<\/h1>\n<ul>\n<li><a href=\"https:\/\/semmelweis.hu\/iga\/husar\/serrated\/\"><span style=\"font-size: 18pt\">A vastagb\u00e9l serrated adenom\u00e1ir\u00f3l \u00e1ltal\u00e1ban<\/span><\/a><\/li>\n<li><a href=\"https:\/\/semmelweis.hu\/iga\/husar\/husar-hungarian-serrated-adenoma-registry\/\"><span style=\"font-size: 18pt\">A regiszter<\/span><\/a><\/li>\n<\/ul>\n","protected":false},"excerpt":{"rendered":"<p>HUSAR-HUngarian Serrated Adenoma Registry<\/p>\n<p><a href=\"https:\/\/semmelweis.hu\/iga\/husar\/serrated\/\">A vastagb\u00e9l serrated adenom\u00e1ir\u00f3l \u00e1ltal\u00e1ban<\/a><br \/>\n<a href=\"https:\/\/semmelweis.hu\/iga\/husar\/husar-hungarian-serrated-adenoma-registry\/\">A regiszter<\/a><\/p>\n","protected":false},"author":101157,"featured_media":0,"parent":0,"menu_order":4,"comment_status":"closed","ping_status":"closed","template":"","meta":{"_acf_changed":false,"footnotes":""},"categories":[],"tags":[],"class_list":["post-91","page","type-page","status-publish","hentry"],"acf":[],"_links":{"self":[{"href":"https:\/\/semmelweis.hu\/iga\/wp-json\/wp\/v2\/pages\/91","targetHints":{"allow":["GET"]}}],"collection":[{"href":"https:\/\/semmelweis.hu\/iga\/wp-json\/wp\/v2\/pages"}],"about":[{"href":"https:\/\/semmelweis.hu\/iga\/wp-json\/wp\/v2\/types\/page"}],"author":[{"embeddable":true,"href":"https:\/\/semmelweis.hu\/iga\/wp-json\/wp\/v2\/users\/101157"}],"replies":[{"embeddable":true,"href":"https:\/\/semmelweis.hu\/iga\/wp-json\/wp\/v2\/comments?post=91"}],"version-history":[{"count":7,"href":"https:\/\/semmelweis.hu\/iga\/wp-json\/wp\/v2\/pages\/91\/revisions"}],"predecessor-version":[{"id":213,"href":"https:\/\/semmelweis.hu\/iga\/wp-json\/wp\/v2\/pages\/91\/revisions\/213"}],"wp:attachment":[{"href":"https:\/\/semmelweis.hu\/iga\/wp-json\/wp\/v2\/media?parent=91"}],"wp:term":[{"taxonomy":"category","embeddable":true,"href":"https:\/\/semmelweis.hu\/iga\/wp-json\/wp\/v2\/categories?post=91"},{"taxonomy":"post_tag","embeddable":true,"href":"https:\/\/semmelweis.hu\/iga\/wp-json\/wp\/v2\/tags?post=91"}],"curies":[{"name":"wp","href":"https:\/\/api.w.org\/{rel}","templated":true}]}}