{"id":72,"date":"2016-10-12T23:27:18","date_gmt":"2016-10-12T21:27:18","guid":{"rendered":"http:\/\/semmelweis.hu\/iga\/?page_id=72"},"modified":"2020-10-06T10:37:21","modified_gmt":"2020-10-06T08:37:21","slug":"humor","status":"publish","type":"page","link":"https:\/\/semmelweis.hu\/iga\/humor\/","title":{"rendered":"HUMOR"},"content":{"rendered":"<p style=\"text-align: justify\"><strong>HU<\/strong><strong>MOR (HUngarian Microscopic cOlitis Registry)<\/strong><\/p>\n<p style=\"text-align: justify\"><strong>\u00a0<\/strong>A mikroszk\u00f3pos colitis (MC) centrumunk retrospekt\u00edv adatai alapj\u00e1n ritka (17 \u00e9v alatt 110 eset), <strong>val\u00f3sz\u00edn\u0171leg aluldiagnosztiz\u00e1lt<\/strong> k\u00f3rk\u00e9p, ez\u00e9rt hazai prevalenci\u00e1j\u00e1nak pontosabb felm\u00e9r\u00e9s\u00e9re <strong>orsz\u00e1gos regiszter<\/strong> l\u00e9trehoz\u00e1s\u00e1t tervezz\u00fck.<\/p>\n<p style=\"text-align: justify\"><strong>HUMOR-R (retrospekt\u00edv)<\/strong><\/p>\n<ul style=\"list-style-type: disc;text-align: justify\">\n<li style=\"padding-left: 30px\">retrospekt\u00edven <strong>el\u00e9rhet\u0151 klinikai adatok<\/strong> (t\u00fcnetek, diagn\u00f3zisig eltelt id\u0151, gy\u00f3gyszeres anamnesis, colonoscopos biopszi\u00e1k sz\u00e1ma \u00e9s helye, kezel\u00e9s, k\u00f3rlefoly\u00e1s, autoimmun betegs\u00e9gek, osteoporosis stb.)<\/li>\n<li style=\"padding-left: 30px\">sz\u00f6vettani blokkokb\u00f3l <strong>biobank<\/strong> l\u00e9trehoz\u00e1sa<\/li>\n<\/ul>\n<p style=\"text-align: justify\">\u00a0<\/p>\n<p style=\"text-align: justify\"><strong>HUMOR-P (prospekt\u00edv)<\/strong><\/p>\n<ul style=\"list-style-type: disc;text-align: justify\">\n<li style=\"padding-left: 30px\">a sz\u00f6vettant ismertet\u0151 <strong>ambul\u00e1ns<\/strong> viziten, <strong>egyoldalas k\u00e9rd\u0151\u00edv<\/strong> seg\u00edts\u00e9g\u00e9vel r\u00e9szletes anamnesis felv\u00e9tel (doh\u00e1nyz\u00e1s, csal\u00e1di, gy\u00f3gyszeres anamnesis, panaszok kezdete, jellege stb)<\/li>\n<li style=\"padding-left: 30px\"><strong>egys\u00e9ges kivizsg\u00e1l\u00e1s<\/strong> (gastroscopia: coeliakia, H. pylori st\u00e1tusz, lymphocytasz\u00e1m; osteoporosis, t\u00e1pl\u00e1lts\u00e1gi \u00e1llapot (BIA), autoimmun betegs\u00e9gek sz\u0171r\u00e9se stb.)<\/li>\n<li style=\"padding-left: 30px\"><strong>egys\u00e9ges betegk\u00f6vet\u00e9s<\/strong> (aktivit\u00e1s sz\u00e9kletsz\u00e1m, betegnapl\u00f3, \u00e9letmin\u0151s\u00e9g sk\u00e1la seg\u00edts\u00e9g\u00e9vel, k\u00f3rlefoly\u00e1s)<\/li>\n<\/ul>\n<p style=\"text-align: justify\">\u00a0<\/p>\n<p style=\"text-align: justify\"><strong>HUMOR-E (m<\/strong><strong>a<\/strong><strong>kroszk\u00f3pos colitis, MAMI vizsg\u00e1lat)<\/strong><\/p>\n<ul style=\"list-style-type: disc\">\n<li style=\"padding-left: 30px;text-align: justify\">k\u00f6zelm\u00faltban le\u00edrt <strong>aspecifikus endoscopos elt\u00e9r\u00e9sek<\/strong> (erythema, hypervascularitas, exsudat\u00edv v\u00e9rz\u00e9s, \u201emacskakarmol\u00e1s\u201d jel, nodularis elt\u00e9r\u00e9sek stb.) diagnosztikus \u00e9rt\u00e9k\u00e9nek meghat\u00e1roz\u00e1sa<\/li>\n<li style=\"padding-left: 30px;text-align: justify\"><strong>hasmen\u00e9ses<\/strong> panaszokkal vizsg\u00e1lt betegekn\u00e9l, <strong>egy\u00e9bk\u00e9nt \u201enegat\u00edv\u201d endoszk\u00f3pia<\/strong> sor\u00e1n ezeknek az elt\u00e9r\u00e9seknek <strong>fot\u00f3dokument\u00e1ci\u00f3ja<\/strong>, egys\u00e9ges protokoll szerinti a colon <strong>sorozatbiopszi\u00e1ja<\/strong><\/li>\n<li style=\"padding-left: 30px;text-align: justify\">colonoscopia min\u0151s\u00e9gi param\u00e9tereinek (<strong>el\u0151k\u00e9sz\u00edt\u00e9s min\u0151s\u00e9ge<\/strong>, BBPS stb.) megad\u00e1sa<\/li>\n<li style=\"padding-left: 30px;text-align: justify\">egyidej\u0171 <strong>gastroscopia<\/strong> (pl. coeliakia kiz\u00e1r\u00e1sa c\u00e9lj\u00e1b\u00f3l)<\/li>\n<\/ul>\n","protected":false},"excerpt":{"rendered":"<p>HUMOR (HUngarian Microscopic cOlitis Registry) \u00a0A mikroszk\u00f3pos colitis (MC) centrumunk retrospekt\u00edv adatai alapj\u00e1n ritka (17 \u00e9v alatt 110 eset), val\u00f3sz\u00edn\u0171leg aluldiagnosztiz\u00e1lt k\u00f3rk\u00e9p, ez\u00e9rt hazai prevalenci\u00e1j\u00e1nak pontosabb felm\u00e9r\u00e9s\u00e9re orsz\u00e1gos regiszter l\u00e9trehoz\u00e1s\u00e1t tervezz\u00fck. HUMOR-R (retrospekt\u00edv) retrospekt\u00edven el\u00e9rhet\u0151 klinikai adatok (t\u00fcnetek, diagn\u00f3zisig eltelt id\u0151, gy\u00f3gyszeres anamnesis, colonoscopos biopszi\u00e1k sz\u00e1ma \u00e9s helye, kezel\u00e9s, k\u00f3rlefoly\u00e1s, autoimmun betegs\u00e9gek, osteoporosis stb.) sz\u00f6vettani &hellip;<\/p>\n","protected":false},"author":101157,"featured_media":0,"parent":0,"menu_order":3,"comment_status":"closed","ping_status":"closed","template":"","meta":{"_acf_changed":false,"footnotes":""},"categories":[],"tags":[],"class_list":["post-72","page","type-page","status-publish","hentry"],"acf":[],"_links":{"self":[{"href":"https:\/\/semmelweis.hu\/iga\/wp-json\/wp\/v2\/pages\/72","targetHints":{"allow":["GET"]}}],"collection":[{"href":"https:\/\/semmelweis.hu\/iga\/wp-json\/wp\/v2\/pages"}],"about":[{"href":"https:\/\/semmelweis.hu\/iga\/wp-json\/wp\/v2\/types\/page"}],"author":[{"embeddable":true,"href":"https:\/\/semmelweis.hu\/iga\/wp-json\/wp\/v2\/users\/101157"}],"replies":[{"embeddable":true,"href":"https:\/\/semmelweis.hu\/iga\/wp-json\/wp\/v2\/comments?post=72"}],"version-history":[{"count":6,"href":"https:\/\/semmelweis.hu\/iga\/wp-json\/wp\/v2\/pages\/72\/revisions"}],"predecessor-version":[{"id":110,"href":"https:\/\/semmelweis.hu\/iga\/wp-json\/wp\/v2\/pages\/72\/revisions\/110"}],"wp:attachment":[{"href":"https:\/\/semmelweis.hu\/iga\/wp-json\/wp\/v2\/media?parent=72"}],"wp:term":[{"taxonomy":"category","embeddable":true,"href":"https:\/\/semmelweis.hu\/iga\/wp-json\/wp\/v2\/categories?post=72"},{"taxonomy":"post_tag","embeddable":true,"href":"https:\/\/semmelweis.hu\/iga\/wp-json\/wp\/v2\/tags?post=72"}],"curies":[{"name":"wp","href":"https:\/\/api.w.org\/{rel}","templated":true}]}}