{"id":48,"date":"2016-10-12T22:23:12","date_gmt":"2016-10-12T20:23:12","guid":{"rendered":"http:\/\/semmelweis.hu\/iga\/?page_id=48"},"modified":"2016-11-09T14:25:13","modified_gmt":"2016-11-09T13:25:13","slug":"eoe","status":"publish","type":"page","link":"https:\/\/semmelweis.hu\/iga\/hunor\/eoe\/","title":{"rendered":"Az eosinophil oesophagitisr\u0151l"},"content":{"rendered":"<p style=\"text-align: justify\">Az eosinophil oesophagitis a nyel\u0151cs\u0151 kr\u00f3nikus, antig\u00e9nmedi\u00e1lt gyullad\u00e1sa. A nyel\u0151cs\u0151ben or\u00e1lis \u00e9s\/vagy aeroantig\u00e9nek \u00e1ltal induk\u00e1lt eosinophilgranulocyta-infiltr\u00e1ci\u00f3, ny\u00e1lkah\u00e1rtya-hyperplasia \u00e9s a subepithelialis r\u00e9tegek fibrosisa sz\u0171k\u00fclethez, dysphagi\u00e1hoz \u00e9s falatelakad\u00e1shoz vezethet.<\/p>\n<p style=\"text-align: justify\"><strong>Epidemiol\u00f3gia<br \/>\n<\/strong>Gyermekkorban az igazolt oesophagitis esetek k\u00f6zel 7%-\u00e1ban eosinophil oesophagitisr\u0151l van sz\u00f3. Incidenci\u00e1ja gyermekkorban 10 eset\/100 ezer gyermek. Feln\u0151ttkorban az \u00fajonnan felismert esetek sz\u00e1ma 1,7\/100 ezer lakos\/\u00e9v, a prevalenci\u00e1ja pedig 30 beteg\/100 ezer lakos. Az eosinophil oesophagitis n\u00f6vekv\u0151 gyakoris\u00e1ga p\u00e1rhuzamos az asthma \u00e9s az allergi\u00e1s rhinitis gyakoribb el\u0151fordul\u00e1s\u00e1val. Az eosinophil oesophagitis esetek 40\u201350%-\u00e1ban m\u00e1s atopi\u00e1s betegs\u00e9g is el\u0151fordul, az esetek kb. 30%-\u00e1ban asthma bronchiale, 50%-\u00e1ban pedig \u00e9telallergia mutathat\u00f3 ki. F\u00e9rfiakban \u00e9s fi\u00fagyermekekben k\u00e9tszer gyakrabban fordul el\u0151, mint n\u0151kben. Feln\u0151ttkorban jellemz\u0151en a m\u00e1sodik \u00e9s harmadik \u00e9let\u00e9vtizedben alakul ki, az esetek 65\u201370%-\u00e1ban f\u00e9rfiakban.<\/p>\n<p style=\"text-align: justify\"><strong>Klinikai t\u00fcnetek \u00e9s k\u00f3risme<br \/>\n<\/strong>Az \u00e9letkort\u00f3l is f\u00fcggenek. Gyermekkorban els\u0151sorban h\u00e1ny\u00e1s, az ev\u00e9s elutas\u00edt\u00e1sa, hasi f\u00e1jdalom jelentkezik. A nyel\u00e9s nehez\u00edtetts\u00e9ge, a falat elakad\u00e1sa serd\u00fcl\u0151kori t\u00fcnet. A feln\u0151ttek is nehez\u00edtett nyel\u00e9sr\u0151l \u00e9s a falat elakad\u00e1s\u00e1r\u00f3l panaszkodnak. El\u0151fordul az \u00e9tel vissza\u00e1raml\u00e1sa, nyel\u0151cs\u0151\u00e9g\u00e9s is, amelyet azonban a savg\u00e1tl\u00f3 kezel\u00e9s nem jav\u00edt. A betegek jellegzetes t\u00e1pl\u00e1lkoz\u00e1si szok\u00e1st alak\u00edtanak ki: lassan esznek \u00e9s k\u00f6zben sok folyad\u00e9kot fogyasztanak.<\/p>\n<p style=\"text-align: justify\">Az <strong><em>endoszk\u00f3pos jelek<\/em><\/strong> v\u00e1ltozatosak: a ny\u00e1lkah\u00e1rty\u00e1n feh\u00e9r felrak\u00f3d\u00e1s, cs\u00edkos, bar\u00e1zd\u00e1lt hyperaemi\u00e1s ter\u00fcletek egyar\u00e1nt el\u0151fordulhatnak. A nyel\u0151cs\u0151 \u00e1tm\u00e9r\u0151je sz\u0171k\u00fclt, Schatzki-gy\u0171r\u0171t ut\u00e1noz. A t\u00f6bbsz\u00f6r\u00f6s sz\u0171k\u00fcletek a nyel\u0151cs\u00f6vet olykor a l\u00e9gcs\u0151h\u00f6z teszik hasonl\u00f3v\u00e1.<\/p>\n<p style=\"text-align: justify\">Az eosinophil oesophagitis <em><strong>sz\u00f6vettan<\/strong><\/em>i felt\u00e9tele a nyel\u0151cs\u0151-ny\u00e1lkah\u00e1rty\u00e1ban nagy nagy\u00edt\u00e1s\u00fa l\u00e1t\u00f3terenk\u00e9nt legal\u00e1bb 15, vagy ann\u00e1l t\u00f6bb eosinophil sejt jelenl\u00e9te. A nyel\u0151cs\u0151 eosinophil besz\u0171r\u0151d\u00e9se azonban nem egyenletes, gyakran foltos vagy szakaszos. Ez\u00e9rt a sz\u00f6vettani mintav\u00e9tel a nyel\u0151cs\u0151 fels\u0151 \u00e9s als\u00f3 szakasz\u00e1b\u00f3l egyar\u00e1nt indokolt.<\/p>\n<p style=\"text-align: justify\"><strong>Kezel\u00e9s<br \/>\n<\/strong>Az eosinophil oesophagitis kezel\u00e9s\u00e9nek sarokk\u00f6vei az elker\u00fcl\u0151 di\u00e9ta \u00e9s a helyileg alkalmazott, gyullad\u00e1scs\u00f6kkent\u0151 szteroidkezel\u00e9s. A panaszt okoz\u00f3 sz\u0171k\u00fcletek ballonos t\u00e1g\u00edt\u00e1st ig\u00e9nyelnek.<\/p>\n","protected":false},"excerpt":{"rendered":"<p>Az eosinophil oesophagitis a nyel\u0151cs\u0151 kr\u00f3nikus, antig\u00e9nmedi\u00e1lt gyullad\u00e1sa. A nyel\u0151cs\u0151ben or\u00e1lis \u00e9s\/vagy aeroantig\u00e9nek \u00e1ltal induk\u00e1lt eosinophilgranulocyta-infiltr\u00e1ci\u00f3, ny\u00e1lkah\u00e1rtya-hyperplasia \u00e9s a subepithelialis r\u00e9tegek fibrosisa sz\u0171k\u00fclethez, dysphagi\u00e1hoz \u00e9s falatelakad\u00e1shoz vezethet. Epidemiol\u00f3gia Gyermekkorban az igazolt oesophagitis esetek k\u00f6zel 7%-\u00e1ban eosinophil oesophagitisr\u0151l van sz\u00f3. Incidenci\u00e1ja gyermekkorban 10 eset\/100 ezer gyermek. Feln\u0151ttkorban az \u00fajonnan felismert esetek sz\u00e1ma 1,7\/100 ezer lakos\/\u00e9v, a &hellip;<\/p>\n","protected":false},"author":101157,"featured_media":0,"parent":45,"menu_order":0,"comment_status":"closed","ping_status":"closed","template":"","meta":{"_acf_changed":false,"footnotes":""},"categories":[],"tags":[],"class_list":["post-48","page","type-page","status-publish","hentry"],"acf":[],"_links":{"self":[{"href":"https:\/\/semmelweis.hu\/iga\/wp-json\/wp\/v2\/pages\/48","targetHints":{"allow":["GET"]}}],"collection":[{"href":"https:\/\/semmelweis.hu\/iga\/wp-json\/wp\/v2\/pages"}],"about":[{"href":"https:\/\/semmelweis.hu\/iga\/wp-json\/wp\/v2\/types\/page"}],"author":[{"embeddable":true,"href":"https:\/\/semmelweis.hu\/iga\/wp-json\/wp\/v2\/users\/101157"}],"replies":[{"embeddable":true,"href":"https:\/\/semmelweis.hu\/iga\/wp-json\/wp\/v2\/comments?post=48"}],"version-history":[{"count":3,"href":"https:\/\/semmelweis.hu\/iga\/wp-json\/wp\/v2\/pages\/48\/revisions"}],"predecessor-version":[{"id":131,"href":"https:\/\/semmelweis.hu\/iga\/wp-json\/wp\/v2\/pages\/48\/revisions\/131"}],"up":[{"embeddable":true,"href":"https:\/\/semmelweis.hu\/iga\/wp-json\/wp\/v2\/pages\/45"}],"wp:attachment":[{"href":"https:\/\/semmelweis.hu\/iga\/wp-json\/wp\/v2\/media?parent=48"}],"wp:term":[{"taxonomy":"category","embeddable":true,"href":"https:\/\/semmelweis.hu\/iga\/wp-json\/wp\/v2\/categories?post=48"},{"taxonomy":"post_tag","embeddable":true,"href":"https:\/\/semmelweis.hu\/iga\/wp-json\/wp\/v2\/tags?post=48"}],"curies":[{"name":"wp","href":"https:\/\/api.w.org\/{rel}","templated":true}]}}