{"id":13,"date":"2016-10-07T10:04:47","date_gmt":"2016-10-07T08:04:47","guid":{"rendered":"http:\/\/semmelweis.hu\/iga\/?page_id=13"},"modified":"2020-10-06T10:37:48","modified_gmt":"2020-10-06T08:37:48","slug":"elerhetoseg","status":"publish","type":"page","link":"https:\/\/semmelweis.hu\/iga\/elerhetoseg\/","title":{"rendered":"El\u00e9rhet\u0151s\u00e9g"},"content":{"rendered":"<p><span style=\"font-size: 14pt\"><strong>C\u00edm:<\/strong> 1085 Budapest, \u00dcll\u0151i \u00fat 26.<\/span><br \/>\n <span style=\"font-size: 14pt\"><strong>E-mail:<\/strong> <a href=\"mailto:iga.semmelweis@gmail.com\">iga.semmelweis@gmail.com<\/a><\/span><\/p>\n","protected":false},"excerpt":{"rendered":"<p>C\u00edm: 1085 Budapest, \u00dcll\u0151i \u00fat 26.<br \/>\n E-mail: <a href=\"mailto:iga.semmelweis@gmail.com\">iga.semmelweis@gmail.com<\/a><\/p>\n","protected":false},"author":12,"featured_media":0,"parent":0,"menu_order":8,"comment_status":"closed","ping_status":"closed","template":"","meta":{"_acf_changed":false,"footnotes":""},"categories":[],"tags":[],"class_list":["post-13","page","type-page","status-publish","hentry"],"acf":[],"_links":{"self":[{"href":"https:\/\/semmelweis.hu\/iga\/wp-json\/wp\/v2\/pages\/13","targetHints":{"allow":["GET"]}}],"collection":[{"href":"https:\/\/semmelweis.hu\/iga\/wp-json\/wp\/v2\/pages"}],"about":[{"href":"https:\/\/semmelweis.hu\/iga\/wp-json\/wp\/v2\/types\/page"}],"author":[{"embeddable":true,"href":"https:\/\/semmelweis.hu\/iga\/wp-json\/wp\/v2\/users\/12"}],"replies":[{"embeddable":true,"href":"https:\/\/semmelweis.hu\/iga\/wp-json\/wp\/v2\/comments?post=13"}],"version-history":[{"count":4,"href":"https:\/\/semmelweis.hu\/iga\/wp-json\/wp\/v2\/pages\/13\/revisions"}],"predecessor-version":[{"id":113,"href":"https:\/\/semmelweis.hu\/iga\/wp-json\/wp\/v2\/pages\/13\/revisions\/113"}],"wp:attachment":[{"href":"https:\/\/semmelweis.hu\/iga\/wp-json\/wp\/v2\/media?parent=13"}],"wp:term":[{"taxonomy":"category","embeddable":true,"href":"https:\/\/semmelweis.hu\/iga\/wp-json\/wp\/v2\/categories?post=13"},{"taxonomy":"post_tag","embeddable":true,"href":"https:\/\/semmelweis.hu\/iga\/wp-json\/wp\/v2\/tags?post=13"}],"curies":[{"name":"wp","href":"https:\/\/api.w.org\/{rel}","templated":true}]}}