{"id":9,"date":"2012-02-02T16:46:58","date_gmt":"2012-02-02T16:46:58","guid":{"rendered":"http:\/\/semmelweis-egyetem.hu\/idegsebeszet\/?page_id=9"},"modified":"2020-09-22T13:28:01","modified_gmt":"2020-09-22T11:28:01","slug":"kutatasi-teruletek","status":"publish","type":"page","link":"https:\/\/semmelweis.hu\/idegsebeszet\/kutatasi-teruletek\/","title":{"rendered":"Kutat\u00e1si ter\u00fcletek"},"content":{"rendered":"<p style=\"text-align: justify;\"><img loading=\"lazy\" decoding=\"async\" class=\" wp-image-200 alignright\" src=\"https:\/\/semmelweis.hu\/idegsebeszet\/files\/2012\/02\/2-206x300.jpg\" alt=\"2\" width=\"181\" height=\"264\" srcset=\"https:\/\/semmelweis.hu\/idegsebeszet\/files\/2012\/02\/2-206x300.jpg 206w, https:\/\/semmelweis.hu\/idegsebeszet\/files\/2012\/02\/2.jpg 538w\" sizes=\"auto, (max-width: 181px) 100vw, 181px\" \/>Kutat\u00e1si ter\u00fcleteink r\u00e9sz\u00e9t k\u00e9pezik mindazok az idegseb\u00e9szeti klinikumhoz kapcsol\u00f3d\u00f3 ter\u00fcletek, melyek a szakmai profilban felsorolt ell\u00e1t\u00e1si form\u00e1k magas szint\u0171 m\u0171vel\u00e9s\u00e9hez sz\u00fcks\u00e9gesek.<\/p>\n<ul>\n<li style=\"text-align: justify;\">Epilepsziakutat\u00e1s, cerebrovascularis betegs\u00e9gek kutat\u00e1sa, k\u00fcl\u00f6n\u00f6s tekintettel a subarachnoidealis v\u00e9rz\u00e9s patol\u00f3gi\u00e1j\u00e1ra \u00e9s kezel\u00e9s\u00e9re.<\/li>\n<li style=\"text-align: justify;\">Neuroonkol\u00f3gia, az idegrendszeri daganatok patol\u00f3giai vonatkoz\u00e1sai, intervenci\u00f3s neuroradiol\u00f3gia: endovascularis beavatkoz\u00e1sok \u00fajabb m\u00f3dszerei.<\/li>\n<li style=\"text-align: justify;\">Gerincseb\u00e9szeti minim\u00e1lisan invaz\u00edv innovat\u00edv technik\u00e1k fejleszt\u00e9se.<\/li>\n<li style=\"text-align: justify;\">Az int\u00e9zetben elektrofiziol\u00f3giai kutat\u00e1sok folynak, a hippocampus kapcsolatrendszer\u00e9nek \u00e9s m\u0171k\u00f6d\u00e9si alapjainak felder\u00edt\u00e9s\u00e9re.<\/li>\n<\/ul>\n<p style=\"text-align: justify;\"><a href=\"https:\/\/semmelweis.hu\/idegsebeszet\/files\/2012\/02\/Attachment-1_2.jpeg\"><img loading=\"lazy\" decoding=\"async\" class=\"wp-image-198 alignleft\" src=\"https:\/\/semmelweis.hu\/idegsebeszet\/files\/2012\/02\/Attachment-1_2-300x199.jpeg\" alt=\"Attachment-1_2\" width=\"286\" height=\"190\" srcset=\"https:\/\/semmelweis.hu\/idegsebeszet\/files\/2012\/02\/Attachment-1_2-300x199.jpeg 300w, https:\/\/semmelweis.hu\/idegsebeszet\/files\/2012\/02\/Attachment-1_2-450x300.jpeg 450w, https:\/\/semmelweis.hu\/idegsebeszet\/files\/2012\/02\/Attachment-1_2.jpeg 798w\" sizes=\"auto, (max-width: 286px) 100vw, 286px\" \/><\/a>Saj\u00e1t munkacsoportunk t\u00f6bb innovat\u00edv t\u00e9m\u00e1val \u00e9rt el nemzetk\u00f6zileg ismert \u00e9s elismert eredm\u00e9nyt. Ezek k\u00f6z\u00e9 tartozik az oktat\u00e1st el\u0151seg\u00edt\u0151 <strong><a href=\"http:\/\/4danatomy.com\/\" target=\"_blank\" rel=\"noopener noreferrer\">4 D Anatomy atlasz<\/a><\/strong>\u00a0 l\u00e9trehoz\u00e1sa, a 3 D CAD-CAM koponyacsont plasztika fejleszt\u00e9se (CE min\u0151s\u00edt\u00e9ssel rendelkezik), valamint a gerincseb\u00e9szeti k\u00f3rfolyamatok elt\u00e1vol\u00edt\u00e1s\u00e1ban innovat\u00edvnak sz\u00e1m\u00edt\u00f3 minim\u00e1lisan invaz\u00edv felt\u00e1r\u00e1srendszer kidolgoz\u00e1sa.<\/p>\n<p style=\"text-align: justify;\"><a href=\"https:\/\/semmelweis.hu\/idegsebeszet\/files\/2012\/02\/1.jpg\"><img loading=\"lazy\" decoding=\"async\" class=\"wp-image-199 size-medium alignright\" src=\"https:\/\/semmelweis.hu\/idegsebeszet\/files\/2012\/02\/1-300x221.jpg\" alt=\"1\" width=\"300\" height=\"221\" srcset=\"https:\/\/semmelweis.hu\/idegsebeszet\/files\/2012\/02\/1-300x221.jpg 300w, https:\/\/semmelweis.hu\/idegsebeszet\/files\/2012\/02\/1-407x300.jpg 407w, https:\/\/semmelweis.hu\/idegsebeszet\/files\/2012\/02\/1.jpg 418w\" sizes=\"auto, (max-width: 300px) 100vw, 300px\" \/><\/a>Az OITI Idegseb\u00e9szeti egys\u00e9g\u00e9ben 11 f\u0151 rendelkezik tudom\u00e1nyos min\u0151s\u00edt\u00e9ssel. Az OITI-ben sz\u00e1mos szakember rendelkezik saj\u00e1t kutat\u00e1si ter\u00fclettel. Egy-egy klinikai t\u00e9ma k\u00f6r\u00e9 csoportosulva multidiszciplin\u00e1ris m\u0171helyek j\u00f6ttek l\u00e9tre, ilyen pl. a gerincseb\u00e9szeti, neuroonkol\u00f3giai, endovascul\u00e1ris, funkcion\u00e1lis idegseb\u00e9szeti munkacsoportok. A zajl\u00f3 kutat\u00e1sok alapot adnak t\u00f6bb j\u00f6v\u0151beli PhD tudom\u00e1nyos munka megval\u00f3s\u00edt\u00e1s\u00e1ra.<\/p>\n","protected":false},"excerpt":{"rendered":"<p>Kutat\u00e1si ter\u00fcleteink r\u00e9sz\u00e9t k\u00e9pezik mindazok az idegseb\u00e9szeti klinikumhoz kapcsol\u00f3d\u00f3 ter\u00fcletek, melyek a szakmai profilban felsorolt ell\u00e1t\u00e1si form\u00e1k magas szint\u0171 m\u0171vel\u00e9s\u00e9hez sz\u00fcks\u00e9gesek. Epilepsziakutat\u00e1s, cerebrovascularis betegs\u00e9gek kutat\u00e1sa, k\u00fcl\u00f6n\u00f6s tekintettel a subarachnoidealis v\u00e9rz\u00e9s patol\u00f3gi\u00e1j\u00e1ra \u00e9s kezel\u00e9s\u00e9re. Neuroonkol\u00f3gia, az idegrendszeri daganatok patol\u00f3giai vonatkoz\u00e1sai, intervenci\u00f3s neuroradiol\u00f3gia: endovascularis beavatkoz\u00e1sok \u00fajabb m\u00f3dszerei. Gerincseb\u00e9szeti minim\u00e1lisan invaz\u00edv innovat\u00edv technik\u00e1k fejleszt\u00e9se. Az int\u00e9zetben elektrofiziol\u00f3giai kutat\u00e1sok &hellip;<\/p>\n","protected":false},"author":102,"featured_media":0,"parent":0,"menu_order":3,"comment_status":"closed","ping_status":"closed","template":"","meta":{"_acf_changed":false,"footnotes":""},"categories":[],"tags":[],"class_list":["post-9","page","type-page","status-publish","hentry"],"acf":[],"_links":{"self":[{"href":"https:\/\/semmelweis.hu\/idegsebeszet\/wp-json\/wp\/v2\/pages\/9","targetHints":{"allow":["GET"]}}],"collection":[{"href":"https:\/\/semmelweis.hu\/idegsebeszet\/wp-json\/wp\/v2\/pages"}],"about":[{"href":"https:\/\/semmelweis.hu\/idegsebeszet\/wp-json\/wp\/v2\/types\/page"}],"author":[{"embeddable":true,"href":"https:\/\/semmelweis.hu\/idegsebeszet\/wp-json\/wp\/v2\/users\/102"}],"replies":[{"embeddable":true,"href":"https:\/\/semmelweis.hu\/idegsebeszet\/wp-json\/wp\/v2\/comments?post=9"}],"version-history":[{"count":10,"href":"https:\/\/semmelweis.hu\/idegsebeszet\/wp-json\/wp\/v2\/pages\/9\/revisions"}],"predecessor-version":[{"id":621,"href":"https:\/\/semmelweis.hu\/idegsebeszet\/wp-json\/wp\/v2\/pages\/9\/revisions\/621"}],"wp:attachment":[{"href":"https:\/\/semmelweis.hu\/idegsebeszet\/wp-json\/wp\/v2\/media?parent=9"}],"wp:term":[{"taxonomy":"category","embeddable":true,"href":"https:\/\/semmelweis.hu\/idegsebeszet\/wp-json\/wp\/v2\/categories?post=9"},{"taxonomy":"post_tag","embeddable":true,"href":"https:\/\/semmelweis.hu\/idegsebeszet\/wp-json\/wp\/v2\/tags?post=9"}],"curies":[{"name":"wp","href":"https:\/\/api.w.org\/{rel}","templated":true}]}}