{"id":8,"date":"2012-02-02T16:45:56","date_gmt":"2012-02-02T16:45:56","guid":{"rendered":"http:\/\/semmelweis-egyetem.hu\/idegsebeszet\/?page_id=8"},"modified":"2020-09-22T13:22:44","modified_gmt":"2020-09-22T11:22:44","slug":"oktatas","status":"publish","type":"page","link":"https:\/\/semmelweis.hu\/idegsebeszet\/oktatas\/","title":{"rendered":"Oktat\u00e1si tev\u00e9kenys\u00e9g\u00fcnk"},"content":{"rendered":"<p>A Semmelweis Egyetemen az Idegseb\u00e9szeti t\u00e1rgy\u00fa gradu\u00e1lis k\u00e9pz\u00e9st a Tansz\u00e9k ir\u00e1ny\u00edtja. Az Idegseb\u00e9szet k\u00f6telez\u0151en v\u00e1laszthat\u00f3 tant\u00e1rgy magyar \u00e9s angol nyelven. A neurol\u00f3gia tant\u00e1rgy keretei k\u00f6z\u00f6tt t\u00f6bb t\u00e9mak\u00f6rt fel\u00f6lelve idegseb\u00e9szeti t\u00e1rgy\u00fa el\u0151ad\u00e1sok hallgathat\u00f3ak tantermi el\u0151ad\u00e1sok form\u00e1j\u00e1ban a Neurol\u00f3giai Klinik\u00e1n. A t\u00e1rsszakm\u00e1k k\u00e9pz\u00e9si keretei k\u00f6z\u00f6tt is &#8211; Hum\u00e1nmorfol\u00f3giai \u00e9s Fejl\u0151d\u00e9sbiol\u00f3giai Int\u00e9zet, I. sz. Seb\u00e9szeti Klinika, II. sz. Belgy\u00f3gy\u00e1szati Klinika, Traumatol\u00f3giai Tansz\u00e9k \u2013 tartunk idegseb\u00e9szeti el\u0151ad\u00e1sokat. A seb\u00e9szeti \u00e9s neurol\u00f3giai klinikai gyakorlat keretei k\u00f6z\u00f6tt idegseb\u00e9szeti tematik\u00e1j\u00fa gyakorlatok zajlanak V. \u00e9vfolyamon.<\/p>\n<p>A Tansz\u00e9k rendszeresen hirdet TDK t\u00e9m\u00e1kat, ezek szakdolgozatk\u00e9nt is kidolgozhat\u00f3ak. TDK hallgat\u00f3ink eredm\u00e9nyesen szerepelnek TDK konferenci\u00e1kon, el\u0151kel\u0151 helyez\u00e9seket el\u00e9rve, egy\u00fcttm\u0171k\u00f6d\u00e9sben k\u00e9sz\u00fclt hazai \u00e9s nemzetk\u00f6zi tudom\u00e1nyos k\u00f6zlem\u00e9nyekben \u00e9s kongresszusi el\u0151ad\u00e1sokon szerepelnek, szakdolgozataikat sikeresen v\u00e9dik meg. E mellett a hallgat\u00f3k betekint\u00e9st nyernek a betegell\u00e1t\u00e1s folyamat\u00e1ba, m\u0171t\u00e9ti beavatkoz\u00e1sokon vehetnek r\u00e9szt.<\/p>\n<p>A Tansz\u00e9k a Doktori Iskola PhD k\u00e9pz\u00e9si programjaiba t\u00f6bb experiment\u00e1lis \u00e9s klinikai t\u00e9m\u00e1val csatlakozik, egy\u00e9ni felk\u00e9sz\u00fcl\u00e9s\u0171 \u00e9s \u00f6szt\u00f6nd\u00edjas PhD hallgat\u00f3ink szaklapokban rendszeresen k\u00f6zlik eredm\u00e9nyeiket \u00e9s sz\u00e1molnak be hazai \u00e9s nemzetk\u00f6zi kongresszusokon.<\/p>\n<p>A Tansz\u00e9k koordin\u00e1lja a r\u00e9gi\u00f3 idegseb\u00e9szeti szakorvos k\u00e9pz\u00e9s\u00e9t. A rezidensk\u00e9pz\u00e9sben r\u00e9szt vesz rendszeresen meghirdetett tematikus tanfolyamok, tov\u00e1bbk\u00e9pz\u0151 el\u0151ad\u00e1sok, szakmai profil szerinti idegseb\u00e9szeti gyakorlatok \u00e9s kerekasztal konferenci\u00e1k tart\u00e1s\u00e1val.<\/p>\n<p>Az orvostov\u00e1bbk\u00e9pz\u00e9s r\u00e9szek\u00e9nt rendszeresen tartunk k\u00f6telez\u0151 \u00e9s k\u00f6telez\u0151en v\u00e1laszthat\u00f3 tanfolyamokat, gyakorlatokat.<\/p>\n<p align=\"center\">\u00a0<\/p>\n","protected":false},"excerpt":{"rendered":"<p>A Semmelweis Egyetemen az Idegseb\u00e9szeti t\u00e1rgy\u00fa gradu\u00e1lis k\u00e9pz\u00e9st a Tansz\u00e9k ir\u00e1ny\u00edtja. Az Idegseb\u00e9szet k\u00f6telez\u0151en v\u00e1laszthat\u00f3 tant\u00e1rgy magyar \u00e9s angol nyelven. A neurol\u00f3gia tant\u00e1rgy keretei k\u00f6z\u00f6tt t\u00f6bb t\u00e9mak\u00f6rt fel\u00f6lelve idegseb\u00e9szeti t\u00e1rgy\u00fa el\u0151ad\u00e1sok hallgathat\u00f3ak tantermi el\u0151ad\u00e1sok form\u00e1j\u00e1ban a Neurol\u00f3giai Klinik\u00e1n. A t\u00e1rsszakm\u00e1k k\u00e9pz\u00e9si keretei k\u00f6z\u00f6tt is &#8211; Hum\u00e1nmorfol\u00f3giai \u00e9s Fejl\u0151d\u00e9sbiol\u00f3giai Int\u00e9zet, I. sz. Seb\u00e9szeti Klinika, II. sz. &hellip;<\/p>\n","protected":false},"author":102,"featured_media":0,"parent":0,"menu_order":2,"comment_status":"closed","ping_status":"closed","template":"","meta":{"_acf_changed":false,"footnotes":""},"categories":[],"tags":[],"class_list":["post-8","page","type-page","status-publish","hentry"],"acf":[],"_links":{"self":[{"href":"https:\/\/semmelweis.hu\/idegsebeszet\/wp-json\/wp\/v2\/pages\/8","targetHints":{"allow":["GET"]}}],"collection":[{"href":"https:\/\/semmelweis.hu\/idegsebeszet\/wp-json\/wp\/v2\/pages"}],"about":[{"href":"https:\/\/semmelweis.hu\/idegsebeszet\/wp-json\/wp\/v2\/types\/page"}],"author":[{"embeddable":true,"href":"https:\/\/semmelweis.hu\/idegsebeszet\/wp-json\/wp\/v2\/users\/102"}],"replies":[{"embeddable":true,"href":"https:\/\/semmelweis.hu\/idegsebeszet\/wp-json\/wp\/v2\/comments?post=8"}],"version-history":[{"count":7,"href":"https:\/\/semmelweis.hu\/idegsebeszet\/wp-json\/wp\/v2\/pages\/8\/revisions"}],"predecessor-version":[{"id":619,"href":"https:\/\/semmelweis.hu\/idegsebeszet\/wp-json\/wp\/v2\/pages\/8\/revisions\/619"}],"wp:attachment":[{"href":"https:\/\/semmelweis.hu\/idegsebeszet\/wp-json\/wp\/v2\/media?parent=8"}],"wp:term":[{"taxonomy":"category","embeddable":true,"href":"https:\/\/semmelweis.hu\/idegsebeszet\/wp-json\/wp\/v2\/categories?post=8"},{"taxonomy":"post_tag","embeddable":true,"href":"https:\/\/semmelweis.hu\/idegsebeszet\/wp-json\/wp\/v2\/tags?post=8"}],"curies":[{"name":"wp","href":"https:\/\/api.w.org\/{rel}","templated":true}]}}