{"id":734,"date":"2022-12-12T11:00:40","date_gmt":"2022-12-12T10:00:40","guid":{"rendered":"https:\/\/semmelweis.hu\/idegsebeszet\/?page_id=734"},"modified":"2025-11-26T15:17:08","modified_gmt":"2025-11-26T14:17:08","slug":"gradualis-oktatas-ideggyogyaszat-es-idegsebeszet","status":"publish","type":"page","link":"https:\/\/semmelweis.hu\/idegsebeszet\/oktatas\/gradualis-oktatas-ideggyogyaszat-es-idegsebeszet\/","title":{"rendered":"Gradu\u00e1lis oktat\u00e1s &#8211; Ideggy\u00f3gy\u00e1szat \u00e9s idegseb\u00e9szet"},"content":{"rendered":"<p>A Neurol\u00f3giai Klinika \u00e9s az Idegseb\u00e9szeti Tansz\u00e9k keretein bel\u00fcl blokkos\u00edtott idegseb\u00e9szeti gyakorlati \u00e9s elm\u00e9leti oktat\u00e1s zajlik magyar, angol \u00e9s n\u00e9met nyelven az V. \u00e9ves gradu\u00e1lis k\u00f6telez\u0151 Ideggy\u00f3gy\u00e1szat \u00e9s Idegseb\u00e9szet tant\u00e1rgyon bel\u00fcl.<\/p>\n<p>Helye: 1145 Budapest, Amerikai \u00fat 57.\u00a0<\/p>\n<p>2024\/2025-\u00f6s tan\u00e9vre vonatkoz\u00f3 tant\u00e1rgyk\u00f6vetelm\u00e9ny<a href=\"https:\/\/semmelweis.hu\/idegsebeszet\/files\/2024\/09\/KOVETELMENYEK-Ideggyogyaszat-es-idegsebeszet-2024-2025.-V.EV_.pdf\"> a linken kereszt\u00fcl <\/a>el\u00e9rhet\u0151.<\/p>\n","protected":false},"excerpt":{"rendered":"<p>A Neurol\u00f3giai Klinika \u00e9s az Idegseb\u00e9szeti Tansz\u00e9k keretein bel\u00fcl blokkos\u00edtott idegseb\u00e9szeti gyakorlati \u00e9s elm\u00e9leti oktat\u00e1s zajlik magyar, angol \u00e9s n\u00e9met nyelven az V. \u00e9ves gradu\u00e1lis k\u00f6telez\u0151 Ideggy\u00f3gy\u00e1szat \u00e9s Idegseb\u00e9szet tant\u00e1rgyon bel\u00fcl.<br \/>\nHelye: 1145 Budapest, Amerikai \u00fat 57.\u00a0<br \/>\n2024\/2025-\u00f6s tan\u00e9vre vonatkoz\u00f3 tant\u00e1rgyk\u00f6vetelm\u00e9ny<a href=\"https:\/\/semmelweis.hu\/idegsebeszet\/files\/2024\/09\/KOVETELMENYEK-Ideggyogyaszat-es-idegsebeszet-2024-2025.-V.EV_.pdf\"> a linken kereszt\u00fcl <\/a>el\u00e9rhet\u0151.<\/p>\n","protected":false},"author":102,"featured_media":0,"parent":8,"menu_order":0,"comment_status":"closed","ping_status":"closed","template":"","meta":{"_acf_changed":false,"footnotes":""},"categories":[],"tags":[],"class_list":["post-734","page","type-page","status-publish","hentry"],"acf":[],"_links":{"self":[{"href":"https:\/\/semmelweis.hu\/idegsebeszet\/wp-json\/wp\/v2\/pages\/734","targetHints":{"allow":["GET"]}}],"collection":[{"href":"https:\/\/semmelweis.hu\/idegsebeszet\/wp-json\/wp\/v2\/pages"}],"about":[{"href":"https:\/\/semmelweis.hu\/idegsebeszet\/wp-json\/wp\/v2\/types\/page"}],"author":[{"embeddable":true,"href":"https:\/\/semmelweis.hu\/idegsebeszet\/wp-json\/wp\/v2\/users\/102"}],"replies":[{"embeddable":true,"href":"https:\/\/semmelweis.hu\/idegsebeszet\/wp-json\/wp\/v2\/comments?post=734"}],"version-history":[{"count":4,"href":"https:\/\/semmelweis.hu\/idegsebeszet\/wp-json\/wp\/v2\/pages\/734\/revisions"}],"predecessor-version":[{"id":874,"href":"https:\/\/semmelweis.hu\/idegsebeszet\/wp-json\/wp\/v2\/pages\/734\/revisions\/874"}],"up":[{"embeddable":true,"href":"https:\/\/semmelweis.hu\/idegsebeszet\/wp-json\/wp\/v2\/pages\/8"}],"wp:attachment":[{"href":"https:\/\/semmelweis.hu\/idegsebeszet\/wp-json\/wp\/v2\/media?parent=734"}],"wp:term":[{"taxonomy":"category","embeddable":true,"href":"https:\/\/semmelweis.hu\/idegsebeszet\/wp-json\/wp\/v2\/categories?post=734"},{"taxonomy":"post_tag","embeddable":true,"href":"https:\/\/semmelweis.hu\/idegsebeszet\/wp-json\/wp\/v2\/tags?post=734"}],"curies":[{"name":"wp","href":"https:\/\/api.w.org\/{rel}","templated":true}]}}