{"id":7,"date":"2012-02-02T16:45:03","date_gmt":"2012-02-02T16:45:03","guid":{"rendered":"http:\/\/semmelweis-egyetem.hu\/idegsebeszet\/?page_id=7"},"modified":"2025-12-02T11:50:35","modified_gmt":"2025-12-02T10:50:35","slug":"szakmai-profilok","status":"publish","type":"page","link":"https:\/\/semmelweis.hu\/idegsebeszet\/szakmai-profilok\/","title":{"rendered":"Szakmai profilok"},"content":{"rendered":"<p><a href=\"https:\/\/semmelweis.hu\/idegsebeszet\/files\/2020\/09\/betegellatas-szakmai-profilok.jpg\"><img loading=\"lazy\" decoding=\"async\" class=\"alignright size-medium wp-image-615\" src=\"https:\/\/semmelweis.hu\/idegsebeszet\/files\/2020\/09\/betegellatas-szakmai-profilok-400x267.jpg\" alt=\"\" width=\"400\" height=\"267\" srcset=\"https:\/\/semmelweis.hu\/idegsebeszet\/files\/2020\/09\/betegellatas-szakmai-profilok-400x267.jpg 400w, https:\/\/semmelweis.hu\/idegsebeszet\/files\/2020\/09\/betegellatas-szakmai-profilok-1024x683.jpg 1024w, https:\/\/semmelweis.hu\/idegsebeszet\/files\/2020\/09\/betegellatas-szakmai-profilok-768x512.jpg 768w, https:\/\/semmelweis.hu\/idegsebeszet\/files\/2020\/09\/betegellatas-szakmai-profilok-450x300.jpg 450w, https:\/\/semmelweis.hu\/idegsebeszet\/files\/2020\/09\/betegellatas-szakmai-profilok-753x502.jpg 753w, https:\/\/semmelweis.hu\/idegsebeszet\/files\/2020\/09\/betegellatas-szakmai-profilok-203x135.jpg 203w, https:\/\/semmelweis.hu\/idegsebeszet\/files\/2020\/09\/betegellatas-szakmai-profilok.jpg 1200w\" sizes=\"auto, (max-width: 400px) 100vw, 400px\" \/><\/a>A betegell\u00e1t\u00f3 klinikai h\u00e1tteret a Semmelweis Egyetem Idegseb\u00e9szeti \u00e9s Neurointervenci\u00f3s Klinika (kor\u00e1bbi Orsz\u00e1gos Idegseb\u00e9szeti Tudom\u00e1nyos Int\u00e9zet) biztos\u00edtja. Az SE-INK Magyarorsz\u00e1gon a legnagyobb, Eur\u00f3p\u00e1ban a harmadik legnagyobb idegseb\u00e9szeti int\u00e9zm\u00e9ny, itt dolgozik Magyarorsz\u00e1g legnagyobb idegseb\u00e9szeti k\u00f6z\u00f6ss\u00e9ge. A Budapesti idegseb\u00e9szeti m\u0171t\u00e9ti ell\u00e1t\u00e1s 60%-a, a speci\u00e1lis beavatkoz\u00e1sok 87%-a az Int\u00e9zetben t\u00f6rt\u00e9nik, az \u00e9ves idegseb\u00e9szeti beavatkoz\u00e1sok sz\u00e1ma 3500-4000 k\u00f6z\u00f6tt v\u00e1ltozik.<\/p>\n<p style=\"text-align: justify\">Szakmai profilunk az idegseb\u00e9szet teljes spektruma \u00e9s az idegseb\u00e9szeti tev\u00e9kenys\u00e9ggel \u00f6sszef\u00fcgg\u0151 subspecialit\u00e1sok: neuroonkol\u00f3gia, daganatseb\u00e9szet, idegrendszeri vascularis malformati\u00f3k, cerebrovascularis k\u00f3rk\u00e9pek, epilepsziaseb\u00e9szet, intra- \u00e9s suprasellaris tumorok transsphenoidalis seb\u00e9szete, a k\u00f6zponti idegrendszer fejl\u0151d\u00e9si rendelleness\u00e9gei, csecsem\u0151- \u00e9s gyermek-idegseb\u00e9szet, gerinc-gerincvel\u0151 seb\u00e9szet, neurotraumatol\u00f3gia, funkcion\u00e1lis idegseb\u00e9szet, endovascularis-intervencion\u00e1lis neuroradiol\u00f3gia, stereotaxi\u00e1s m\u0171t\u00e9tek, neuronavig\u00e1ci\u00f3, endoszk\u00f3pos m\u0171t\u00e9tek, perif\u00e9ri\u00e1s idegseb\u00e9szeti beavatkoz\u00e1sok.<\/p>\n","protected":false},"excerpt":{"rendered":"<p><a href=\"https:\/\/semmelweis.hu\/idegsebeszet\/files\/2020\/09\/betegellatas-szakmai-profilok.jpg\"><\/a> A betegell\u00e1t\u00f3 klinikai h\u00e1tteret a Semmelweis Egyetem Idegseb\u00e9szeti \u00e9s Neurointervenci\u00f3s Klinika (kor\u00e1bbi Orsz\u00e1gos Idegseb\u00e9szeti Tudom\u00e1nyos Int\u00e9zet) biztos\u00edtja. Az SE-INK Magyarorsz\u00e1gon a legnagyobb, Eur\u00f3p\u00e1ban a harmadik legnagyobb idegseb\u00e9szeti int\u00e9zm\u00e9ny, itt dolgozik Magyarorsz\u00e1g legnagyobb idegseb\u00e9szeti k\u00f6z\u00f6ss\u00e9ge. A Budapesti idegseb\u00e9szeti m\u0171t\u00e9ti ell\u00e1t\u00e1s 60%-a, a speci\u00e1lis beavatkoz\u00e1sok 87%-a az Int\u00e9zetben t\u00f6rt\u00e9nik, az \u00e9ves idegseb\u00e9szeti beavatkoz\u00e1sok sz\u00e1ma 3500-4000 k\u00f6z\u00f6tt v\u00e1ltozik. &hellip;<\/p>\n","protected":false},"author":102,"featured_media":0,"parent":0,"menu_order":1,"comment_status":"closed","ping_status":"closed","template":"","meta":{"_acf_changed":false,"footnotes":""},"categories":[],"tags":[],"class_list":["post-7","page","type-page","status-publish","hentry"],"acf":[],"_links":{"self":[{"href":"https:\/\/semmelweis.hu\/idegsebeszet\/wp-json\/wp\/v2\/pages\/7","targetHints":{"allow":["GET"]}}],"collection":[{"href":"https:\/\/semmelweis.hu\/idegsebeszet\/wp-json\/wp\/v2\/pages"}],"about":[{"href":"https:\/\/semmelweis.hu\/idegsebeszet\/wp-json\/wp\/v2\/types\/page"}],"author":[{"embeddable":true,"href":"https:\/\/semmelweis.hu\/idegsebeszet\/wp-json\/wp\/v2\/users\/102"}],"replies":[{"embeddable":true,"href":"https:\/\/semmelweis.hu\/idegsebeszet\/wp-json\/wp\/v2\/comments?post=7"}],"version-history":[{"count":8,"href":"https:\/\/semmelweis.hu\/idegsebeszet\/wp-json\/wp\/v2\/pages\/7\/revisions"}],"predecessor-version":[{"id":904,"href":"https:\/\/semmelweis.hu\/idegsebeszet\/wp-json\/wp\/v2\/pages\/7\/revisions\/904"}],"wp:attachment":[{"href":"https:\/\/semmelweis.hu\/idegsebeszet\/wp-json\/wp\/v2\/media?parent=7"}],"wp:term":[{"taxonomy":"category","embeddable":true,"href":"https:\/\/semmelweis.hu\/idegsebeszet\/wp-json\/wp\/v2\/categories?post=7"},{"taxonomy":"post_tag","embeddable":true,"href":"https:\/\/semmelweis.hu\/idegsebeszet\/wp-json\/wp\/v2\/tags?post=7"}],"curies":[{"name":"wp","href":"https:\/\/api.w.org\/{rel}","templated":true}]}}