{"id":693,"date":"2022-04-07T21:24:20","date_gmt":"2022-04-07T19:24:20","guid":{"rendered":"https:\/\/semmelweis.hu\/idegsebeszet\/?page_id=693"},"modified":"2023-05-31T09:34:04","modified_gmt":"2023-05-31T07:34:04","slug":"neurointervencio-tanszeki-csoport","status":"publish","type":"page","link":"https:\/\/semmelweis.hu\/idegsebeszet\/a-tanszek-tortenete\/tanszeki-csoportok\/neurointervencio-tanszeki-csoport\/","title":{"rendered":"Neurointervenci\u00f3 Tansz\u00e9ki Csoport"},"content":{"rendered":"<p><span style=\"font-size: 18pt;\"><strong>Neurointervenci\u00f3 Tansz\u00e9ki Csoport<\/strong><\/span><\/p>\n<p>Kor\u00e1bban a neurointervenci\u00f3 a n\u00e9pess\u00e9g kisebb r\u00e9sz\u00e9t \u00e9rint\u0151, alacsony esetsz\u00e1m\u00fa pathol\u00f3gi\u00e1k, d\u00f6nt\u0151en a v\u00e9rz\u00e9ses sroke-ot okoz\u00f3 agyi \u00e9rbetegs\u00e9gek kezel\u00e9s\u00e9re korl\u00e1toz\u00f3dott. Ennek megfelel\u0151en gradu\u00e1lis oktat\u00e1s\u00e1ra kisebb volt az ig\u00e9ny, posztgradu\u00e1lis oktat\u00e1sa sz\u0171k szakorvosi r\u00e9teget \u00e9rintett. Az ischaemi\u00e1s stroke invaz\u00edv kezel\u00e9s\u00e9nek lehet\u0151s\u00e9g\u00e9vel, tov\u00e1bb\u00e1 a degenerat\u00edv gerincbetegs\u00e9gek kezel\u00e9s\u00e9ben alkalmazott sz\u00e1mos neurointervenci\u00f3s m\u00f3dszer bevezet\u00e9s\u00e9vel azonban ez a szubdiszciplina a n\u00e9pess\u00e9g jelent\u0151s h\u00e1nyad\u00e1t \u00e9rint\u0151 betegs\u00e9gek kezel\u00e9s\u00e9re v\u00e1lt alkalmass\u00e1.<\/p>\n<p><strong>A tansz\u00e9ki csoport c\u00e9lkit\u0171z\u00e9sei:<\/strong><\/p>\n<ul>\n<li>Oktat\u00e1si tev\u00e9kenys\u00e9g:\n<ul>\n<li>Gradu\u00e1lis k\u00f6telez\u0151en v\u00e1laszthat\u00f3 tanfolyam szervez\u00e9se\u00a0<\/li>\n<li>Posztgradu\u00e1lis k\u00e9pz\u00e9s folytat\u00e1sa az al\u00e1bbi t\u00e9m\u00e1kban:\n<ul>\n<li>Ischaemi\u00e1s stroke invaz\u00edv kezel\u00e9se<\/li>\n<li>V\u00e9rz\u00e9ses stroke \u00e9s azt okoz\u00f3 k\u00f3rk\u00e9pek neurointervenci\u00f3s kezel\u00e9se<\/li>\n<li>Degenerat\u00edv gerincbetegs\u00e9gek \u00e9s gerinc eredet\u0171 f\u00e1jdalmak invaz\u00edv kezel\u00e9se<\/li>\n<\/ul>\n<\/li>\n<li>Neurointervenci\u00f3s j\u00e1rtass\u00e1gi k\u00e9pz\u00e9s (elm\u00e9leti \u00e9s gyakorlati oktat\u00e1s, k\u00e9pz\u0151hely), a neurointervenci\u00f3s j\u00e1rtass\u00e1gi gr\u00e9mium m\u0171k\u00f6dtet\u00e9se<\/li>\n<li>\u00c1llatk\u00eds\u00e9rleti \u00e9s computer szimul\u00e1ci\u00f3s oktat\u00e1si k\u00f6zpont l\u00e9trehoz\u00e1sa p\u00e1ly\u00e1zati forr\u00e1sok ig\u00e9nybev\u00e9tel\u00e9vel az \u00c1llatorvosi \u00e9s a M\u0171szaki Egyetemmel egy\u00fcttm\u0171k\u00f6d\u00e9sben<\/li>\n<\/ul>\n<\/li>\n<li>Kutat\u00e1si tev\u00e9kenys\u00e9g:\n<ul>\n<li>Computer assziszt\u00e1lt agyi \u00e1raml\u00e1sdinamikai kutat\u00e1sok<\/li>\n<li>Hazai stroke regiszter l\u00e9trehoz\u00e1sa, m\u0171k\u00f6dtet\u00e9se &#8211; a jelenleg gyorsan n\u00f6vekv\u0151 esetsz\u00e1m\u00fa &#8211; intervenci\u00f3s stroke kezel\u00e9s eredm\u00e9nyeinek nyomon k\u00f6vet\u00e9s\u00e9re, valamint min\u0151s\u00e9gbiztos\u00edt\u00e1si c\u00e9llal<\/li>\n<li>Akt\u00edv r\u00e9szv\u00e9tel az Eur\u00f3pai Neurointervenci\u00f3s T\u00e1rsas\u00e1g (ESMINT) eur\u00f3pai stroke regiszter\u00e9nek kialak\u00edt\u00e1s\u00e1ban \u00e9s m\u0171k\u00f6dtet\u00e9s\u00e9ben, EU-s forr\u00e1sok ig\u00e9nybev\u00e9tel\u00e9vel<\/li>\n<li>Neurointervenci\u00f3s t\u00e9m\u00e1j\u00fa PhD k\u00e9pz\u00e9s folytat\u00e1sa<\/li>\n<\/ul>\n<\/li>\n<\/ul>\n","protected":false},"excerpt":{"rendered":"<p>Neurointervenci\u00f3 Tansz\u00e9ki Csoport Kor\u00e1bban a neurointervenci\u00f3 a n\u00e9pess\u00e9g kisebb r\u00e9sz\u00e9t \u00e9rint\u0151, alacsony esetsz\u00e1m\u00fa pathol\u00f3gi\u00e1k, d\u00f6nt\u0151en a v\u00e9rz\u00e9ses sroke-ot okoz\u00f3 agyi \u00e9rbetegs\u00e9gek kezel\u00e9s\u00e9re korl\u00e1toz\u00f3dott. Ennek megfelel\u0151en gradu\u00e1lis oktat\u00e1s\u00e1ra kisebb volt az ig\u00e9ny, posztgradu\u00e1lis oktat\u00e1sa sz\u0171k szakorvosi r\u00e9teget \u00e9rintett. Az ischaemi\u00e1s stroke invaz\u00edv kezel\u00e9s\u00e9nek lehet\u0151s\u00e9g\u00e9vel, tov\u00e1bb\u00e1 a degenerat\u00edv gerincbetegs\u00e9gek kezel\u00e9s\u00e9ben alkalmazott sz\u00e1mos neurointervenci\u00f3s m\u00f3dszer bevezet\u00e9s\u00e9vel azonban ez &hellip;<\/p>\n","protected":false},"author":102,"featured_media":0,"parent":681,"menu_order":0,"comment_status":"closed","ping_status":"closed","template":"","meta":{"_acf_changed":false,"footnotes":""},"categories":[],"tags":[],"class_list":["post-693","page","type-page","status-publish","hentry"],"acf":[],"_links":{"self":[{"href":"https:\/\/semmelweis.hu\/idegsebeszet\/wp-json\/wp\/v2\/pages\/693","targetHints":{"allow":["GET"]}}],"collection":[{"href":"https:\/\/semmelweis.hu\/idegsebeszet\/wp-json\/wp\/v2\/pages"}],"about":[{"href":"https:\/\/semmelweis.hu\/idegsebeszet\/wp-json\/wp\/v2\/types\/page"}],"author":[{"embeddable":true,"href":"https:\/\/semmelweis.hu\/idegsebeszet\/wp-json\/wp\/v2\/users\/102"}],"replies":[{"embeddable":true,"href":"https:\/\/semmelweis.hu\/idegsebeszet\/wp-json\/wp\/v2\/comments?post=693"}],"version-history":[{"count":4,"href":"https:\/\/semmelweis.hu\/idegsebeszet\/wp-json\/wp\/v2\/pages\/693\/revisions"}],"predecessor-version":[{"id":781,"href":"https:\/\/semmelweis.hu\/idegsebeszet\/wp-json\/wp\/v2\/pages\/693\/revisions\/781"}],"up":[{"embeddable":true,"href":"https:\/\/semmelweis.hu\/idegsebeszet\/wp-json\/wp\/v2\/pages\/681"}],"wp:attachment":[{"href":"https:\/\/semmelweis.hu\/idegsebeszet\/wp-json\/wp\/v2\/media?parent=693"}],"wp:term":[{"taxonomy":"category","embeddable":true,"href":"https:\/\/semmelweis.hu\/idegsebeszet\/wp-json\/wp\/v2\/categories?post=693"},{"taxonomy":"post_tag","embeddable":true,"href":"https:\/\/semmelweis.hu\/idegsebeszet\/wp-json\/wp\/v2\/tags?post=693"}],"curies":[{"name":"wp","href":"https:\/\/api.w.org\/{rel}","templated":true}]}}