{"id":687,"date":"2022-04-07T21:14:11","date_gmt":"2022-04-07T19:14:11","guid":{"rendered":"https:\/\/semmelweis.hu\/idegsebeszet\/?page_id=687"},"modified":"2024-09-18T12:59:26","modified_gmt":"2024-09-18T10:59:26","slug":"funkcionalis-idegsebeszeti-tanszeki-csoport-2","status":"publish","type":"page","link":"https:\/\/semmelweis.hu\/idegsebeszet\/a-tanszek-tortenete\/tanszeki-csoportok\/funkcionalis-idegsebeszeti-tanszeki-csoport-2\/","title":{"rendered":"Funkcion\u00e1lis Idegseb\u00e9szeti Tansz\u00e9ki Csoport"},"content":{"rendered":"<p><span style=\"font-size: 18pt\"><strong>Funkcion\u00e1lis Idegseb\u00e9szeti Tansz\u00e9ki Csoport<\/strong><\/span><\/p>\n<p>Tant\u00e1rgy: Funkcion\u00e1lis idegseb\u00e9szet (AOVFIS1001_1M)<br \/>\nTant\u00e1rgyfelel\u0151s: med.habil.Dr. Er\u0151ss Lor\u00e1nd PhD<br \/>\nK\u00f6vetelm\u00e9nyrendszer: 2024\/2025 tan\u00e9v tematik\u00e1ja <a href=\"https:\/\/semmelweis.hu\/idegsebeszet\/files\/2024\/09\/Funkcionalis-idegsebeszet_tematika_2024_2025.pdf\" target=\"_blank\" rel=\"noopener\">ide kattintva<\/a> olvashat\u00f3\u00a0<\/p>\n<p>Az idegseb\u00e9szet szuperspecializ\u00e1lt diszciplin\u00e1i k\u00f6z\u00fcl, a legt\u00f6bb innov\u00e1ci\u00f3 a minim\u00e1lisan invaz\u00edv, sterotaxi\u00e1s \u00e9s funkcion\u00e1lis idegseb\u00e9szeti m\u00f3dszerekkel v\u00e9gzett gy\u00f3gyszerrezisztens neurol\u00f3giai k\u00f3rk\u00e9pek kezel\u00e9s\u00e9nek ter\u00fclet\u00e9n, a neurointervenci\u00f3s radiologi\u00e1ban \u00e9s a gerinc biomechanikai rendelleness\u00e9geinek helyre\u00e1ll\u00edt\u00e1s\u00e1t c\u00e9lz\u00f3 m\u0171t\u00e9tek ter\u00fclet\u00e9n ker\u00fclt bevezet\u00e9sre az elm\u00falt 20 \u00e9vben.<\/p>\n<p>A funkcion\u00e1lis \u00e9s stereotaxi\u00e1s idegseb\u00e9szet fel\u00f6leli az epilepsziaseb\u00e9szet, mozg\u00e1szavarok seb\u00e9szet\u00e9t, a f\u00e1jdalom idegseb\u00e9szeti kezel\u00e9s\u00e9t, a spaszticit\u00e1s idegseb\u00e9szeti \u00e9s psychi\u00e1triai k\u00f3rk\u00e9pek neuromodul\u00e1ci\u00f3s kezel\u00e9s\u00e9t. A ter\u00e1pia sikere multidiszciplin\u00e1ris munkacsoportok komplex diagnosztikai \u00e9s intraoperat\u00edv egy\u00fcttm\u0171k\u00f6d\u00e9s\u00e9n m\u00falik. A multidiszciplinarit\u00e1s meghaladja ma m\u00e1r a medicina kereteit \u00e9s szoros egy\u00fcttm\u0171k\u00f6d\u00e9sben a bionikai, informatikai, m\u00e9rn\u00f6ki fejleszt\u00e9sekkel egy\u00fctt \u00e9rtelmezend\u0151 ezen a szakter\u00fcleten.<\/p>\n<p>Az \u00fajonnan l\u00e9trej\u00f6v\u0151 tansz\u00e9ki csoport c\u00e9lja, hogy felkeltse az \u00e9rdekl\u0151d\u00e9st a stereotaxi\u00e1s funkcion\u00e1lis idegseb\u00e9szet, illetve az invaz\u00edv neuromodul\u00e1ci\u00f3 klinikai alkalmaz\u00e1sa \u00e9s kutat\u00e1si ter\u00fcletei ir\u00e1nt, valamint c\u00e9lzott, komprehenz\u00edv tud\u00e1s k\u00f6zvet\u00edt\u00e9se azok sz\u00e1m\u00e1ra, akik a neurol\u00f3gia \u00e9s az idegseb\u00e9szet hat\u00e1rter\u00fcleteivel szeretn\u00e9nek megismerkedni.<\/p>\n<p>A Funkcion\u00e1lis Idegseb\u00e9szeti Tansz\u00e9ki Csoport egy olyan kollaborat\u00edv, multidiszciplin\u00e1ris munkak\u00f6rnyezet bemutat\u00e1s\u00e1ra t\u00f6rekszik, ahol a hallgat\u00f3k \u201eteam\u201d-ben v\u00e9gzett gy\u00f3gy\u00edt\u00f3 munk\u00e1t tanulnak szuperspecializ\u00e1lt szakorvosok k\u00f6z\u00f6tt, \u00e9s ahol esetmegbesz\u00e9l\u00e9sekkel \u00e9s m\u0171t\u00e9ti k\u00f6rnyezetben saj\u00e1t\u00edtj\u00e1k el az egyes t\u00e9mater\u00fcletek ismereteit.<\/p>\n<p>Mindezen t\u00falmen\u0151en lehet\u0151s\u00e9get k\u00edv\u00e1nunk biztos\u00edtani a hallgat\u00f3knak ahhoz, hogy a szakter\u00fcletek kiemelked\u0151 hazai szak\u00e9rt\u0151ivel tal\u00e1lkozzanak, \u00e9s \u00edgy motiv\u00e1ci\u00f3t nyerjenek az idegseb\u00e9szet \u00e9s neurol\u00f3gia, neuroradiol\u00f3giai szakir\u00e1nyok fel\u00e9.<\/p>\n","protected":false},"excerpt":{"rendered":"<p>Funkcion\u00e1lis Idegseb\u00e9szeti Tansz\u00e9ki Csoport Tant\u00e1rgy: Funkcion\u00e1lis idegseb\u00e9szet (AOVFIS1001_1M) Tant\u00e1rgyfelel\u0151s: med.habil.Dr. Er\u0151ss Lor\u00e1nd PhD K\u00f6vetelm\u00e9nyrendszer: 2024\/2025 tan\u00e9v tematik\u00e1ja <a href=\"https:\/\/semmelweis.hu\/idegsebeszet\/files\/2024\/09\/Funkcionalis-idegsebeszet_tematika_2024_2025.pdf\" target=\"_blank\" rel=\"noopener\">ide kattintva<\/a> olvashat\u00f3\u00a0 Az idegseb\u00e9szet szuperspecializ\u00e1lt diszciplin\u00e1i k\u00f6z\u00fcl, a legt\u00f6bb innov\u00e1ci\u00f3 a minim\u00e1lisan invaz\u00edv, sterotaxi\u00e1s \u00e9s funkcion\u00e1lis idegseb\u00e9szeti m\u00f3dszerekkel v\u00e9gzett gy\u00f3gyszerrezisztens neurol\u00f3giai k\u00f3rk\u00e9pek kezel\u00e9s\u00e9nek ter\u00fclet\u00e9n, a neurointervenci\u00f3s radiologi\u00e1ban \u00e9s a gerinc biomechanikai rendelleness\u00e9geinek helyre\u00e1ll\u00edt\u00e1s\u00e1t c\u00e9lz\u00f3 m\u0171t\u00e9tek ter\u00fclet\u00e9n ker\u00fclt bevezet\u00e9sre az &hellip;<\/p>\n","protected":false},"author":102,"featured_media":0,"parent":681,"menu_order":0,"comment_status":"closed","ping_status":"closed","template":"","meta":{"_acf_changed":false,"footnotes":""},"categories":[],"tags":[],"class_list":["post-687","page","type-page","status-publish","hentry"],"acf":[],"_links":{"self":[{"href":"https:\/\/semmelweis.hu\/idegsebeszet\/wp-json\/wp\/v2\/pages\/687","targetHints":{"allow":["GET"]}}],"collection":[{"href":"https:\/\/semmelweis.hu\/idegsebeszet\/wp-json\/wp\/v2\/pages"}],"about":[{"href":"https:\/\/semmelweis.hu\/idegsebeszet\/wp-json\/wp\/v2\/types\/page"}],"author":[{"embeddable":true,"href":"https:\/\/semmelweis.hu\/idegsebeszet\/wp-json\/wp\/v2\/users\/102"}],"replies":[{"embeddable":true,"href":"https:\/\/semmelweis.hu\/idegsebeszet\/wp-json\/wp\/v2\/comments?post=687"}],"version-history":[{"count":7,"href":"https:\/\/semmelweis.hu\/idegsebeszet\/wp-json\/wp\/v2\/pages\/687\/revisions"}],"predecessor-version":[{"id":871,"href":"https:\/\/semmelweis.hu\/idegsebeszet\/wp-json\/wp\/v2\/pages\/687\/revisions\/871"}],"up":[{"embeddable":true,"href":"https:\/\/semmelweis.hu\/idegsebeszet\/wp-json\/wp\/v2\/pages\/681"}],"wp:attachment":[{"href":"https:\/\/semmelweis.hu\/idegsebeszet\/wp-json\/wp\/v2\/media?parent=687"}],"wp:term":[{"taxonomy":"category","embeddable":true,"href":"https:\/\/semmelweis.hu\/idegsebeszet\/wp-json\/wp\/v2\/categories?post=687"},{"taxonomy":"post_tag","embeddable":true,"href":"https:\/\/semmelweis.hu\/idegsebeszet\/wp-json\/wp\/v2\/tags?post=687"}],"curies":[{"name":"wp","href":"https:\/\/api.w.org\/{rel}","templated":true}]}}