{"id":656,"date":"2022-03-10T10:36:22","date_gmt":"2022-03-10T09:36:22","guid":{"rendered":"https:\/\/semmelweis.hu\/idegsebeszet\/?page_id=656"},"modified":"2023-05-31T09:41:34","modified_gmt":"2023-05-31T07:41:34","slug":"malawi-idegsebeszeti-misszio","status":"publish","type":"page","link":"https:\/\/semmelweis.hu\/idegsebeszet\/malawi-idegsebeszeti-misszio\/","title":{"rendered":"Malawi Idegseb\u00e9szeti Misszi\u00f3"},"content":{"rendered":"<p style=\"text-align: justify\">2017-ben indult \u00fatj\u00e1ra a <em>Malawi Idegseb\u00e9szeti Misszi\u00f3<\/em> a Magyar Afrika T\u00e1rsas\u00e1ggal, az Orsz\u00e1gos Klinikai Idegtudom\u00e1nyi Int\u00e9zettel \u00e9s a K\u00f6z\u00e9p Eur\u00f3pai Idegseb\u00e9szeti T\u00e1rsas\u00e1ggal k\u00f6z\u00f6sen. A kezdeti c\u00e9l egy hossz\u00fat\u00e1v\u00fa orvosi egy\u00fcttm\u0171k\u00f6d\u00e9s alapjainak lefektet\u00e9se, lehet\u0151s\u00e9geinek felm\u00e9r\u00e9se, illetve a helyi beteg gyermekek m\u0171t\u00e9ti \u00faton t\u00f6rt\u00e9n\u0151 gy\u00f3gy\u00edt\u00e1sa volt.<\/p>\n<p style=\"text-align: justify\">2017 \u00f3ta minden \u00e9vben a magyar orvoscsapat a helysz\u00ednen gy\u00f3gy\u00edtott idegseb\u00e9szeti kezel\u00e9st ig\u00e9nyl\u0151 gyermekeket.<\/p>\n<p><img loading=\"lazy\" decoding=\"async\" class=\"\" src=\"https:\/\/semmelweis.hu\/idegsebeszet\/files\/2022\/03\/45637717_307553459972124_6238138585225101312_n.jpg\" alt=\"\" width=\"719\" height=\"539\" \/><\/p>\n<p style=\"text-align: justify\">A misszi\u00f3t a Semmelweis Egyetem Idegseb\u00e9szeti Tansz\u00e9ke \u00e9s az <span style=\"font-size: 1rem\">Orsz\u00e1gos Ment\u00e1lis, Ideggy\u00f3gy\u00e1szati \u00e9s Idegseb\u00e9szeti Int\u00e9zet (<\/span><span style=\"font-size: 1rem\">kor\u00e1bbi Orsz\u00e1gos Klinikai Idegtudom\u00e1nyi Int\u00e9zet<\/span><span style=\"font-size: 1rem\">) t\u00e1mogatta, valamint a j\u00f6v\u0151ben is t\u00e1mogatja.<\/span><\/p>\n<p style=\"text-align: justify\">A misszi\u00f3 c\u00e9lja az afrikai orsz\u00e1g idegseb\u00e9szeti ell\u00e1t\u00e1s\u00e1nak jav\u00edt\u00e1sa, a Malawiban dolgoz\u00f3 idegseb\u00e9szek \u00e9s aneszteziol\u00f3gusok oktat\u00e1sa, k\u00e9pz\u00e9se, valamint a csal\u00e1dv\u00e9delem, az eg\u00e9szs\u00e9gk\u00e1rosultak t\u00e1mogat\u00e1sa \u00e9s a r\u00e1szorul\u00f3k seg\u00edt\u00e9se.<\/p>\n<p style=\"text-align: justify\">Ezen c\u00e9lkit\u0171z\u00e9st k\u00f6vetve els\u0151 l\u00e9p\u00e9sk\u00e9nt \u00e9rkezett Magyarorsz\u00e1gra anaesthesiol\u00f3giai-neuro<span style=\"font-size: 1rem\">anaesthesiol\u00f3giai tov\u00e1bbk\u00e9pz\u00e9sre<\/span><span style=\"font-size: 1rem\">\u00a0<\/span><span style=\"font-size: 1rem\">Pascal Blaise Furaha <\/span><span style=\"font-size: 1rem\">Malawib\u00f3l (<\/span><span style=\"font-size: 1rem\">Queen Elizabeth Central Hospital, Blantyre). A gyakorlat\u00e1t az Orsz\u00e1gos Ment\u00e1lis, Ideggy\u00f3gy\u00e1szati \u00e9s Idegseb\u00e9szeti Int\u00e9zetben kezdte meg.<\/span><\/p>\n<p style=\"text-align: justify\"><span style=\"font-size: 1rem\">Szakmai k\u00e9pz\u00e9se\u00a0<\/span><span style=\"font-size: 1rem\">a Semmelweis Egyetem Alap\u00edtv\u00e1ny\u00e1nak,<\/span><span style=\"font-size: 1rem\"> az Alap\u00edtv\u00e1ny Eln\u00f6k\u00e9nek, Prof. Dr. Merkely B\u00e9la Rektor \u00darnak, a Semmelweis Egyetem Nemzetk\u00f6zi Kapcsolatok Igazgat\u00f3s\u00e1g\u00e1nak, Pop Marcel Igazgat\u00f3 \u00darnak, valamint a Seg\u00edt\u0151 Angyalok Alap\u00edtv\u00e1ny\u00e1nak k\u00f6sz\u00f6nhet\u0151en <\/span><span style=\"font-size: 1rem\">val\u00f3sulhat meg<\/span><span style=\"font-size: 1rem\">.<\/span><\/p>\n<p>A j\u00f6v\u0151ben rendszeresen tervezz\u00fck idegseb\u00e9szek \u00e9s anaesthesiol\u00f3gusok gyakorlati k\u00e9pz\u00e9s\u00e9t, t\u00e1mogatva a Malawi \u00f6n\u00e1ll\u00f3 idegseb\u00e9szet l\u00e9trehoz\u00e1s\u00e1t.<\/p>\n<p><img loading=\"lazy\" decoding=\"async\" class=\"\" src=\"https:\/\/semmelweis.hu\/idegsebeszet\/files\/2022\/03\/20220203_133127-scaled.jpg\" alt=\"\" width=\"715\" height=\"536\" \/><\/p>\n<p>&nbsp;<\/p>\n","protected":false},"excerpt":{"rendered":"<p>2017-ben indult \u00fatj\u00e1ra a Malawi Idegseb\u00e9szeti Misszi\u00f3 a Magyar Afrika T\u00e1rsas\u00e1ggal, az Orsz\u00e1gos Klinikai Idegtudom\u00e1nyi Int\u00e9zettel \u00e9s a K\u00f6z\u00e9p Eur\u00f3pai Idegseb\u00e9szeti T\u00e1rsas\u00e1ggal k\u00f6z\u00f6sen. A kezdeti c\u00e9l egy hossz\u00fat\u00e1v\u00fa orvosi egy\u00fcttm\u0171k\u00f6d\u00e9s alapjainak lefektet\u00e9se, lehet\u0151s\u00e9geinek felm\u00e9r\u00e9se, illetve a helyi beteg gyermekek m\u0171t\u00e9ti \u00faton t\u00f6rt\u00e9n\u0151 gy\u00f3gy\u00edt\u00e1sa volt. 2017 \u00f3ta minden \u00e9vben a magyar orvoscsapat a helysz\u00ednen gy\u00f3gy\u00edtott idegseb\u00e9szeti &hellip;<\/p>\n","protected":false},"author":102,"featured_media":0,"parent":0,"menu_order":6,"comment_status":"closed","ping_status":"closed","template":"","meta":{"_acf_changed":false,"footnotes":""},"categories":[],"tags":[],"class_list":["post-656","page","type-page","status-publish","hentry"],"acf":[],"_links":{"self":[{"href":"https:\/\/semmelweis.hu\/idegsebeszet\/wp-json\/wp\/v2\/pages\/656","targetHints":{"allow":["GET"]}}],"collection":[{"href":"https:\/\/semmelweis.hu\/idegsebeszet\/wp-json\/wp\/v2\/pages"}],"about":[{"href":"https:\/\/semmelweis.hu\/idegsebeszet\/wp-json\/wp\/v2\/types\/page"}],"author":[{"embeddable":true,"href":"https:\/\/semmelweis.hu\/idegsebeszet\/wp-json\/wp\/v2\/users\/102"}],"replies":[{"embeddable":true,"href":"https:\/\/semmelweis.hu\/idegsebeszet\/wp-json\/wp\/v2\/comments?post=656"}],"version-history":[{"count":4,"href":"https:\/\/semmelweis.hu\/idegsebeszet\/wp-json\/wp\/v2\/pages\/656\/revisions"}],"predecessor-version":[{"id":664,"href":"https:\/\/semmelweis.hu\/idegsebeszet\/wp-json\/wp\/v2\/pages\/656\/revisions\/664"}],"wp:attachment":[{"href":"https:\/\/semmelweis.hu\/idegsebeszet\/wp-json\/wp\/v2\/media?parent=656"}],"wp:term":[{"taxonomy":"category","embeddable":true,"href":"https:\/\/semmelweis.hu\/idegsebeszet\/wp-json\/wp\/v2\/categories?post=656"},{"taxonomy":"post_tag","embeddable":true,"href":"https:\/\/semmelweis.hu\/idegsebeszet\/wp-json\/wp\/v2\/tags?post=656"}],"curies":[{"name":"wp","href":"https:\/\/api.w.org\/{rel}","templated":true}]}}